{"id":93,"date":"2012-04-17T21:29:14","date_gmt":"2012-04-17T21:29:14","guid":{"rendered":"http:\/\/fannyofwestmount.com\/?page_id=93"},"modified":"2024-12-05T20:19:15","modified_gmt":"2024-12-05T20:19:15","slug":"accueil","status":"publish","type":"page","link":"https:\/\/fannyo.ca\/fr\/accueil\/","title":{"rendered":"Accueil"},"content":{"rendered":"<h1>Fanny of Westmount<\/h1>\n<h2>Un Univers de Beaut\u00e9<\/h2>\n<p><a href=\"http:\/\/fannyofwestmount.com\/wp-content\/uploads\/2012\/01\/new-INSERT-Fessetti_Wall_Site-top-502-26.jpg\"><img decoding=\"async\" class=\"alignright wp-image-402 lazyload\" title=\"Vintage_Wall_Site-top\" data-src=\"http:\/\/fannyofwestmount.com\/wp-content\/uploads\/2012\/01\/new-INSERT-Fessetti_Wall_Site-top-502-26-506x1024.jpg\" alt=\"\" width=\"354\" height=\"717\" src=\"data:image\/svg+xml;base64,PHN2ZyB3aWR0aD0iMSIgaGVpZ2h0PSIxIiB4bWxucz0iaHR0cDovL3d3dy53My5vcmcvMjAwMC9zdmciPjwvc3ZnPg==\" style=\"--smush-placeholder-width: 354px; --smush-placeholder-aspect-ratio: 354\/717;\" \/><\/a><br \/>\nFranchissez les portes de <strong><em>Fanny of Westmount<\/em><\/strong> et laissez-nous sublimer votre beaut\u00e9. Oasis de calme et finesse au c\u0153ur du Vieux Montr\u00e9al, c\u2019est l\u2019endroit propice o\u00f9 votre corps se rel\u00e2che et votre esprit se lib\u00e8re\u00a0! Pour nous, votre bien-\u00eatre est primordial.<\/p>\n<p>Depuis 1986, <strong><em>Fanny of Westmount<\/em><\/strong> dessert une client\u00e8le c\u00e9l\u00e8bre, chic et charmante. <em>FOW<\/em> s\u2019inspire de la plus authentique tradition europ\u00e9enne et fusionne une approche \u00e0 la fois classique et moderne. Notre maison de beaut\u00e9 est toujours \u00e0 l\u2019aff\u00fbt des nouvelles tendances, li\u00e9es aux soins de beaut\u00e9 et aux produits cosm\u00e9tiques. Les membres de l\u2019\u00e9quipe de <em>FOW<\/em> sont des experts visionnaires, soigneusement choisis pour leur passion du style distingu\u00e9. Que ce soit pour un rendez-vous de derni\u00e8re minute ou pour une m\u00e9tamorphose totale, sachez que vous serez entre des mains expertes.<\/p>\n<p><strong><em>Fanny of Westmount<\/em><\/strong> offre des soins haut de gamme en coiffure, esth\u00e9tique, et soins de spa. La maison est pionni\u00e8re dans le domaine du spa urbain, au Canada. <em>FOW<\/em> a su s\u2019adapter \u00e0 l\u2019\u00e9volution des tendances et assiste les professionnels urbains \u00e0 raffiner leur apparence et \u00e0 se sentir au mieux. Une seule consultation chez <em>FOW<\/em>, soit en personne, au t\u00e9l\u00e9phone ou par Skype, suffit pour saisir son flair de la beaut\u00e9.<\/p>\n<p><strong><em>Fanny of Westmount<\/em><\/strong> vous fera rayonner lors de vos noces, session de photo, \u00e9v\u00e8nement corporatif ou de mode. Avec nos formules personnalis\u00e9es selon vos souhaits, vous profitez de nos services au moment de la semaine qui vous convient le mieux ! Voyez ce que vous offre <em>FOW<\/em>, en coiffure, esth\u00e9tique et spa.<\/p>\n<p><strong>L&#8217;avantage de la beaut\u00e9 dure\u2026chez Fanny of Westmount\u00a0!<\/strong><\/p>\n<p><a title=\"Liste de Services\" href=\"http:\/\/fannyofwestmount.com\/fr\/liste-de-services\/\">Liste de services<\/a><\/p>","protected":false},"excerpt":{"rendered":"<p>Fanny of Westmount Un Univers de Beaut\u00e9 Franchissez les portes de Fanny of Westmount et laissez-nous sublimer votre beaut\u00e9. Oasis de calme et finesse au c\u0153ur du Vieux Montr\u00e9al, c\u2019est l\u2019endroit propice o\u00f9 votre corps se rel\u00e2che et votre esprit se lib\u00e8re\u00a0! Pour nous, votre bien-\u00eatre est primordial. Depuis 1986, Fanny of Westmount dessert une [&hellip;]<\/p>\n","protected":false},"author":1,"featured_media":0,"parent":0,"menu_order":0,"comment_status":"open","ping_status":"closed","template":"","meta":{"footnotes":""},"class_list":["post-93","page","type-page","status-publish","hentry"],"yoast_head":"<!-- This site is optimized with the Yoast SEO plugin v23.4 - https:\/\/yoast.com\/wordpress\/plugins\/seo\/ -->\n<title>Fanny O | Salon de coiffure esth\u00e9tique manucure | Vieux-Montr\u00e9al<\/title>\n<meta name=\"description\" content=\"Salon de coiffure et esth\u00e9tique dans le Vieux-Montr\u00e9al depuis 1986. Soins pour hommes et femmes: maquillage, \u00e9pilation, manucure, p\u00e9dicure, coloration, etc.\" \/>\n<meta name=\"robots\" content=\"index, follow, max-snippet:-1, max-image-preview:large, max-video-preview:-1\" \/>\n<link rel=\"canonical\" href=\"https:\/\/fannyo.ca\/fr\/accueil\/\" \/>\n<meta property=\"og:locale\" content=\"fr_CA\" \/>\n<meta property=\"og:type\" content=\"article\" \/>\n<meta property=\"og:title\" content=\"Fanny O | Salon de coiffure esth\u00e9tique manucure | Vieux-Montr\u00e9al\" \/>\n<meta property=\"og:description\" content=\"Salon de coiffure et esth\u00e9tique dans le Vieux-Montr\u00e9al depuis 1986. Soins pour hommes et femmes: maquillage, \u00e9pilation, manucure, p\u00e9dicure, coloration, etc.\" \/>\n<meta property=\"og:url\" content=\"https:\/\/fannyo.ca\/fr\/accueil\/\" \/>\n<meta property=\"og:site_name\" content=\"Fanny of Westmount\" \/>\n<meta property=\"article:modified_time\" content=\"2024-12-05T20:19:15+00:00\" \/>\n<meta property=\"og:image\" content=\"http:\/\/fannyofwestmount.com\/wp-content\/uploads\/2012\/01\/new-INSERT-Fessetti_Wall_Site-top-502-26-506x1024.jpg\" \/>\n<meta name=\"twitter:card\" content=\"summary_large_image\" \/>\n<meta name=\"twitter:label1\" content=\"Estimation du temps de lecture\" \/>\n\t<meta name=\"twitter:data1\" content=\"2 minutes\" \/>\n<script type=\"application\/ld+json\" class=\"yoast-schema-graph\">{\"@context\":\"https:\/\/schema.org\",\"@graph\":[{\"@type\":\"WebPage\",\"@id\":\"https:\/\/fannyo.ca\/accueil\/\",\"url\":\"https:\/\/fannyo.ca\/accueil\/\",\"name\":\"Fanny O | Salon de coiffure esth\u00e9tique manucure | Vieux-Montr\u00e9al\",\"isPartOf\":{\"@id\":\"https:\/\/fannyo.ca\/#website\"},\"primaryImageOfPage\":{\"@id\":\"https:\/\/fannyo.ca\/accueil\/#primaryimage\"},\"image\":{\"@id\":\"https:\/\/fannyo.ca\/accueil\/#primaryimage\"},\"thumbnailUrl\":\"http:\/\/fannyofwestmount.com\/wp-content\/uploads\/2012\/01\/new-INSERT-Fessetti_Wall_Site-top-502-26-506x1024.jpg\",\"datePublished\":\"2012-04-17T21:29:14+00:00\",\"dateModified\":\"2024-12-05T20:19:15+00:00\",\"description\":\"Salon de coiffure et esth\u00e9tique dans le Vieux-Montr\u00e9al depuis 1986. Soins pour hommes et femmes: maquillage, \u00e9pilation, manucure, p\u00e9dicure, coloration, etc.\",\"breadcrumb\":{\"@id\":\"https:\/\/fannyo.ca\/accueil\/#breadcrumb\"},\"inLanguage\":\"fr-CA\",\"potentialAction\":[{\"@type\":\"ReadAction\",\"target\":[\"https:\/\/fannyo.ca\/accueil\/\"]}]},{\"@type\":\"ImageObject\",\"inLanguage\":\"fr-CA\",\"@id\":\"https:\/\/fannyo.ca\/accueil\/#primaryimage\",\"url\":\"http:\/\/fannyofwestmount.com\/wp-content\/uploads\/2012\/01\/new-INSERT-Fessetti_Wall_Site-top-502-26-506x1024.jpg\",\"contentUrl\":\"http:\/\/fannyofwestmount.com\/wp-content\/uploads\/2012\/01\/new-INSERT-Fessetti_Wall_Site-top-502-26-506x1024.jpg\"},{\"@type\":\"BreadcrumbList\",\"@id\":\"https:\/\/fannyo.ca\/accueil\/#breadcrumb\",\"itemListElement\":[{\"@type\":\"ListItem\",\"position\":1,\"name\":\"Home\",\"item\":\"https:\/\/fannyo.ca\/\"},{\"@type\":\"ListItem\",\"position\":2,\"name\":\"Accueil\"}]},{\"@type\":\"WebSite\",\"@id\":\"https:\/\/fannyo.ca\/#website\",\"url\":\"https:\/\/fannyo.ca\/\",\"name\":\"Fanny of Westmount\",\"description\":\"\",\"publisher\":{\"@id\":\"https:\/\/fannyo.ca\/#organization\"},\"potentialAction\":[{\"@type\":\"SearchAction\",\"target\":{\"@type\":\"EntryPoint\",\"urlTemplate\":\"https:\/\/fannyo.ca\/?s={search_term_string}\"},\"query-input\":{\"@type\":\"PropertyValueSpecification\",\"valueRequired\":true,\"valueName\":\"search_term_string\"}}],\"inLanguage\":\"fr-CA\"},{\"@type\":\"Organization\",\"@id\":\"https:\/\/fannyo.ca\/#organization\",\"name\":\"Fanny of Westmount\",\"url\":\"https:\/\/fannyo.ca\/\",\"logo\":{\"@type\":\"ImageObject\",\"inLanguage\":\"fr-CA\",\"@id\":\"https:\/\/fannyo.ca\/#\/schema\/logo\/image\/\",\"url\":\"https:\/\/fannyo.ca\/wp-content\/uploads\/2024\/11\/0-2.jpg\",\"contentUrl\":\"https:\/\/fannyo.ca\/wp-content\/uploads\/2024\/11\/0-2.jpg\",\"width\":1280,\"height\":304,\"caption\":\"Fanny of Westmount\"},\"image\":{\"@id\":\"https:\/\/fannyo.ca\/#\/schema\/logo\/image\/\"}}]}<\/script>\n<!-- \/ Yoast SEO plugin. -->","yoast_head_json":{"title":"Fanny O | Salon de coiffure esth\u00e9tique manucure | Vieux-Montr\u00e9al","description":"Salon de coiffure et esth\u00e9tique dans le Vieux-Montr\u00e9al depuis 1986. Soins pour hommes et femmes: maquillage, \u00e9pilation, manucure, p\u00e9dicure, coloration, etc.","robots":{"index":"index","follow":"follow","max-snippet":"max-snippet:-1","max-image-preview":"max-image-preview:large","max-video-preview":"max-video-preview:-1"},"canonical":"https:\/\/fannyo.ca\/fr\/accueil\/","og_locale":"fr_CA","og_type":"article","og_title":"Fanny O | Salon de coiffure esth\u00e9tique manucure | Vieux-Montr\u00e9al","og_description":"Salon de coiffure et esth\u00e9tique dans le Vieux-Montr\u00e9al depuis 1986. Soins pour hommes et femmes: maquillage, \u00e9pilation, manucure, p\u00e9dicure, coloration, etc.","og_url":"https:\/\/fannyo.ca\/fr\/accueil\/","og_site_name":"Fanny of Westmount","article_modified_time":"2024-12-05T20:19:15+00:00","og_image":[{"url":"http:\/\/fannyofwestmount.com\/wp-content\/uploads\/2012\/01\/new-INSERT-Fessetti_Wall_Site-top-502-26-506x1024.jpg"}],"twitter_card":"summary_large_image","twitter_misc":{"Estimation du temps de lecture":"2 minutes"},"schema":{"@context":"https:\/\/schema.org","@graph":[{"@type":"WebPage","@id":"https:\/\/fannyo.ca\/accueil\/","url":"https:\/\/fannyo.ca\/accueil\/","name":"Fanny O | Salon de coiffure esth\u00e9tique manucure | Vieux-Montr\u00e9al","isPartOf":{"@id":"https:\/\/fannyo.ca\/#website"},"primaryImageOfPage":{"@id":"https:\/\/fannyo.ca\/accueil\/#primaryimage"},"image":{"@id":"https:\/\/fannyo.ca\/accueil\/#primaryimage"},"thumbnailUrl":"http:\/\/fannyofwestmount.com\/wp-content\/uploads\/2012\/01\/new-INSERT-Fessetti_Wall_Site-top-502-26-506x1024.jpg","datePublished":"2012-04-17T21:29:14+00:00","dateModified":"2024-12-05T20:19:15+00:00","description":"Salon de coiffure et esth\u00e9tique dans le Vieux-Montr\u00e9al depuis 1986. Soins pour hommes et femmes: maquillage, \u00e9pilation, manucure, p\u00e9dicure, coloration, etc.","breadcrumb":{"@id":"https:\/\/fannyo.ca\/accueil\/#breadcrumb"},"inLanguage":"fr-CA","potentialAction":[{"@type":"ReadAction","target":["https:\/\/fannyo.ca\/accueil\/"]}]},{"@type":"ImageObject","inLanguage":"fr-CA","@id":"https:\/\/fannyo.ca\/accueil\/#primaryimage","url":"http:\/\/fannyofwestmount.com\/wp-content\/uploads\/2012\/01\/new-INSERT-Fessetti_Wall_Site-top-502-26-506x1024.jpg","contentUrl":"http:\/\/fannyofwestmount.com\/wp-content\/uploads\/2012\/01\/new-INSERT-Fessetti_Wall_Site-top-502-26-506x1024.jpg"},{"@type":"BreadcrumbList","@id":"https:\/\/fannyo.ca\/accueil\/#breadcrumb","itemListElement":[{"@type":"ListItem","position":1,"name":"Home","item":"https:\/\/fannyo.ca\/"},{"@type":"ListItem","position":2,"name":"Accueil"}]},{"@type":"WebSite","@id":"https:\/\/fannyo.ca\/#website","url":"https:\/\/fannyo.ca\/","name":"Fanny of Westmount","description":"","publisher":{"@id":"https:\/\/fannyo.ca\/#organization"},"potentialAction":[{"@type":"SearchAction","target":{"@type":"EntryPoint","urlTemplate":"https:\/\/fannyo.ca\/?s={search_term_string}"},"query-input":{"@type":"PropertyValueSpecification","valueRequired":true,"valueName":"search_term_string"}}],"inLanguage":"fr-CA"},{"@type":"Organization","@id":"https:\/\/fannyo.ca\/#organization","name":"Fanny of Westmount","url":"https:\/\/fannyo.ca\/","logo":{"@type":"ImageObject","inLanguage":"fr-CA","@id":"https:\/\/fannyo.ca\/#\/schema\/logo\/image\/","url":"https:\/\/fannyo.ca\/wp-content\/uploads\/2024\/11\/0-2.jpg","contentUrl":"https:\/\/fannyo.ca\/wp-content\/uploads\/2024\/11\/0-2.jpg","width":1280,"height":304,"caption":"Fanny of Westmount"},"image":{"@id":"https:\/\/fannyo.ca\/#\/schema\/logo\/image\/"}}]}},"_links":{"self":[{"href":"https:\/\/fannyo.ca\/fr\/wp-json\/wp\/v2\/pages\/93","targetHints":{"allow":["GET"]}}],"collection":[{"href":"https:\/\/fannyo.ca\/fr\/wp-json\/wp\/v2\/pages"}],"about":[{"href":"https:\/\/fannyo.ca\/fr\/wp-json\/wp\/v2\/types\/page"}],"author":[{"embeddable":true,"href":"https:\/\/fannyo.ca\/fr\/wp-json\/wp\/v2\/users\/1"}],"replies":[{"embeddable":true,"href":"https:\/\/fannyo.ca\/fr\/wp-json\/wp\/v2\/comments?post=93"}],"version-history":[{"count":1,"href":"https:\/\/fannyo.ca\/fr\/wp-json\/wp\/v2\/pages\/93\/revisions"}],"predecessor-version":[{"id":997,"href":"https:\/\/fannyo.ca\/fr\/wp-json\/wp\/v2\/pages\/93\/revisions\/997"}],"wp:attachment":[{"href":"https:\/\/fannyo.ca\/fr\/wp-json\/wp\/v2\/media?parent=93"}],"curies":[{"name":"wp","href":"https:\/\/api.w.org\/{rel}","templated":true}]}}