{"id":65,"date":"2012-04-13T01:17:26","date_gmt":"2012-04-13T01:17:26","guid":{"rendered":"http:\/\/fannyofwestmount.com\/?page_id=65"},"modified":"2025-01-20T19:49:26","modified_gmt":"2025-01-20T19:49:26","slug":"express-services","status":"publish","type":"page","link":"https:\/\/fannyo.ca\/fr\/express-services\/","title":{"rendered":"Services express"},"content":{"rendered":"<figure class=\"wp-block-image alignright\"><a href=\"http:\/\/fannyofwestmount.com\/wp-content\/uploads\/2012\/04\/Express_Services.jpg\"><img decoding=\"async\" data-src=\"http:\/\/fannyofwestmount.com\/wp-content\/uploads\/2012\/04\/Express_Services-300x300.jpg\" alt=\"\" class=\"wp-image-435 lazyload\" title=\"Express_Services\" src=\"data:image\/svg+xml;base64,PHN2ZyB3aWR0aD0iMSIgaGVpZ2h0PSIxIiB4bWxucz0iaHR0cDovL3d3dy53My5vcmcvMjAwMC9zdmciPjwvc3ZnPg==\" style=\"--smush-placeholder-width: 300px; --smush-placeholder-aspect-ratio: 300\/300;\" \/><\/a><\/figure>\n\n\n\n<p>Vous \u00eates press\u00e9(e)? Vous pouvez recevoir plusieurs services\u00a0simultan\u00e9ment ou simplement acc\u00e9l\u00e9rer l'ex\u00e9cution du service de\u00a0votre choix, en demandant une \u00e9quipe \u00abmulti-mains\u00bb. Ce service ne\u00a0comporte pas de frais suppl\u00e9mentaires. Quelques exemples:<\/p>\n\n\n\n<ul class=\"wp-block-list\">\n<li>Facial, manucure et p\u00e9dicure \u00e0 6 mains (90 min)<\/li>\n\n\n\n<li>Massage \u00e0 4 mains (30 min)<\/li>\n\n\n\n<li>Reflets ou m\u00e8ches \u00e0 4 mains (60 min)<\/li>\n\n\n\n<li>Brushing \u00e0 4 mains (15 min)<\/li>\n<\/ul>\n\n\n\n<p style=\"padding-bottom:var(--wp--preset--spacing--40)\"><\/p>","protected":false},"excerpt":{"rendered":"<p>Vous \u00eates press\u00e9(e)? Vous pouvez recevoir plusieurs services\u00a0simultan\u00e9ment ou simplement acc\u00e9l\u00e9rer l'ex\u00e9cution du service de\u00a0votre choix, en demandant une \u00e9quipe \u00abmulti-mains\u00bb. Ce service ne\u00a0comporte pas de frais suppl\u00e9mentaires. Quelques exemples:<\/p>","protected":false},"author":1,"featured_media":0,"parent":0,"menu_order":0,"comment_status":"open","ping_status":"closed","template":"product-header","meta":{"footnotes":""},"class_list":["post-65","page","type-page","status-publish","hentry"],"yoast_head":"<!-- This site is optimized with the Yoast SEO plugin v27.5 - https:\/\/yoast.com\/product\/yoast-seo-wordpress\/ -->\n<title>Express Salon and Spa Services - Fanny of Westmount Old Montreal<\/title>\n<meta name=\"description\" content=\"Old Montreal Facial, manicure, pedicure, shellac, massage, hair highlights, brushing and setting.\" \/>\n<meta name=\"robots\" content=\"index, follow, max-snippet:-1, max-image-preview:large, max-video-preview:-1\" \/>\n<link rel=\"canonical\" href=\"https:\/\/fannyo.ca\/fr\/express-services\/\" \/>\n<meta property=\"og:locale\" content=\"fr_CA\" \/>\n<meta property=\"og:type\" content=\"article\" \/>\n<meta property=\"og:title\" content=\"Express Salon and Spa Services - Fanny of Westmount Old Montreal\" \/>\n<meta property=\"og:description\" content=\"Old Montreal Facial, manicure, pedicure, shellac, massage, hair highlights, brushing and setting.\" \/>\n<meta property=\"og:url\" content=\"https:\/\/fannyo.ca\/fr\/express-services\/\" \/>\n<meta property=\"og:site_name\" content=\"Fanny of Westmount\" \/>\n<meta property=\"article:modified_time\" content=\"2025-01-20T19:49:26+00:00\" \/>\n<meta property=\"og:image\" content=\"http:\/\/fannyofwestmount.com\/wp-content\/uploads\/2012\/04\/Express_Services-300x300.jpg\" \/>\n<meta name=\"twitter:card\" content=\"summary_large_image\" \/>\n<script type=\"application\/ld+json\" class=\"yoast-schema-graph\">{\"@context\":\"https:\\\/\\\/schema.org\",\"@graph\":[{\"@type\":\"WebPage\",\"@id\":\"https:\\\/\\\/fannyo.ca\\\/express-services\\\/\",\"url\":\"https:\\\/\\\/fannyo.ca\\\/express-services\\\/\",\"name\":\"Express Salon and Spa Services - Fanny of Westmount Old Montreal\",\"isPartOf\":{\"@id\":\"https:\\\/\\\/fannyo.ca\\\/#website\"},\"primaryImageOfPage\":{\"@id\":\"https:\\\/\\\/fannyo.ca\\\/express-services\\\/#primaryimage\"},\"image\":{\"@id\":\"https:\\\/\\\/fannyo.ca\\\/express-services\\\/#primaryimage\"},\"thumbnailUrl\":\"http:\\\/\\\/fannyofwestmount.com\\\/wp-content\\\/uploads\\\/2012\\\/04\\\/Express_Services-300x300.jpg\",\"datePublished\":\"2012-04-13T01:17:26+00:00\",\"dateModified\":\"2025-01-20T19:49:26+00:00\",\"description\":\"Old Montreal Facial, manicure, pedicure, shellac, massage, hair highlights, brushing and setting.\",\"breadcrumb\":{\"@id\":\"https:\\\/\\\/fannyo.ca\\\/express-services\\\/#breadcrumb\"},\"inLanguage\":\"fr-CA\",\"potentialAction\":[{\"@type\":\"ReadAction\",\"target\":[\"https:\\\/\\\/fannyo.ca\\\/express-services\\\/\"]}]},{\"@type\":\"ImageObject\",\"inLanguage\":\"fr-CA\",\"@id\":\"https:\\\/\\\/fannyo.ca\\\/express-services\\\/#primaryimage\",\"url\":\"http:\\\/\\\/fannyofwestmount.com\\\/wp-content\\\/uploads\\\/2012\\\/04\\\/Express_Services-300x300.jpg\",\"contentUrl\":\"http:\\\/\\\/fannyofwestmount.com\\\/wp-content\\\/uploads\\\/2012\\\/04\\\/Express_Services-300x300.jpg\"},{\"@type\":\"BreadcrumbList\",\"@id\":\"https:\\\/\\\/fannyo.ca\\\/express-services\\\/#breadcrumb\",\"itemListElement\":[{\"@type\":\"ListItem\",\"position\":1,\"name\":\"Home\",\"item\":\"https:\\\/\\\/fannyo.ca\\\/\"},{\"@type\":\"ListItem\",\"position\":2,\"name\":\"Express Salon\"}]},{\"@type\":\"WebSite\",\"@id\":\"https:\\\/\\\/fannyo.ca\\\/#website\",\"url\":\"https:\\\/\\\/fannyo.ca\\\/\",\"name\":\"Fanny of Westmount\",\"description\":\"\",\"publisher\":{\"@id\":\"https:\\\/\\\/fannyo.ca\\\/#organization\"},\"potentialAction\":[{\"@type\":\"SearchAction\",\"target\":{\"@type\":\"EntryPoint\",\"urlTemplate\":\"https:\\\/\\\/fannyo.ca\\\/?s={search_term_string}\"},\"query-input\":{\"@type\":\"PropertyValueSpecification\",\"valueRequired\":true,\"valueName\":\"search_term_string\"}}],\"inLanguage\":\"fr-CA\"},{\"@type\":\"Organization\",\"@id\":\"https:\\\/\\\/fannyo.ca\\\/#organization\",\"name\":\"Fanny of Westmount\",\"url\":\"https:\\\/\\\/fannyo.ca\\\/\",\"logo\":{\"@type\":\"ImageObject\",\"inLanguage\":\"fr-CA\",\"@id\":\"https:\\\/\\\/fannyo.ca\\\/#\\\/schema\\\/logo\\\/image\\\/\",\"url\":\"https:\\\/\\\/fannyo.ca\\\/wp-content\\\/uploads\\\/2024\\\/11\\\/0-2.jpg\",\"contentUrl\":\"https:\\\/\\\/fannyo.ca\\\/wp-content\\\/uploads\\\/2024\\\/11\\\/0-2.jpg\",\"width\":1280,\"height\":304,\"caption\":\"Fanny of Westmount\"},\"image\":{\"@id\":\"https:\\\/\\\/fannyo.ca\\\/#\\\/schema\\\/logo\\\/image\\\/\"}}]}<\/script>\n<!-- \/ Yoast SEO plugin. -->","yoast_head_json":{"title":"Express Salon and Spa Services - Fanny of Westmount Old Montreal","description":"Old Montreal Facial, manicure, pedicure, shellac, massage, hair highlights, brushing and setting.","robots":{"index":"index","follow":"follow","max-snippet":"max-snippet:-1","max-image-preview":"max-image-preview:large","max-video-preview":"max-video-preview:-1"},"canonical":"https:\/\/fannyo.ca\/fr\/express-services\/","og_locale":"fr_CA","og_type":"article","og_title":"Express Salon and Spa Services - Fanny of Westmount Old Montreal","og_description":"Old Montreal Facial, manicure, pedicure, shellac, massage, hair highlights, brushing and setting.","og_url":"https:\/\/fannyo.ca\/fr\/express-services\/","og_site_name":"Fanny of Westmount","article_modified_time":"2025-01-20T19:49:26+00:00","og_image":[{"url":"http:\/\/fannyofwestmount.com\/wp-content\/uploads\/2012\/04\/Express_Services-300x300.jpg","type":"","width":"","height":""}],"twitter_card":"summary_large_image","schema":{"@context":"https:\/\/schema.org","@graph":[{"@type":"WebPage","@id":"https:\/\/fannyo.ca\/express-services\/","url":"https:\/\/fannyo.ca\/express-services\/","name":"Express Salon and Spa Services - Fanny of Westmount Old Montreal","isPartOf":{"@id":"https:\/\/fannyo.ca\/#website"},"primaryImageOfPage":{"@id":"https:\/\/fannyo.ca\/express-services\/#primaryimage"},"image":{"@id":"https:\/\/fannyo.ca\/express-services\/#primaryimage"},"thumbnailUrl":"http:\/\/fannyofwestmount.com\/wp-content\/uploads\/2012\/04\/Express_Services-300x300.jpg","datePublished":"2012-04-13T01:17:26+00:00","dateModified":"2025-01-20T19:49:26+00:00","description":"Old Montreal Facial, manicure, pedicure, shellac, massage, hair highlights, brushing and setting.","breadcrumb":{"@id":"https:\/\/fannyo.ca\/express-services\/#breadcrumb"},"inLanguage":"fr-CA","potentialAction":[{"@type":"ReadAction","target":["https:\/\/fannyo.ca\/express-services\/"]}]},{"@type":"ImageObject","inLanguage":"fr-CA","@id":"https:\/\/fannyo.ca\/express-services\/#primaryimage","url":"http:\/\/fannyofwestmount.com\/wp-content\/uploads\/2012\/04\/Express_Services-300x300.jpg","contentUrl":"http:\/\/fannyofwestmount.com\/wp-content\/uploads\/2012\/04\/Express_Services-300x300.jpg"},{"@type":"BreadcrumbList","@id":"https:\/\/fannyo.ca\/express-services\/#breadcrumb","itemListElement":[{"@type":"ListItem","position":1,"name":"Home","item":"https:\/\/fannyo.ca\/"},{"@type":"ListItem","position":2,"name":"Express Salon"}]},{"@type":"WebSite","@id":"https:\/\/fannyo.ca\/#website","url":"https:\/\/fannyo.ca\/","name":"Fanny of Westmount","description":"","publisher":{"@id":"https:\/\/fannyo.ca\/#organization"},"potentialAction":[{"@type":"SearchAction","target":{"@type":"EntryPoint","urlTemplate":"https:\/\/fannyo.ca\/?s={search_term_string}"},"query-input":{"@type":"PropertyValueSpecification","valueRequired":true,"valueName":"search_term_string"}}],"inLanguage":"fr-CA"},{"@type":"Organization","@id":"https:\/\/fannyo.ca\/#organization","name":"Fanny of Westmount","url":"https:\/\/fannyo.ca\/","logo":{"@type":"ImageObject","inLanguage":"fr-CA","@id":"https:\/\/fannyo.ca\/#\/schema\/logo\/image\/","url":"https:\/\/fannyo.ca\/wp-content\/uploads\/2024\/11\/0-2.jpg","contentUrl":"https:\/\/fannyo.ca\/wp-content\/uploads\/2024\/11\/0-2.jpg","width":1280,"height":304,"caption":"Fanny of Westmount"},"image":{"@id":"https:\/\/fannyo.ca\/#\/schema\/logo\/image\/"}}]}},"_links":{"self":[{"href":"https:\/\/fannyo.ca\/fr\/wp-json\/wp\/v2\/pages\/65","targetHints":{"allow":["GET"]}}],"collection":[{"href":"https:\/\/fannyo.ca\/fr\/wp-json\/wp\/v2\/pages"}],"about":[{"href":"https:\/\/fannyo.ca\/fr\/wp-json\/wp\/v2\/types\/page"}],"author":[{"embeddable":true,"href":"https:\/\/fannyo.ca\/fr\/wp-json\/wp\/v2\/users\/1"}],"replies":[{"embeddable":true,"href":"https:\/\/fannyo.ca\/fr\/wp-json\/wp\/v2\/comments?post=65"}],"version-history":[{"count":3,"href":"https:\/\/fannyo.ca\/fr\/wp-json\/wp\/v2\/pages\/65\/revisions"}],"predecessor-version":[{"id":1220,"href":"https:\/\/fannyo.ca\/fr\/wp-json\/wp\/v2\/pages\/65\/revisions\/1220"}],"wp:attachment":[{"href":"https:\/\/fannyo.ca\/fr\/wp-json\/wp\/v2\/media?parent=65"}],"curies":[{"name":"wp","href":"https:\/\/api.w.org\/{rel}","templated":true}]}}