{"id":63,"date":"2012-04-13T01:19:15","date_gmt":"2012-04-13T01:19:15","guid":{"rendered":"http:\/\/fannyofwestmount.com\/?page_id=63"},"modified":"2025-02-03T20:44:17","modified_gmt":"2025-02-03T20:44:17","slug":"boutique-of-products","status":"publish","type":"page","link":"https:\/\/fannyo.ca\/fr\/boutique-of-products\/","title":{"rendered":"Boutique de produits"},"content":{"rendered":"<figure class=\"wp-block-image alignright\"><a href=\"http:\/\/fannyofwestmount.com\/wp-content\/uploads\/2012\/04\/Products2.jpg\"><img decoding=\"async\" data-src=\"http:\/\/fannyofwestmount.com\/wp-content\/uploads\/2012\/04\/Products2-300x300.jpg\" alt=\"\" class=\"wp-image-445 lazyload\" title=\"Products2\" src=\"data:image\/svg+xml;base64,PHN2ZyB3aWR0aD0iMSIgaGVpZ2h0PSIxIiB4bWxucz0iaHR0cDovL3d3dy53My5vcmcvMjAwMC9zdmciPjwvc3ZnPg==\" style=\"--smush-placeholder-width: 300px; --smush-placeholder-aspect-ratio: 300\/300;\" \/><\/a><\/figure>\n\n\n\n<div class=\"wp-block-group is-vertical is-layout-flex wp-container-core-group-is-layout-fe9cc265 wp-block-group-is-layout-flex\">\n<p>Fanny of Westmount vous propose en tout temps les derni\u00e8res tendances d\u2019accessoires de mode et des produits de beaut\u00e9 haut de gamme. La boutique vous fera briller de la t\u00eate aux pieds! Nos lignes de produits sont con\u00e7ues pour hommes, femmes et enfants.\n\nLa ligne de produits de beaut\u00e9 FOW est unique et exclusive.<\/p>\n\n\n\n<p>Nos produits et traitements sont :<\/p>\n\n\n\n<div class=\"wp-block-group is-vertical is-layout-flex wp-container-core-group-is-layout-fe9cc265 wp-block-group-is-layout-flex\">\n<ul class=\"wp-block-list\">\n<li>\u00e9cologiques et bien \u00e9quilibr\u00e9s<\/li>\n\n\n\n<li>pr\u00e9par\u00e9s avec des ingr\u00e9dients naturels aux huiles essentielles<\/li>\n\n\n\n<li>con\u00e7us sans sel, ni agents alcalins<\/li>\n\n\n\n<li>sans gluten<\/li>\n\n\n\n<li>non test\u00e9s en laboratoire.<\/li>\n<\/ul>\n<\/div>\n\n\n\n<p>FOW a d\u00e9velopp\u00e9 deux produits \u00e0 usage multiple qui donne une touche magique \u00e0 la texture naturelle de votre chevelure.<\/p>\n<\/div>\n\n\n\n<p><\/p>\n\n\n\n<p><\/p>\n\n\n\n<p><\/p>\n\n\n\n<figure class=\"wp-block-image alignleft\"><a href=\"http:\/\/fannyofwestmount.com\/wp-content\/uploads\/2012\/04\/Products.jpg\"><img decoding=\"async\" data-src=\"http:\/\/fannyofwestmount.com\/wp-content\/uploads\/2012\/04\/Products-300x300.jpg\" alt=\"\" class=\"wp-image-446 lazyload\" title=\"Products\" src=\"data:image\/svg+xml;base64,PHN2ZyB3aWR0aD0iMSIgaGVpZ2h0PSIxIiB4bWxucz0iaHR0cDovL3d3dy53My5vcmcvMjAwMC9zdmciPjwvc3ZnPg==\" style=\"--smush-placeholder-width: 300px; --smush-placeholder-aspect-ratio: 300\/300;\" \/><\/a><\/figure>\n\n\n\n<div class=\"wp-block-group is-vertical is-layout-flex wp-container-core-group-is-layout-fe9cc265 wp-block-group-is-layout-flex\">\n<h3 class=\"wp-block-heading has-contrast-color has-text-color has-link-color has-monotype-corsiva-regular-font-family wp-elements-5eac029529a4f3e6d56541fe289207e1\"><em>Shampoing-Conditionneur Magique FOW (2 en 1)<\/em><\/h3>\n\n\n\n<div class=\"wp-block-group is-vertical is-layout-flex wp-container-core-group-is-layout-fe9cc265 wp-block-group-is-layout-flex\">\n<p>Le shampooing et conditionneur hydratant de Fanny of Westmount texture et scelle la brillance des cheveux. Il redonne \u00e9galement volume et corps aux cheveux fins et aide \u00e0 garder le contr\u00f4le des cheveux fris\u00e9s en les rendant doux et soyeux, tout en leur donnant de la l\u00e9g\u00e8ret\u00e9. Ce shampoing peut \u00eatre utilis\u00e9 pour tous types de cheveux, m\u00eame les color\u00e9s. Seulement 20$!<\/p>\n\n\n\n<h3 class=\"wp-block-heading has-contrast-color has-text-color has-link-color has-monotype-corsiva-regular-font-family wp-elements-c788cc77f4d95f4e95e3009681ebded0\"><em>Lotion Sculptante Glaze FOW<\/em><\/h3>\n\n\n\n<p>La Lotion Sculptante Glaze de Fanny of Westmount est magique et s'ajuste \u00e0 tous types de cheveux. Cette lotion magique sculpte vos\ncheveux en donnant mouvement et meilleure d\u00e9finition \u00e0 vos boucles ou corps et volume aux cheveux fins. Vous pouvez \u00e9galement d\u00e9cider de les garder lisses. Cette lotion polyvalente am\u00e9liore votre look et vos cheveux seront propres, doux et soyeux avec un parfum frais et subtil! Seulement $22!!!<\/p>\n<\/div>\n\n\n\n<p><a href=\"https:\/\/fannyo.ca\/fr\/price-list\/\" data-type=\"page\" data-id=\"54\">Liste de prix<\/a><\/p>\n<\/div>\n\n\n\n<p><\/p>","protected":false},"excerpt":{"rendered":"<p>From latest fashion accessories to high-end cosmetics, Fanny of Westmount\u2019s boutique will have you shining from head to toe. Our line of products line is designed for men, women, and children. FoW\u2019s line of beauty care products is unique and exclusive. Our products and treatments are: FoW has developed three versatile products that enhance the [&hellip;]<\/p>\n","protected":false},"author":1,"featured_media":0,"parent":0,"menu_order":0,"comment_status":"open","ping_status":"closed","template":"product-header","meta":{"footnotes":""},"class_list":["post-63","page","type-page","status-publish","hentry"],"yoast_head":"<!-- This site is optimized with the Yoast SEO plugin v23.4 - https:\/\/yoast.com\/wordpress\/plugins\/seo\/ -->\n<title>Boutique of Products - Fanny of Westmount<\/title>\n<meta name=\"robots\" content=\"index, follow, max-snippet:-1, max-image-preview:large, max-video-preview:-1\" \/>\n<link rel=\"canonical\" href=\"https:\/\/fannyo.ca\/fr\/boutique-of-products\/\" \/>\n<meta property=\"og:locale\" content=\"fr_CA\" \/>\n<meta property=\"og:type\" content=\"article\" \/>\n<meta property=\"og:title\" content=\"Boutique of Products - Fanny of Westmount\" \/>\n<meta property=\"og:description\" content=\"From latest fashion accessories to high-end cosmetics, Fanny of Westmount\u2019s boutique will have you shining from head to toe. Our line of products line is designed for men, women, and children. FoW\u2019s line of beauty care products is unique and exclusive. Our products and treatments are: FoW has developed three versatile products that enhance the [&hellip;]\" \/>\n<meta property=\"og:url\" content=\"https:\/\/fannyo.ca\/fr\/boutique-of-products\/\" \/>\n<meta property=\"og:site_name\" content=\"Fanny of Westmount\" \/>\n<meta property=\"article:modified_time\" content=\"2025-02-03T20:44:17+00:00\" \/>\n<meta property=\"og:image\" content=\"http:\/\/fannyofwestmount.com\/wp-content\/uploads\/2012\/04\/Products2-300x300.jpg\" \/>\n<meta name=\"twitter:card\" content=\"summary_large_image\" \/>\n<meta name=\"twitter:label1\" content=\"Estimation du temps de lecture\" \/>\n\t<meta name=\"twitter:data1\" content=\"2 minutes\" \/>\n<script type=\"application\/ld+json\" class=\"yoast-schema-graph\">{\"@context\":\"https:\/\/schema.org\",\"@graph\":[{\"@type\":\"WebPage\",\"@id\":\"https:\/\/fannyo.ca\/boutique-of-products\/\",\"url\":\"https:\/\/fannyo.ca\/boutique-of-products\/\",\"name\":\"Boutique of Products - Fanny of Westmount\",\"isPartOf\":{\"@id\":\"https:\/\/fannyo.ca\/#website\"},\"primaryImageOfPage\":{\"@id\":\"https:\/\/fannyo.ca\/boutique-of-products\/#primaryimage\"},\"image\":{\"@id\":\"https:\/\/fannyo.ca\/boutique-of-products\/#primaryimage\"},\"thumbnailUrl\":\"http:\/\/fannyofwestmount.com\/wp-content\/uploads\/2012\/04\/Products2-300x300.jpg\",\"datePublished\":\"2012-04-13T01:19:15+00:00\",\"dateModified\":\"2025-02-03T20:44:17+00:00\",\"breadcrumb\":{\"@id\":\"https:\/\/fannyo.ca\/boutique-of-products\/#breadcrumb\"},\"inLanguage\":\"fr-CA\",\"potentialAction\":[{\"@type\":\"ReadAction\",\"target\":[\"https:\/\/fannyo.ca\/boutique-of-products\/\"]}]},{\"@type\":\"ImageObject\",\"inLanguage\":\"fr-CA\",\"@id\":\"https:\/\/fannyo.ca\/boutique-of-products\/#primaryimage\",\"url\":\"http:\/\/fannyofwestmount.com\/wp-content\/uploads\/2012\/04\/Products2-300x300.jpg\",\"contentUrl\":\"http:\/\/fannyofwestmount.com\/wp-content\/uploads\/2012\/04\/Products2-300x300.jpg\"},{\"@type\":\"BreadcrumbList\",\"@id\":\"https:\/\/fannyo.ca\/boutique-of-products\/#breadcrumb\",\"itemListElement\":[{\"@type\":\"ListItem\",\"position\":1,\"name\":\"Home\",\"item\":\"https:\/\/fannyo.ca\/\"},{\"@type\":\"ListItem\",\"position\":2,\"name\":\"Boutique of Products\"}]},{\"@type\":\"WebSite\",\"@id\":\"https:\/\/fannyo.ca\/#website\",\"url\":\"https:\/\/fannyo.ca\/\",\"name\":\"Fanny of Westmount\",\"description\":\"\",\"publisher\":{\"@id\":\"https:\/\/fannyo.ca\/#organization\"},\"potentialAction\":[{\"@type\":\"SearchAction\",\"target\":{\"@type\":\"EntryPoint\",\"urlTemplate\":\"https:\/\/fannyo.ca\/?s={search_term_string}\"},\"query-input\":{\"@type\":\"PropertyValueSpecification\",\"valueRequired\":true,\"valueName\":\"search_term_string\"}}],\"inLanguage\":\"fr-CA\"},{\"@type\":\"Organization\",\"@id\":\"https:\/\/fannyo.ca\/#organization\",\"name\":\"Fanny of Westmount\",\"url\":\"https:\/\/fannyo.ca\/\",\"logo\":{\"@type\":\"ImageObject\",\"inLanguage\":\"fr-CA\",\"@id\":\"https:\/\/fannyo.ca\/#\/schema\/logo\/image\/\",\"url\":\"https:\/\/fannyo.ca\/wp-content\/uploads\/2024\/11\/0-2.jpg\",\"contentUrl\":\"https:\/\/fannyo.ca\/wp-content\/uploads\/2024\/11\/0-2.jpg\",\"width\":1280,\"height\":304,\"caption\":\"Fanny of Westmount\"},\"image\":{\"@id\":\"https:\/\/fannyo.ca\/#\/schema\/logo\/image\/\"}}]}<\/script>\n<!-- \/ Yoast SEO plugin. -->","yoast_head_json":{"title":"Boutique of Products - Fanny of Westmount","robots":{"index":"index","follow":"follow","max-snippet":"max-snippet:-1","max-image-preview":"max-image-preview:large","max-video-preview":"max-video-preview:-1"},"canonical":"https:\/\/fannyo.ca\/fr\/boutique-of-products\/","og_locale":"fr_CA","og_type":"article","og_title":"Boutique of Products - Fanny of Westmount","og_description":"From latest fashion accessories to high-end cosmetics, Fanny of Westmount\u2019s boutique will have you shining from head to toe. Our line of products line is designed for men, women, and children. FoW\u2019s line of beauty care products is unique and exclusive. Our products and treatments are: FoW has developed three versatile products that enhance the [&hellip;]","og_url":"https:\/\/fannyo.ca\/fr\/boutique-of-products\/","og_site_name":"Fanny of Westmount","article_modified_time":"2025-02-03T20:44:17+00:00","og_image":[{"url":"http:\/\/fannyofwestmount.com\/wp-content\/uploads\/2012\/04\/Products2-300x300.jpg"}],"twitter_card":"summary_large_image","twitter_misc":{"Estimation du temps de lecture":"2 minutes"},"schema":{"@context":"https:\/\/schema.org","@graph":[{"@type":"WebPage","@id":"https:\/\/fannyo.ca\/boutique-of-products\/","url":"https:\/\/fannyo.ca\/boutique-of-products\/","name":"Boutique of Products - Fanny of Westmount","isPartOf":{"@id":"https:\/\/fannyo.ca\/#website"},"primaryImageOfPage":{"@id":"https:\/\/fannyo.ca\/boutique-of-products\/#primaryimage"},"image":{"@id":"https:\/\/fannyo.ca\/boutique-of-products\/#primaryimage"},"thumbnailUrl":"http:\/\/fannyofwestmount.com\/wp-content\/uploads\/2012\/04\/Products2-300x300.jpg","datePublished":"2012-04-13T01:19:15+00:00","dateModified":"2025-02-03T20:44:17+00:00","breadcrumb":{"@id":"https:\/\/fannyo.ca\/boutique-of-products\/#breadcrumb"},"inLanguage":"fr-CA","potentialAction":[{"@type":"ReadAction","target":["https:\/\/fannyo.ca\/boutique-of-products\/"]}]},{"@type":"ImageObject","inLanguage":"fr-CA","@id":"https:\/\/fannyo.ca\/boutique-of-products\/#primaryimage","url":"http:\/\/fannyofwestmount.com\/wp-content\/uploads\/2012\/04\/Products2-300x300.jpg","contentUrl":"http:\/\/fannyofwestmount.com\/wp-content\/uploads\/2012\/04\/Products2-300x300.jpg"},{"@type":"BreadcrumbList","@id":"https:\/\/fannyo.ca\/boutique-of-products\/#breadcrumb","itemListElement":[{"@type":"ListItem","position":1,"name":"Home","item":"https:\/\/fannyo.ca\/"},{"@type":"ListItem","position":2,"name":"Boutique of Products"}]},{"@type":"WebSite","@id":"https:\/\/fannyo.ca\/#website","url":"https:\/\/fannyo.ca\/","name":"Fanny of Westmount","description":"","publisher":{"@id":"https:\/\/fannyo.ca\/#organization"},"potentialAction":[{"@type":"SearchAction","target":{"@type":"EntryPoint","urlTemplate":"https:\/\/fannyo.ca\/?s={search_term_string}"},"query-input":{"@type":"PropertyValueSpecification","valueRequired":true,"valueName":"search_term_string"}}],"inLanguage":"fr-CA"},{"@type":"Organization","@id":"https:\/\/fannyo.ca\/#organization","name":"Fanny of Westmount","url":"https:\/\/fannyo.ca\/","logo":{"@type":"ImageObject","inLanguage":"fr-CA","@id":"https:\/\/fannyo.ca\/#\/schema\/logo\/image\/","url":"https:\/\/fannyo.ca\/wp-content\/uploads\/2024\/11\/0-2.jpg","contentUrl":"https:\/\/fannyo.ca\/wp-content\/uploads\/2024\/11\/0-2.jpg","width":1280,"height":304,"caption":"Fanny of Westmount"},"image":{"@id":"https:\/\/fannyo.ca\/#\/schema\/logo\/image\/"}}]}},"_links":{"self":[{"href":"https:\/\/fannyo.ca\/fr\/wp-json\/wp\/v2\/pages\/63","targetHints":{"allow":["GET"]}}],"collection":[{"href":"https:\/\/fannyo.ca\/fr\/wp-json\/wp\/v2\/pages"}],"about":[{"href":"https:\/\/fannyo.ca\/fr\/wp-json\/wp\/v2\/types\/page"}],"author":[{"embeddable":true,"href":"https:\/\/fannyo.ca\/fr\/wp-json\/wp\/v2\/users\/1"}],"replies":[{"embeddable":true,"href":"https:\/\/fannyo.ca\/fr\/wp-json\/wp\/v2\/comments?post=63"}],"version-history":[{"count":13,"href":"https:\/\/fannyo.ca\/fr\/wp-json\/wp\/v2\/pages\/63\/revisions"}],"predecessor-version":[{"id":1396,"href":"https:\/\/fannyo.ca\/fr\/wp-json\/wp\/v2\/pages\/63\/revisions\/1396"}],"wp:attachment":[{"href":"https:\/\/fannyo.ca\/fr\/wp-json\/wp\/v2\/media?parent=63"}],"curies":[{"name":"wp","href":"https:\/\/api.w.org\/{rel}","templated":true}]}}