{"id":48,"date":"2012-04-13T01:07:45","date_gmt":"2012-04-13T01:07:45","guid":{"rendered":"http:\/\/fannyofwestmount.com\/?page_id=48"},"modified":"2025-05-28T18:30:30","modified_gmt":"2025-05-28T18:30:30","slug":"aesthetic","status":"publish","type":"page","link":"https:\/\/fannyo.ca\/fr\/for-men\/aesthetic\/","title":{"rendered":"Esth\u00e9tique pour homme"},"content":{"rendered":"<figure class=\"wp-block-image alignleft\"><a href=\"http:\/\/fannyofwestmount.com\/wp-content\/uploads\/2012\/04\/Men_Aesthetic.jpg\"><img decoding=\"async\" data-src=\"http:\/\/fannyofwestmount.com\/wp-content\/uploads\/2012\/04\/Men_Aesthetic-300x289.jpg\" alt=\"\" class=\"wp-image-428 lazyload\" title=\"Men_Aesthetic\" src=\"data:image\/svg+xml;base64,PHN2ZyB3aWR0aD0iMSIgaGVpZ2h0PSIxIiB4bWxucz0iaHR0cDovL3d3dy53My5vcmcvMjAwMC9zdmciPjwvc3ZnPg==\" style=\"--smush-placeholder-width: 300px; --smush-placeholder-aspect-ratio: 300\/289;\" \/><\/a><\/figure>\n\n\n\n<div class=\"wp-block-group is-vertical is-layout-flex wp-container-core-group-is-layout-fe9cc265 wp-block-group-is-layout-flex\">\n<p>Fanny of Westmount vous composera un traitement sur mesure, rafra\u00eechissant, nettoyant, tonifiant et hydratant, pour vous garantir une image impeccable.<\/p>\n\n\n\n<p>Nos soins du visage r\u00e9duiront les rides, corrigeront les imperfections et rajeuniront votre peau.&nbsp;&nbsp;&nbsp;&nbsp;&nbsp;&nbsp;&nbsp;&nbsp;&nbsp;&nbsp;&nbsp;&nbsp;&nbsp;&nbsp;&nbsp;&nbsp;&nbsp;&nbsp;&nbsp;&nbsp;&nbsp;&nbsp;&nbsp;&nbsp;&nbsp;&nbsp;&nbsp;&nbsp;&nbsp;&nbsp;&nbsp;&nbsp;&nbsp;&nbsp;&nbsp;&nbsp;&nbsp;&nbsp;&nbsp;&nbsp; &nbsp;&nbsp;&nbsp;&nbsp;&nbsp;&nbsp;&nbsp;&nbsp;&nbsp;&nbsp;&nbsp;&nbsp;&nbsp;&nbsp;&nbsp;&nbsp;&nbsp;&nbsp;&nbsp;&nbsp;&nbsp;&nbsp;&nbsp;&nbsp;&nbsp;&nbsp; <br><\/p>\n\n\n\n<figure class=\"wp-block-table is-style-stripes\"><table class=\"has-fixed-layout\"><thead><tr><th><\/th><th class=\"has-text-align-center\" data-align=\"center\">\u00c0 partir de<\/th><\/tr><\/thead><tbody><tr><td>Facial de base (1h15)<\/td><td class=\"has-text-align-center\" data-align=\"center\">$98<\/td><\/tr><tr><td>Mini Facial (Flash Beaut\u00e9) (30 min)<\/td><td class=\"has-text-align-center\" data-align=\"center\">$75<\/td><\/tr><tr><td>Facial avec s\u00e9rum traitant (1h30)<\/td><td class=\"has-text-align-center\" data-align=\"center\">$110<\/td><\/tr><tr><td>Facial micro-peeling biologique+s\u00e9rum (1h30)<\/td><td class=\"has-text-align-center\" data-align=\"center\">$145<\/td><\/tr><tr><td>Facial pour peaux acn\u00e9iques (1h30)<\/td><td class=\"has-text-align-center\" data-align=\"center\">$110<\/td><\/tr><tr><td>Facial Sea C spa (1h30)<\/td><td class=\"has-text-align-center\" data-align=\"center\">$140<\/td><\/tr><tr><td>Facial au collag\u00e8ne (2h)<\/td><td class=\"has-text-align-center\" data-align=\"center\">$160<\/td><\/tr><tr><td>Facial Botinol (2h)<\/td><td class=\"has-text-align-center\" data-align=\"center\">$160<\/td><\/tr><tr><td>Facial Hydrolifting (1h30 \u00e0 2h)<\/td><td class=\"has-text-align-center\" data-align=\"center\">$125<\/td><\/tr><tr><td>Facial Algomask (1h30)<\/td><td class=\"has-text-align-center\" data-align=\"center\">$95<\/td><\/tr><tr><td>Facial exfoliant revitalisant aux acides de fruits (1h30)<\/td><td class=\"has-text-align-center\" data-align=\"center\">$140<\/td><\/tr><tr><td>Facial anti-stress aux huiles essentielles avec massage ou exfoliant th\u00e9rapeutique mains et pieds (1h15 \u00e0 1h30)<\/td><td class=\"has-text-align-center\" data-align=\"center\">$165<\/td><\/tr><tr><td>Traitement facial \u00e0 l'oxyg\u00e8ne et acide glycolique (30 min)<\/td><td class=\"has-text-align-center\" data-align=\"center\">\u00a0$110<\/td><\/tr><tr><td>Micro peeling AHA<\/td><td class=\"has-text-align-center\" data-align=\"center\">$30<\/td><\/tr><tr><td>Traitement contour yeux Algomask (30 min)<\/td><td class=\"has-text-align-center\" data-align=\"center\">$75<\/td><\/tr><tr><td>Traitement contour yeux collag\u00e8ne (45-60 min)<\/td><td class=\"has-text-align-center\" data-align=\"center\">$95<\/td><\/tr><\/tbody><\/table><\/figure>\n\n\n\n<p style=\"padding-bottom:var(--wp--preset--spacing--40)\"><\/p>\n\n\n\n<h2 class=\"wp-block-heading\">Maquillage<\/h2>\n\n\n\n<p><br>Fanny of Westmount se sp\u00e9cialise dans la pr\u00e9paration de ses clients pour les mariages, les tournages de films, les apparitions \u00e0 la t\u00e9l\u00e9vision, le th\u00e9\u00e2tre, la photographie et les d\u00e9fil\u00e9s de mode. Nos artistes maquilleurs qualifi\u00e9s vous aideront \u00e0 composer une trousse de maquillage personnalis\u00e9e qui refl\u00e8te votre style et qui offre des options de maquillage et des looks pour chaque saison ou pour toute occasion sp\u00e9ciale.<\/p>\n\n\n\n<figure class=\"wp-block-table is-style-stripes\"><table class=\"has-fixed-layout\"><thead><tr><th><\/th><th class=\"has-text-align-center\" data-align=\"center\">\u00c0 partir de<\/th><\/tr><\/thead><tbody><tr><td>Makeup (30min to 1h)<\/td><td class=\"has-text-align-center\" data-align=\"center\">$65 \u00e0 $120<\/td><\/tr><tr><td>Maquillage par Fanny (1h)<\/td><td class=\"has-text-align-center\" data-align=\"center\">$68 \u00e0 $150<\/td><\/tr><tr><td>Maquillage pour mari\u00e9e (1h)<\/td><td class=\"has-text-align-center\" data-align=\"center\">$95 \u00e0 $150<\/td><\/tr><tr><td>Maquillage de sc\u00e8ne (1h)<\/td><td class=\"has-text-align-center\" data-align=\"center\">$95 \u00e0 $150<\/td><\/tr><tr><td>Le\u00e7on de maquillage priv\u00e9e (1h30)<\/td><td class=\"has-text-align-center\" data-align=\"center\">$76 \u00e0 $150<\/td><\/tr><tr><td>Mini facial avant maquillage avec Vial (30 min)<\/td><td class=\"has-text-align-center\" data-align=\"center\">$95<\/td><\/tr><tr><td>Ampoule additionnelle \u00ab coup d\u2019\u00e9clat \u00bb<\/td><td class=\"has-text-align-center\" data-align=\"center\">$20<\/td><\/tr><tr><td>Extension de cils (2h)<\/td><td class=\"has-text-align-center\" data-align=\"center\">$250<\/td><\/tr><tr><td>Pose de faux-cils (20 min)<\/td><td class=\"has-text-align-center\" data-align=\"center\">$60<\/td><\/tr><tr><td>Teinture des cils (30 min)<\/td><td class=\"has-text-align-center\" data-align=\"center\">$50<\/td><\/tr><tr><td>Teinture des sourcils (30 min)<\/td><td class=\"has-text-align-center\" data-align=\"center\">$30<\/td><\/tr><\/tbody><\/table><\/figure>\n\n\n\n<p style=\"padding-bottom:var(--wp--preset--spacing--40)\"><\/p>\n\n\n\n<p style=\"padding-bottom:var(--wp--preset--spacing--40)\"><\/p>\n\n\n\n<h2 class=\"wp-block-heading\">Manucure et P\u00e9dicure<\/h2>\n\n\n\n<p><em>Soins essentiels des mains et des pieds<\/em><\/p>\n\n\n\n<p>Les mains et les pieds sont les parties les plus sollicit\u00e9es du corps. Cela exige une attention et des soins sp\u00e9cifiques. Demandez \u00e0 un de nos experts ce que vous pouvez faire pour prendre soin de vos mains et pieds, afin de conserver une peau douce et jeune.<\/p>\n\n\n\n<figure class=\"wp-block-table is-style-stripes\"><table class=\"has-fixed-layout\"><thead><tr><th><\/th><th class=\"has-text-align-center\" data-align=\"center\">\u00c0 partir de<\/th><\/tr><\/thead><tbody><tr><td>Basic manicure (30 min to 45 min)<\/td><td class=\"has-text-align-center\" data-align=\"center\">$25<\/td><\/tr><tr><td>Manucure et polissage des ongles (1 h)<\/td><td class=\"has-text-align-center\" data-align=\"center\">$40<\/td><\/tr><tr><td>Manucure et traitement hydratant des cuticules<\/td><td class=\"has-text-align-center\" data-align=\"center\">$45<\/td><\/tr><tr><td>Spa manicure: aromatherapy with sea salt exfoliation<\/td><td class=\"has-text-align-center\" data-align=\"center\">$59<\/td><\/tr><tr><td>Manicure, exfoliation and paraffin* (1h15)<\/td><td class=\"has-text-align-center\" data-align=\"center\">$65<\/td><\/tr><tr><td>Traitement de paraffine*<\/td><td class=\"has-text-align-center\" data-align=\"center\">$50<\/td><\/tr><tr><td>P\u00e9dicure (1h)<\/td><td class=\"has-text-align-center\" data-align=\"center\">$49<\/td><\/tr><tr><td>Beaut\u00e9 des pieds (30 min \u00e0 45 min)&nbsp;&nbsp;&nbsp;&nbsp;&nbsp;&nbsp;&nbsp;<\/td><td class=\"has-text-align-center\" data-align=\"center\">$40<\/td><\/tr><tr><td>Spa p\u00e9dicure : aromath\u00e9rapie avec exfoliation au sel de mer (1h15)<\/td><td class=\"has-text-align-center\" data-align=\"center\">$72<\/td><\/tr><tr><td>P\u00e9dicure traitements exfoliant et paraffine* (1h30)<\/td><td class=\"has-text-align-center\" data-align=\"center\">$80<\/td><\/tr><\/tbody><\/table><\/figure>\n\n\n\n<p>* La paraffine est recommand\u00e9e pour la douceur, l'hydratation, la pr\u00e9vention du vieillissement des mains et des pieds, ainsi que pour le soulagement de l'arthrite.<\/p>\n\n\n\n<p style=\"padding-bottom:var(--wp--preset--spacing--40)\"><\/p>\n\n\n\n<h2 class=\"wp-block-heading\">\u00c9pilation&nbsp; <strong><em>&nbsp;<\/em><\/strong><\/h2>\n\n\n\n<p>Fanny of Westmount rend l'\u00e9pilation simple et efficace, pour<em>&nbsp;<\/em>homme et femme. Les techniques d'\u00e9pilation incluent la cire chaude, ti\u00e8de ou par \u00e9lectrolyse. Le service de d\u00e9coloration est \u00e9galement offert, au m\u00eame tarif que celui de l'\u00e9pilation.<\/p>\n\n\n\n<figure class=\"wp-block-table is-style-stripes\"><table class=\"has-fixed-layout\"><thead><tr><th><\/th><th class=\"has-text-align-center\" data-align=\"center\">\u00c0 partir de<\/th><\/tr><\/thead><tbody><tr><td>Maintien des sourcils \u00e0 la pince ou \u00e0 la cire<\/td><td class=\"has-text-align-center\" data-align=\"center\">$20 \u00e0 $26<\/td><\/tr><tr><td>Stylisation des sourcils \u00e0 la pince ou \u00e0 la cire<\/td><td class=\"has-text-align-center\" data-align=\"center\">$26 \u00e0 $35<\/td><\/tr><tr><td>L\u00e8vre sup\u00e9rieure<\/td><td class=\"has-text-align-center\" data-align=\"center\">$20<\/td><\/tr><tr><td>Menton ou c\u00f4t\u00e9 du visage<\/td><td class=\"has-text-align-center\" data-align=\"center\">$25 et plus<\/td><\/tr><tr><td>Nuque ou ventre<\/td><td class=\"has-text-align-center\" data-align=\"center\">$25<\/td><\/tr><tr><td>Aisselles<\/td><td class=\"has-text-align-center\" data-align=\"center\">$35<\/td><\/tr><tr><td>Bikini<\/td><td class=\"has-text-align-center\" data-align=\"center\">$32<\/td><\/tr><tr><td>Avant-bras<\/td><td class=\"has-text-align-center\" data-align=\"center\">$40<\/td><\/tr><tr><td>Bras entiers<\/td><td class=\"has-text-align-center\" data-align=\"center\">$50<\/td><\/tr><tr><td>Oreille ou nez<\/td><td class=\"has-text-align-center\" data-align=\"center\">$25<\/td><\/tr><tr><td>Bas de la jambe<\/td><td class=\"has-text-align-center\" data-align=\"center\">$32<\/td><\/tr><tr><td>Haut de la jambe<\/td><td class=\"has-text-align-center\" data-align=\"center\">$38<\/td><\/tr><tr><td>Haut de la jambe et bikini<\/td><td class=\"has-text-align-center\" data-align=\"center\">$65<\/td><\/tr><tr><td>Jambe compl\u00e8te et bikini<\/td><td class=\"has-text-align-center\" data-align=\"center\">$54<\/td><\/tr><tr><td>Dos<\/td><td class=\"has-text-align-center\" data-align=\"center\">$49<\/td><\/tr><tr><td>Poitrine<\/td><td class=\"has-text-align-center\" data-align=\"center\">$39<\/td><\/tr><tr><td>\u00c9lectrolyse assist\u00e9e par ordinateur (5min)\n($1 extra min)<\/td><td class=\"has-text-align-center\" data-align=\"center\">$10<\/td><\/tr><tr><td>Filament pour usage personnel<\/td><td class=\"has-text-align-center\" data-align=\"center\">$ 5<\/td><\/tr><\/tbody><\/table><\/figure>\n<\/div>\n\n\n\n<p style=\"padding-bottom:var(--wp--preset--spacing--40)\"><\/p>\n\n\n\n<p><a href=\"https:\/\/fannyo.ca\/fr\/fanny-of-westmount\/\" data-type=\"page\" data-id=\"204\">Prenez rendez-vous d\u00e8s aujourd'hui<\/a><\/p>\n\n\n\n<p><a data-type=\"page\" data-id=\"150\" href=\"https:\/\/fannyo.ca\/fr\/gift-certificates\/\">Certificats cadeau<\/a><\/p>\n\n\n\n<p><a href=\"https:\/\/fannyo.ca\/fr\/forfaits\/power-up-package-for-men\/\" data-type=\"page\" data-id=\"57\">Programme pour l\u2019homme<\/a><\/p>\n\n\n\n<p class=\"translation-block\"><a href=\"https:\/\/fannyo.ca\/fr\/price-list\/\" data-type=\"page\" data-id=\"54\" target=\"_self\"> Liste compl\u00e8te des prix<\/a><\/p>\n\n\n\n<p><\/p>","protected":false},"excerpt":{"rendered":"<p>Fanny of Westmount will design refreshing, cleansing, toning, and moisturizing custom treatments to help you put your best face forward. Our facials will reduce wrinkles, correct imperfections, and rejuvenate your skin.&nbsp;&nbsp;&nbsp;&nbsp;&nbsp;&nbsp;&nbsp;&nbsp;&nbsp;&nbsp;&nbsp;&nbsp;&nbsp;&nbsp;&nbsp;&nbsp;&nbsp;&nbsp;&nbsp;&nbsp;&nbsp;&nbsp;&nbsp;&nbsp;&nbsp;&nbsp;&nbsp;&nbsp;&nbsp;&nbsp;&nbsp;&nbsp;&nbsp;&nbsp;&nbsp;&nbsp;&nbsp;&nbsp;&nbsp;&nbsp; &nbsp;&nbsp;&nbsp;&nbsp;&nbsp;&nbsp;&nbsp;&nbsp;&nbsp;&nbsp;&nbsp;&nbsp;&nbsp;&nbsp;&nbsp;&nbsp;&nbsp;&nbsp;&nbsp;&nbsp;&nbsp;&nbsp;&nbsp;&nbsp;&nbsp;&nbsp; Starting at Basic facial (1h15) $98 Mini facial (Beauty Flash) (30 min) $75 Facial with a nourishing vial (1h30) $110 Biological micro peeling [&hellip;]<\/p>\n","protected":false},"author":1,"featured_media":0,"parent":223,"menu_order":0,"comment_status":"open","ping_status":"closed","template":"product-header","meta":{"footnotes":""},"class_list":["post-48","page","type-page","status-publish","hentry"],"yoast_head":"<!-- This site is optimized with the Yoast SEO plugin v23.4 - https:\/\/yoast.com\/wordpress\/plugins\/seo\/ -->\n<title>Old Montreal Private Hair Removal Services for Men and Women<\/title>\n<meta name=\"description\" content=\"Beauty parlour, Full services, Day Spa, massage, facial, mani, pedi, hair cuts, hair removal, waxing, haute coiffure and make up.\" \/>\n<meta name=\"robots\" content=\"index, follow, max-snippet:-1, max-image-preview:large, max-video-preview:-1\" \/>\n<link rel=\"canonical\" href=\"https:\/\/fannyo.ca\/fr\/for-men\/aesthetic\/\" \/>\n<meta property=\"og:locale\" content=\"fr_CA\" \/>\n<meta property=\"og:type\" content=\"article\" \/>\n<meta property=\"og:title\" content=\"Old Montreal Private Hair Removal Services for Men and Women\" \/>\n<meta property=\"og:description\" content=\"Beauty parlour, Full services, Day Spa, massage, facial, mani, pedi, hair cuts, hair removal, waxing, haute coiffure and make up.\" \/>\n<meta property=\"og:url\" content=\"https:\/\/fannyo.ca\/fr\/for-men\/aesthetic\/\" \/>\n<meta property=\"og:site_name\" content=\"Fanny of Westmount\" \/>\n<meta property=\"article:modified_time\" content=\"2025-05-28T18:30:30+00:00\" \/>\n<meta property=\"og:image\" content=\"http:\/\/fannyofwestmount.com\/wp-content\/uploads\/2012\/04\/Men_Aesthetic-300x289.jpg\" \/>\n<meta name=\"twitter:card\" content=\"summary_large_image\" \/>\n<meta name=\"twitter:label1\" content=\"Estimation du temps de lecture\" \/>\n\t<meta name=\"twitter:data1\" content=\"3 minutes\" \/>\n<script type=\"application\/ld+json\" class=\"yoast-schema-graph\">{\"@context\":\"https:\/\/schema.org\",\"@graph\":[{\"@type\":\"WebPage\",\"@id\":\"https:\/\/fannyo.ca\/for-men\/aesthetic\/\",\"url\":\"https:\/\/fannyo.ca\/for-men\/aesthetic\/\",\"name\":\"Old Montreal Private Hair Removal Services for Men and Women\",\"isPartOf\":{\"@id\":\"https:\/\/fannyo.ca\/#website\"},\"primaryImageOfPage\":{\"@id\":\"https:\/\/fannyo.ca\/for-men\/aesthetic\/#primaryimage\"},\"image\":{\"@id\":\"https:\/\/fannyo.ca\/for-men\/aesthetic\/#primaryimage\"},\"thumbnailUrl\":\"http:\/\/fannyofwestmount.com\/wp-content\/uploads\/2012\/04\/Men_Aesthetic-300x289.jpg\",\"datePublished\":\"2012-04-13T01:07:45+00:00\",\"dateModified\":\"2025-05-28T18:30:30+00:00\",\"description\":\"Beauty parlour, Full services, Day Spa, massage, facial, mani, pedi, hair cuts, hair removal, waxing, haute coiffure and make up.\",\"breadcrumb\":{\"@id\":\"https:\/\/fannyo.ca\/for-men\/aesthetic\/#breadcrumb\"},\"inLanguage\":\"fr-CA\",\"potentialAction\":[{\"@type\":\"ReadAction\",\"target\":[\"https:\/\/fannyo.ca\/for-men\/aesthetic\/\"]}]},{\"@type\":\"ImageObject\",\"inLanguage\":\"fr-CA\",\"@id\":\"https:\/\/fannyo.ca\/for-men\/aesthetic\/#primaryimage\",\"url\":\"http:\/\/fannyofwestmount.com\/wp-content\/uploads\/2012\/04\/Men_Aesthetic-300x289.jpg\",\"contentUrl\":\"http:\/\/fannyofwestmount.com\/wp-content\/uploads\/2012\/04\/Men_Aesthetic-300x289.jpg\"},{\"@type\":\"BreadcrumbList\",\"@id\":\"https:\/\/fannyo.ca\/for-men\/aesthetic\/#breadcrumb\",\"itemListElement\":[{\"@type\":\"ListItem\",\"position\":1,\"name\":\"Home\",\"item\":\"https:\/\/fannyo.ca\/\"},{\"@type\":\"ListItem\",\"position\":2,\"name\":\"For Men\",\"item\":\"https:\/\/fannyo.ca\/for-men\/\"},{\"@type\":\"ListItem\",\"position\":3,\"name\":\"Men&#8217;s Aesthetic\"}]},{\"@type\":\"WebSite\",\"@id\":\"https:\/\/fannyo.ca\/#website\",\"url\":\"https:\/\/fannyo.ca\/\",\"name\":\"Fanny of Westmount\",\"description\":\"\",\"publisher\":{\"@id\":\"https:\/\/fannyo.ca\/#organization\"},\"potentialAction\":[{\"@type\":\"SearchAction\",\"target\":{\"@type\":\"EntryPoint\",\"urlTemplate\":\"https:\/\/fannyo.ca\/?s={search_term_string}\"},\"query-input\":{\"@type\":\"PropertyValueSpecification\",\"valueRequired\":true,\"valueName\":\"search_term_string\"}}],\"inLanguage\":\"fr-CA\"},{\"@type\":\"Organization\",\"@id\":\"https:\/\/fannyo.ca\/#organization\",\"name\":\"Fanny of Westmount\",\"url\":\"https:\/\/fannyo.ca\/\",\"logo\":{\"@type\":\"ImageObject\",\"inLanguage\":\"fr-CA\",\"@id\":\"https:\/\/fannyo.ca\/#\/schema\/logo\/image\/\",\"url\":\"https:\/\/fannyo.ca\/wp-content\/uploads\/2024\/11\/0-2.jpg\",\"contentUrl\":\"https:\/\/fannyo.ca\/wp-content\/uploads\/2024\/11\/0-2.jpg\",\"width\":1280,\"height\":304,\"caption\":\"Fanny of Westmount\"},\"image\":{\"@id\":\"https:\/\/fannyo.ca\/#\/schema\/logo\/image\/\"}}]}<\/script>\n<!-- \/ Yoast SEO plugin. -->","yoast_head_json":{"title":"Old Montreal Private Hair Removal Services for Men and Women","description":"Beauty parlour, Full services, Day Spa, massage, facial, mani, pedi, hair cuts, hair removal, waxing, haute coiffure and make up.","robots":{"index":"index","follow":"follow","max-snippet":"max-snippet:-1","max-image-preview":"max-image-preview:large","max-video-preview":"max-video-preview:-1"},"canonical":"https:\/\/fannyo.ca\/fr\/for-men\/aesthetic\/","og_locale":"fr_CA","og_type":"article","og_title":"Old Montreal Private Hair Removal Services for Men and Women","og_description":"Beauty parlour, Full services, Day Spa, massage, facial, mani, pedi, hair cuts, hair removal, waxing, haute coiffure and make up.","og_url":"https:\/\/fannyo.ca\/fr\/for-men\/aesthetic\/","og_site_name":"Fanny of Westmount","article_modified_time":"2025-05-28T18:30:30+00:00","og_image":[{"url":"http:\/\/fannyofwestmount.com\/wp-content\/uploads\/2012\/04\/Men_Aesthetic-300x289.jpg"}],"twitter_card":"summary_large_image","twitter_misc":{"Estimation du temps de lecture":"3 minutes"},"schema":{"@context":"https:\/\/schema.org","@graph":[{"@type":"WebPage","@id":"https:\/\/fannyo.ca\/for-men\/aesthetic\/","url":"https:\/\/fannyo.ca\/for-men\/aesthetic\/","name":"Old Montreal Private Hair Removal Services for Men and Women","isPartOf":{"@id":"https:\/\/fannyo.ca\/#website"},"primaryImageOfPage":{"@id":"https:\/\/fannyo.ca\/for-men\/aesthetic\/#primaryimage"},"image":{"@id":"https:\/\/fannyo.ca\/for-men\/aesthetic\/#primaryimage"},"thumbnailUrl":"http:\/\/fannyofwestmount.com\/wp-content\/uploads\/2012\/04\/Men_Aesthetic-300x289.jpg","datePublished":"2012-04-13T01:07:45+00:00","dateModified":"2025-05-28T18:30:30+00:00","description":"Beauty parlour, Full services, Day Spa, massage, facial, mani, pedi, hair cuts, hair removal, waxing, haute coiffure and make up.","breadcrumb":{"@id":"https:\/\/fannyo.ca\/for-men\/aesthetic\/#breadcrumb"},"inLanguage":"fr-CA","potentialAction":[{"@type":"ReadAction","target":["https:\/\/fannyo.ca\/for-men\/aesthetic\/"]}]},{"@type":"ImageObject","inLanguage":"fr-CA","@id":"https:\/\/fannyo.ca\/for-men\/aesthetic\/#primaryimage","url":"http:\/\/fannyofwestmount.com\/wp-content\/uploads\/2012\/04\/Men_Aesthetic-300x289.jpg","contentUrl":"http:\/\/fannyofwestmount.com\/wp-content\/uploads\/2012\/04\/Men_Aesthetic-300x289.jpg"},{"@type":"BreadcrumbList","@id":"https:\/\/fannyo.ca\/for-men\/aesthetic\/#breadcrumb","itemListElement":[{"@type":"ListItem","position":1,"name":"Home","item":"https:\/\/fannyo.ca\/"},{"@type":"ListItem","position":2,"name":"For Men","item":"https:\/\/fannyo.ca\/for-men\/"},{"@type":"ListItem","position":3,"name":"Men&#8217;s Aesthetic"}]},{"@type":"WebSite","@id":"https:\/\/fannyo.ca\/#website","url":"https:\/\/fannyo.ca\/","name":"Fanny of Westmount","description":"","publisher":{"@id":"https:\/\/fannyo.ca\/#organization"},"potentialAction":[{"@type":"SearchAction","target":{"@type":"EntryPoint","urlTemplate":"https:\/\/fannyo.ca\/?s={search_term_string}"},"query-input":{"@type":"PropertyValueSpecification","valueRequired":true,"valueName":"search_term_string"}}],"inLanguage":"fr-CA"},{"@type":"Organization","@id":"https:\/\/fannyo.ca\/#organization","name":"Fanny of Westmount","url":"https:\/\/fannyo.ca\/","logo":{"@type":"ImageObject","inLanguage":"fr-CA","@id":"https:\/\/fannyo.ca\/#\/schema\/logo\/image\/","url":"https:\/\/fannyo.ca\/wp-content\/uploads\/2024\/11\/0-2.jpg","contentUrl":"https:\/\/fannyo.ca\/wp-content\/uploads\/2024\/11\/0-2.jpg","width":1280,"height":304,"caption":"Fanny of Westmount"},"image":{"@id":"https:\/\/fannyo.ca\/#\/schema\/logo\/image\/"}}]}},"_links":{"self":[{"href":"https:\/\/fannyo.ca\/fr\/wp-json\/wp\/v2\/pages\/48","targetHints":{"allow":["GET"]}}],"collection":[{"href":"https:\/\/fannyo.ca\/fr\/wp-json\/wp\/v2\/pages"}],"about":[{"href":"https:\/\/fannyo.ca\/fr\/wp-json\/wp\/v2\/types\/page"}],"author":[{"embeddable":true,"href":"https:\/\/fannyo.ca\/fr\/wp-json\/wp\/v2\/users\/1"}],"replies":[{"embeddable":true,"href":"https:\/\/fannyo.ca\/fr\/wp-json\/wp\/v2\/comments?post=48"}],"version-history":[{"count":13,"href":"https:\/\/fannyo.ca\/fr\/wp-json\/wp\/v2\/pages\/48\/revisions"}],"predecessor-version":[{"id":1600,"href":"https:\/\/fannyo.ca\/fr\/wp-json\/wp\/v2\/pages\/48\/revisions\/1600"}],"up":[{"embeddable":true,"href":"https:\/\/fannyo.ca\/fr\/wp-json\/wp\/v2\/pages\/223"}],"wp:attachment":[{"href":"https:\/\/fannyo.ca\/fr\/wp-json\/wp\/v2\/media?parent=48"}],"curies":[{"name":"wp","href":"https:\/\/api.w.org\/{rel}","templated":true}]}}