{"id":46,"date":"2012-04-13T01:06:59","date_gmt":"2012-04-13T01:06:59","guid":{"rendered":"http:\/\/fannyofwestmount.com\/?page_id=46"},"modified":"2025-05-28T17:35:52","modified_gmt":"2025-05-28T17:35:52","slug":"hair","status":"publish","type":"page","link":"https:\/\/fannyo.ca\/fr\/for-men\/hair\/","title":{"rendered":"Coiffure pour homme"},"content":{"rendered":"<figure class=\"wp-block-image alignleft is-resized\"><a href=\"http:\/\/fannyofwestmount.com\/wp-content\/uploads\/2012\/04\/Mark.png\"><img decoding=\"async\" data-src=\"http:\/\/fannyofwestmount.com\/wp-content\/uploads\/2012\/04\/Mark.png\" alt=\"\" class=\"wp-image-510 lazyload\" style=\"width:291px\" title=\"Mark\" src=\"data:image\/svg+xml;base64,PHN2ZyB3aWR0aD0iMSIgaGVpZ2h0PSIxIiB4bWxucz0iaHR0cDovL3d3dy53My5vcmcvMjAwMC9zdmciPjwvc3ZnPg==\" \/><\/a><\/figure>\n\n\n\n<div class=\"wp-block-group is-vertical is-layout-flex wp-container-core-group-is-layout-fe9cc265 wp-block-group-is-layout-flex\">\n<h2 class=\"wp-block-heading\">Coupe et style<\/h2>\n\n\n\n<p>Lorsqu\u2019on se sent \u00e0 son meilleur, on se distingue du reste. \u00c0 titre d\u2019homme actif et moderne, laissez-nous savoir ce que vous souhaitez et nous serons heureux de vous concocter une formule sur mesure.<\/p>\n\n\n\n<p>Nos professionnels prendront le temps de saisir vos besoins et de s\u2019assurer de votre confort, tout au long de votre exp\u00e9rience au Spa. Que ce soit une premi\u00e8re fois parmi nous ou que vous soyez un client fid\u00e8le, nous sommes \u00e0 votre disposition pour r\u00e9pondre aux questions les plus pointues et vous fournir une assistance experte.<\/p>\n\n\n\n<p><\/p>\n\n\n\n<p>Chez Fanny de Westmount, nous couperons et coifferons vos cheveux en respectant et en accentuant votre style personnel.<\/p>\n\n\n\n<div class=\"wp-block-group is-vertical is-layout-flex wp-container-core-group-is-layout-fe9cc265 wp-block-group-is-layout-flex\">\n<figure class=\"wp-block-table is-style-stripes\"><table class=\"has-fixed-layout\"><thead><tr><th>&nbsp;<\/th><th class=\"has-text-align-center\" data-align=\"center\">\u00c0 partir de<\/th><\/tr><\/thead><tbody><tr><td>Consultation<\/td><td class=\"has-text-align-center\" data-align=\"center\">sans frais<\/td><\/tr><tr><td>M\u00e9tamorphose (cheveux, maquillage et style)<\/td><td class=\"has-text-align-center\" data-align=\"center\">sur \u00e9valuation<\/td><\/tr><tr><td>Coupe et brushing par Fanny<\/td><td class=\"has-text-align-center\" data-align=\"center\">$45 et plus<\/td><\/tr><tr><td>Mise en plis (brushing)<\/td><td class=\"has-text-align-center\" data-align=\"center\">$40<\/td><\/tr><tr><td>S\u00e8che cheveux<\/td><td class=\"has-text-align-center\" data-align=\"center\">$40<\/td><\/tr><tr><td>Cr\u00e9ation Haute Coiffure, mari\u00e9e, sc\u00e8ne, gala<\/td><td class=\"has-text-align-center\" data-align=\"center\">$45 et plus<\/td><\/tr><tr><td>Cr\u00e9ation Haute Coiffure par Fanny<\/td><td class=\"has-text-align-center\" data-align=\"center\">$85<\/td><\/tr><tr><td>Coupe pour Fillette \/ Gar\u00e7on (5 \u00e0 12 ans)<\/td><td class=\"has-text-align-center\" data-align=\"center\">$40<\/td><\/tr><tr><td><\/td><td class=\"has-text-align-center\" data-align=\"center\"><\/td><\/tr><\/tbody><\/table><\/figure>\n\n\n\n<p style=\"padding-bottom:var(--wp--preset--spacing--50)\"><small>*L\u2019\u00e9chelle de tarifs varie selon l\u2019anciennet\u00e9 des stylistes.<\/small><\/p>\n\n\n\n<p><\/p>\n<\/div>\n\n\n\n<h2 class=\"wp-block-heading\">Couleur et Brillance<\/h2>\n\n\n\n<p>Nos experts coloristes \u00e9laboreront avec vous une nuance de coloration personnalis\u00e9e. Nous utilisons des produits doux et naturels, pour vous assurer une chevelure saine.<\/p>\n\n\n\n<figure class=\"wp-block-table alignright is-style-stripes\" style=\"padding-left:0px\"><table class=\"has-fixed-layout\"><thead><tr><th>&nbsp;<\/th><th class=\"has-text-align-center\" data-align=\"center\">\u00c0 partir de<\/th><\/tr><\/thead><tbody><tr><td>Consultation<\/td><td class=\"has-text-align-center\" data-align=\"center\">sans frais<\/td><\/tr><tr><td>Quelques reflets<\/td><td class=\"has-text-align-center\" data-align=\"center\">$45<\/td><\/tr><tr><td>Reflets partiels<\/td><td class=\"has-text-align-center\" data-align=\"center\">$75<\/td><\/tr><tr><td>Reflets complets<\/td><td class=\"has-text-align-center\" data-align=\"center\">$120<\/td><\/tr><tr><td>Vernis (v\u00e9g\u00e9tal neutre ou colorant)<\/td><td class=\"has-text-align-center\" data-align=\"center\">$47<\/td><\/tr><tr><td>Colorant v\u00e9g\u00e9tal (ou coloration)<\/td><td class=\"has-text-align-center\" data-align=\"center\">$57<\/td><\/tr><tr><td>Correction de couleur<\/td><td class=\"has-text-align-center\" data-align=\"center\">$90<\/td><\/tr><tr><td>Permanente: spirale, vague, volume<\/td><td class=\"has-text-align-center\" data-align=\"center\">$95 \u00e0 155<\/td><\/tr><tr><td>Relaxant (formule exclusive cheveux fris\u00e9s)<\/td><td class=\"has-text-align-center\" data-align=\"center\">$95 \u00e0 155<\/td><\/tr><\/tbody><\/table><\/figure>\n\n\n\n<p style=\"padding-bottom:var(--wp--preset--spacing--40)\"><\/p>\n\n\n\n<h2 class=\"wp-block-heading\">Soins Capillaires<\/h2>\n<\/div>\n\n\n\n<figure class=\"wp-block-image alignleft is-resized\"><a href=\"http:\/\/fannyofwestmount.com\/wp-content\/uploads\/2012\/04\/Men_hair.jpg\"><img decoding=\"async\" data-src=\"http:\/\/fannyofwestmount.com\/wp-content\/uploads\/2012\/04\/Men_hair-300x235.jpg\" alt=\"\" class=\"wp-image-511 lazyload\" style=\"--smush-placeholder-width: 300px; --smush-placeholder-aspect-ratio: 300\/235;width:291px\" title=\"Men_hair\" src=\"data:image\/svg+xml;base64,PHN2ZyB3aWR0aD0iMSIgaGVpZ2h0PSIxIiB4bWxucz0iaHR0cDovL3d3dy53My5vcmcvMjAwMC9zdmciPjwvc3ZnPg==\" \/><\/a><\/figure>\n\n\n\n<div class=\"wp-block-group is-vertical is-layout-flex wp-container-core-group-is-layout-fe9cc265 wp-block-group-is-layout-flex\">\n<p>En privil\u00e9giant les produits naturels de la plus haute qualit\u00e9, nous avons d\u00e9velopp\u00e9 une gamme de traitements capillaires pour femme et homme qui peut pr\u00e9venir et r\u00e9soudre la plupart des probl\u00e8mes li\u00e9s \u00e0 la sant\u00e9 du cheveu.<\/p>\n\n\n\n<figure class=\"wp-block-table is-style-stripes\"><table class=\"has-fixed-layout\"><thead><tr><th>&nbsp;<\/th><th class=\"has-text-align-center\" data-align=\"center\">\u00c0 partir de<\/th><\/tr><\/thead><tbody><tr><td>Massage th\u00e9rapeutique du cuir chevelu aux huiles essentielles<\/td><td class=\"has-text-align-center\" data-align=\"center\">$59<\/td><\/tr><tr><td>Gommage exfoliant du cuir chevelu<\/td><td class=\"has-text-align-center\" data-align=\"center\">$53<\/td><\/tr><tr><td>Pellicules, cuir chevelu sec ou gras<\/td><td class=\"has-text-align-center\" data-align=\"center\">$60<\/td><\/tr><tr><td>Psoriasis, ecz\u00e9ma, cheveu et cuir chevelu d\u00e9shydrat\u00e9<\/td><td class=\"has-text-align-center\" data-align=\"center\">$39 \u00e0 $59<\/td><\/tr><tr><td>Perte de cheveux<\/td><td class=\"has-text-align-center\" data-align=\"center\">$53<\/td><\/tr><tr><td>Traitement K\u00e9ratine lissant et r\u00e9parateur 0% formald\u00e9hyde<\/td><td class=\"has-text-align-center\" data-align=\"center\">$250 \u00e0 $1100<\/td><\/tr><\/tbody><\/table><\/figure>\n\n\n\n<p style=\"padding-bottom:var(--wp--preset--spacing--40)\"><\/p>\n\n\n\n<h2 class=\"wp-block-heading\">Massage du cuir chevelu<\/h2>\n\n\n\n<p>Le traitement du cuir chevelu avec massage et serviettes chaudes contribuera \u00e0 rel\u00e2cher vos tensions. Notre formule magique reconstituante est id\u00e9ale pour les cheveux ternes. Vos cheveux seront remarquablement soyeux, doux et sains.<\/p>\n\n\n\n<p style=\"padding-bottom:var(--wp--preset--spacing--40)\"><\/p>\n\n\n\n<p><\/p>\n\n\n\n<p><\/p>\n<\/div>","protected":false},"excerpt":{"rendered":"<p>Cut and Style When you look and feel your best, you gain confidence and a competitive advantage. As an active and modern man, tell us about your style and we will customize our services for you. Our professionals will take the time to assess your needs and ensure you are comfortable throughout your spa experience. [&hellip;]<\/p>\n","protected":false},"author":1,"featured_media":0,"parent":223,"menu_order":0,"comment_status":"open","ping_status":"closed","template":"product-header","meta":{"footnotes":""},"class_list":["post-46","page","type-page","status-publish","hentry"],"yoast_head":"<!-- This site is optimized with the Yoast SEO plugin v23.4 - https:\/\/yoast.com\/wordpress\/plugins\/seo\/ -->\n<title>Men&#039;s Hair - Fanny of Westmount<\/title>\n<meta name=\"description\" content=\"Haircuts and styles, salon de coiffure, premium hair dressers, beard shave, trimming and clipping.\" \/>\n<meta name=\"robots\" content=\"index, follow, max-snippet:-1, max-image-preview:large, max-video-preview:-1\" \/>\n<link rel=\"canonical\" href=\"https:\/\/fannyo.ca\/fr\/for-men\/hair\/\" \/>\n<meta property=\"og:locale\" content=\"fr_CA\" \/>\n<meta property=\"og:type\" content=\"article\" \/>\n<meta property=\"og:title\" content=\"Men&#039;s Hair - Fanny of Westmount\" \/>\n<meta property=\"og:description\" content=\"Haircuts and styles, salon de coiffure, premium hair dressers, beard shave, trimming and clipping.\" \/>\n<meta property=\"og:url\" content=\"https:\/\/fannyo.ca\/fr\/for-men\/hair\/\" \/>\n<meta property=\"og:site_name\" content=\"Fanny of Westmount\" \/>\n<meta property=\"article:modified_time\" content=\"2025-05-28T17:35:52+00:00\" \/>\n<meta property=\"og:image\" content=\"http:\/\/fannyofwestmount.com\/wp-content\/uploads\/2012\/04\/Mark.png\" \/>\n<meta name=\"twitter:card\" content=\"summary_large_image\" \/>\n<meta name=\"twitter:label1\" content=\"Estimation du temps de lecture\" \/>\n\t<meta name=\"twitter:data1\" content=\"2 minutes\" \/>\n<script type=\"application\/ld+json\" class=\"yoast-schema-graph\">{\"@context\":\"https:\/\/schema.org\",\"@graph\":[{\"@type\":\"WebPage\",\"@id\":\"https:\/\/fannyo.ca\/for-men\/hair\/\",\"url\":\"https:\/\/fannyo.ca\/for-men\/hair\/\",\"name\":\"Men's Hair - Fanny of Westmount\",\"isPartOf\":{\"@id\":\"https:\/\/fannyo.ca\/#website\"},\"primaryImageOfPage\":{\"@id\":\"https:\/\/fannyo.ca\/for-men\/hair\/#primaryimage\"},\"image\":{\"@id\":\"https:\/\/fannyo.ca\/for-men\/hair\/#primaryimage\"},\"thumbnailUrl\":\"http:\/\/fannyofwestmount.com\/wp-content\/uploads\/2012\/04\/Mark.png\",\"datePublished\":\"2012-04-13T01:06:59+00:00\",\"dateModified\":\"2025-05-28T17:35:52+00:00\",\"description\":\"Haircuts and styles, salon de coiffure, premium hair dressers, beard shave, trimming and clipping.\",\"breadcrumb\":{\"@id\":\"https:\/\/fannyo.ca\/for-men\/hair\/#breadcrumb\"},\"inLanguage\":\"fr-CA\",\"potentialAction\":[{\"@type\":\"ReadAction\",\"target\":[\"https:\/\/fannyo.ca\/for-men\/hair\/\"]}]},{\"@type\":\"ImageObject\",\"inLanguage\":\"fr-CA\",\"@id\":\"https:\/\/fannyo.ca\/for-men\/hair\/#primaryimage\",\"url\":\"http:\/\/fannyofwestmount.com\/wp-content\/uploads\/2012\/04\/Mark.png\",\"contentUrl\":\"http:\/\/fannyofwestmount.com\/wp-content\/uploads\/2012\/04\/Mark.png\"},{\"@type\":\"BreadcrumbList\",\"@id\":\"https:\/\/fannyo.ca\/for-men\/hair\/#breadcrumb\",\"itemListElement\":[{\"@type\":\"ListItem\",\"position\":1,\"name\":\"Home\",\"item\":\"https:\/\/fannyo.ca\/\"},{\"@type\":\"ListItem\",\"position\":2,\"name\":\"For Men\",\"item\":\"https:\/\/fannyo.ca\/for-men\/\"},{\"@type\":\"ListItem\",\"position\":3,\"name\":\"Men&#8217;s Hair\"}]},{\"@type\":\"WebSite\",\"@id\":\"https:\/\/fannyo.ca\/#website\",\"url\":\"https:\/\/fannyo.ca\/\",\"name\":\"Fanny of Westmount\",\"description\":\"\",\"publisher\":{\"@id\":\"https:\/\/fannyo.ca\/#organization\"},\"potentialAction\":[{\"@type\":\"SearchAction\",\"target\":{\"@type\":\"EntryPoint\",\"urlTemplate\":\"https:\/\/fannyo.ca\/?s={search_term_string}\"},\"query-input\":{\"@type\":\"PropertyValueSpecification\",\"valueRequired\":true,\"valueName\":\"search_term_string\"}}],\"inLanguage\":\"fr-CA\"},{\"@type\":\"Organization\",\"@id\":\"https:\/\/fannyo.ca\/#organization\",\"name\":\"Fanny of Westmount\",\"url\":\"https:\/\/fannyo.ca\/\",\"logo\":{\"@type\":\"ImageObject\",\"inLanguage\":\"fr-CA\",\"@id\":\"https:\/\/fannyo.ca\/#\/schema\/logo\/image\/\",\"url\":\"https:\/\/fannyo.ca\/wp-content\/uploads\/2024\/11\/0-2.jpg\",\"contentUrl\":\"https:\/\/fannyo.ca\/wp-content\/uploads\/2024\/11\/0-2.jpg\",\"width\":1280,\"height\":304,\"caption\":\"Fanny of Westmount\"},\"image\":{\"@id\":\"https:\/\/fannyo.ca\/#\/schema\/logo\/image\/\"}}]}<\/script>\n<!-- \/ Yoast SEO plugin. -->","yoast_head_json":{"title":"Men's Hair - Fanny of Westmount","description":"Haircuts and styles, salon de coiffure, premium hair dressers, beard shave, trimming and clipping.","robots":{"index":"index","follow":"follow","max-snippet":"max-snippet:-1","max-image-preview":"max-image-preview:large","max-video-preview":"max-video-preview:-1"},"canonical":"https:\/\/fannyo.ca\/fr\/for-men\/hair\/","og_locale":"fr_CA","og_type":"article","og_title":"Men's Hair - Fanny of Westmount","og_description":"Haircuts and styles, salon de coiffure, premium hair dressers, beard shave, trimming and clipping.","og_url":"https:\/\/fannyo.ca\/fr\/for-men\/hair\/","og_site_name":"Fanny of Westmount","article_modified_time":"2025-05-28T17:35:52+00:00","og_image":[{"url":"http:\/\/fannyofwestmount.com\/wp-content\/uploads\/2012\/04\/Mark.png"}],"twitter_card":"summary_large_image","twitter_misc":{"Estimation du temps de lecture":"2 minutes"},"schema":{"@context":"https:\/\/schema.org","@graph":[{"@type":"WebPage","@id":"https:\/\/fannyo.ca\/for-men\/hair\/","url":"https:\/\/fannyo.ca\/for-men\/hair\/","name":"Men's Hair - Fanny of Westmount","isPartOf":{"@id":"https:\/\/fannyo.ca\/#website"},"primaryImageOfPage":{"@id":"https:\/\/fannyo.ca\/for-men\/hair\/#primaryimage"},"image":{"@id":"https:\/\/fannyo.ca\/for-men\/hair\/#primaryimage"},"thumbnailUrl":"http:\/\/fannyofwestmount.com\/wp-content\/uploads\/2012\/04\/Mark.png","datePublished":"2012-04-13T01:06:59+00:00","dateModified":"2025-05-28T17:35:52+00:00","description":"Haircuts and styles, salon de coiffure, premium hair dressers, beard shave, trimming and clipping.","breadcrumb":{"@id":"https:\/\/fannyo.ca\/for-men\/hair\/#breadcrumb"},"inLanguage":"fr-CA","potentialAction":[{"@type":"ReadAction","target":["https:\/\/fannyo.ca\/for-men\/hair\/"]}]},{"@type":"ImageObject","inLanguage":"fr-CA","@id":"https:\/\/fannyo.ca\/for-men\/hair\/#primaryimage","url":"http:\/\/fannyofwestmount.com\/wp-content\/uploads\/2012\/04\/Mark.png","contentUrl":"http:\/\/fannyofwestmount.com\/wp-content\/uploads\/2012\/04\/Mark.png"},{"@type":"BreadcrumbList","@id":"https:\/\/fannyo.ca\/for-men\/hair\/#breadcrumb","itemListElement":[{"@type":"ListItem","position":1,"name":"Home","item":"https:\/\/fannyo.ca\/"},{"@type":"ListItem","position":2,"name":"For Men","item":"https:\/\/fannyo.ca\/for-men\/"},{"@type":"ListItem","position":3,"name":"Men&#8217;s Hair"}]},{"@type":"WebSite","@id":"https:\/\/fannyo.ca\/#website","url":"https:\/\/fannyo.ca\/","name":"Fanny of Westmount","description":"","publisher":{"@id":"https:\/\/fannyo.ca\/#organization"},"potentialAction":[{"@type":"SearchAction","target":{"@type":"EntryPoint","urlTemplate":"https:\/\/fannyo.ca\/?s={search_term_string}"},"query-input":{"@type":"PropertyValueSpecification","valueRequired":true,"valueName":"search_term_string"}}],"inLanguage":"fr-CA"},{"@type":"Organization","@id":"https:\/\/fannyo.ca\/#organization","name":"Fanny of Westmount","url":"https:\/\/fannyo.ca\/","logo":{"@type":"ImageObject","inLanguage":"fr-CA","@id":"https:\/\/fannyo.ca\/#\/schema\/logo\/image\/","url":"https:\/\/fannyo.ca\/wp-content\/uploads\/2024\/11\/0-2.jpg","contentUrl":"https:\/\/fannyo.ca\/wp-content\/uploads\/2024\/11\/0-2.jpg","width":1280,"height":304,"caption":"Fanny of Westmount"},"image":{"@id":"https:\/\/fannyo.ca\/#\/schema\/logo\/image\/"}}]}},"_links":{"self":[{"href":"https:\/\/fannyo.ca\/fr\/wp-json\/wp\/v2\/pages\/46","targetHints":{"allow":["GET"]}}],"collection":[{"href":"https:\/\/fannyo.ca\/fr\/wp-json\/wp\/v2\/pages"}],"about":[{"href":"https:\/\/fannyo.ca\/fr\/wp-json\/wp\/v2\/types\/page"}],"author":[{"embeddable":true,"href":"https:\/\/fannyo.ca\/fr\/wp-json\/wp\/v2\/users\/1"}],"replies":[{"embeddable":true,"href":"https:\/\/fannyo.ca\/fr\/wp-json\/wp\/v2\/comments?post=46"}],"version-history":[{"count":16,"href":"https:\/\/fannyo.ca\/fr\/wp-json\/wp\/v2\/pages\/46\/revisions"}],"predecessor-version":[{"id":1597,"href":"https:\/\/fannyo.ca\/fr\/wp-json\/wp\/v2\/pages\/46\/revisions\/1597"}],"up":[{"embeddable":true,"href":"https:\/\/fannyo.ca\/fr\/wp-json\/wp\/v2\/pages\/223"}],"wp:attachment":[{"href":"https:\/\/fannyo.ca\/fr\/wp-json\/wp\/v2\/media?parent=46"}],"curies":[{"name":"wp","href":"https:\/\/api.w.org\/{rel}","templated":true}]}}