{"id":338,"date":"2012-05-17T21:47:57","date_gmt":"2012-05-17T21:47:57","guid":{"rendered":"http:\/\/fannyofwestmount.com\/?page_id=338"},"modified":"2012-05-17T21:47:57","modified_gmt":"2012-05-17T21:47:57","slug":"liste-de-celebrites-clients-de-fanny","status":"publish","type":"page","link":"https:\/\/fannyo.ca\/fr\/liste-de-celebrites-clients-de-fanny\/","title":{"rendered":"Liste de c\u00e9l\u00e9brit\u00e9s clients de Fanny"},"content":{"rendered":"<p><a href=\"http:\/\/fannyofwestmount.com\/wp-content\/uploads\/2012\/05\/celeb2.jpg\"><img decoding=\"async\" class=\"alignright  wp-image-544 lazyload\" title=\"celeb\" data-src=\"http:\/\/fannyofwestmount.com\/wp-content\/uploads\/2012\/05\/celeb2.jpg\" alt=\"\" width=\"400\" height=\"518\" src=\"data:image\/svg+xml;base64,PHN2ZyB3aWR0aD0iMSIgaGVpZ2h0PSIxIiB4bWxucz0iaHR0cDovL3d3dy53My5vcmcvMjAwMC9zdmciPjwvc3ZnPg==\" style=\"--smush-placeholder-width: 400px; --smush-placeholder-aspect-ratio: 400\/518;\" \/><\/a>Halle Berry<br \/>\nHilary Duff<br \/>\nClaudia Schiffer<br \/>\nCatherine Zeta Jones<br \/>\nJohn Travolta<br \/>\nBruce Willis<br \/>\nNicole Kidman<br \/>\nBen Afflek<br \/>\nSharon Stone<br \/>\nAngelina Jolie<br \/>\nLindsey Lohan<br \/>\nZoe Saldana (Avatar)<br \/>\nMiley Cyrus<br \/>\nJane Seymour<br \/>\nRowan Atkinson (Mr Bean)<br \/>\nBeyonce dance troop<br \/>\nBonJovi<br \/>\nCeline Dion<br \/>\nMike Love (Beach Boys)<br \/>\nOzzy Osbourne<br \/>\nEnrico Macias<br \/>\nRobert Charlebois<br \/>\nMartine St-Clair<br \/>\nJulie Schneider<br \/>\nSonia Benezra<br \/>\nDebra Arbec<br \/>\nQueen Noor<br \/>\nOlympia Dukakis<br \/>\nPrime minister Jean Chr\u00e9tien<br \/>\nMulroney family<br \/>\nDesmarais family<br \/>\nMark Megna<br \/>\nMartina Navratilova<br \/>\nDonna Saker<br \/>\nKat Lauzon<br \/>\nGeorge Marciano Guess Designer<br \/>\nArlene (Dragon\u2019s den)<\/p>\n<p>TLC&#8217;s a make over story<br \/>\nSalut Bonjour make over<br \/>\nFerrari groupe<br \/>\nRBC<br \/>\nAir France<\/p>","protected":false},"excerpt":{"rendered":"<p>Halle Berry Hilary Duff Claudia Schiffer Catherine Zeta Jones John Travolta Bruce Willis Nicole Kidman Ben Afflek Sharon Stone Angelina Jolie Lindsey Lohan Zoe Saldana (Avatar) Miley Cyrus Jane Seymour Rowan Atkinson (Mr Bean) Beyonce dance troop BonJovi Celine Dion Mike Love (Beach Boys) Ozzy Osbourne Enrico Macias Robert Charlebois Martine St-Clair Julie Schneider Sonia [&hellip;]<\/p>","protected":false},"author":1,"featured_media":0,"parent":0,"menu_order":0,"comment_status":"open","ping_status":"closed","template":"","meta":{"footnotes":""},"class_list":["post-338","page","type-page","status-publish","hentry"],"yoast_head":"<!-- This site is optimized with the Yoast SEO plugin v23.4 - https:\/\/yoast.com\/wordpress\/plugins\/seo\/ -->\n<title>Liste de c\u00e9l\u00e9brit\u00e9s clients de Fanny - Fanny of Westmount<\/title>\n<meta name=\"robots\" content=\"index, follow, max-snippet:-1, max-image-preview:large, max-video-preview:-1\" \/>\n<link rel=\"canonical\" href=\"https:\/\/fannyo.ca\/fr\/liste-de-celebrites-clients-de-fanny\/\" \/>\n<meta property=\"og:locale\" content=\"fr_CA\" \/>\n<meta property=\"og:type\" content=\"article\" \/>\n<meta property=\"og:title\" content=\"Liste de c\u00e9l\u00e9brit\u00e9s clients de Fanny - Fanny of Westmount\" \/>\n<meta property=\"og:description\" content=\"Halle Berry Hilary Duff Claudia Schiffer Catherine Zeta Jones John Travolta Bruce Willis Nicole Kidman Ben Afflek Sharon Stone Angelina Jolie Lindsey Lohan Zoe Saldana (Avatar) Miley Cyrus Jane Seymour Rowan Atkinson (Mr Bean) Beyonce dance troop BonJovi Celine Dion Mike Love (Beach Boys) Ozzy Osbourne Enrico Macias Robert Charlebois Martine St-Clair Julie Schneider Sonia [&hellip;]\" \/>\n<meta property=\"og:url\" content=\"https:\/\/fannyo.ca\/fr\/liste-de-celebrites-clients-de-fanny\/\" \/>\n<meta property=\"og:site_name\" content=\"Fanny of Westmount\" \/>\n<meta property=\"og:image\" content=\"http:\/\/fannyofwestmount.com\/wp-content\/uploads\/2012\/05\/celeb2.jpg\" \/>\n<meta name=\"twitter:card\" content=\"summary_large_image\" \/>\n<meta name=\"twitter:label1\" content=\"Estimation du temps de lecture\" \/>\n\t<meta name=\"twitter:data1\" content=\"1 minute\" \/>\n<script type=\"application\/ld+json\" class=\"yoast-schema-graph\">{\"@context\":\"https:\/\/schema.org\",\"@graph\":[{\"@type\":\"WebPage\",\"@id\":\"https:\/\/fannyo.ca\/liste-de-celebrites-clients-de-fanny\/\",\"url\":\"https:\/\/fannyo.ca\/liste-de-celebrites-clients-de-fanny\/\",\"name\":\"Liste de c\u00e9l\u00e9brit\u00e9s clients de Fanny - Fanny of Westmount\",\"isPartOf\":{\"@id\":\"https:\/\/fannyo.ca\/#website\"},\"primaryImageOfPage\":{\"@id\":\"https:\/\/fannyo.ca\/liste-de-celebrites-clients-de-fanny\/#primaryimage\"},\"image\":{\"@id\":\"https:\/\/fannyo.ca\/liste-de-celebrites-clients-de-fanny\/#primaryimage\"},\"thumbnailUrl\":\"http:\/\/fannyofwestmount.com\/wp-content\/uploads\/2012\/05\/celeb2.jpg\",\"datePublished\":\"2012-05-17T21:47:57+00:00\",\"dateModified\":\"2012-05-17T21:47:57+00:00\",\"breadcrumb\":{\"@id\":\"https:\/\/fannyo.ca\/liste-de-celebrites-clients-de-fanny\/#breadcrumb\"},\"inLanguage\":\"fr-CA\",\"potentialAction\":[{\"@type\":\"ReadAction\",\"target\":[\"https:\/\/fannyo.ca\/liste-de-celebrites-clients-de-fanny\/\"]}]},{\"@type\":\"ImageObject\",\"inLanguage\":\"fr-CA\",\"@id\":\"https:\/\/fannyo.ca\/liste-de-celebrites-clients-de-fanny\/#primaryimage\",\"url\":\"http:\/\/fannyofwestmount.com\/wp-content\/uploads\/2012\/05\/celeb2.jpg\",\"contentUrl\":\"http:\/\/fannyofwestmount.com\/wp-content\/uploads\/2012\/05\/celeb2.jpg\"},{\"@type\":\"BreadcrumbList\",\"@id\":\"https:\/\/fannyo.ca\/liste-de-celebrites-clients-de-fanny\/#breadcrumb\",\"itemListElement\":[{\"@type\":\"ListItem\",\"position\":1,\"name\":\"Home\",\"item\":\"https:\/\/fannyo.ca\/\"},{\"@type\":\"ListItem\",\"position\":2,\"name\":\"Liste de c\u00e9l\u00e9brit\u00e9s clients de Fanny\"}]},{\"@type\":\"WebSite\",\"@id\":\"https:\/\/fannyo.ca\/#website\",\"url\":\"https:\/\/fannyo.ca\/\",\"name\":\"Fanny of Westmount\",\"description\":\"\",\"publisher\":{\"@id\":\"https:\/\/fannyo.ca\/#organization\"},\"potentialAction\":[{\"@type\":\"SearchAction\",\"target\":{\"@type\":\"EntryPoint\",\"urlTemplate\":\"https:\/\/fannyo.ca\/?s={search_term_string}\"},\"query-input\":{\"@type\":\"PropertyValueSpecification\",\"valueRequired\":true,\"valueName\":\"search_term_string\"}}],\"inLanguage\":\"fr-CA\"},{\"@type\":\"Organization\",\"@id\":\"https:\/\/fannyo.ca\/#organization\",\"name\":\"Fanny of Westmount\",\"url\":\"https:\/\/fannyo.ca\/\",\"logo\":{\"@type\":\"ImageObject\",\"inLanguage\":\"fr-CA\",\"@id\":\"https:\/\/fannyo.ca\/#\/schema\/logo\/image\/\",\"url\":\"https:\/\/fannyo.ca\/wp-content\/uploads\/2024\/11\/0-2.jpg\",\"contentUrl\":\"https:\/\/fannyo.ca\/wp-content\/uploads\/2024\/11\/0-2.jpg\",\"width\":1280,\"height\":304,\"caption\":\"Fanny of Westmount\"},\"image\":{\"@id\":\"https:\/\/fannyo.ca\/#\/schema\/logo\/image\/\"}}]}<\/script>\n<!-- \/ Yoast SEO plugin. -->","yoast_head_json":{"title":"Liste de c\u00e9l\u00e9brit\u00e9s clients de Fanny - Fanny of Westmount","robots":{"index":"index","follow":"follow","max-snippet":"max-snippet:-1","max-image-preview":"max-image-preview:large","max-video-preview":"max-video-preview:-1"},"canonical":"https:\/\/fannyo.ca\/fr\/liste-de-celebrites-clients-de-fanny\/","og_locale":"fr_CA","og_type":"article","og_title":"Liste de c\u00e9l\u00e9brit\u00e9s clients de Fanny - Fanny of Westmount","og_description":"Halle Berry Hilary Duff Claudia Schiffer Catherine Zeta Jones John Travolta Bruce Willis Nicole Kidman Ben Afflek Sharon Stone Angelina Jolie Lindsey Lohan Zoe Saldana (Avatar) Miley Cyrus Jane Seymour Rowan Atkinson (Mr Bean) Beyonce dance troop BonJovi Celine Dion Mike Love (Beach Boys) Ozzy Osbourne Enrico Macias Robert Charlebois Martine St-Clair Julie Schneider Sonia [&hellip;]","og_url":"https:\/\/fannyo.ca\/fr\/liste-de-celebrites-clients-de-fanny\/","og_site_name":"Fanny of Westmount","og_image":[{"url":"http:\/\/fannyofwestmount.com\/wp-content\/uploads\/2012\/05\/celeb2.jpg"}],"twitter_card":"summary_large_image","twitter_misc":{"Estimation du temps de lecture":"1 minute"},"schema":{"@context":"https:\/\/schema.org","@graph":[{"@type":"WebPage","@id":"https:\/\/fannyo.ca\/liste-de-celebrites-clients-de-fanny\/","url":"https:\/\/fannyo.ca\/liste-de-celebrites-clients-de-fanny\/","name":"Liste de c\u00e9l\u00e9brit\u00e9s clients de Fanny - Fanny of Westmount","isPartOf":{"@id":"https:\/\/fannyo.ca\/#website"},"primaryImageOfPage":{"@id":"https:\/\/fannyo.ca\/liste-de-celebrites-clients-de-fanny\/#primaryimage"},"image":{"@id":"https:\/\/fannyo.ca\/liste-de-celebrites-clients-de-fanny\/#primaryimage"},"thumbnailUrl":"http:\/\/fannyofwestmount.com\/wp-content\/uploads\/2012\/05\/celeb2.jpg","datePublished":"2012-05-17T21:47:57+00:00","dateModified":"2012-05-17T21:47:57+00:00","breadcrumb":{"@id":"https:\/\/fannyo.ca\/liste-de-celebrites-clients-de-fanny\/#breadcrumb"},"inLanguage":"fr-CA","potentialAction":[{"@type":"ReadAction","target":["https:\/\/fannyo.ca\/liste-de-celebrites-clients-de-fanny\/"]}]},{"@type":"ImageObject","inLanguage":"fr-CA","@id":"https:\/\/fannyo.ca\/liste-de-celebrites-clients-de-fanny\/#primaryimage","url":"http:\/\/fannyofwestmount.com\/wp-content\/uploads\/2012\/05\/celeb2.jpg","contentUrl":"http:\/\/fannyofwestmount.com\/wp-content\/uploads\/2012\/05\/celeb2.jpg"},{"@type":"BreadcrumbList","@id":"https:\/\/fannyo.ca\/liste-de-celebrites-clients-de-fanny\/#breadcrumb","itemListElement":[{"@type":"ListItem","position":1,"name":"Home","item":"https:\/\/fannyo.ca\/"},{"@type":"ListItem","position":2,"name":"Liste de c\u00e9l\u00e9brit\u00e9s clients de Fanny"}]},{"@type":"WebSite","@id":"https:\/\/fannyo.ca\/#website","url":"https:\/\/fannyo.ca\/","name":"Fanny of Westmount","description":"","publisher":{"@id":"https:\/\/fannyo.ca\/#organization"},"potentialAction":[{"@type":"SearchAction","target":{"@type":"EntryPoint","urlTemplate":"https:\/\/fannyo.ca\/?s={search_term_string}"},"query-input":{"@type":"PropertyValueSpecification","valueRequired":true,"valueName":"search_term_string"}}],"inLanguage":"fr-CA"},{"@type":"Organization","@id":"https:\/\/fannyo.ca\/#organization","name":"Fanny of Westmount","url":"https:\/\/fannyo.ca\/","logo":{"@type":"ImageObject","inLanguage":"fr-CA","@id":"https:\/\/fannyo.ca\/#\/schema\/logo\/image\/","url":"https:\/\/fannyo.ca\/wp-content\/uploads\/2024\/11\/0-2.jpg","contentUrl":"https:\/\/fannyo.ca\/wp-content\/uploads\/2024\/11\/0-2.jpg","width":1280,"height":304,"caption":"Fanny of Westmount"},"image":{"@id":"https:\/\/fannyo.ca\/#\/schema\/logo\/image\/"}}]}},"_links":{"self":[{"href":"https:\/\/fannyo.ca\/fr\/wp-json\/wp\/v2\/pages\/338","targetHints":{"allow":["GET"]}}],"collection":[{"href":"https:\/\/fannyo.ca\/fr\/wp-json\/wp\/v2\/pages"}],"about":[{"href":"https:\/\/fannyo.ca\/fr\/wp-json\/wp\/v2\/types\/page"}],"author":[{"embeddable":true,"href":"https:\/\/fannyo.ca\/fr\/wp-json\/wp\/v2\/users\/1"}],"replies":[{"embeddable":true,"href":"https:\/\/fannyo.ca\/fr\/wp-json\/wp\/v2\/comments?post=338"}],"version-history":[{"count":0,"href":"https:\/\/fannyo.ca\/fr\/wp-json\/wp\/v2\/pages\/338\/revisions"}],"wp:attachment":[{"href":"https:\/\/fannyo.ca\/fr\/wp-json\/wp\/v2\/media?parent=338"}],"curies":[{"name":"wp","href":"https:\/\/api.w.org\/{rel}","templated":true}]}}