{"id":243,"date":"2012-05-08T23:00:10","date_gmt":"2012-05-08T23:00:10","guid":{"rendered":"http:\/\/fannyofwestmount.com\/?page_id=243"},"modified":"2012-05-08T23:00:10","modified_gmt":"2012-05-08T23:00:10","slug":"spa-vitalite","status":"publish","type":"page","link":"https:\/\/fannyo.ca\/fr\/services-pour-femmes\/spa-vitalite\/","title":{"rendered":"Spa vitalit\u00e9"},"content":{"rendered":"<h2>UN CENTRE DE R\u00c9G\u00c9N\u00c9RATION<\/h2>\n<p><a href=\"http:\/\/fannyofwestmount.com\/wp-content\/uploads\/2012\/04\/Women_Spa.jpg\"><img decoding=\"async\" class=\"alignleft wp-image-416 lazyload\" title=\"Women_Spa\" data-src=\"http:\/\/fannyofwestmount.com\/wp-content\/uploads\/2012\/04\/Women_Spa.jpg\" alt=\"\" width=\"312\" height=\"312\" src=\"data:image\/svg+xml;base64,PHN2ZyB3aWR0aD0iMSIgaGVpZ2h0PSIxIiB4bWxucz0iaHR0cDovL3d3dy53My5vcmcvMjAwMC9zdmciPjwvc3ZnPg==\" style=\"--smush-placeholder-width: 312px; --smush-placeholder-aspect-ratio: 312\/312;\" \/><\/a><br \/>\nChez <strong>Fanny of Westmount<\/strong>, un havre de d\u00e9tente et de bien-\u00eatre vous attend. Vous \u00e9prouverez les bienfaits de techniques th\u00e9rapeutiques reconnues, propos\u00e9es par notre \u00e9quipe d\u2019experts. Nous pouvons \u00e9laborer un programme sur mesure, r\u00e9pondant \u00e0 votre condition et \u00e0 vos besoins.<\/p>\n<h3>Massoth\u00e9rapie<\/h3>\n<p>Diverses techniques de massage pour favoriser la relaxation, stimuler la circulation, traiter les maux de dos et douleurs musculaires.<\/p>\n<table>\n<thead>\n<tr>\n<th><\/th>\n<th>\u00c0 partir de<\/th>\n<\/tr>\n<\/thead>\n<tbody>\n<tr>\n<td>Massage su\u00e9dois relaxant ou des tissus profonds (1 h)<\/td>\n<td>75$<\/td>\n<\/tr>\n<tr>\n<td>Technique europ\u00e9enne combinant diff\u00e9rents massages (1 h)<\/td>\n<td>75$<\/td>\n<\/tr>\n<tr>\n<td>Massage th\u00e9rapeutique combine technique manuelle vibromassage (1 h)<\/td>\n<td>85$<\/td>\n<\/tr>\n<tr>\n<td>Massage th\u00e9rapeutique pour sportifs (1 h)<\/td>\n<td>80$<\/td>\n<\/tr>\n<tr>\n<td>Shiatsu (1h)<\/td>\n<td>80$<\/td>\n<\/tr>\n<tr>\n<td>Massage Exfoliant aux sels marins (1 h)<\/td>\n<td>95$<\/td>\n<\/tr>\n<tr>\n<td>Drainage lympho-\u00e9nerg\u00e9tique aux huiles essentielles (1h)<\/td>\n<td>90$<\/td>\n<\/tr>\n<tr>\n<td>Massage vivifiant \u00e0 la chandelle parfum subtil rose (1 h 30)<\/td>\n<td>150$<\/td>\n<\/tr>\n<tr>\n<td>Massage \u00e0 4 mains (1 h)<\/td>\n<td>150$<\/td>\n<\/tr>\n<tr>\n<td>Massage partiel : nuque, dos ou autre (30 min)<\/td>\n<td>59$<\/td>\n<\/tr>\n<tr>\n<td>R\u00e9flexologie (30 min)<\/td>\n<td>55$<\/td>\n<\/tr>\n<tr>\n<td>En compl\u00e9ment avec tous types de massages: 10 min de massage, avec vibromasseur \u00e0 percussions<\/td>\n<td>48$<\/td>\n<\/tr>\n<tr>\n<td>Massage \u00e0 la bougie-huile pr\u00e9cieuse (la bougie fond en huile ti\u00e8de)<\/td>\n<td>150$<\/td>\n<\/tr>\n<tr>\n<td>Huile essentielle additionnelle<\/td>\n<td>15$<\/td>\n<\/tr>\n<\/tbody>\n<\/table>\n<p><small>* Programmes personnalis\u00e9s: 6 massages incluent 1 session compl\u00e9mentaire et 12 massages incluent 2 sessions compl\u00e9mentaires. Paiement exig\u00e9 \u00e0 l\u2019avance.<\/small><\/p>\n<h3>Bronzage<\/h3>\n<p>Pour un h\u00e2le naturel et uniforme.<\/p>\n<table>\n<thead>\n<tr>\n<th><\/th>\n<th>\u00c0 partir de<\/th>\n<\/tr>\n<\/thead>\n<tbody>\n<tr>\n<td>Bronzage avec application de cr\u00e8me autobronzante et l\u00e9ger exfoliant pour un teint radieux (15 \u00e0 45 min)<\/td>\n<td>60$ \u00e0 98$<\/td>\n<\/tr>\n<\/tbody>\n<\/table>\n<h3>Thalassoth\u00e9rapie<\/h3>\n<h4>Soins sp\u00e9cifiques pour le corps &#8211; Corpo Novo<\/h4>\n<p><a href=\"http:\/\/fannyofwestmount.com\/wp-content\/uploads\/2012\/04\/SKMBT_C55012041111591NEW.jpg\"><img decoding=\"async\" class=\"alignright size-thumbnail wp-image-365 lazyload\" title=\"SKMBT_C55012041111591NEW\" data-src=\"http:\/\/fannyofwestmount.com\/wp-content\/uploads\/2012\/04\/SKMBT_C55012041111591NEW-150x150.jpg\" alt=\"\" width=\"150\" height=\"150\" src=\"data:image\/svg+xml;base64,PHN2ZyB3aWR0aD0iMSIgaGVpZ2h0PSIxIiB4bWxucz0iaHR0cDovL3d3dy53My5vcmcvMjAwMC9zdmciPjwvc3ZnPg==\" style=\"--smush-placeholder-width: 150px; --smush-placeholder-aspect-ratio: 150\/150;\" \/><\/a><\/p>\n<p>Les bienfaits re-min\u00e9ralisant d\u2019une s\u00e9lection d\u2019ingr\u00e9dients naturels et oligo-\u00e9l\u00e9ments, pr\u00e9par\u00e9s sp\u00e9cialement pour vous, par Fanny of Westmount. Con\u00e7us pour am\u00e9liorer la circulation, r\u00e9duire le poids et \u00e9liminer les cellules mortes et toxines. La synergie de ces traitements favorise la relaxation, la revitalisation et l\u2019activation de l\u2019anti- vieillissement. Nos forfaits sont offerts aux femmes et aux hommes.<\/p>\n<table>\n<thead>\n<tr>\n<th><\/th>\n<th>\u00c0 partir de<\/th>\n<\/tr>\n<\/thead>\n<tbody>\n<tr>\n<td>Gommage avec cr\u00e8me hydratante (45 min)<\/td>\n<td>80$<\/td>\n<\/tr>\n<tr>\n<td>Gommage corporel aux sels marins (45 min)<\/td>\n<td>90$<\/td>\n<\/tr>\n<tr>\n<td>Traitement sp\u00e9cial du dos contre l\u2019acn\u00e9 (1 h 30)<\/td>\n<td>80$<\/td>\n<\/tr>\n<tr>\n<td>Traitement pour soulager les jambes lourdes (1 h)<\/td>\n<td>80$<\/td>\n<\/tr>\n<tr>\n<td>Enveloppement d\u2019algues avec huiles essentielles (1 h)<\/td>\n<td>115$<\/td>\n<\/tr>\n<tr>\n<td>Enveloppement \u00e0 la boue de la Mer Morte (1 h)<\/td>\n<td>120$<\/td>\n<\/tr>\n<tr>\n<td>Enveloppement avec exfoliant et cr\u00e8me hydratante,<br \/>\nappliqu\u00e9e avec ingr\u00e9dients de votre choix (1 h 30 \u00e0 2h)<\/td>\n<td>160$<\/td>\n<\/tr>\n<tr>\n<td>Facial complet pour le corps (1 h 30 \u00e0 2 h)<\/td>\n<td>190$<\/td>\n<\/tr>\n<\/tbody>\n<\/table>\n<h4>Corpo Novo*<\/h4>\n<p><a href=\"http:\/\/fannyofwestmount.com\/wp-content\/uploads\/2012\/05\/SKMBT_C55012041112010NEW.jpg\"><img decoding=\"async\" class=\"alignleft size-medium wp-image-368 lazyload\" title=\"SKMBT_C55012041112010NEW\" data-src=\"http:\/\/fannyofwestmount.com\/wp-content\/uploads\/2012\/05\/SKMBT_C55012041112010NEW-176x300.jpg\" alt=\"\" width=\"176\" height=\"300\" src=\"data:image\/svg+xml;base64,PHN2ZyB3aWR0aD0iMSIgaGVpZ2h0PSIxIiB4bWxucz0iaHR0cDovL3d3dy53My5vcmcvMjAwMC9zdmciPjwvc3ZnPg==\" style=\"--smush-placeholder-width: 176px; --smush-placeholder-aspect-ratio: 176\/300;\" \/><\/a><br \/>\nAnti-\u00e2ge complet, minceur et fermet\u00e9, offerts avec consultation sans frais. Traitement propos\u00e9 : anti-cellulite peut se combiner au drainage lympho \u00e9nerg\u00e9tique, avec massage et enveloppement aux algues.<\/p>\n<p>* Avant d\u2019opter pour l\u2019un ou l\u2019autre de ces traitements, il serait souhaitable que vous profitiez d\u2019une consultation sans frais avec un de nos consultants. Ils sauront vous orienter selon vos besoins, ou vous recommander le bilan complet.<\/p>\n<ul>\n<li>Nous offrons aussi des <a title=\"Spa\" href=\"http:\/\/fannyofwestmount.com\/fr\/services-pour-hommes\/spa\/\">services spa pour les hommes<\/a><\/li>\n<li><a title=\"Fanny of Westmount\" href=\"http:\/\/fannyofwestmount.com\/fr\/contact\/\">Prenez rendez-vous <\/a>d\u00e8s aujourd\u2019hui<\/li>\n<li><a title=\"Certificats cadeaux\" href=\"http:\/\/fannyofwestmount.com\/fr\/certificats-cadeaux\/\">Certificats cadeau<\/a><\/li>\n<li><a title=\"Services Express\" href=\"http:\/\/fannyofwestmount.com\/fr\/services-express\/\">Services Express<\/a><\/li>\n<li><a title=\"Liste de prix\" href=\"http:\/\/fannyofwestmount.com\/fr\/liste-de-prix\/\">Liste compl\u00e8te des prix<\/a><\/li>\n<\/ul>","protected":false},"excerpt":{"rendered":"<p>UN CENTRE DE R\u00c9G\u00c9N\u00c9RATION Chez Fanny of Westmount, un havre de d\u00e9tente et de bien-\u00eatre vous attend. Vous \u00e9prouverez les bienfaits de techniques th\u00e9rapeutiques reconnues, propos\u00e9es par notre \u00e9quipe d\u2019experts. Nous pouvons \u00e9laborer un programme sur mesure, r\u00e9pondant \u00e0 votre condition et \u00e0 vos besoins. Massoth\u00e9rapie Diverses techniques de massage pour favoriser la relaxation, stimuler [&hellip;]<\/p>","protected":false},"author":1,"featured_media":0,"parent":228,"menu_order":0,"comment_status":"open","ping_status":"closed","template":"","meta":{"footnotes":""},"class_list":["post-243","page","type-page","status-publish","hentry"],"yoast_head":"<!-- This site is optimized with the Yoast SEO plugin v23.4 - https:\/\/yoast.com\/wordpress\/plugins\/seo\/ -->\n<title>Spa - Fanny of Westmount \u2013 Montr\u00e9al<\/title>\n<meta name=\"description\" content=\"Vieux Montr\u00e9al. Massoth\u00e9rapie, th\u00e9rapeutique su\u00e9doise, shiatsu, massages, massage exfoliant aux sels marins, drainage lympho-\u00e9nerg\u00e9tique aux huiles essentielles. Thalassoth\u00e9rapie. Traitement contre l\u2019acn\u00e9, enveloppement \u00e0 la boue de la Mer Morte et pour la visage. Bronzage. Traitement Corpo novo (anti-\u00e2ge).\" \/>\n<meta name=\"robots\" content=\"index, follow, max-snippet:-1, max-image-preview:large, max-video-preview:-1\" \/>\n<link rel=\"canonical\" href=\"https:\/\/fannyo.ca\/fr\/services-pour-femmes\/spa-vitalite\/\" \/>\n<meta property=\"og:locale\" content=\"fr_CA\" \/>\n<meta property=\"og:type\" content=\"article\" \/>\n<meta property=\"og:title\" content=\"Spa - Fanny of Westmount \u2013 Montr\u00e9al\" \/>\n<meta property=\"og:description\" content=\"Vieux Montr\u00e9al. Massoth\u00e9rapie, th\u00e9rapeutique su\u00e9doise, shiatsu, massages, massage exfoliant aux sels marins, drainage lympho-\u00e9nerg\u00e9tique aux huiles essentielles. Thalassoth\u00e9rapie. Traitement contre l\u2019acn\u00e9, enveloppement \u00e0 la boue de la Mer Morte et pour la visage. Bronzage. Traitement Corpo novo (anti-\u00e2ge).\" \/>\n<meta property=\"og:url\" content=\"https:\/\/fannyo.ca\/fr\/services-pour-femmes\/spa-vitalite\/\" \/>\n<meta property=\"og:site_name\" content=\"Fanny of Westmount\" \/>\n<meta property=\"og:image\" content=\"http:\/\/fannyofwestmount.com\/wp-content\/uploads\/2012\/04\/Women_Spa.jpg\" \/>\n<meta name=\"twitter:card\" content=\"summary_large_image\" \/>\n<meta name=\"twitter:label1\" content=\"Estimation du temps de lecture\" \/>\n\t<meta name=\"twitter:data1\" content=\"2 minutes\" \/>\n<script type=\"application\/ld+json\" class=\"yoast-schema-graph\">{\"@context\":\"https:\/\/schema.org\",\"@graph\":[{\"@type\":\"WebPage\",\"@id\":\"https:\/\/fannyo.ca\/services-pour-femmes\/spa-vitalite\/\",\"url\":\"https:\/\/fannyo.ca\/services-pour-femmes\/spa-vitalite\/\",\"name\":\"Spa - Fanny of Westmount \u2013 Montr\u00e9al\",\"isPartOf\":{\"@id\":\"https:\/\/fannyo.ca\/#website\"},\"primaryImageOfPage\":{\"@id\":\"https:\/\/fannyo.ca\/services-pour-femmes\/spa-vitalite\/#primaryimage\"},\"image\":{\"@id\":\"https:\/\/fannyo.ca\/services-pour-femmes\/spa-vitalite\/#primaryimage\"},\"thumbnailUrl\":\"http:\/\/fannyofwestmount.com\/wp-content\/uploads\/2012\/04\/Women_Spa.jpg\",\"datePublished\":\"2012-05-08T23:00:10+00:00\",\"dateModified\":\"2012-05-08T23:00:10+00:00\",\"description\":\"Vieux Montr\u00e9al. Massoth\u00e9rapie, th\u00e9rapeutique su\u00e9doise, shiatsu, massages, massage exfoliant aux sels marins, drainage lympho-\u00e9nerg\u00e9tique aux huiles essentielles. Thalassoth\u00e9rapie. Traitement contre l\u2019acn\u00e9, enveloppement \u00e0 la boue de la Mer Morte et pour la visage. Bronzage. Traitement Corpo novo (anti-\u00e2ge).\",\"breadcrumb\":{\"@id\":\"https:\/\/fannyo.ca\/services-pour-femmes\/spa-vitalite\/#breadcrumb\"},\"inLanguage\":\"fr-CA\",\"potentialAction\":[{\"@type\":\"ReadAction\",\"target\":[\"https:\/\/fannyo.ca\/services-pour-femmes\/spa-vitalite\/\"]}]},{\"@type\":\"ImageObject\",\"inLanguage\":\"fr-CA\",\"@id\":\"https:\/\/fannyo.ca\/services-pour-femmes\/spa-vitalite\/#primaryimage\",\"url\":\"http:\/\/fannyofwestmount.com\/wp-content\/uploads\/2012\/04\/Women_Spa.jpg\",\"contentUrl\":\"http:\/\/fannyofwestmount.com\/wp-content\/uploads\/2012\/04\/Women_Spa.jpg\"},{\"@type\":\"BreadcrumbList\",\"@id\":\"https:\/\/fannyo.ca\/services-pour-femmes\/spa-vitalite\/#breadcrumb\",\"itemListElement\":[{\"@type\":\"ListItem\",\"position\":1,\"name\":\"Home\",\"item\":\"https:\/\/fannyo.ca\/\"},{\"@type\":\"ListItem\",\"position\":2,\"name\":\"Services pour Femmes\",\"item\":\"https:\/\/fannyo.ca\/services-pour-femmes\/\"},{\"@type\":\"ListItem\",\"position\":3,\"name\":\"Spa vitalit\u00e9\"}]},{\"@type\":\"WebSite\",\"@id\":\"https:\/\/fannyo.ca\/#website\",\"url\":\"https:\/\/fannyo.ca\/\",\"name\":\"Fanny of Westmount\",\"description\":\"\",\"publisher\":{\"@id\":\"https:\/\/fannyo.ca\/#organization\"},\"potentialAction\":[{\"@type\":\"SearchAction\",\"target\":{\"@type\":\"EntryPoint\",\"urlTemplate\":\"https:\/\/fannyo.ca\/?s={search_term_string}\"},\"query-input\":{\"@type\":\"PropertyValueSpecification\",\"valueRequired\":true,\"valueName\":\"search_term_string\"}}],\"inLanguage\":\"fr-CA\"},{\"@type\":\"Organization\",\"@id\":\"https:\/\/fannyo.ca\/#organization\",\"name\":\"Fanny of Westmount\",\"url\":\"https:\/\/fannyo.ca\/\",\"logo\":{\"@type\":\"ImageObject\",\"inLanguage\":\"fr-CA\",\"@id\":\"https:\/\/fannyo.ca\/#\/schema\/logo\/image\/\",\"url\":\"https:\/\/fannyo.ca\/wp-content\/uploads\/2024\/11\/0-2.jpg\",\"contentUrl\":\"https:\/\/fannyo.ca\/wp-content\/uploads\/2024\/11\/0-2.jpg\",\"width\":1280,\"height\":304,\"caption\":\"Fanny of Westmount\"},\"image\":{\"@id\":\"https:\/\/fannyo.ca\/#\/schema\/logo\/image\/\"}}]}<\/script>\n<!-- \/ Yoast SEO plugin. -->","yoast_head_json":{"title":"Spa - Fanny of Westmount \u2013 Montr\u00e9al","description":"Vieux Montr\u00e9al. Massoth\u00e9rapie, th\u00e9rapeutique su\u00e9doise, shiatsu, massages, massage exfoliant aux sels marins, drainage lympho-\u00e9nerg\u00e9tique aux huiles essentielles. Thalassoth\u00e9rapie. Traitement contre l\u2019acn\u00e9, enveloppement \u00e0 la boue de la Mer Morte et pour la visage. Bronzage. Traitement Corpo novo (anti-\u00e2ge).","robots":{"index":"index","follow":"follow","max-snippet":"max-snippet:-1","max-image-preview":"max-image-preview:large","max-video-preview":"max-video-preview:-1"},"canonical":"https:\/\/fannyo.ca\/fr\/services-pour-femmes\/spa-vitalite\/","og_locale":"fr_CA","og_type":"article","og_title":"Spa - Fanny of Westmount \u2013 Montr\u00e9al","og_description":"Vieux Montr\u00e9al. Massoth\u00e9rapie, th\u00e9rapeutique su\u00e9doise, shiatsu, massages, massage exfoliant aux sels marins, drainage lympho-\u00e9nerg\u00e9tique aux huiles essentielles. Thalassoth\u00e9rapie. Traitement contre l\u2019acn\u00e9, enveloppement \u00e0 la boue de la Mer Morte et pour la visage. Bronzage. Traitement Corpo novo (anti-\u00e2ge).","og_url":"https:\/\/fannyo.ca\/fr\/services-pour-femmes\/spa-vitalite\/","og_site_name":"Fanny of Westmount","og_image":[{"url":"http:\/\/fannyofwestmount.com\/wp-content\/uploads\/2012\/04\/Women_Spa.jpg"}],"twitter_card":"summary_large_image","twitter_misc":{"Estimation du temps de lecture":"2 minutes"},"schema":{"@context":"https:\/\/schema.org","@graph":[{"@type":"WebPage","@id":"https:\/\/fannyo.ca\/services-pour-femmes\/spa-vitalite\/","url":"https:\/\/fannyo.ca\/services-pour-femmes\/spa-vitalite\/","name":"Spa - Fanny of Westmount \u2013 Montr\u00e9al","isPartOf":{"@id":"https:\/\/fannyo.ca\/#website"},"primaryImageOfPage":{"@id":"https:\/\/fannyo.ca\/services-pour-femmes\/spa-vitalite\/#primaryimage"},"image":{"@id":"https:\/\/fannyo.ca\/services-pour-femmes\/spa-vitalite\/#primaryimage"},"thumbnailUrl":"http:\/\/fannyofwestmount.com\/wp-content\/uploads\/2012\/04\/Women_Spa.jpg","datePublished":"2012-05-08T23:00:10+00:00","dateModified":"2012-05-08T23:00:10+00:00","description":"Vieux Montr\u00e9al. Massoth\u00e9rapie, th\u00e9rapeutique su\u00e9doise, shiatsu, massages, massage exfoliant aux sels marins, drainage lympho-\u00e9nerg\u00e9tique aux huiles essentielles. Thalassoth\u00e9rapie. Traitement contre l\u2019acn\u00e9, enveloppement \u00e0 la boue de la Mer Morte et pour la visage. Bronzage. Traitement Corpo novo (anti-\u00e2ge).","breadcrumb":{"@id":"https:\/\/fannyo.ca\/services-pour-femmes\/spa-vitalite\/#breadcrumb"},"inLanguage":"fr-CA","potentialAction":[{"@type":"ReadAction","target":["https:\/\/fannyo.ca\/services-pour-femmes\/spa-vitalite\/"]}]},{"@type":"ImageObject","inLanguage":"fr-CA","@id":"https:\/\/fannyo.ca\/services-pour-femmes\/spa-vitalite\/#primaryimage","url":"http:\/\/fannyofwestmount.com\/wp-content\/uploads\/2012\/04\/Women_Spa.jpg","contentUrl":"http:\/\/fannyofwestmount.com\/wp-content\/uploads\/2012\/04\/Women_Spa.jpg"},{"@type":"BreadcrumbList","@id":"https:\/\/fannyo.ca\/services-pour-femmes\/spa-vitalite\/#breadcrumb","itemListElement":[{"@type":"ListItem","position":1,"name":"Home","item":"https:\/\/fannyo.ca\/"},{"@type":"ListItem","position":2,"name":"Services pour Femmes","item":"https:\/\/fannyo.ca\/services-pour-femmes\/"},{"@type":"ListItem","position":3,"name":"Spa vitalit\u00e9"}]},{"@type":"WebSite","@id":"https:\/\/fannyo.ca\/#website","url":"https:\/\/fannyo.ca\/","name":"Fanny of Westmount","description":"","publisher":{"@id":"https:\/\/fannyo.ca\/#organization"},"potentialAction":[{"@type":"SearchAction","target":{"@type":"EntryPoint","urlTemplate":"https:\/\/fannyo.ca\/?s={search_term_string}"},"query-input":{"@type":"PropertyValueSpecification","valueRequired":true,"valueName":"search_term_string"}}],"inLanguage":"fr-CA"},{"@type":"Organization","@id":"https:\/\/fannyo.ca\/#organization","name":"Fanny of Westmount","url":"https:\/\/fannyo.ca\/","logo":{"@type":"ImageObject","inLanguage":"fr-CA","@id":"https:\/\/fannyo.ca\/#\/schema\/logo\/image\/","url":"https:\/\/fannyo.ca\/wp-content\/uploads\/2024\/11\/0-2.jpg","contentUrl":"https:\/\/fannyo.ca\/wp-content\/uploads\/2024\/11\/0-2.jpg","width":1280,"height":304,"caption":"Fanny of Westmount"},"image":{"@id":"https:\/\/fannyo.ca\/#\/schema\/logo\/image\/"}}]}},"_links":{"self":[{"href":"https:\/\/fannyo.ca\/fr\/wp-json\/wp\/v2\/pages\/243","targetHints":{"allow":["GET"]}}],"collection":[{"href":"https:\/\/fannyo.ca\/fr\/wp-json\/wp\/v2\/pages"}],"about":[{"href":"https:\/\/fannyo.ca\/fr\/wp-json\/wp\/v2\/types\/page"}],"author":[{"embeddable":true,"href":"https:\/\/fannyo.ca\/fr\/wp-json\/wp\/v2\/users\/1"}],"replies":[{"embeddable":true,"href":"https:\/\/fannyo.ca\/fr\/wp-json\/wp\/v2\/comments?post=243"}],"version-history":[{"count":0,"href":"https:\/\/fannyo.ca\/fr\/wp-json\/wp\/v2\/pages\/243\/revisions"}],"up":[{"embeddable":true,"href":"https:\/\/fannyo.ca\/fr\/wp-json\/wp\/v2\/pages\/228"}],"wp:attachment":[{"href":"https:\/\/fannyo.ca\/fr\/wp-json\/wp\/v2\/media?parent=243"}],"curies":[{"name":"wp","href":"https:\/\/api.w.org\/{rel}","templated":true}]}}