{"id":241,"date":"2012-05-08T23:35:07","date_gmt":"2012-05-08T23:35:07","guid":{"rendered":"http:\/\/fannyofwestmount.com\/?page_id=241"},"modified":"2012-05-08T23:35:07","modified_gmt":"2012-05-08T23:35:07","slug":"liste-de-prix","status":"publish","type":"page","link":"https:\/\/fannyo.ca\/fr\/liste-de-prix\/","title":{"rendered":"Liste de prix"},"content":{"rendered":"<h2>Coiffure<\/h2>\n<h3>Coupe et style<\/h3>\n<table>\n<thead>\n<tr>\n<th>\u00a0<\/th>\n<th>\u00c0 partir de<\/th>\n<\/tr>\n<\/thead>\n<tbody>\n<tr>\n<td>Consultation<\/td>\n<td>sans frais<\/td>\n<\/tr>\n<tr>\n<td>M\u00e9tamorphose (cheveux, maquillage et style)<\/td>\n<td>sur \u00e9valuation<\/td>\n<\/tr>\n<tr>\n<td>Coupe et brushing par Fanny<\/td>\n<td>86$<\/td>\n<\/tr>\n<tr>\n<td>Coupe et mise en plis pour femmes<\/td>\n<td>55$<\/td>\n<\/tr>\n<tr>\n<td>Coupe et brushing pour hommes<\/td>\n<td>30$<\/td>\n<\/tr>\n<tr>\n<td>Mise en plis (brushing)<\/td>\n<td>30$<\/td>\n<\/tr>\n<tr>\n<td>Essai pour la mari\u00e9e<\/td>\n<td>47$<\/td>\n<\/tr>\n<tr>\n<td>Cr\u00e9ation Haute Coiffure mari\u00e9e, sc\u00e8ne ou gala<\/td>\n<td>45$ \u00e0\u00a090$<\/td>\n<\/tr>\n<tr>\n<td>Cr\u00e9ation Haute Coiffure par Fanny<\/td>\n<td>85$ \u00e0\u00a0250$<\/td>\n<\/tr>\n<tr>\n<td>Extensions<\/td>\n<td>299$ \u00e0\u00a01199$<\/td>\n<\/tr>\n<tr>\n<td>Coupe pour Fille et Gar\u00e7on (5 \u00e0 12 ans)<\/td>\n<td>45$ et 30$<\/td>\n<\/tr>\n<tr>\n<td>Coupe pour enfants de moins de 5 ans accompagn\u00e9s d\u2019un adulte recevant un service de coiffure.<\/td>\n<td>sans frais<\/td>\n<\/tr>\n<\/tbody>\n<\/table>\n<p><em>*L\u2019\u00e9chelle de tarifs varie selon l\u2019anciennet\u00e9 des stylistes.<\/em><\/p>\n<h3>Couleur et mouvement<\/h3>\n<table>\n<thead>\n<tr>\n<th>\u00a0<\/th>\n<th>\u00c0 partir de<\/th>\n<\/tr>\n<\/thead>\n<tbody>\n<tr>\n<td>Consultation<\/td>\n<td>Sans-frais<\/td>\n<\/tr>\n<tr>\n<td>Quelques reflets<\/td>\n<td>45$<\/td>\n<\/tr>\n<tr>\n<td>Reflets partiels<\/td>\n<td>75$<\/td>\n<\/tr>\n<tr>\n<td>Reflets complets<\/td>\n<td>120$<\/td>\n<\/tr>\n<tr>\n<td>Vernis (v\u00e9g\u00e9tal neutre ou colorant)<\/td>\n<td>47$<\/td>\n<\/tr>\n<tr>\n<td>Vernis (v\u00e9g\u00e9tal neutre ou colorant)<\/td>\n<td>57$<\/td>\n<\/tr>\n<tr>\n<td>Correction de couleur<\/td>\n<td>90$<\/td>\n<\/tr>\n<tr>\n<td>Permanente: spirale, vague, volume<\/td>\n<td>95$ \u00e0 155$<\/td>\n<\/tr>\n<tr>\n<td>Relaxant (formule exclusive -cheveux fris\u00e9s)<\/td>\n<td>95$ \u00e0 155$<\/td>\n<\/tr>\n<\/tbody>\n<\/table>\n<h3>Soins Capillaires<\/h3>\n<table>\n<thead>\n<tr>\n<th>\u00a0<\/th>\n<th>\u00c0 partir de<\/th>\n<\/tr>\n<\/thead>\n<tbody>\n<tr>\n<td>Massage th\u00e9rapeutique du cuir chevelu aux huiles essentielles<\/td>\n<td>59$<\/td>\n<\/tr>\n<tr>\n<td>Gommage exfoliant du cuir chevelu<\/td>\n<td>53$<\/td>\n<\/tr>\n<tr>\n<td>Pellicules; cuir chevelu sec ou gras<\/td>\n<td>60$<\/td>\n<\/tr>\n<tr>\n<td>Psoriasis, ecz\u00e9ma, cheveu + cuir chevelu d\u00e9shydrat\u00e9<\/td>\n<td>39$ \u00e0\u00a059$<\/td>\n<\/tr>\n<tr>\n<td>Perte de cheveux<\/td>\n<td>53$<\/td>\n<\/tr>\n<tr>\n<td>Traitement K\u00e9ratine lissant et r\u00e9parateur 0% formald\u00e9hyde<\/td>\n<td>350$ \u00e0\u00a01100$<\/td>\n<\/tr>\n<tr>\n<td>FOW magic shampoo &amp; conditioner (2 in 1)<\/td>\n<td>18$<\/td>\n<\/tr>\n<tr>\n<td>FOW sculpting magic Glaze<\/td>\n<td>22$<\/td>\n<\/tr>\n<\/tbody>\n<\/table>\n<hr \/>\n<h2>Soins esth\u00e9tiques<\/h2>\n<h3>Soins esth\u00e9tiques<\/h3>\n<table>\n<thead>\n<tr>\n<th>\u00a0<\/th>\n<th>\u00c0 partir de<\/th>\n<\/tr>\n<\/thead>\n<tbody>\n<tr>\n<td>Facial de base (1 h 15)<\/td>\n<td>75$<\/td>\n<\/tr>\n<tr>\n<td>Mini Facial (Flash Beaut\u00e9) (30 min)<\/td>\n<td>55$<\/td>\n<\/tr>\n<tr>\n<td>Facial avec s\u00e9rum traitant (1 h 30)<\/td>\n<td>90$<\/td>\n<\/tr>\n<tr>\n<td>Facial micro-peeling biologique+s\u00e9rum (1 h 30)<\/td>\n<td>120$<\/td>\n<\/tr>\n<tr>\n<td>Facial pour peaux acn\u00e9iques (1 h 30)<\/td>\n<td>100$<\/td>\n<\/tr>\n<tr>\n<td>Facial Sea C spa (1 h 30)<\/td>\n<td>125$<\/td>\n<\/tr>\n<tr>\n<td>Facial au collag\u00e8ne (2 h)<\/td>\n<td>155$<\/td>\n<\/tr>\n<tr>\n<td>Facial Botinol (2 h)<\/td>\n<td>160$<\/td>\n<\/tr>\n<tr>\n<td>Facial Hydro-lifting (1 h 30 \u00e0 2 h)<\/td>\n<td>115$<\/td>\n<\/tr>\n<tr>\n<td>Facial Algomask (1 h 30)<\/td>\n<td>95$<\/td>\n<\/tr>\n<tr>\n<td>Facial exfoliant+revitalisant aux acides de fruits (1 h 30)<\/td>\n<td>120$<\/td>\n<\/tr>\n<tr>\n<td>Facial anti-stress aux huiles essentielles avec massage ou exfoliant th\u00e9rapeutique mains et pieds (1h15 \u00e0 1h30)<\/td>\n<td>150$<\/td>\n<\/tr>\n<tr>\n<td>Facial anti-stress aux huiles essentielles avec massage ou exfoliant th\u00e9rapeutique mains et pieds (1h15 \u00e0 1h30)<\/td>\n<td>\u00a087$<\/td>\n<\/tr>\n<tr>\n<td>Micro peeling AHA<\/td>\n<td>30$<\/td>\n<\/tr>\n<tr>\n<td>Traitement contour yeux Algomask (30 min)<\/td>\n<td>55$<\/td>\n<\/tr>\n<tr>\n<td>Traitement contour yeux collag\u00e8ne (45-60 min)<\/td>\n<td>77$<\/td>\n<\/tr>\n<\/tbody>\n<\/table>\n<h3>Maquillage<\/h3>\n<table>\n<thead>\n<tr>\n<th>\u00a0<\/th>\n<th>\u00c0 partir de<\/th>\n<\/tr>\n<\/thead>\n<tbody>\n<tr>\n<td>Maquillage de jour et de soir (45 min \u00e0 1h)<\/td>\n<td>54$ \u00e0\u00a0120$<\/td>\n<\/tr>\n<tr>\n<td>Maquillage par Fanny (1 h)<\/td>\n<td>68$ \u00e0\u00a0150$<\/td>\n<\/tr>\n<tr>\n<td>Maquillage pour mari\u00e9e (1 h)<\/td>\n<td>60$ \u00e0\u00a0150$<\/td>\n<\/tr>\n<tr>\n<td>Maquillage pour mari\u00e9e (1 h)<\/td>\n<td>\u00a076$ \u00e0\u00a0150$<\/td>\n<\/tr>\n<tr>\n<td>Le\u00e7on de maquillage priv\u00e9e (1 h 30)<\/td>\n<td>76$ \u00e0\u00a0150$<\/td>\n<\/tr>\n<tr>\n<td>Mini facial avant maquillage avec ampoule\u00a0\u00a0(30 min)\u00a0\u00a0\u00a0\u00a0\u00a0\u00a0\u00a0\u00a0<\/td>\n<td>55$<\/td>\n<\/tr>\n<tr>\n<td>Ampoule additionnelle \u00ab coup d\u2019\u00e9clat \u00bb<\/td>\n<td>15$<\/td>\n<\/tr>\n<tr>\n<td>Extension de cils (2 h)<\/td>\n<td>200$<\/td>\n<\/tr>\n<tr>\n<td>Pose de faux- cils (20 min)<\/td>\n<td>38$<\/td>\n<\/tr>\n<tr>\n<td>Teinture des cils (30 min)<\/td>\n<td>35$<\/td>\n<\/tr>\n<tr>\n<td>Teinture des sourcils (30 min)<\/td>\n<td>20$<\/td>\n<\/tr>\n<\/tbody>\n<\/table>\n<h3>Per\u00e7age d\u2019oreilles<\/h3>\n<p>Les boucles d\u2019oreilles sont toujours incluses dans nos tarifs. Ceux-ci varient selon le mod\u00e8le choisi.<\/p>\n<table>\n<thead>\n<tr>\n<th>\u00a0<\/th>\n<th>\u00c0 partir de<\/th>\n<\/tr>\n<\/thead>\n<tbody>\n<tr>\n<td>Une oreille<\/td>\n<td>25$ \u00e0\u00a030$<\/td>\n<\/tr>\n<tr>\n<td>Deux oreilles<\/td>\n<td>40$ \u00e0\u00a055$<\/td>\n<\/tr>\n<\/tbody>\n<\/table>\n<h3>Manucure et P\u00e9dicure<\/h3>\n<table>\n<thead>\n<tr>\n<th>\u00a0<\/th>\n<th>\u00c0 partir de<\/th>\n<\/tr>\n<\/thead>\n<tbody>\n<tr>\n<td>Changement de vernis (15 min)<\/td>\n<td>15$ \u00e0\u00a018$<\/td>\n<\/tr>\n<tr>\n<td>Manucure de base (30 min \u00e0 45 min)<\/td>\n<td>25$<\/td>\n<\/tr>\n<tr>\n<td>Manucure fran\u00e7aise (45 min \u00e0 1 h)<\/td>\n<td>30$<\/td>\n<\/tr>\n<tr>\n<td>Manucure et polissage des ongles (1 h)<\/td>\n<td>35$<\/td>\n<\/tr>\n<tr>\n<td>Manucure et traitement hydratant des cuticules<\/td>\n<td>35$<\/td>\n<\/tr>\n<tr>\n<td>Manucure Spa, aromath\u00e9rapie et exfoliant sels de mer<\/td>\n<td>49$<\/td>\n<\/tr>\n<tr>\n<td>Manucure, exfoliant et paraffine* (1 h 15)<\/td>\n<td>52$<\/td>\n<\/tr>\n<tr>\n<td>Traitement de paraffine*<\/td>\n<td>30$<\/td>\n<\/tr>\n<tr>\n<td>P\u00e9dicure (1h)<\/td>\n<td>49$<\/td>\n<\/tr>\n<tr>\n<td>P\u00e9dicure fran\u00e7aise (1 h 15)<\/td>\n<td>57$<\/td>\n<\/tr>\n<tr>\n<td>Beaut\u00e9 des pieds (30 min \u00e0 45 min)<\/td>\n<td>38$<\/td>\n<\/tr>\n<tr>\n<td>P\u00e9dicure Spa, aromath\u00e9rapeutique avec exfoliant aux sels de mer (1 h 15)<\/td>\n<td>72$<\/td>\n<\/tr>\n<tr>\n<td>P\u00e9dicure traitements exfoliant et paraffine* (1 h 30)<\/td>\n<td>75$<\/td>\n<\/tr>\n<tr>\n<td>Pose d\u2019ongles au gel organique (1 h 30)<\/td>\n<td>80$ \u00e0\u00a0100$<\/td>\n<\/tr>\n<tr>\n<td>Retrait d\u2019ongles en gel, manucure (1 h 30)<\/td>\n<td>53$<\/td>\n<\/tr>\n<tr>\n<td>Remplissage d\u2019ongles (entretien)<\/td>\n<td>46$<\/td>\n<\/tr>\n<tr>\n<td>Pose d\u2019ongle \u00e0 l\u2019unit\u00e9 (remplacement) (15min)<\/td>\n<td>10$<\/td>\n<\/tr>\n<tr>\n<td>Remplissage d\u2019ongle \u00e0 l\u2019unit\u00e9 (10 min)<\/td>\n<td>8$<\/td>\n<\/tr>\n<tr>\n<td>Manucure au Shellac (ou fran\u00e7aise)<\/td>\n<td>50$ \u00e0\u00a060$<\/td>\n<\/tr>\n<tr>\n<td>R\u00e9paration d\u2019un ongle au Shellac (entretien)<\/td>\n<td>10$<\/td>\n<\/tr>\n<\/tbody>\n<\/table>\n<h3>\u00c9pilation pour femme et homme<\/h3>\n<table>\n<thead>\n<tr>\n<th>\u00a0<\/th>\n<th>\u00c0 partir de<\/th>\n<\/tr>\n<\/thead>\n<tbody>\n<tr>\n<td>Maintien des sourcils \u00e0 la pince ou \u00e0 la cire<\/td>\n<td>18$<\/td>\n<\/tr>\n<tr>\n<td>Stylisation des sourcils \u00e0 la pince ou \u00e0 la cire<\/td>\n<td>25$<\/td>\n<\/tr>\n<tr>\n<td>L\u00e8vre sup\u00e9rieure<\/td>\n<td>15$<\/td>\n<\/tr>\n<tr>\n<td>Menton ou c\u00f4t\u00e9 du visage<\/td>\n<td>19$<\/td>\n<\/tr>\n<tr>\n<td>Nuque ou ventre<\/td>\n<td>19$<\/td>\n<\/tr>\n<tr>\n<td>Aisselles<\/td>\n<td>20$<\/td>\n<\/tr>\n<tr>\n<td>Bikini<\/td>\n<td>25$<\/td>\n<\/tr>\n<tr>\n<td>Bikini int\u00e9gral (br\u00e9silien)<\/td>\n<td>33$ \u00e0\u00a044$<\/td>\n<\/tr>\n<tr>\n<td>Avant-bras<\/td>\n<td>25$<\/td>\n<\/tr>\n<tr>\n<td>Bras entiers<\/td>\n<td>30$<\/td>\n<\/tr>\n<tr>\n<td>Oreille ou nez<\/td>\n<td>19$<\/td>\n<\/tr>\n<tr>\n<td>Bas de la jambe<\/td>\n<td>28$<\/td>\n<\/tr>\n<tr>\n<td>Haut de la jambe<\/td>\n<td>32$<\/td>\n<\/tr>\n<tr>\n<td>Haut de la jambe et bikini<\/td>\n<td>42$<\/td>\n<\/tr>\n<tr>\n<td>Jambe compl\u00e8te et bikini<\/td>\n<td>49$<\/td>\n<\/tr>\n<tr>\n<td>Dos<\/td>\n<td>49$<\/td>\n<\/tr>\n<tr>\n<td>Poitrine (homme)<\/td>\n<td>39$<\/td>\n<\/tr>\n<tr>\n<td>Rasage \u00e0 la lame (30 min \u00e0 45 min)<\/td>\n<td>45$<\/td>\n<\/tr>\n<tr>\n<td>\u00c9lectrolyse assist\u00e9e par ordinateur (5 min) ($1 extra par min)<\/td>\n<td>10$<\/td>\n<\/tr>\n<\/tbody>\n<\/table>\n<h2>Spa<\/h2>\n<h3>Massoth\u00e9rapie<\/h3>\n<table>\n<thead>\n<tr>\n<th>\u00a0<\/th>\n<th>\u00c0 partir de<\/th>\n<\/tr>\n<\/thead>\n<tbody>\n<tr>\n<td>Massage su\u00e9dois relaxant ou des tissus profonds (1 h)<\/td>\n<td>75$<\/td>\n<\/tr>\n<tr>\n<td>Technique europ\u00e9enne combinant diff\u00e9rents massages (1 h)<\/td>\n<td>75$<\/td>\n<\/tr>\n<tr>\n<td>Massage th\u00e9rapeutique combinant une technique manuelle et le vibromassage (1 h)<\/td>\n<\/tr>\n<tr>\n<td>Massage th\u00e9rapeutique pour sportifs (1 h)<\/td>\n<td>80$<\/td>\n<\/tr>\n<tr>\n<td>Shiatsu (1h)<\/td>\n<td>80$<\/td>\n<\/tr>\n<tr>\n<td>Massage Exfoliant aux sels marins (1 h)<\/td>\n<td>95$<\/td>\n<\/tr>\n<tr>\n<td>Drainage lympho-\u00e9nerg\u00e9tique aux huiles essentielles (1h)<\/td>\n<td>90$<\/td>\n<\/tr>\n<tr>\n<td>Massage vivifiant \u00e0 la chandelle parfum subtil rose (1h 30)<\/td>\n<td>150$<\/td>\n<\/tr>\n<tr>\n<td>Massage \u00e0 4 mains (1 h)<\/td>\n<td>150$<\/td>\n<\/tr>\n<tr>\n<td>Massage partiel : nuque, dos ou autre (30 min)<\/td>\n<td>59$<\/td>\n<\/tr>\n<tr>\n<td>R\u00e9flexologie (30 min)<\/td>\n<td>55$<\/td>\n<\/tr>\n<tr>\n<td>En compl\u00e9ment avec tous types de massages: 10mn de massage, avec vibromasseur \u00e0 percussions<\/td>\n<td>48$<\/td>\n<\/tr>\n<tr>\n<td>Huile essentielle additionnelle<\/td>\n<td>15$<\/td>\n<\/tr>\n<\/tbody>\n<\/table>\n<p><small>*Programmes personnalis\u00e9s: 6 massages incluant 1 session compl\u00e9mentaire ou 12 massages incluant 2 sessions compl\u00e9mentaires. Paiement exig\u00e9 \u00e0 l\u2019avance.<\/small><\/p>\n<h3>Bronzage<\/h3>\n<table>\n<thead>\n<tr>\n<th>\u00a0<\/th>\n<th>\u00c0 partir de<\/th>\n<\/tr>\n<\/thead>\n<tbody>\n<tr>\n<td>Bronzage avec application de cr\u00e8me autobronzante et l\u00e9ger exfoliant pour un teint radieux (15 \u00e0 45 min)<\/td>\n<td>60$ \u00e0\u00a098$<\/td>\n<\/tr>\n<\/tbody>\n<\/table>\n<h3>Thalassoth\u00e9rapie<\/h3>\n<h4>SOINS SP\u00c9CIFIQUES pour le corps &#8211; Corpo Novo<\/h4>\n<table>\n<thead>\n<tr>\n<th>\u00a0<\/th>\n<th>\u00c0 partir de<\/th>\n<\/tr>\n<\/thead>\n<tbody>\n<tr>\n<td>Gommage avec cr\u00e8me hydratante (45 min)<\/td>\n<td>80$<\/td>\n<\/tr>\n<tr>\n<td>Gommage corporel aux sels marins (45 min)<\/td>\n<td>90$<\/td>\n<\/tr>\n<tr>\n<td>Traitement sp\u00e9cial du dos contre l\u2019acn\u00e9 (1 h 30)<\/td>\n<td>80$<\/td>\n<\/tr>\n<tr>\n<td>Traitement pour soulager les jambes lourdes (1 h)<\/td>\n<td>80$<\/td>\n<\/tr>\n<tr>\n<td>Enveloppement d\u2019algues avec huiles essentielles (1 h)<\/td>\n<td>115$<\/td>\n<\/tr>\n<tr>\n<td>Enveloppement de boue de la Mer Morte (1 h)<\/td>\n<td>120$<\/td>\n<\/tr>\n<tr>\n<td>Enveloppement avec exfoliant et cr\u00e8me hydratante, appliqu\u00e9e avec ingr\u00e9dients de votre choix (1 h 30 \u00e0 2h)<\/td>\n<td>160$<\/td>\n<\/tr>\n<tr>\n<td>Facial complet pour le corps (1 h 30 \u00e0 2 h)<\/td>\n<td>190$<\/td>\n<\/tr>\n<\/tbody>\n<\/table>\n<h2>\u00a0<\/h2>","protected":false},"excerpt":{"rendered":"<p>Coiffure Coupe et style \u00a0 \u00c0 partir de Consultation sans frais M\u00e9tamorphose (cheveux, maquillage et style) sur \u00e9valuation Coupe et brushing par Fanny 86$ Coupe et mise en plis pour femmes 55$ Coupe et brushing pour hommes 30$ Mise en plis (brushing) 30$ Essai pour la mari\u00e9e 47$ Cr\u00e9ation Haute Coiffure mari\u00e9e, sc\u00e8ne ou gala [&hellip;]<\/p>","protected":false},"author":1,"featured_media":0,"parent":0,"menu_order":0,"comment_status":"open","ping_status":"closed","template":"","meta":{"footnotes":""},"class_list":["post-241","page","type-page","status-publish","hentry"],"yoast_head":"<!-- This site is optimized with the Yoast SEO plugin v23.4 - https:\/\/yoast.com\/wordpress\/plugins\/seo\/ -->\n<title>Liste de prix - Fanny of Westmount<\/title>\n<meta name=\"robots\" content=\"index, follow, max-snippet:-1, max-image-preview:large, max-video-preview:-1\" \/>\n<link rel=\"canonical\" href=\"https:\/\/fannyo.ca\/fr\/liste-de-prix\/\" \/>\n<meta property=\"og:locale\" content=\"fr_CA\" \/>\n<meta property=\"og:type\" content=\"article\" \/>\n<meta property=\"og:title\" content=\"Liste de prix - Fanny of Westmount\" \/>\n<meta property=\"og:description\" content=\"Coiffure Coupe et style \u00a0 \u00c0 partir de Consultation sans frais M\u00e9tamorphose (cheveux, maquillage et style) sur \u00e9valuation Coupe et brushing par Fanny 86$ Coupe et mise en plis pour femmes 55$ Coupe et brushing pour hommes 30$ Mise en plis (brushing) 30$ Essai pour la mari\u00e9e 47$ Cr\u00e9ation Haute Coiffure mari\u00e9e, sc\u00e8ne ou gala [&hellip;]\" \/>\n<meta property=\"og:url\" content=\"https:\/\/fannyo.ca\/fr\/liste-de-prix\/\" \/>\n<meta property=\"og:site_name\" content=\"Fanny of Westmount\" \/>\n<meta name=\"twitter:card\" content=\"summary_large_image\" \/>\n<meta name=\"twitter:label1\" content=\"Estimation du temps de lecture\" \/>\n\t<meta name=\"twitter:data1\" content=\"4 minutes\" \/>\n<script type=\"application\/ld+json\" class=\"yoast-schema-graph\">{\"@context\":\"https:\/\/schema.org\",\"@graph\":[{\"@type\":\"WebPage\",\"@id\":\"https:\/\/fannyo.ca\/liste-de-prix\/\",\"url\":\"https:\/\/fannyo.ca\/liste-de-prix\/\",\"name\":\"Liste de prix - Fanny of Westmount\",\"isPartOf\":{\"@id\":\"https:\/\/fannyo.ca\/#website\"},\"datePublished\":\"2012-05-08T23:35:07+00:00\",\"dateModified\":\"2012-05-08T23:35:07+00:00\",\"breadcrumb\":{\"@id\":\"https:\/\/fannyo.ca\/liste-de-prix\/#breadcrumb\"},\"inLanguage\":\"fr-CA\",\"potentialAction\":[{\"@type\":\"ReadAction\",\"target\":[\"https:\/\/fannyo.ca\/liste-de-prix\/\"]}]},{\"@type\":\"BreadcrumbList\",\"@id\":\"https:\/\/fannyo.ca\/liste-de-prix\/#breadcrumb\",\"itemListElement\":[{\"@type\":\"ListItem\",\"position\":1,\"name\":\"Home\",\"item\":\"https:\/\/fannyo.ca\/\"},{\"@type\":\"ListItem\",\"position\":2,\"name\":\"Liste de prix\"}]},{\"@type\":\"WebSite\",\"@id\":\"https:\/\/fannyo.ca\/#website\",\"url\":\"https:\/\/fannyo.ca\/\",\"name\":\"Fanny of Westmount\",\"description\":\"\",\"publisher\":{\"@id\":\"https:\/\/fannyo.ca\/#organization\"},\"potentialAction\":[{\"@type\":\"SearchAction\",\"target\":{\"@type\":\"EntryPoint\",\"urlTemplate\":\"https:\/\/fannyo.ca\/?s={search_term_string}\"},\"query-input\":{\"@type\":\"PropertyValueSpecification\",\"valueRequired\":true,\"valueName\":\"search_term_string\"}}],\"inLanguage\":\"fr-CA\"},{\"@type\":\"Organization\",\"@id\":\"https:\/\/fannyo.ca\/#organization\",\"name\":\"Fanny of Westmount\",\"url\":\"https:\/\/fannyo.ca\/\",\"logo\":{\"@type\":\"ImageObject\",\"inLanguage\":\"fr-CA\",\"@id\":\"https:\/\/fannyo.ca\/#\/schema\/logo\/image\/\",\"url\":\"https:\/\/fannyo.ca\/wp-content\/uploads\/2024\/11\/0-2.jpg\",\"contentUrl\":\"https:\/\/fannyo.ca\/wp-content\/uploads\/2024\/11\/0-2.jpg\",\"width\":1280,\"height\":304,\"caption\":\"Fanny of Westmount\"},\"image\":{\"@id\":\"https:\/\/fannyo.ca\/#\/schema\/logo\/image\/\"}}]}<\/script>\n<!-- \/ Yoast SEO plugin. -->","yoast_head_json":{"title":"Liste de prix - Fanny of Westmount","robots":{"index":"index","follow":"follow","max-snippet":"max-snippet:-1","max-image-preview":"max-image-preview:large","max-video-preview":"max-video-preview:-1"},"canonical":"https:\/\/fannyo.ca\/fr\/liste-de-prix\/","og_locale":"fr_CA","og_type":"article","og_title":"Liste de prix - Fanny of Westmount","og_description":"Coiffure Coupe et style \u00a0 \u00c0 partir de Consultation sans frais M\u00e9tamorphose (cheveux, maquillage et style) sur \u00e9valuation Coupe et brushing par Fanny 86$ Coupe et mise en plis pour femmes 55$ Coupe et brushing pour hommes 30$ Mise en plis (brushing) 30$ Essai pour la mari\u00e9e 47$ Cr\u00e9ation Haute Coiffure mari\u00e9e, sc\u00e8ne ou gala [&hellip;]","og_url":"https:\/\/fannyo.ca\/fr\/liste-de-prix\/","og_site_name":"Fanny of Westmount","twitter_card":"summary_large_image","twitter_misc":{"Estimation du temps de lecture":"4 minutes"},"schema":{"@context":"https:\/\/schema.org","@graph":[{"@type":"WebPage","@id":"https:\/\/fannyo.ca\/liste-de-prix\/","url":"https:\/\/fannyo.ca\/liste-de-prix\/","name":"Liste de prix - Fanny of Westmount","isPartOf":{"@id":"https:\/\/fannyo.ca\/#website"},"datePublished":"2012-05-08T23:35:07+00:00","dateModified":"2012-05-08T23:35:07+00:00","breadcrumb":{"@id":"https:\/\/fannyo.ca\/liste-de-prix\/#breadcrumb"},"inLanguage":"fr-CA","potentialAction":[{"@type":"ReadAction","target":["https:\/\/fannyo.ca\/liste-de-prix\/"]}]},{"@type":"BreadcrumbList","@id":"https:\/\/fannyo.ca\/liste-de-prix\/#breadcrumb","itemListElement":[{"@type":"ListItem","position":1,"name":"Home","item":"https:\/\/fannyo.ca\/"},{"@type":"ListItem","position":2,"name":"Liste de prix"}]},{"@type":"WebSite","@id":"https:\/\/fannyo.ca\/#website","url":"https:\/\/fannyo.ca\/","name":"Fanny of Westmount","description":"","publisher":{"@id":"https:\/\/fannyo.ca\/#organization"},"potentialAction":[{"@type":"SearchAction","target":{"@type":"EntryPoint","urlTemplate":"https:\/\/fannyo.ca\/?s={search_term_string}"},"query-input":{"@type":"PropertyValueSpecification","valueRequired":true,"valueName":"search_term_string"}}],"inLanguage":"fr-CA"},{"@type":"Organization","@id":"https:\/\/fannyo.ca\/#organization","name":"Fanny of Westmount","url":"https:\/\/fannyo.ca\/","logo":{"@type":"ImageObject","inLanguage":"fr-CA","@id":"https:\/\/fannyo.ca\/#\/schema\/logo\/image\/","url":"https:\/\/fannyo.ca\/wp-content\/uploads\/2024\/11\/0-2.jpg","contentUrl":"https:\/\/fannyo.ca\/wp-content\/uploads\/2024\/11\/0-2.jpg","width":1280,"height":304,"caption":"Fanny of Westmount"},"image":{"@id":"https:\/\/fannyo.ca\/#\/schema\/logo\/image\/"}}]}},"_links":{"self":[{"href":"https:\/\/fannyo.ca\/fr\/wp-json\/wp\/v2\/pages\/241","targetHints":{"allow":["GET"]}}],"collection":[{"href":"https:\/\/fannyo.ca\/fr\/wp-json\/wp\/v2\/pages"}],"about":[{"href":"https:\/\/fannyo.ca\/fr\/wp-json\/wp\/v2\/types\/page"}],"author":[{"embeddable":true,"href":"https:\/\/fannyo.ca\/fr\/wp-json\/wp\/v2\/users\/1"}],"replies":[{"embeddable":true,"href":"https:\/\/fannyo.ca\/fr\/wp-json\/wp\/v2\/comments?post=241"}],"version-history":[{"count":0,"href":"https:\/\/fannyo.ca\/fr\/wp-json\/wp\/v2\/pages\/241\/revisions"}],"wp:attachment":[{"href":"https:\/\/fannyo.ca\/fr\/wp-json\/wp\/v2\/media?parent=241"}],"curies":[{"name":"wp","href":"https:\/\/api.w.org\/{rel}","templated":true}]}}