{"id":239,"date":"2012-05-08T22:52:34","date_gmt":"2012-05-08T22:52:34","guid":{"rendered":"http:\/\/fannyofwestmount.com\/?page_id=239"},"modified":"2012-05-08T22:52:34","modified_gmt":"2012-05-08T22:52:34","slug":"vip-evenements-speciaux","status":"publish","type":"page","link":"https:\/\/fannyo.ca\/fr\/vip-evenements-speciaux\/","title":{"rendered":"VIP \/ \u00c9v\u00e9nements sp\u00e9ciaux"},"content":{"rendered":"<h3>Exclusivit\u00e9<\/h3>\n<p><a href=\"http:\/\/fannyofwestmount.com\/wp-content\/uploads\/2012\/04\/VIP-Ben_Afleck.jpg\"><img decoding=\"async\" class=\"alignleft size-medium wp-image-453 lazyload\" title=\"VIP-Ben_Afleck\" data-src=\"http:\/\/fannyofwestmount.com\/wp-content\/uploads\/2012\/04\/VIP-Ben_Afleck-300x208.jpg\" alt=\"\" width=\"300\" height=\"208\" src=\"data:image\/svg+xml;base64,PHN2ZyB3aWR0aD0iMSIgaGVpZ2h0PSIxIiB4bWxucz0iaHR0cDovL3d3dy53My5vcmcvMjAwMC9zdmciPjwvc3ZnPg==\" style=\"--smush-placeholder-width: 300px; --smush-placeholder-aspect-ratio: 300\/208;\" \/><\/a>R\u00e9servez le salon et le spa pour votre groupe.\u00a0Les groupes priv\u00e9s sont bienvenus et l\u2019acc\u00e8s au salon leur est offert en\u00a0exclusivit\u00e9 sur demande, tout en leur proposant un service raffin\u00e9.<br \/>\n<em>*Minimum requis : cinq (5) personnes \u00e0 100$ en soins\/chacun.<\/em><\/p>\n<h3>\u00c9v\u00e9nements corporatifs, d\u00e9fil\u00e9s de mode et galas<\/h3>\n<p><a href=\"http:\/\/fannyofwestmount.com\/wp-content\/uploads\/2012\/04\/SKMBT_C55012041111031NEW.jpg\"><img decoding=\"async\" class=\"alignright  wp-image-311 lazyload\" title=\"SKMBT_C55012041111031NEW\" data-src=\"http:\/\/fannyofwestmount.com\/wp-content\/uploads\/2012\/04\/SKMBT_C55012041111031NEW-297x300.jpg\" alt=\"\" width=\"297\" height=\"300\" src=\"data:image\/svg+xml;base64,PHN2ZyB3aWR0aD0iMSIgaGVpZ2h0PSIxIiB4bWxucz0iaHR0cDovL3d3dy53My5vcmcvMjAwMC9zdmciPjwvc3ZnPg==\" style=\"--smush-placeholder-width: 297px; --smush-placeholder-aspect-ratio: 297\/300;\" \/><\/a>R\u00e9servez des soins de beaut\u00e9 pour des : sessions de photos, congr\u00e8s,\u00a0spectacles, galas et lieux affili\u00e9s (H\u00f4tels \u2013 Galeries). <strong>Fanny of\u00a0Westmount<\/strong> offre \u00e9galement ses services lors d\u2019\u00e9v\u00e9nements pour\u00a0l\u2019industrie du cin\u00e9ma et de la mode.<a href=\"http:\/\/fannyofwestmount.com\/wp-content\/uploads\/2012\/04\/VIP-Event.jpg\"><img decoding=\"async\" class=\"alignleft size-medium wp-image-451 lazyload\" title=\"VIP-Event\" data-src=\"http:\/\/fannyofwestmount.com\/wp-content\/uploads\/2012\/04\/VIP-Event-300x178.jpg\" alt=\"\" width=\"300\" height=\"178\" src=\"data:image\/svg+xml;base64,PHN2ZyB3aWR0aD0iMSIgaGVpZ2h0PSIxIiB4bWxucz0iaHR0cDovL3d3dy53My5vcmcvMjAwMC9zdmciPjwvc3ZnPg==\" style=\"--smush-placeholder-width: 300px; --smush-placeholder-aspect-ratio: 300\/178;\" \/><\/a><\/p>","protected":false},"excerpt":{"rendered":"<p>Exclusivit\u00e9 R\u00e9servez le salon et le spa pour votre groupe.\u00a0Les groupes priv\u00e9s sont bienvenus et l\u2019acc\u00e8s au salon leur est offert en\u00a0exclusivit\u00e9 sur demande, tout en leur proposant un service raffin\u00e9. *Minimum requis : cinq (5) personnes \u00e0 100$ en soins\/chacun. \u00c9v\u00e9nements corporatifs, d\u00e9fil\u00e9s de mode et galas R\u00e9servez des soins de beaut\u00e9 pour des [&hellip;]<\/p>\n","protected":false},"author":1,"featured_media":0,"parent":0,"menu_order":0,"comment_status":"open","ping_status":"closed","template":"","meta":{"footnotes":""},"class_list":["post-239","page","type-page","status-publish","hentry"],"yoast_head":"<!-- This site is optimized with the Yoast SEO plugin v23.4 - https:\/\/yoast.com\/wordpress\/plugins\/seo\/ -->\n<title>VIP \/ \u00c9v\u00e9nements sp\u00e9ciaux - Fanny of Westmount<\/title>\n<meta name=\"robots\" content=\"index, follow, max-snippet:-1, max-image-preview:large, max-video-preview:-1\" \/>\n<link rel=\"canonical\" href=\"https:\/\/fannyo.ca\/fr\/vip-evenements-speciaux\/\" \/>\n<meta property=\"og:locale\" content=\"fr_CA\" \/>\n<meta property=\"og:type\" content=\"article\" \/>\n<meta property=\"og:title\" content=\"VIP \/ \u00c9v\u00e9nements sp\u00e9ciaux - Fanny of Westmount\" \/>\n<meta property=\"og:description\" content=\"Exclusivit\u00e9 R\u00e9servez le salon et le spa pour votre groupe.\u00a0Les groupes priv\u00e9s sont bienvenus et l\u2019acc\u00e8s au salon leur est offert en\u00a0exclusivit\u00e9 sur demande, tout en leur proposant un service raffin\u00e9. *Minimum requis : cinq (5) personnes \u00e0 100$ en soins\/chacun. \u00c9v\u00e9nements corporatifs, d\u00e9fil\u00e9s de mode et galas R\u00e9servez des soins de beaut\u00e9 pour des [&hellip;]\" \/>\n<meta property=\"og:url\" content=\"https:\/\/fannyo.ca\/fr\/vip-evenements-speciaux\/\" \/>\n<meta property=\"og:site_name\" content=\"Fanny of Westmount\" \/>\n<meta property=\"og:image\" content=\"http:\/\/fannyofwestmount.com\/wp-content\/uploads\/2012\/04\/VIP-Ben_Afleck-300x208.jpg\" \/>\n<meta name=\"twitter:card\" content=\"summary_large_image\" \/>\n<script type=\"application\/ld+json\" class=\"yoast-schema-graph\">{\"@context\":\"https:\/\/schema.org\",\"@graph\":[{\"@type\":\"WebPage\",\"@id\":\"https:\/\/fannyo.ca\/vip-evenements-speciaux\/\",\"url\":\"https:\/\/fannyo.ca\/vip-evenements-speciaux\/\",\"name\":\"VIP \/ \u00c9v\u00e9nements sp\u00e9ciaux - Fanny of Westmount\",\"isPartOf\":{\"@id\":\"https:\/\/fannyo.ca\/#website\"},\"primaryImageOfPage\":{\"@id\":\"https:\/\/fannyo.ca\/vip-evenements-speciaux\/#primaryimage\"},\"image\":{\"@id\":\"https:\/\/fannyo.ca\/vip-evenements-speciaux\/#primaryimage\"},\"thumbnailUrl\":\"http:\/\/fannyofwestmount.com\/wp-content\/uploads\/2012\/04\/VIP-Ben_Afleck-300x208.jpg\",\"datePublished\":\"2012-05-08T22:52:34+00:00\",\"dateModified\":\"2012-05-08T22:52:34+00:00\",\"breadcrumb\":{\"@id\":\"https:\/\/fannyo.ca\/vip-evenements-speciaux\/#breadcrumb\"},\"inLanguage\":\"fr-CA\",\"potentialAction\":[{\"@type\":\"ReadAction\",\"target\":[\"https:\/\/fannyo.ca\/vip-evenements-speciaux\/\"]}]},{\"@type\":\"ImageObject\",\"inLanguage\":\"fr-CA\",\"@id\":\"https:\/\/fannyo.ca\/vip-evenements-speciaux\/#primaryimage\",\"url\":\"http:\/\/fannyofwestmount.com\/wp-content\/uploads\/2012\/04\/VIP-Ben_Afleck-300x208.jpg\",\"contentUrl\":\"http:\/\/fannyofwestmount.com\/wp-content\/uploads\/2012\/04\/VIP-Ben_Afleck-300x208.jpg\"},{\"@type\":\"BreadcrumbList\",\"@id\":\"https:\/\/fannyo.ca\/vip-evenements-speciaux\/#breadcrumb\",\"itemListElement\":[{\"@type\":\"ListItem\",\"position\":1,\"name\":\"Home\",\"item\":\"https:\/\/fannyo.ca\/\"},{\"@type\":\"ListItem\",\"position\":2,\"name\":\"VIP \/ \u00c9v\u00e9nements sp\u00e9ciaux\"}]},{\"@type\":\"WebSite\",\"@id\":\"https:\/\/fannyo.ca\/#website\",\"url\":\"https:\/\/fannyo.ca\/\",\"name\":\"Fanny of Westmount\",\"description\":\"\",\"publisher\":{\"@id\":\"https:\/\/fannyo.ca\/#organization\"},\"potentialAction\":[{\"@type\":\"SearchAction\",\"target\":{\"@type\":\"EntryPoint\",\"urlTemplate\":\"https:\/\/fannyo.ca\/?s={search_term_string}\"},\"query-input\":{\"@type\":\"PropertyValueSpecification\",\"valueRequired\":true,\"valueName\":\"search_term_string\"}}],\"inLanguage\":\"fr-CA\"},{\"@type\":\"Organization\",\"@id\":\"https:\/\/fannyo.ca\/#organization\",\"name\":\"Fanny of Westmount\",\"url\":\"https:\/\/fannyo.ca\/\",\"logo\":{\"@type\":\"ImageObject\",\"inLanguage\":\"fr-CA\",\"@id\":\"https:\/\/fannyo.ca\/#\/schema\/logo\/image\/\",\"url\":\"https:\/\/fannyo.ca\/wp-content\/uploads\/2024\/11\/0-2.jpg\",\"contentUrl\":\"https:\/\/fannyo.ca\/wp-content\/uploads\/2024\/11\/0-2.jpg\",\"width\":1280,\"height\":304,\"caption\":\"Fanny of Westmount\"},\"image\":{\"@id\":\"https:\/\/fannyo.ca\/#\/schema\/logo\/image\/\"}}]}<\/script>\n<!-- \/ Yoast SEO plugin. -->","yoast_head_json":{"title":"VIP \/ \u00c9v\u00e9nements sp\u00e9ciaux - Fanny of Westmount","robots":{"index":"index","follow":"follow","max-snippet":"max-snippet:-1","max-image-preview":"max-image-preview:large","max-video-preview":"max-video-preview:-1"},"canonical":"https:\/\/fannyo.ca\/fr\/vip-evenements-speciaux\/","og_locale":"fr_CA","og_type":"article","og_title":"VIP \/ \u00c9v\u00e9nements sp\u00e9ciaux - Fanny of Westmount","og_description":"Exclusivit\u00e9 R\u00e9servez le salon et le spa pour votre groupe.\u00a0Les groupes priv\u00e9s sont bienvenus et l\u2019acc\u00e8s au salon leur est offert en\u00a0exclusivit\u00e9 sur demande, tout en leur proposant un service raffin\u00e9. *Minimum requis : cinq (5) personnes \u00e0 100$ en soins\/chacun. \u00c9v\u00e9nements corporatifs, d\u00e9fil\u00e9s de mode et galas R\u00e9servez des soins de beaut\u00e9 pour des [&hellip;]","og_url":"https:\/\/fannyo.ca\/fr\/vip-evenements-speciaux\/","og_site_name":"Fanny of Westmount","og_image":[{"url":"http:\/\/fannyofwestmount.com\/wp-content\/uploads\/2012\/04\/VIP-Ben_Afleck-300x208.jpg"}],"twitter_card":"summary_large_image","schema":{"@context":"https:\/\/schema.org","@graph":[{"@type":"WebPage","@id":"https:\/\/fannyo.ca\/vip-evenements-speciaux\/","url":"https:\/\/fannyo.ca\/vip-evenements-speciaux\/","name":"VIP \/ \u00c9v\u00e9nements sp\u00e9ciaux - Fanny of Westmount","isPartOf":{"@id":"https:\/\/fannyo.ca\/#website"},"primaryImageOfPage":{"@id":"https:\/\/fannyo.ca\/vip-evenements-speciaux\/#primaryimage"},"image":{"@id":"https:\/\/fannyo.ca\/vip-evenements-speciaux\/#primaryimage"},"thumbnailUrl":"http:\/\/fannyofwestmount.com\/wp-content\/uploads\/2012\/04\/VIP-Ben_Afleck-300x208.jpg","datePublished":"2012-05-08T22:52:34+00:00","dateModified":"2012-05-08T22:52:34+00:00","breadcrumb":{"@id":"https:\/\/fannyo.ca\/vip-evenements-speciaux\/#breadcrumb"},"inLanguage":"fr-CA","potentialAction":[{"@type":"ReadAction","target":["https:\/\/fannyo.ca\/vip-evenements-speciaux\/"]}]},{"@type":"ImageObject","inLanguage":"fr-CA","@id":"https:\/\/fannyo.ca\/vip-evenements-speciaux\/#primaryimage","url":"http:\/\/fannyofwestmount.com\/wp-content\/uploads\/2012\/04\/VIP-Ben_Afleck-300x208.jpg","contentUrl":"http:\/\/fannyofwestmount.com\/wp-content\/uploads\/2012\/04\/VIP-Ben_Afleck-300x208.jpg"},{"@type":"BreadcrumbList","@id":"https:\/\/fannyo.ca\/vip-evenements-speciaux\/#breadcrumb","itemListElement":[{"@type":"ListItem","position":1,"name":"Home","item":"https:\/\/fannyo.ca\/"},{"@type":"ListItem","position":2,"name":"VIP \/ \u00c9v\u00e9nements sp\u00e9ciaux"}]},{"@type":"WebSite","@id":"https:\/\/fannyo.ca\/#website","url":"https:\/\/fannyo.ca\/","name":"Fanny of Westmount","description":"","publisher":{"@id":"https:\/\/fannyo.ca\/#organization"},"potentialAction":[{"@type":"SearchAction","target":{"@type":"EntryPoint","urlTemplate":"https:\/\/fannyo.ca\/?s={search_term_string}"},"query-input":{"@type":"PropertyValueSpecification","valueRequired":true,"valueName":"search_term_string"}}],"inLanguage":"fr-CA"},{"@type":"Organization","@id":"https:\/\/fannyo.ca\/#organization","name":"Fanny of Westmount","url":"https:\/\/fannyo.ca\/","logo":{"@type":"ImageObject","inLanguage":"fr-CA","@id":"https:\/\/fannyo.ca\/#\/schema\/logo\/image\/","url":"https:\/\/fannyo.ca\/wp-content\/uploads\/2024\/11\/0-2.jpg","contentUrl":"https:\/\/fannyo.ca\/wp-content\/uploads\/2024\/11\/0-2.jpg","width":1280,"height":304,"caption":"Fanny of Westmount"},"image":{"@id":"https:\/\/fannyo.ca\/#\/schema\/logo\/image\/"}}]}},"_links":{"self":[{"href":"https:\/\/fannyo.ca\/fr\/wp-json\/wp\/v2\/pages\/239","targetHints":{"allow":["GET"]}}],"collection":[{"href":"https:\/\/fannyo.ca\/fr\/wp-json\/wp\/v2\/pages"}],"about":[{"href":"https:\/\/fannyo.ca\/fr\/wp-json\/wp\/v2\/types\/page"}],"author":[{"embeddable":true,"href":"https:\/\/fannyo.ca\/fr\/wp-json\/wp\/v2\/users\/1"}],"replies":[{"embeddable":true,"href":"https:\/\/fannyo.ca\/fr\/wp-json\/wp\/v2\/comments?post=239"}],"version-history":[{"count":0,"href":"https:\/\/fannyo.ca\/fr\/wp-json\/wp\/v2\/pages\/239\/revisions"}],"wp:attachment":[{"href":"https:\/\/fannyo.ca\/fr\/wp-json\/wp\/v2\/media?parent=239"}],"curies":[{"name":"wp","href":"https:\/\/api.w.org\/{rel}","templated":true}]}}