{"id":237,"date":"2012-05-08T22:50:57","date_gmt":"2012-05-08T22:50:57","guid":{"rendered":"http:\/\/fannyofwestmount.com\/?page_id=237"},"modified":"2012-05-08T22:50:57","modified_gmt":"2012-05-08T22:50:57","slug":"programme-pour-lhomme","status":"publish","type":"page","link":"https:\/\/fannyo.ca\/fr\/forfaits-et-services-sur-mesure\/programme-pour-lhomme\/","title":{"rendered":"Programme pour l\u2019homme"},"content":{"rendered":"<p><a href=\"http:\/\/fannyofwestmount.com\/wp-content\/uploads\/2012\/04\/Power_up-Men.jpg\"><img decoding=\"async\" class=\"alignleft size-medium wp-image-505 lazyload\" title=\"Power_up-Men\" data-src=\"http:\/\/fannyofwestmount.com\/wp-content\/uploads\/2012\/04\/Power_up-Men-300x300.jpg\" alt=\"\" width=\"300\" height=\"300\" src=\"data:image\/svg+xml;base64,PHN2ZyB3aWR0aD0iMSIgaGVpZ2h0PSIxIiB4bWxucz0iaHR0cDovL3d3dy53My5vcmcvMjAwMC9zdmciPjwvc3ZnPg==\" style=\"--smush-placeholder-width: 300px; --smush-placeholder-aspect-ratio: 300\/300;\" \/><\/a>Laissez-nous vous faire para\u00eetre sous votre meilleur jour! Ce forfait\u00a0a \u00e9t\u00e9 sp\u00e9cialement con\u00e7u pour les besoins sp\u00e9cifiques de l\u2019homme\u00a0moderne. Prenez une pause Spa pour g\u00e9rer le stress, jumel\u00e9 \u00e0 une\u00a0remise \u00e0 neuf esth\u00e9tique. <strong>Fanny of Westmount<\/strong> s\u2019assurera qu\u2019\u00e0 votre\u00a0sortie du salon vous rayonnerez de votre \u00e9clat!<\/p>\n<ul>\n<li>Petit-d\u00e9jeuner ou l\u00e9ger d\u00e9jeuner<\/li>\n<li>Coiffure (coupe, mise en plis et style)<\/li>\n<li>Traitement du cuir chevelu<\/li>\n<li>Massage su\u00e9dois<\/li>\n<li>Manucure<\/li>\n<li>Rasage et soins personnels<\/li>\n<\/ul>\n<p><strong>Dur\u00e9e : 4 \u00e0 5 h:\u00a0244$<\/strong><\/p>","protected":false},"excerpt":{"rendered":"<p>Laissez-nous vous faire para\u00eetre sous votre meilleur jour! Ce forfait\u00a0a \u00e9t\u00e9 sp\u00e9cialement con\u00e7u pour les besoins sp\u00e9cifiques de l\u2019homme\u00a0moderne. Prenez une pause Spa pour g\u00e9rer le stress, jumel\u00e9 \u00e0 une\u00a0remise \u00e0 neuf esth\u00e9tique. Fanny of Westmount s\u2019assurera qu\u2019\u00e0 votre\u00a0sortie du salon vous rayonnerez de votre \u00e9clat! Petit-d\u00e9jeuner ou l\u00e9ger d\u00e9jeuner Coiffure (coupe, mise en plis [&hellip;]<\/p>","protected":false},"author":1,"featured_media":0,"parent":225,"menu_order":0,"comment_status":"open","ping_status":"closed","template":"","meta":{"footnotes":""},"class_list":["post-237","page","type-page","status-publish","hentry"],"yoast_head":"<!-- This site is optimized with the Yoast SEO plugin v23.4 - https:\/\/yoast.com\/wordpress\/plugins\/seo\/ -->\n<title>Programme pour l\u2019homme - Fanny of Westmount<\/title>\n<meta name=\"robots\" content=\"index, follow, max-snippet:-1, max-image-preview:large, max-video-preview:-1\" \/>\n<link rel=\"canonical\" href=\"https:\/\/fannyo.ca\/fr\/forfaits-et-services-sur-mesure\/programme-pour-lhomme\/\" \/>\n<meta property=\"og:locale\" content=\"fr_CA\" \/>\n<meta property=\"og:type\" content=\"article\" \/>\n<meta property=\"og:title\" content=\"Programme pour l\u2019homme - Fanny of Westmount\" \/>\n<meta property=\"og:description\" content=\"Laissez-nous vous faire para\u00eetre sous votre meilleur jour! Ce forfait\u00a0a \u00e9t\u00e9 sp\u00e9cialement con\u00e7u pour les besoins sp\u00e9cifiques de l\u2019homme\u00a0moderne. Prenez une pause Spa pour g\u00e9rer le stress, jumel\u00e9 \u00e0 une\u00a0remise \u00e0 neuf esth\u00e9tique. Fanny of Westmount s\u2019assurera qu\u2019\u00e0 votre\u00a0sortie du salon vous rayonnerez de votre \u00e9clat! Petit-d\u00e9jeuner ou l\u00e9ger d\u00e9jeuner Coiffure (coupe, mise en plis [&hellip;]\" \/>\n<meta property=\"og:url\" content=\"https:\/\/fannyo.ca\/fr\/forfaits-et-services-sur-mesure\/programme-pour-lhomme\/\" \/>\n<meta property=\"og:site_name\" content=\"Fanny of Westmount\" \/>\n<meta property=\"og:image\" content=\"http:\/\/fannyofwestmount.com\/wp-content\/uploads\/2012\/04\/Power_up-Men-300x300.jpg\" \/>\n<meta name=\"twitter:card\" content=\"summary_large_image\" \/>\n<script type=\"application\/ld+json\" class=\"yoast-schema-graph\">{\"@context\":\"https:\/\/schema.org\",\"@graph\":[{\"@type\":\"WebPage\",\"@id\":\"https:\/\/fannyo.ca\/forfaits-et-services-sur-mesure\/programme-pour-lhomme\/\",\"url\":\"https:\/\/fannyo.ca\/forfaits-et-services-sur-mesure\/programme-pour-lhomme\/\",\"name\":\"Programme pour l\u2019homme - Fanny of Westmount\",\"isPartOf\":{\"@id\":\"https:\/\/fannyo.ca\/#website\"},\"primaryImageOfPage\":{\"@id\":\"https:\/\/fannyo.ca\/forfaits-et-services-sur-mesure\/programme-pour-lhomme\/#primaryimage\"},\"image\":{\"@id\":\"https:\/\/fannyo.ca\/forfaits-et-services-sur-mesure\/programme-pour-lhomme\/#primaryimage\"},\"thumbnailUrl\":\"http:\/\/fannyofwestmount.com\/wp-content\/uploads\/2012\/04\/Power_up-Men-300x300.jpg\",\"datePublished\":\"2012-05-08T22:50:57+00:00\",\"dateModified\":\"2012-05-08T22:50:57+00:00\",\"breadcrumb\":{\"@id\":\"https:\/\/fannyo.ca\/forfaits-et-services-sur-mesure\/programme-pour-lhomme\/#breadcrumb\"},\"inLanguage\":\"fr-CA\",\"potentialAction\":[{\"@type\":\"ReadAction\",\"target\":[\"https:\/\/fannyo.ca\/forfaits-et-services-sur-mesure\/programme-pour-lhomme\/\"]}]},{\"@type\":\"ImageObject\",\"inLanguage\":\"fr-CA\",\"@id\":\"https:\/\/fannyo.ca\/forfaits-et-services-sur-mesure\/programme-pour-lhomme\/#primaryimage\",\"url\":\"http:\/\/fannyofwestmount.com\/wp-content\/uploads\/2012\/04\/Power_up-Men-300x300.jpg\",\"contentUrl\":\"http:\/\/fannyofwestmount.com\/wp-content\/uploads\/2012\/04\/Power_up-Men-300x300.jpg\"},{\"@type\":\"BreadcrumbList\",\"@id\":\"https:\/\/fannyo.ca\/forfaits-et-services-sur-mesure\/programme-pour-lhomme\/#breadcrumb\",\"itemListElement\":[{\"@type\":\"ListItem\",\"position\":1,\"name\":\"Home\",\"item\":\"https:\/\/fannyo.ca\/\"},{\"@type\":\"ListItem\",\"position\":2,\"name\":\"Forfaits et services sur mesure\",\"item\":\"https:\/\/fannyo.ca\/forfaits-et-services-sur-mesure\/\"},{\"@type\":\"ListItem\",\"position\":3,\"name\":\"Programme pour l\u2019homme\"}]},{\"@type\":\"WebSite\",\"@id\":\"https:\/\/fannyo.ca\/#website\",\"url\":\"https:\/\/fannyo.ca\/\",\"name\":\"Fanny of Westmount\",\"description\":\"\",\"publisher\":{\"@id\":\"https:\/\/fannyo.ca\/#organization\"},\"potentialAction\":[{\"@type\":\"SearchAction\",\"target\":{\"@type\":\"EntryPoint\",\"urlTemplate\":\"https:\/\/fannyo.ca\/?s={search_term_string}\"},\"query-input\":{\"@type\":\"PropertyValueSpecification\",\"valueRequired\":true,\"valueName\":\"search_term_string\"}}],\"inLanguage\":\"fr-CA\"},{\"@type\":\"Organization\",\"@id\":\"https:\/\/fannyo.ca\/#organization\",\"name\":\"Fanny of Westmount\",\"url\":\"https:\/\/fannyo.ca\/\",\"logo\":{\"@type\":\"ImageObject\",\"inLanguage\":\"fr-CA\",\"@id\":\"https:\/\/fannyo.ca\/#\/schema\/logo\/image\/\",\"url\":\"https:\/\/fannyo.ca\/wp-content\/uploads\/2024\/11\/0-2.jpg\",\"contentUrl\":\"https:\/\/fannyo.ca\/wp-content\/uploads\/2024\/11\/0-2.jpg\",\"width\":1280,\"height\":304,\"caption\":\"Fanny of Westmount\"},\"image\":{\"@id\":\"https:\/\/fannyo.ca\/#\/schema\/logo\/image\/\"}}]}<\/script>\n<!-- \/ Yoast SEO plugin. -->","yoast_head_json":{"title":"Programme pour l\u2019homme - Fanny of Westmount","robots":{"index":"index","follow":"follow","max-snippet":"max-snippet:-1","max-image-preview":"max-image-preview:large","max-video-preview":"max-video-preview:-1"},"canonical":"https:\/\/fannyo.ca\/fr\/forfaits-et-services-sur-mesure\/programme-pour-lhomme\/","og_locale":"fr_CA","og_type":"article","og_title":"Programme pour l\u2019homme - Fanny of Westmount","og_description":"Laissez-nous vous faire para\u00eetre sous votre meilleur jour! Ce forfait\u00a0a \u00e9t\u00e9 sp\u00e9cialement con\u00e7u pour les besoins sp\u00e9cifiques de l\u2019homme\u00a0moderne. Prenez une pause Spa pour g\u00e9rer le stress, jumel\u00e9 \u00e0 une\u00a0remise \u00e0 neuf esth\u00e9tique. Fanny of Westmount s\u2019assurera qu\u2019\u00e0 votre\u00a0sortie du salon vous rayonnerez de votre \u00e9clat! Petit-d\u00e9jeuner ou l\u00e9ger d\u00e9jeuner Coiffure (coupe, mise en plis [&hellip;]","og_url":"https:\/\/fannyo.ca\/fr\/forfaits-et-services-sur-mesure\/programme-pour-lhomme\/","og_site_name":"Fanny of Westmount","og_image":[{"url":"http:\/\/fannyofwestmount.com\/wp-content\/uploads\/2012\/04\/Power_up-Men-300x300.jpg"}],"twitter_card":"summary_large_image","schema":{"@context":"https:\/\/schema.org","@graph":[{"@type":"WebPage","@id":"https:\/\/fannyo.ca\/forfaits-et-services-sur-mesure\/programme-pour-lhomme\/","url":"https:\/\/fannyo.ca\/forfaits-et-services-sur-mesure\/programme-pour-lhomme\/","name":"Programme pour l\u2019homme - Fanny of Westmount","isPartOf":{"@id":"https:\/\/fannyo.ca\/#website"},"primaryImageOfPage":{"@id":"https:\/\/fannyo.ca\/forfaits-et-services-sur-mesure\/programme-pour-lhomme\/#primaryimage"},"image":{"@id":"https:\/\/fannyo.ca\/forfaits-et-services-sur-mesure\/programme-pour-lhomme\/#primaryimage"},"thumbnailUrl":"http:\/\/fannyofwestmount.com\/wp-content\/uploads\/2012\/04\/Power_up-Men-300x300.jpg","datePublished":"2012-05-08T22:50:57+00:00","dateModified":"2012-05-08T22:50:57+00:00","breadcrumb":{"@id":"https:\/\/fannyo.ca\/forfaits-et-services-sur-mesure\/programme-pour-lhomme\/#breadcrumb"},"inLanguage":"fr-CA","potentialAction":[{"@type":"ReadAction","target":["https:\/\/fannyo.ca\/forfaits-et-services-sur-mesure\/programme-pour-lhomme\/"]}]},{"@type":"ImageObject","inLanguage":"fr-CA","@id":"https:\/\/fannyo.ca\/forfaits-et-services-sur-mesure\/programme-pour-lhomme\/#primaryimage","url":"http:\/\/fannyofwestmount.com\/wp-content\/uploads\/2012\/04\/Power_up-Men-300x300.jpg","contentUrl":"http:\/\/fannyofwestmount.com\/wp-content\/uploads\/2012\/04\/Power_up-Men-300x300.jpg"},{"@type":"BreadcrumbList","@id":"https:\/\/fannyo.ca\/forfaits-et-services-sur-mesure\/programme-pour-lhomme\/#breadcrumb","itemListElement":[{"@type":"ListItem","position":1,"name":"Home","item":"https:\/\/fannyo.ca\/"},{"@type":"ListItem","position":2,"name":"Forfaits et services sur mesure","item":"https:\/\/fannyo.ca\/forfaits-et-services-sur-mesure\/"},{"@type":"ListItem","position":3,"name":"Programme pour l\u2019homme"}]},{"@type":"WebSite","@id":"https:\/\/fannyo.ca\/#website","url":"https:\/\/fannyo.ca\/","name":"Fanny of Westmount","description":"","publisher":{"@id":"https:\/\/fannyo.ca\/#organization"},"potentialAction":[{"@type":"SearchAction","target":{"@type":"EntryPoint","urlTemplate":"https:\/\/fannyo.ca\/?s={search_term_string}"},"query-input":{"@type":"PropertyValueSpecification","valueRequired":true,"valueName":"search_term_string"}}],"inLanguage":"fr-CA"},{"@type":"Organization","@id":"https:\/\/fannyo.ca\/#organization","name":"Fanny of Westmount","url":"https:\/\/fannyo.ca\/","logo":{"@type":"ImageObject","inLanguage":"fr-CA","@id":"https:\/\/fannyo.ca\/#\/schema\/logo\/image\/","url":"https:\/\/fannyo.ca\/wp-content\/uploads\/2024\/11\/0-2.jpg","contentUrl":"https:\/\/fannyo.ca\/wp-content\/uploads\/2024\/11\/0-2.jpg","width":1280,"height":304,"caption":"Fanny of Westmount"},"image":{"@id":"https:\/\/fannyo.ca\/#\/schema\/logo\/image\/"}}]}},"_links":{"self":[{"href":"https:\/\/fannyo.ca\/fr\/wp-json\/wp\/v2\/pages\/237","targetHints":{"allow":["GET"]}}],"collection":[{"href":"https:\/\/fannyo.ca\/fr\/wp-json\/wp\/v2\/pages"}],"about":[{"href":"https:\/\/fannyo.ca\/fr\/wp-json\/wp\/v2\/types\/page"}],"author":[{"embeddable":true,"href":"https:\/\/fannyo.ca\/fr\/wp-json\/wp\/v2\/users\/1"}],"replies":[{"embeddable":true,"href":"https:\/\/fannyo.ca\/fr\/wp-json\/wp\/v2\/comments?post=237"}],"version-history":[{"count":0,"href":"https:\/\/fannyo.ca\/fr\/wp-json\/wp\/v2\/pages\/237\/revisions"}],"up":[{"embeddable":true,"href":"https:\/\/fannyo.ca\/fr\/wp-json\/wp\/v2\/pages\/225"}],"wp:attachment":[{"href":"https:\/\/fannyo.ca\/fr\/wp-json\/wp\/v2\/media?parent=237"}],"curies":[{"name":"wp","href":"https:\/\/api.w.org\/{rel}","templated":true}]}}