{"id":227,"date":"2012-05-08T22:43:53","date_gmt":"2012-05-08T22:43:53","guid":{"rendered":"http:\/\/fannyofwestmount.com\/?page_id=226"},"modified":"2012-05-08T22:43:53","modified_gmt":"2012-05-08T22:43:53","slug":"la-journee-beaute","status":"publish","type":"page","link":"https:\/\/fannyo.ca\/fr\/la-journee-beaute\/","title":{"rendered":"La journ\u00e9e beaut\u00e9"},"content":{"rendered":"<h2>La journ\u00e9e beaut\u00e9<\/h2>\n<p><a href=\"http:\/\/fannyofwestmount.com\/wp-content\/uploads\/2012\/04\/FullDayPackage.jpg\"><img decoding=\"async\" class=\"size-medium wp-image-490 alignleft lazyload\" title=\"FullDayPackage\" data-src=\"http:\/\/fannyofwestmount.com\/wp-content\/uploads\/2012\/04\/FullDayPackage-300x199.jpg\" alt=\"\" width=\"300\" height=\"199\" src=\"data:image\/svg+xml;base64,PHN2ZyB3aWR0aD0iMSIgaGVpZ2h0PSIxIiB4bWxucz0iaHR0cDovL3d3dy53My5vcmcvMjAwMC9zdmciPjwvc3ZnPg==\" style=\"--smush-placeholder-width: 300px; --smush-placeholder-aspect-ratio: 300\/199;\" \/><\/a>Summum de d\u00e9tente et d\u2019efficacit\u00e9, une journ\u00e9e qui regroupe tous les soins et services essentiels pour la beaut\u00e9 f\u00e9minine ou masculine.<br \/>\nC\u2019est le programme mensuel tout indiqu\u00e9 pour les gens qui doivent planifier leur agenda et un cadeau privil\u00e9gi\u00e9 pour ceux que l\u2019on veut choyer.<\/p>\n<p>&nbsp;<\/p>\n<p>&nbsp;<\/p>\n<p>&nbsp;<\/p>\n<ul>\n<li>Petit d\u00e9jeuner, d\u00e9jeuner et go\u00fbter<\/li>\n<li>Soins du visage (facial) avec s\u00e9rum<\/li>\n<li>Maquillage ou application cr\u00e8me auto-bronzante<\/li>\n<li>Manucure<\/li>\n<li>P\u00e9dicure<\/li>\n<li>Cire (jambes compl\u00e8tes et bikini) ou gommage corporel<\/li>\n<li>Massage su\u00e9dois<\/li>\n<li>Traitement capillaire<\/li>\n<li>Mise en plis (brushing) ou coupe pour homme<\/li>\n<li>Evaluation Corpo Novo, corps et visage<\/li>\n<li>(disponible en service express multi-mains)<\/li>\n<\/ul>\n<p><strong>Dur\u00e9e: 7 &#8211; 8h:\u00a0376$<\/strong><\/p>\n<h2>La Demi-Journ\u00e9e Beaut\u00e9<\/h2>\n<p><a href=\"http:\/\/fannyofwestmount.com\/wp-content\/uploads\/2012\/04\/Half_day_packages.jpg\"><img decoding=\"async\" class=\"alignright size-medium wp-image-491 lazyload\" title=\"Half_day_packages\" data-src=\"http:\/\/fannyofwestmount.com\/wp-content\/uploads\/2012\/04\/Half_day_packages-300x300.jpg\" alt=\"\" width=\"300\" height=\"300\" src=\"data:image\/svg+xml;base64,PHN2ZyB3aWR0aD0iMSIgaGVpZ2h0PSIxIiB4bWxucz0iaHR0cDovL3d3dy53My5vcmcvMjAwMC9zdmciPjwvc3ZnPg==\" style=\"--smush-placeholder-width: 300px; --smush-placeholder-aspect-ratio: 300\/300;\" \/><\/a>Aussi appr\u00e9ci\u00e9 par les hommes que par les femmes, ce forfait<br \/>\nregroupe les soins et services pr\u00e9f\u00e9r\u00e9s de notre fid\u00e8le client\u00e8le.<\/p>\n<ul>\n<li>Petit-d\u00e9jeuner ou repas l\u00e9ger<\/li>\n<li>Soins du visage (facial)<\/li>\n<li>Massage su\u00e9dois<\/li>\n<li>Manucure<\/li>\n<li>Mise en plis (brushing)<\/li>\n<li>Maquillage ou traitement capillaire<\/li>\n<li>\u00c9valuation Corpo Novo (anti-\u00e2ge), corps et visage<\/li>\n<\/ul>\n<p><strong>Dur\u00e9e : 4-5h (disponible en service express multi-mains): 250$<\/strong><\/p>","protected":false},"excerpt":{"rendered":"<p>La journ\u00e9e beaut\u00e9 Summum de d\u00e9tente et d\u2019efficacit\u00e9, une journ\u00e9e qui regroupe tous les soins et services essentiels pour la beaut\u00e9 f\u00e9minine ou masculine. C\u2019est le programme mensuel tout indiqu\u00e9 pour les gens qui doivent planifier leur agenda et un cadeau privil\u00e9gi\u00e9 pour ceux que l\u2019on veut choyer. &nbsp; &nbsp; &nbsp; Petit d\u00e9jeuner, d\u00e9jeuner et [&hellip;]<\/p>\n","protected":false},"author":1,"featured_media":0,"parent":0,"menu_order":0,"comment_status":"open","ping_status":"closed","template":"","meta":{"footnotes":""},"class_list":["post-227","page","type-page","status-publish","hentry"],"yoast_head":"<!-- This site is optimized with the Yoast SEO plugin v23.4 - https:\/\/yoast.com\/wordpress\/plugins\/seo\/ -->\n<title>La journ\u00e9e beaut\u00e9 - Fanny of Westmount<\/title>\n<meta name=\"robots\" content=\"index, follow, max-snippet:-1, max-image-preview:large, max-video-preview:-1\" \/>\n<link rel=\"canonical\" href=\"https:\/\/fannyo.ca\/fr\/la-journee-beaute\/\" \/>\n<meta property=\"og:locale\" content=\"fr_CA\" \/>\n<meta property=\"og:type\" content=\"article\" \/>\n<meta property=\"og:title\" content=\"La journ\u00e9e beaut\u00e9 - Fanny of Westmount\" \/>\n<meta property=\"og:description\" content=\"La journ\u00e9e beaut\u00e9 Summum de d\u00e9tente et d\u2019efficacit\u00e9, une journ\u00e9e qui regroupe tous les soins et services essentiels pour la beaut\u00e9 f\u00e9minine ou masculine. C\u2019est le programme mensuel tout indiqu\u00e9 pour les gens qui doivent planifier leur agenda et un cadeau privil\u00e9gi\u00e9 pour ceux que l\u2019on veut choyer. &nbsp; &nbsp; &nbsp; Petit d\u00e9jeuner, d\u00e9jeuner et [&hellip;]\" \/>\n<meta property=\"og:url\" content=\"https:\/\/fannyo.ca\/fr\/la-journee-beaute\/\" \/>\n<meta property=\"og:site_name\" content=\"Fanny of Westmount\" \/>\n<meta property=\"og:image\" content=\"http:\/\/fannyofwestmount.com\/wp-content\/uploads\/2012\/04\/FullDayPackage-300x199.jpg\" \/>\n<meta name=\"twitter:card\" content=\"summary_large_image\" \/>\n<meta name=\"twitter:label1\" content=\"Estimation du temps de lecture\" \/>\n\t<meta name=\"twitter:data1\" content=\"1 minute\" \/>\n<script type=\"application\/ld+json\" class=\"yoast-schema-graph\">{\"@context\":\"https:\/\/schema.org\",\"@graph\":[{\"@type\":\"WebPage\",\"@id\":\"https:\/\/fannyo.ca\/la-journee-beaute\/\",\"url\":\"https:\/\/fannyo.ca\/la-journee-beaute\/\",\"name\":\"La journ\u00e9e beaut\u00e9 - Fanny of Westmount\",\"isPartOf\":{\"@id\":\"https:\/\/fannyo.ca\/#website\"},\"primaryImageOfPage\":{\"@id\":\"https:\/\/fannyo.ca\/la-journee-beaute\/#primaryimage\"},\"image\":{\"@id\":\"https:\/\/fannyo.ca\/la-journee-beaute\/#primaryimage\"},\"thumbnailUrl\":\"http:\/\/fannyofwestmount.com\/wp-content\/uploads\/2012\/04\/FullDayPackage-300x199.jpg\",\"datePublished\":\"2012-05-08T22:43:53+00:00\",\"dateModified\":\"2012-05-08T22:43:53+00:00\",\"breadcrumb\":{\"@id\":\"https:\/\/fannyo.ca\/la-journee-beaute\/#breadcrumb\"},\"inLanguage\":\"fr-CA\",\"potentialAction\":[{\"@type\":\"ReadAction\",\"target\":[\"https:\/\/fannyo.ca\/la-journee-beaute\/\"]}]},{\"@type\":\"ImageObject\",\"inLanguage\":\"fr-CA\",\"@id\":\"https:\/\/fannyo.ca\/la-journee-beaute\/#primaryimage\",\"url\":\"http:\/\/fannyofwestmount.com\/wp-content\/uploads\/2012\/04\/FullDayPackage-300x199.jpg\",\"contentUrl\":\"http:\/\/fannyofwestmount.com\/wp-content\/uploads\/2012\/04\/FullDayPackage-300x199.jpg\"},{\"@type\":\"BreadcrumbList\",\"@id\":\"https:\/\/fannyo.ca\/la-journee-beaute\/#breadcrumb\",\"itemListElement\":[{\"@type\":\"ListItem\",\"position\":1,\"name\":\"Home\",\"item\":\"https:\/\/fannyo.ca\/\"},{\"@type\":\"ListItem\",\"position\":2,\"name\":\"La journ\u00e9e beaut\u00e9\"}]},{\"@type\":\"WebSite\",\"@id\":\"https:\/\/fannyo.ca\/#website\",\"url\":\"https:\/\/fannyo.ca\/\",\"name\":\"Fanny of Westmount\",\"description\":\"\",\"publisher\":{\"@id\":\"https:\/\/fannyo.ca\/#organization\"},\"potentialAction\":[{\"@type\":\"SearchAction\",\"target\":{\"@type\":\"EntryPoint\",\"urlTemplate\":\"https:\/\/fannyo.ca\/?s={search_term_string}\"},\"query-input\":{\"@type\":\"PropertyValueSpecification\",\"valueRequired\":true,\"valueName\":\"search_term_string\"}}],\"inLanguage\":\"fr-CA\"},{\"@type\":\"Organization\",\"@id\":\"https:\/\/fannyo.ca\/#organization\",\"name\":\"Fanny of Westmount\",\"url\":\"https:\/\/fannyo.ca\/\",\"logo\":{\"@type\":\"ImageObject\",\"inLanguage\":\"fr-CA\",\"@id\":\"https:\/\/fannyo.ca\/#\/schema\/logo\/image\/\",\"url\":\"https:\/\/fannyo.ca\/wp-content\/uploads\/2024\/11\/0-2.jpg\",\"contentUrl\":\"https:\/\/fannyo.ca\/wp-content\/uploads\/2024\/11\/0-2.jpg\",\"width\":1280,\"height\":304,\"caption\":\"Fanny of Westmount\"},\"image\":{\"@id\":\"https:\/\/fannyo.ca\/#\/schema\/logo\/image\/\"}}]}<\/script>\n<!-- \/ Yoast SEO plugin. -->","yoast_head_json":{"title":"La journ\u00e9e beaut\u00e9 - Fanny of Westmount","robots":{"index":"index","follow":"follow","max-snippet":"max-snippet:-1","max-image-preview":"max-image-preview:large","max-video-preview":"max-video-preview:-1"},"canonical":"https:\/\/fannyo.ca\/fr\/la-journee-beaute\/","og_locale":"fr_CA","og_type":"article","og_title":"La journ\u00e9e beaut\u00e9 - Fanny of Westmount","og_description":"La journ\u00e9e beaut\u00e9 Summum de d\u00e9tente et d\u2019efficacit\u00e9, une journ\u00e9e qui regroupe tous les soins et services essentiels pour la beaut\u00e9 f\u00e9minine ou masculine. C\u2019est le programme mensuel tout indiqu\u00e9 pour les gens qui doivent planifier leur agenda et un cadeau privil\u00e9gi\u00e9 pour ceux que l\u2019on veut choyer. &nbsp; &nbsp; &nbsp; Petit d\u00e9jeuner, d\u00e9jeuner et [&hellip;]","og_url":"https:\/\/fannyo.ca\/fr\/la-journee-beaute\/","og_site_name":"Fanny of Westmount","og_image":[{"url":"http:\/\/fannyofwestmount.com\/wp-content\/uploads\/2012\/04\/FullDayPackage-300x199.jpg"}],"twitter_card":"summary_large_image","twitter_misc":{"Estimation du temps de lecture":"1 minute"},"schema":{"@context":"https:\/\/schema.org","@graph":[{"@type":"WebPage","@id":"https:\/\/fannyo.ca\/la-journee-beaute\/","url":"https:\/\/fannyo.ca\/la-journee-beaute\/","name":"La journ\u00e9e beaut\u00e9 - Fanny of Westmount","isPartOf":{"@id":"https:\/\/fannyo.ca\/#website"},"primaryImageOfPage":{"@id":"https:\/\/fannyo.ca\/la-journee-beaute\/#primaryimage"},"image":{"@id":"https:\/\/fannyo.ca\/la-journee-beaute\/#primaryimage"},"thumbnailUrl":"http:\/\/fannyofwestmount.com\/wp-content\/uploads\/2012\/04\/FullDayPackage-300x199.jpg","datePublished":"2012-05-08T22:43:53+00:00","dateModified":"2012-05-08T22:43:53+00:00","breadcrumb":{"@id":"https:\/\/fannyo.ca\/la-journee-beaute\/#breadcrumb"},"inLanguage":"fr-CA","potentialAction":[{"@type":"ReadAction","target":["https:\/\/fannyo.ca\/la-journee-beaute\/"]}]},{"@type":"ImageObject","inLanguage":"fr-CA","@id":"https:\/\/fannyo.ca\/la-journee-beaute\/#primaryimage","url":"http:\/\/fannyofwestmount.com\/wp-content\/uploads\/2012\/04\/FullDayPackage-300x199.jpg","contentUrl":"http:\/\/fannyofwestmount.com\/wp-content\/uploads\/2012\/04\/FullDayPackage-300x199.jpg"},{"@type":"BreadcrumbList","@id":"https:\/\/fannyo.ca\/la-journee-beaute\/#breadcrumb","itemListElement":[{"@type":"ListItem","position":1,"name":"Home","item":"https:\/\/fannyo.ca\/"},{"@type":"ListItem","position":2,"name":"La journ\u00e9e beaut\u00e9"}]},{"@type":"WebSite","@id":"https:\/\/fannyo.ca\/#website","url":"https:\/\/fannyo.ca\/","name":"Fanny of Westmount","description":"","publisher":{"@id":"https:\/\/fannyo.ca\/#organization"},"potentialAction":[{"@type":"SearchAction","target":{"@type":"EntryPoint","urlTemplate":"https:\/\/fannyo.ca\/?s={search_term_string}"},"query-input":{"@type":"PropertyValueSpecification","valueRequired":true,"valueName":"search_term_string"}}],"inLanguage":"fr-CA"},{"@type":"Organization","@id":"https:\/\/fannyo.ca\/#organization","name":"Fanny of Westmount","url":"https:\/\/fannyo.ca\/","logo":{"@type":"ImageObject","inLanguage":"fr-CA","@id":"https:\/\/fannyo.ca\/#\/schema\/logo\/image\/","url":"https:\/\/fannyo.ca\/wp-content\/uploads\/2024\/11\/0-2.jpg","contentUrl":"https:\/\/fannyo.ca\/wp-content\/uploads\/2024\/11\/0-2.jpg","width":1280,"height":304,"caption":"Fanny of Westmount"},"image":{"@id":"https:\/\/fannyo.ca\/#\/schema\/logo\/image\/"}}]}},"_links":{"self":[{"href":"https:\/\/fannyo.ca\/fr\/wp-json\/wp\/v2\/pages\/227","targetHints":{"allow":["GET"]}}],"collection":[{"href":"https:\/\/fannyo.ca\/fr\/wp-json\/wp\/v2\/pages"}],"about":[{"href":"https:\/\/fannyo.ca\/fr\/wp-json\/wp\/v2\/types\/page"}],"author":[{"embeddable":true,"href":"https:\/\/fannyo.ca\/fr\/wp-json\/wp\/v2\/users\/1"}],"replies":[{"embeddable":true,"href":"https:\/\/fannyo.ca\/fr\/wp-json\/wp\/v2\/comments?post=227"}],"version-history":[{"count":0,"href":"https:\/\/fannyo.ca\/fr\/wp-json\/wp\/v2\/pages\/227\/revisions"}],"wp:attachment":[{"href":"https:\/\/fannyo.ca\/fr\/wp-json\/wp\/v2\/media?parent=227"}],"curies":[{"name":"wp","href":"https:\/\/api.w.org\/{rel}","templated":true}]}}