{"id":225,"date":"2012-05-08T22:37:54","date_gmt":"2012-05-08T22:37:54","guid":{"rendered":"http:\/\/fannyofwestmount.com\/?page_id=220"},"modified":"2012-05-08T22:37:54","modified_gmt":"2012-05-08T22:37:54","slug":"forfaits-et-services-sur-mesure","status":"publish","type":"page","link":"https:\/\/fannyo.ca\/fr\/forfaits-et-services-sur-mesure\/","title":{"rendered":"Forfaits et services sur mesure"},"content":{"rendered":"<h3>Forfaits et plus<\/h3>\n<p><a href=\"http:\/\/fannyofwestmount.com\/wp-content\/uploads\/2012\/04\/SKMBT_C55012041112030NEW.jpg\"><img decoding=\"async\" class=\"wp-image-388 alignright lazyload\" title=\"SKMBT_C55012041112030NEW\" data-src=\"http:\/\/fannyofwestmount.com\/wp-content\/uploads\/2012\/04\/SKMBT_C55012041112030NEW-300x178.jpg\" alt=\"\" width=\"300\" height=\"178\" src=\"data:image\/svg+xml;base64,PHN2ZyB3aWR0aD0iMSIgaGVpZ2h0PSIxIiB4bWxucz0iaHR0cDovL3d3dy53My5vcmcvMjAwMC9zdmciPjwvc3ZnPg==\" style=\"--smush-placeholder-width: 300px; --smush-placeholder-aspect-ratio: 300\/178;\" \/><\/a>Vous \u00eates unique, faites vous plaisir chez<strong> Fanny of Westmount<\/strong> ou\u00a0dans un lieu de votre choix (h\u00f4tel, bureau, \u00e9v\u00e8nements\u2026). N\u2019h\u00e9sitez\u00a0pas \u00e0 nous faire part de vos d\u00e9sirs, il nous fera plaisir de r\u00e9pondre\u00a0\u00e0 vos besoins.\u00a0Nos prix varient selon le niveau d\u2019exclusivit\u00e9 du salon ou\u00a0si les services sont prodigu\u00e9s \u00e0 l\u2019ext\u00e9rieur. N\u2019h\u00e9sitez pas \u00e0 demander\u00a0pour un soin particulier qui n\u2019est pas dans notre brochure. Nous ferons\u00a0notre possible pour r\u00e9pondre \u00e0 vos souhaits.<\/p>\n<h3>La Consultation pr\u00e9liminaire<\/h3>\n<p>Avant d&#8217;opter pour un style de coiffure, un maquillage, un soin de\u00a0la peau sp\u00e9cifique ou un traitement corporel, vous pouvez toujours\u00a0b\u00e9n\u00e9ficier d&#8217;une consultation sans frais, avec une personne-ressource\u00a0du d\u00e9partement concern\u00e9.<\/p>\n<h3><a title=\"La Journ\u00e9e Beaut\u00e9\" href=\"http:\/\/fannyofwestmount.com\/fr\/forfaits-et-services-sur-mesure\/la-journee-beaute\/\">La journ\u00e9e beaut\u00e9 et la demi-journ\u00e9e beaut\u00e9<\/a><\/h3>\n<p>Comblez la personne que vous aimez, homme ou femme, en lui\u00a0offrant un certificat-cadeau qui fait toujours plaisir. Pour f\u00eater en\u00a0beaut\u00e9 la Saint-Valentin, No\u00ebl, la f\u00eate des M\u00e8res, la F\u00eate des P\u00e8res, la\u00a0journ\u00e9e des secr\u00e9taires ou pourquoi pas, pour c\u00e9l\u00e9brer votre propre\u00a0anniversaire&#8230;<\/p>\n<h3><a title=\"Programme pour l\u2019Homme\" href=\"http:\/\/fannyofwestmount.com\/fr\/forfaits-et-services-sur-mesure\/programme-pour-lhomme\/\">Programme pour l\u2019homme<\/a><\/h3>\n<p>Laissez <strong>Fanny of Westmount<\/strong> vous amener au meilleur de vous-m\u00eame. Nous vous conseillons sur votre image, le style de coiffure,\u00a0des soins personnalis\u00e9s et la relaxation. N\u2019h\u00e9sitez pas \u00e0 demander\u00a0un consultant, pour vous aider \u00e0 d\u00e9velopper un programme qui vous\u00a0rendra plus confiant sur votre bien-\u00eatre et votre style.<\/p>\n<h3><a title=\"Programme pour la Mari\u00e9e\" href=\"http:\/\/fannyofwestmount.com\/fr\/forfaits-et-services-sur-mesure\/programme-pour-la-mariee\/\">Programme pour la Mari\u00e9e<\/a><\/h3>\n<h3>Des Noces en beaut\u00e9<\/h3>\n<p>Pour pr\u00e9parer la journ\u00e9e nuptiale, nous proposons aux mari\u00e9s et \u00e0\u00a0leurs invit\u00e9s, un programme personnalis\u00e9 de mise en beaut\u00e9. Toutes\u00a0les \u00e9tapes de la pr\u00e9paration esth\u00e9tique sont planifi\u00e9es en fonction de\u00a0vos besoins et de votre emploi du temps. Le Forfait inclut l&#8217;essai du\u00a0maquillage et de la coiffure pour la mari\u00e9e, les soins du visage et les\u00a0traitements corporels. Pour en savoir plus, demandez \u00e0 recevoir notre consultation sans frais, avec Fanny ou la personne d\u00e9sign\u00e9e. <strong>Fanny of\u00a0Westmount<\/strong> peut prendre en charge votre \u00e9v\u00e8nement clefs en main.<\/p>\n<h3><a title=\"Nouvelle Maman\" href=\"http:\/\/fannyofwestmount.com\/fr\/forfaits-et-services-sur-mesure\/nouvelle-maman\/\">Nouvelle Maman<\/a><\/h3>\n<p>C\u2019est le moment important de c\u00e9l\u00e9brer l\u2019arriv\u00e9e d\u2019un nouveau membre\u00a0dans la famille? <strong>Fanny of Westmount<\/strong> se fera un plaisir de choyer\u00a0et c\u00e9l\u00e9brer la nouvelle maman. Nous offrons une vaste gamme de\u00a0services post natals, afin de vous sentir belle, fra\u00eeche, repos\u00e9e et\u00a0confiante. Pour conna\u00eetre notre programme post-maternit\u00e9 de remise\u00a0en forme et beaut\u00e9, demandez une consultation sans frais avec Fanny\u00a0ou la personne d\u00e9sign\u00e9e.<\/p>","protected":false},"excerpt":{"rendered":"<p>Forfaits et plus Vous \u00eates unique, faites vous plaisir chez Fanny of Westmount ou\u00a0dans un lieu de votre choix (h\u00f4tel, bureau, \u00e9v\u00e8nements\u2026). N\u2019h\u00e9sitez\u00a0pas \u00e0 nous faire part de vos d\u00e9sirs, il nous fera plaisir de r\u00e9pondre\u00a0\u00e0 vos besoins.\u00a0Nos prix varient selon le niveau d\u2019exclusivit\u00e9 du salon ou\u00a0si les services sont prodigu\u00e9s \u00e0 l\u2019ext\u00e9rieur. N\u2019h\u00e9sitez pas [&hellip;]<\/p>\n","protected":false},"author":1,"featured_media":0,"parent":0,"menu_order":0,"comment_status":"open","ping_status":"closed","template":"","meta":{"footnotes":""},"class_list":["post-225","page","type-page","status-publish","hentry"],"yoast_head":"<!-- This site is optimized with the Yoast SEO plugin v23.4 - https:\/\/yoast.com\/wordpress\/plugins\/seo\/ -->\n<title>Forfaits et services sur mesure - Fanny of Westmount<\/title>\n<meta name=\"robots\" content=\"index, follow, max-snippet:-1, max-image-preview:large, max-video-preview:-1\" \/>\n<link rel=\"canonical\" href=\"https:\/\/fannyo.ca\/fr\/forfaits-et-services-sur-mesure\/\" \/>\n<meta property=\"og:locale\" content=\"fr_CA\" \/>\n<meta property=\"og:type\" content=\"article\" \/>\n<meta property=\"og:title\" content=\"Forfaits et services sur mesure - Fanny of Westmount\" \/>\n<meta property=\"og:description\" content=\"Forfaits et plus Vous \u00eates unique, faites vous plaisir chez Fanny of Westmount ou\u00a0dans un lieu de votre choix (h\u00f4tel, bureau, \u00e9v\u00e8nements\u2026). N\u2019h\u00e9sitez\u00a0pas \u00e0 nous faire part de vos d\u00e9sirs, il nous fera plaisir de r\u00e9pondre\u00a0\u00e0 vos besoins.\u00a0Nos prix varient selon le niveau d\u2019exclusivit\u00e9 du salon ou\u00a0si les services sont prodigu\u00e9s \u00e0 l\u2019ext\u00e9rieur. N\u2019h\u00e9sitez pas [&hellip;]\" \/>\n<meta property=\"og:url\" content=\"https:\/\/fannyo.ca\/fr\/forfaits-et-services-sur-mesure\/\" \/>\n<meta property=\"og:site_name\" content=\"Fanny of Westmount\" \/>\n<meta property=\"og:image\" content=\"http:\/\/fannyofwestmount.com\/wp-content\/uploads\/2012\/04\/SKMBT_C55012041112030NEW-300x178.jpg\" \/>\n<meta name=\"twitter:card\" content=\"summary_large_image\" \/>\n<meta name=\"twitter:label1\" content=\"Estimation du temps de lecture\" \/>\n\t<meta name=\"twitter:data1\" content=\"2 minutes\" \/>\n<script type=\"application\/ld+json\" class=\"yoast-schema-graph\">{\"@context\":\"https:\/\/schema.org\",\"@graph\":[{\"@type\":\"WebPage\",\"@id\":\"https:\/\/fannyo.ca\/forfaits-et-services-sur-mesure\/\",\"url\":\"https:\/\/fannyo.ca\/forfaits-et-services-sur-mesure\/\",\"name\":\"Forfaits et services sur mesure - Fanny of Westmount\",\"isPartOf\":{\"@id\":\"https:\/\/fannyo.ca\/#website\"},\"primaryImageOfPage\":{\"@id\":\"https:\/\/fannyo.ca\/forfaits-et-services-sur-mesure\/#primaryimage\"},\"image\":{\"@id\":\"https:\/\/fannyo.ca\/forfaits-et-services-sur-mesure\/#primaryimage\"},\"thumbnailUrl\":\"http:\/\/fannyofwestmount.com\/wp-content\/uploads\/2012\/04\/SKMBT_C55012041112030NEW-300x178.jpg\",\"datePublished\":\"2012-05-08T22:37:54+00:00\",\"dateModified\":\"2012-05-08T22:37:54+00:00\",\"breadcrumb\":{\"@id\":\"https:\/\/fannyo.ca\/forfaits-et-services-sur-mesure\/#breadcrumb\"},\"inLanguage\":\"fr-CA\",\"potentialAction\":[{\"@type\":\"ReadAction\",\"target\":[\"https:\/\/fannyo.ca\/forfaits-et-services-sur-mesure\/\"]}]},{\"@type\":\"ImageObject\",\"inLanguage\":\"fr-CA\",\"@id\":\"https:\/\/fannyo.ca\/forfaits-et-services-sur-mesure\/#primaryimage\",\"url\":\"http:\/\/fannyofwestmount.com\/wp-content\/uploads\/2012\/04\/SKMBT_C55012041112030NEW-300x178.jpg\",\"contentUrl\":\"http:\/\/fannyofwestmount.com\/wp-content\/uploads\/2012\/04\/SKMBT_C55012041112030NEW-300x178.jpg\"},{\"@type\":\"BreadcrumbList\",\"@id\":\"https:\/\/fannyo.ca\/forfaits-et-services-sur-mesure\/#breadcrumb\",\"itemListElement\":[{\"@type\":\"ListItem\",\"position\":1,\"name\":\"Home\",\"item\":\"https:\/\/fannyo.ca\/\"},{\"@type\":\"ListItem\",\"position\":2,\"name\":\"Forfaits et services sur mesure\"}]},{\"@type\":\"WebSite\",\"@id\":\"https:\/\/fannyo.ca\/#website\",\"url\":\"https:\/\/fannyo.ca\/\",\"name\":\"Fanny of Westmount\",\"description\":\"\",\"publisher\":{\"@id\":\"https:\/\/fannyo.ca\/#organization\"},\"potentialAction\":[{\"@type\":\"SearchAction\",\"target\":{\"@type\":\"EntryPoint\",\"urlTemplate\":\"https:\/\/fannyo.ca\/?s={search_term_string}\"},\"query-input\":{\"@type\":\"PropertyValueSpecification\",\"valueRequired\":true,\"valueName\":\"search_term_string\"}}],\"inLanguage\":\"fr-CA\"},{\"@type\":\"Organization\",\"@id\":\"https:\/\/fannyo.ca\/#organization\",\"name\":\"Fanny of Westmount\",\"url\":\"https:\/\/fannyo.ca\/\",\"logo\":{\"@type\":\"ImageObject\",\"inLanguage\":\"fr-CA\",\"@id\":\"https:\/\/fannyo.ca\/#\/schema\/logo\/image\/\",\"url\":\"https:\/\/fannyo.ca\/wp-content\/uploads\/2024\/11\/0-2.jpg\",\"contentUrl\":\"https:\/\/fannyo.ca\/wp-content\/uploads\/2024\/11\/0-2.jpg\",\"width\":1280,\"height\":304,\"caption\":\"Fanny of Westmount\"},\"image\":{\"@id\":\"https:\/\/fannyo.ca\/#\/schema\/logo\/image\/\"}}]}<\/script>\n<!-- \/ Yoast SEO plugin. -->","yoast_head_json":{"title":"Forfaits et services sur mesure - Fanny of Westmount","robots":{"index":"index","follow":"follow","max-snippet":"max-snippet:-1","max-image-preview":"max-image-preview:large","max-video-preview":"max-video-preview:-1"},"canonical":"https:\/\/fannyo.ca\/fr\/forfaits-et-services-sur-mesure\/","og_locale":"fr_CA","og_type":"article","og_title":"Forfaits et services sur mesure - Fanny of Westmount","og_description":"Forfaits et plus Vous \u00eates unique, faites vous plaisir chez Fanny of Westmount ou\u00a0dans un lieu de votre choix (h\u00f4tel, bureau, \u00e9v\u00e8nements\u2026). N\u2019h\u00e9sitez\u00a0pas \u00e0 nous faire part de vos d\u00e9sirs, il nous fera plaisir de r\u00e9pondre\u00a0\u00e0 vos besoins.\u00a0Nos prix varient selon le niveau d\u2019exclusivit\u00e9 du salon ou\u00a0si les services sont prodigu\u00e9s \u00e0 l\u2019ext\u00e9rieur. N\u2019h\u00e9sitez pas [&hellip;]","og_url":"https:\/\/fannyo.ca\/fr\/forfaits-et-services-sur-mesure\/","og_site_name":"Fanny of Westmount","og_image":[{"url":"http:\/\/fannyofwestmount.com\/wp-content\/uploads\/2012\/04\/SKMBT_C55012041112030NEW-300x178.jpg"}],"twitter_card":"summary_large_image","twitter_misc":{"Estimation du temps de lecture":"2 minutes"},"schema":{"@context":"https:\/\/schema.org","@graph":[{"@type":"WebPage","@id":"https:\/\/fannyo.ca\/forfaits-et-services-sur-mesure\/","url":"https:\/\/fannyo.ca\/forfaits-et-services-sur-mesure\/","name":"Forfaits et services sur mesure - Fanny of Westmount","isPartOf":{"@id":"https:\/\/fannyo.ca\/#website"},"primaryImageOfPage":{"@id":"https:\/\/fannyo.ca\/forfaits-et-services-sur-mesure\/#primaryimage"},"image":{"@id":"https:\/\/fannyo.ca\/forfaits-et-services-sur-mesure\/#primaryimage"},"thumbnailUrl":"http:\/\/fannyofwestmount.com\/wp-content\/uploads\/2012\/04\/SKMBT_C55012041112030NEW-300x178.jpg","datePublished":"2012-05-08T22:37:54+00:00","dateModified":"2012-05-08T22:37:54+00:00","breadcrumb":{"@id":"https:\/\/fannyo.ca\/forfaits-et-services-sur-mesure\/#breadcrumb"},"inLanguage":"fr-CA","potentialAction":[{"@type":"ReadAction","target":["https:\/\/fannyo.ca\/forfaits-et-services-sur-mesure\/"]}]},{"@type":"ImageObject","inLanguage":"fr-CA","@id":"https:\/\/fannyo.ca\/forfaits-et-services-sur-mesure\/#primaryimage","url":"http:\/\/fannyofwestmount.com\/wp-content\/uploads\/2012\/04\/SKMBT_C55012041112030NEW-300x178.jpg","contentUrl":"http:\/\/fannyofwestmount.com\/wp-content\/uploads\/2012\/04\/SKMBT_C55012041112030NEW-300x178.jpg"},{"@type":"BreadcrumbList","@id":"https:\/\/fannyo.ca\/forfaits-et-services-sur-mesure\/#breadcrumb","itemListElement":[{"@type":"ListItem","position":1,"name":"Home","item":"https:\/\/fannyo.ca\/"},{"@type":"ListItem","position":2,"name":"Forfaits et services sur mesure"}]},{"@type":"WebSite","@id":"https:\/\/fannyo.ca\/#website","url":"https:\/\/fannyo.ca\/","name":"Fanny of Westmount","description":"","publisher":{"@id":"https:\/\/fannyo.ca\/#organization"},"potentialAction":[{"@type":"SearchAction","target":{"@type":"EntryPoint","urlTemplate":"https:\/\/fannyo.ca\/?s={search_term_string}"},"query-input":{"@type":"PropertyValueSpecification","valueRequired":true,"valueName":"search_term_string"}}],"inLanguage":"fr-CA"},{"@type":"Organization","@id":"https:\/\/fannyo.ca\/#organization","name":"Fanny of Westmount","url":"https:\/\/fannyo.ca\/","logo":{"@type":"ImageObject","inLanguage":"fr-CA","@id":"https:\/\/fannyo.ca\/#\/schema\/logo\/image\/","url":"https:\/\/fannyo.ca\/wp-content\/uploads\/2024\/11\/0-2.jpg","contentUrl":"https:\/\/fannyo.ca\/wp-content\/uploads\/2024\/11\/0-2.jpg","width":1280,"height":304,"caption":"Fanny of Westmount"},"image":{"@id":"https:\/\/fannyo.ca\/#\/schema\/logo\/image\/"}}]}},"_links":{"self":[{"href":"https:\/\/fannyo.ca\/fr\/wp-json\/wp\/v2\/pages\/225","targetHints":{"allow":["GET"]}}],"collection":[{"href":"https:\/\/fannyo.ca\/fr\/wp-json\/wp\/v2\/pages"}],"about":[{"href":"https:\/\/fannyo.ca\/fr\/wp-json\/wp\/v2\/types\/page"}],"author":[{"embeddable":true,"href":"https:\/\/fannyo.ca\/fr\/wp-json\/wp\/v2\/users\/1"}],"replies":[{"embeddable":true,"href":"https:\/\/fannyo.ca\/fr\/wp-json\/wp\/v2\/comments?post=225"}],"version-history":[{"count":0,"href":"https:\/\/fannyo.ca\/fr\/wp-json\/wp\/v2\/pages\/225\/revisions"}],"wp:attachment":[{"href":"https:\/\/fannyo.ca\/fr\/wp-json\/wp\/v2\/media?parent=225"}],"curies":[{"name":"wp","href":"https:\/\/api.w.org\/{rel}","templated":true}]}}