{"id":22,"date":"2012-04-11T14:41:00","date_gmt":"2012-04-11T14:41:00","guid":{"rendered":"http:\/\/fannyofwestmount.com\/?page_id=22"},"modified":"2025-05-28T16:53:48","modified_gmt":"2025-05-28T16:53:48","slug":"hair","status":"publish","type":"page","link":"https:\/\/fannyo.ca\/fr\/women\/hair\/","title":{"rendered":"Women&#8217;s Hair"},"content":{"rendered":"<figure class=\"wp-block-image alignleft size-full is-resized\"><img decoding=\"async\" width=\"480\" height=\"640\" data-src=\"https:\/\/fannyo.ca\/wp-content\/uploads\/2025\/02\/couvre_epaules.jpg\" alt=\"\" class=\"wp-image-1441 lazyload\" style=\"--smush-placeholder-width: 480px; --smush-placeholder-aspect-ratio: 480\/640;width:291px;height:auto\" data-srcset=\"https:\/\/fannyo.ca\/wp-content\/uploads\/2025\/02\/couvre_epaules.jpg 480w, https:\/\/fannyo.ca\/wp-content\/uploads\/2025\/02\/couvre_epaules-225x300.jpg 225w, https:\/\/fannyo.ca\/wp-content\/uploads\/2025\/02\/couvre_epaules-9x12.jpg 9w\" data-sizes=\"(max-width: 480px) 100vw, 480px\" src=\"data:image\/svg+xml;base64,PHN2ZyB3aWR0aD0iMSIgaGVpZ2h0PSIxIiB4bWxucz0iaHR0cDovL3d3dy53My5vcmcvMjAwMC9zdmciPjwvc3ZnPg==\" \/><\/figure>\n\n\n\n<div class=\"wp-block-group is-vertical is-layout-flex wp-container-core-group-is-layout-fe9cc265 wp-block-group-is-layout-flex\">\n<h2 class=\"wp-block-heading has-text-align-left has-contrast-color has-text-color has-link-color has-monotype-corsiva-regular-font-family wp-elements-71e74fed7f162c126d42218df9874a88\"><em>Cut&nbsp; and&nbsp; Style<\/em><\/h2>\n\n\n\n<p>Prenez place et laissez-nous mettre en valeur votre style personnel et vous offrir un look qui fera tourner les t\u00eates. Laissez-nous vous g\u00e2ter.<\/p>\n\n\n\n<div class=\"wp-block-group is-vertical is-layout-flex wp-container-core-group-is-layout-fe9cc265 wp-block-group-is-layout-flex\">\n<figure class=\"wp-block-table is-style-stripes\"><table class=\"has-fixed-layout\"><thead><tr><th><\/th><th class=\"has-text-align-center\" data-align=\"center\">\u00c0 partir de<\/th><\/tr><\/thead><tbody><tr><td>Consultation<\/td><td class=\"has-text-align-center\" data-align=\"center\">sans frais<\/td><\/tr><tr><td>M\u00e9tamorphose (cheveux, maquillage et style)<\/td><td class=\"has-text-align-center\" data-align=\"center\">sur \u00e9valuation<\/td><\/tr><tr><td>Coupe et brushing par Fanny<\/td><td class=\"has-text-align-center\" data-align=\"center\">$86<\/td><\/tr><tr><td>Coupe et mise en plis pour femmes<\/td><td class=\"has-text-align-center\" data-align=\"center\">$65<\/td><\/tr><tr><td>Mise en plis (brushing)<\/td><td class=\"has-text-align-center\" data-align=\"center\">$40<\/td><\/tr><tr><td>S\u00e8che cheveux<\/td><td class=\"has-text-align-center\" data-align=\"center\">$40<\/td><\/tr><tr><td>Essai pour la mari\u00e9e<\/td><td class=\"has-text-align-center\" data-align=\"center\">$55<\/td><\/tr><tr><td>Cr\u00e9ation Haute Coiffure, mari\u00e9e, sc\u00e8ne, gala<\/td><td class=\"has-text-align-center\" data-align=\"center\">$65 \u00e0 $120<\/td><\/tr><tr><td>Cr\u00e9ation Haute Coiffure par Fanny<\/td><td class=\"has-text-align-center\" data-align=\"center\">$95 \u00e0 $250<\/td><\/tr><tr><td>Extensions<\/td><td class=\"has-text-align-center\" data-align=\"center\">$299 \u00e0 $1199<\/td><\/tr><tr><td>Coupes pour enfants (5 \u00e0 12 ans)<\/td><td class=\"has-text-align-center\" data-align=\"center\">$45<\/td><\/tr><\/tbody><\/table><\/figure>\n\n\n\n<p style=\"border-style:none;border-width:0px;padding-top:0;padding-bottom:var(--wp--preset--spacing--40)\">*L\u2019\u00e9chelle de tarifs varie selon l\u2019anciennet\u00e9 des stylistes.<\/p>\n<\/div>\n<\/div>\n\n\n\n<figure class=\"wp-block-image alignleft size-large is-resized\"><img decoding=\"async\" width=\"815\" height=\"1024\" data-src=\"https:\/\/fannyo.ca\/wp-content\/uploads\/2024\/12\/Header-Photo-2-815x1024.png\" alt=\"\" class=\"wp-image-969 lazyload\" style=\"--smush-placeholder-width: 815px; --smush-placeholder-aspect-ratio: 815\/1024;width:291px\" title=\"Women_hair_colour\" data-srcset=\"https:\/\/fannyo.ca\/wp-content\/uploads\/2024\/12\/Header-Photo-2-815x1024.png 815w, https:\/\/fannyo.ca\/wp-content\/uploads\/2024\/12\/Header-Photo-2-239x300.png 239w, https:\/\/fannyo.ca\/wp-content\/uploads\/2024\/12\/Header-Photo-2-768x965.png 768w, https:\/\/fannyo.ca\/wp-content\/uploads\/2024\/12\/Header-Photo-2.png 1054w\" data-sizes=\"(max-width: 815px) 100vw, 815px\" src=\"data:image\/svg+xml;base64,PHN2ZyB3aWR0aD0iMSIgaGVpZ2h0PSIxIiB4bWxucz0iaHR0cDovL3d3dy53My5vcmcvMjAwMC9zdmciPjwvc3ZnPg==\" \/><\/figure>\n\n\n\n<div class=\"wp-block-group is-vertical is-layout-flex wp-container-core-group-is-layout-fe9cc265 wp-block-group-is-layout-flex\">\n<h2 class=\"wp-block-heading\">Couleur et mouvement<\/h2>\n\n\n\n<p><br>Nos experts coloristes \u00e9laboreront avec vous une nuance de coloration personnalis\u00e9e. Nous utilisons des produits doux et naturels, pour vous assurer une chevelure saine.<\/p>\n\n\n\n<figure class=\"wp-block-table is-style-stripes\" style=\"padding-bottom:var(--wp--preset--spacing--40)\"><table class=\"has-fixed-layout\"><thead><tr><th><\/th><th class=\"has-text-align-center\" data-align=\"center\">\u00c0 partir de<\/th><\/tr><\/thead><tbody><tr><td>Consultation<\/td><td class=\"has-text-align-center\" data-align=\"center\">sans frais<\/td><\/tr><tr><td>Quelques reflets<\/td><td class=\"has-text-align-center\" data-align=\"center\">$75<\/td><\/tr><tr><td>Reflets partiels<\/td><td class=\"has-text-align-center\" data-align=\"center\">$120<\/td><\/tr><tr><td>Reflets complets<\/td><td class=\"has-text-align-center\" data-align=\"center\">$165<\/td><\/tr><tr><td>Vernis (v\u00e9g\u00e9tal neutre ou colorant)<\/td><td class=\"has-text-align-center\" data-align=\"center\">$47<\/td><\/tr><tr><td>Colorant v\u00e9g\u00e9tal (ou coloration)<\/td><td class=\"has-text-align-center\" data-align=\"center\">$57<\/td><\/tr><tr><td>Correction de couleur<\/td><td class=\"has-text-align-center\" data-align=\"center\">$95<\/td><\/tr><tr><td>Permanente: spirale, vague, volume<\/td><td class=\"has-text-align-center\" data-align=\"center\">$95 \u00e0 195<\/td><\/tr><tr><td>Relaxant (formule exclusive cheveux fris\u00e9s)<\/td><td class=\"has-text-align-center\" data-align=\"center\">$95 \u00e0 155<\/td><\/tr><\/tbody><\/table><\/figure>\n<\/div>\n\n\n\n<figure class=\"wp-block-image alignleft size-full is-resized\"><img decoding=\"async\" width=\"520\" height=\"771\" data-src=\"https:\/\/fannyo.ca\/wp-content\/uploads\/2025\/02\/manches_noires.jpg\" alt=\"\" class=\"wp-image-1442 lazyload\" style=\"--smush-placeholder-width: 520px; --smush-placeholder-aspect-ratio: 520\/771;width:291px\" title=\"SKMBT_C55012041111261NEW\" data-srcset=\"https:\/\/fannyo.ca\/wp-content\/uploads\/2025\/02\/manches_noires.jpg 520w, https:\/\/fannyo.ca\/wp-content\/uploads\/2025\/02\/manches_noires-202x300.jpg 202w, https:\/\/fannyo.ca\/wp-content\/uploads\/2025\/02\/manches_noires-8x12.jpg 8w\" data-sizes=\"(max-width: 520px) 100vw, 520px\" src=\"data:image\/svg+xml;base64,PHN2ZyB3aWR0aD0iMSIgaGVpZ2h0PSIxIiB4bWxucz0iaHR0cDovL3d3dy53My5vcmcvMjAwMC9zdmciPjwvc3ZnPg==\" \/><\/figure>\n\n\n\n<div class=\"wp-block-group is-vertical is-layout-flex wp-container-core-group-is-layout-fe9cc265 wp-block-group-is-layout-flex\">\n<h2 class=\"wp-block-heading\">Soins Capillaires<\/h2>\n\n\n\n<p>En privil\u00e9giant les produits naturels de la plus haute qualit\u00e9, nous avons d\u00e9velopp\u00e9 une gamme de traitements capillaires pour femme et homme qui peut pr\u00e9venir et r\u00e9soudre la plupart des probl\u00e8mes li\u00e9s \u00e0 la sant\u00e9 du cheveu.<\/p>\n\n\n\n<figure class=\"wp-block-table is-style-stripes\"><table class=\"has-fixed-layout\"><thead><tr><th><\/th><th class=\"has-text-align-center\" data-align=\"center\">\u00c0 partir de<\/th><\/tr><\/thead><tbody><tr><td>Massage th\u00e9rapeutique du cuir chevelu aux huiles essentielles<\/td><td class=\"has-text-align-center\" data-align=\"center\">$65 \u00e0 $95<\/td><\/tr><tr><td>Gommage exfoliant du cuir chevelu<\/td><td class=\"has-text-align-center\" data-align=\"center\">$75<\/td><\/tr><tr><td>Pellicules, cuir chevelu sec ou gras<\/td><td class=\"has-text-align-center\" data-align=\"center\">$60<\/td><\/tr><tr><td>Psoriasis, ecz\u00e9ma, cheveu et cuir chevelu d\u00e9shydrat\u00e9<\/td><td class=\"has-text-align-center\" data-align=\"center\">$45 \u00e0 $95<\/td><\/tr><tr><td>Perte de cheveux<\/td><td class=\"has-text-align-center\" data-align=\"center\">$75<\/td><\/tr><tr><td>Traitement K\u00e9ratine lissant et r\u00e9parateur 0% formald\u00e9hyde<\/td><td class=\"has-text-align-center\" data-align=\"center\">$350 \u00e0 $1100<\/td><\/tr><\/tbody><\/table><\/figure>\n<\/div>\n\n\n\n<p><em>&nbsp;<\/em><\/p>\n\n\n\n<p><em>Nous offrons aussi <a href=\"https:\/\/fannyo.ca\/fr\/for-men\/hair\/\" data-type=\"page\" data-id=\"46\">des services coiffure pour hommes<\/a><\/em><\/p>\n\n\n\n<p><em><a href=\"https:\/\/fannyo.ca\/fr\/gift-certificates\/\" data-type=\"page\" data-id=\"150\">Certificats cadeaux<\/a><\/em><\/p>\n\n\n\n<p><em><a href=\"https:\/\/fannyo.ca\/fr\/gift-certificates\/\" data-type=\"page\" data-id=\"150\">Services Express<\/a> et <a href=\"https:\/\/fannyo.ca\/fr\/v-i-p-special-events\/\" data-type=\"page\" data-id=\"16\">Services VIP<\/a><\/em><\/p>\n\n\n\n<p class=\"translation-block\"><a href=\"https:\/\/fannyo.ca\/fr\/price-list\/\" data-type=\"page\" data-id=\"54\" target=\"_self\"> Liste compl\u00e8te des prix<\/a><\/p>\n\n\n\n<p><\/p>","protected":false},"excerpt":{"rendered":"<p>Cut&nbsp; and&nbsp; Style Please, take a seat and let us enhance your individual style and provide you with a look that turns heads. Let us pamper you. Starting at Consultation N\/C Complete makeover: hair, makeup and style (varies) Cut and blow-dry by Fanny $86 Cut and set for women $65 Cut and set for men [&hellip;]<\/p>\n","protected":false},"author":1,"featured_media":0,"parent":18,"menu_order":0,"comment_status":"closed","ping_status":"closed","template":"product-header","meta":{"footnotes":""},"class_list":["post-22","page","type-page","status-publish","hentry"],"yoast_head":"<!-- This site is optimized with the Yoast SEO plugin v23.4 - https:\/\/yoast.com\/wordpress\/plugins\/seo\/ -->\n<title>Women&#039;s Hair - Fanny of Westmount<\/title>\n<meta name=\"description\" content=\"Hair cut and styling for women, men and children. Makeup, blow-dry, bridal, stage or gala hairstyle. Color and shine, perms and relaxer. Hair and scalp treatments.\" \/>\n<meta name=\"robots\" content=\"index, follow, max-snippet:-1, max-image-preview:large, max-video-preview:-1\" \/>\n<link rel=\"canonical\" href=\"https:\/\/fannyo.ca\/fr\/women\/hair\/\" \/>\n<meta property=\"og:locale\" content=\"fr_CA\" \/>\n<meta property=\"og:type\" content=\"article\" \/>\n<meta property=\"og:title\" content=\"Women&#039;s Hair - Fanny of Westmount\" \/>\n<meta property=\"og:description\" content=\"Hair cut and styling for women, men and children. Makeup, blow-dry, bridal, stage or gala hairstyle. Color and shine, perms and relaxer. Hair and scalp treatments.\" \/>\n<meta property=\"og:url\" content=\"https:\/\/fannyo.ca\/fr\/women\/hair\/\" \/>\n<meta property=\"og:site_name\" content=\"Fanny of Westmount\" \/>\n<meta property=\"article:modified_time\" content=\"2025-05-28T16:53:48+00:00\" \/>\n<meta property=\"og:image\" content=\"https:\/\/fannyo.ca\/wp-content\/uploads\/2025\/02\/couvre_epaules.jpg\" \/>\n<meta name=\"twitter:card\" content=\"summary_large_image\" \/>\n<meta name=\"twitter:label1\" content=\"Estimation du temps de lecture\" \/>\n\t<meta name=\"twitter:data1\" content=\"2 minutes\" \/>\n<script type=\"application\/ld+json\" class=\"yoast-schema-graph\">{\"@context\":\"https:\/\/schema.org\",\"@graph\":[{\"@type\":\"WebPage\",\"@id\":\"https:\/\/fannyo.ca\/women\/hair\/\",\"url\":\"https:\/\/fannyo.ca\/women\/hair\/\",\"name\":\"Women's Hair - Fanny of Westmount\",\"isPartOf\":{\"@id\":\"https:\/\/fannyo.ca\/#website\"},\"primaryImageOfPage\":{\"@id\":\"https:\/\/fannyo.ca\/women\/hair\/#primaryimage\"},\"image\":{\"@id\":\"https:\/\/fannyo.ca\/women\/hair\/#primaryimage\"},\"thumbnailUrl\":\"https:\/\/fannyo.ca\/wp-content\/uploads\/2025\/02\/couvre_epaules.jpg\",\"datePublished\":\"2012-04-11T14:41:00+00:00\",\"dateModified\":\"2025-05-28T16:53:48+00:00\",\"description\":\"Hair cut and styling for women, men and children. Makeup, blow-dry, bridal, stage or gala hairstyle. Color and shine, perms and relaxer. Hair and scalp treatments.\",\"breadcrumb\":{\"@id\":\"https:\/\/fannyo.ca\/women\/hair\/#breadcrumb\"},\"inLanguage\":\"fr-CA\",\"potentialAction\":[{\"@type\":\"ReadAction\",\"target\":[\"https:\/\/fannyo.ca\/women\/hair\/\"]}]},{\"@type\":\"ImageObject\",\"inLanguage\":\"fr-CA\",\"@id\":\"https:\/\/fannyo.ca\/women\/hair\/#primaryimage\",\"url\":\"https:\/\/fannyo.ca\/wp-content\/uploads\/2025\/02\/couvre_epaules.jpg\",\"contentUrl\":\"https:\/\/fannyo.ca\/wp-content\/uploads\/2025\/02\/couvre_epaules.jpg\"},{\"@type\":\"BreadcrumbList\",\"@id\":\"https:\/\/fannyo.ca\/women\/hair\/#breadcrumb\",\"itemListElement\":[{\"@type\":\"ListItem\",\"position\":1,\"name\":\"Home\",\"item\":\"https:\/\/fannyo.ca\/\"},{\"@type\":\"ListItem\",\"position\":2,\"name\":\"For Women\",\"item\":\"https:\/\/fannyo.ca\/women\/\"},{\"@type\":\"ListItem\",\"position\":3,\"name\":\"Women&#8217;s Hair\"}]},{\"@type\":\"WebSite\",\"@id\":\"https:\/\/fannyo.ca\/#website\",\"url\":\"https:\/\/fannyo.ca\/\",\"name\":\"Fanny of Westmount\",\"description\":\"\",\"publisher\":{\"@id\":\"https:\/\/fannyo.ca\/#organization\"},\"potentialAction\":[{\"@type\":\"SearchAction\",\"target\":{\"@type\":\"EntryPoint\",\"urlTemplate\":\"https:\/\/fannyo.ca\/?s={search_term_string}\"},\"query-input\":{\"@type\":\"PropertyValueSpecification\",\"valueRequired\":true,\"valueName\":\"search_term_string\"}}],\"inLanguage\":\"fr-CA\"},{\"@type\":\"Organization\",\"@id\":\"https:\/\/fannyo.ca\/#organization\",\"name\":\"Fanny of Westmount\",\"url\":\"https:\/\/fannyo.ca\/\",\"logo\":{\"@type\":\"ImageObject\",\"inLanguage\":\"fr-CA\",\"@id\":\"https:\/\/fannyo.ca\/#\/schema\/logo\/image\/\",\"url\":\"https:\/\/fannyo.ca\/wp-content\/uploads\/2024\/11\/0-2.jpg\",\"contentUrl\":\"https:\/\/fannyo.ca\/wp-content\/uploads\/2024\/11\/0-2.jpg\",\"width\":1280,\"height\":304,\"caption\":\"Fanny of Westmount\"},\"image\":{\"@id\":\"https:\/\/fannyo.ca\/#\/schema\/logo\/image\/\"}}]}<\/script>\n<!-- \/ Yoast SEO plugin. -->","yoast_head_json":{"title":"Women's Hair - Fanny of Westmount","description":"Hair cut and styling for women, men and children. Makeup, blow-dry, bridal, stage or gala hairstyle. Color and shine, perms and relaxer. Hair and scalp treatments.","robots":{"index":"index","follow":"follow","max-snippet":"max-snippet:-1","max-image-preview":"max-image-preview:large","max-video-preview":"max-video-preview:-1"},"canonical":"https:\/\/fannyo.ca\/fr\/women\/hair\/","og_locale":"fr_CA","og_type":"article","og_title":"Women's Hair - Fanny of Westmount","og_description":"Hair cut and styling for women, men and children. Makeup, blow-dry, bridal, stage or gala hairstyle. Color and shine, perms and relaxer. Hair and scalp treatments.","og_url":"https:\/\/fannyo.ca\/fr\/women\/hair\/","og_site_name":"Fanny of Westmount","article_modified_time":"2025-05-28T16:53:48+00:00","og_image":[{"url":"https:\/\/fannyo.ca\/wp-content\/uploads\/2025\/02\/couvre_epaules.jpg"}],"twitter_card":"summary_large_image","twitter_misc":{"Estimation du temps de lecture":"2 minutes"},"schema":{"@context":"https:\/\/schema.org","@graph":[{"@type":"WebPage","@id":"https:\/\/fannyo.ca\/women\/hair\/","url":"https:\/\/fannyo.ca\/women\/hair\/","name":"Women's Hair - Fanny of Westmount","isPartOf":{"@id":"https:\/\/fannyo.ca\/#website"},"primaryImageOfPage":{"@id":"https:\/\/fannyo.ca\/women\/hair\/#primaryimage"},"image":{"@id":"https:\/\/fannyo.ca\/women\/hair\/#primaryimage"},"thumbnailUrl":"https:\/\/fannyo.ca\/wp-content\/uploads\/2025\/02\/couvre_epaules.jpg","datePublished":"2012-04-11T14:41:00+00:00","dateModified":"2025-05-28T16:53:48+00:00","description":"Hair cut and styling for women, men and children. Makeup, blow-dry, bridal, stage or gala hairstyle. Color and shine, perms and relaxer. Hair and scalp treatments.","breadcrumb":{"@id":"https:\/\/fannyo.ca\/women\/hair\/#breadcrumb"},"inLanguage":"fr-CA","potentialAction":[{"@type":"ReadAction","target":["https:\/\/fannyo.ca\/women\/hair\/"]}]},{"@type":"ImageObject","inLanguage":"fr-CA","@id":"https:\/\/fannyo.ca\/women\/hair\/#primaryimage","url":"https:\/\/fannyo.ca\/wp-content\/uploads\/2025\/02\/couvre_epaules.jpg","contentUrl":"https:\/\/fannyo.ca\/wp-content\/uploads\/2025\/02\/couvre_epaules.jpg"},{"@type":"BreadcrumbList","@id":"https:\/\/fannyo.ca\/women\/hair\/#breadcrumb","itemListElement":[{"@type":"ListItem","position":1,"name":"Home","item":"https:\/\/fannyo.ca\/"},{"@type":"ListItem","position":2,"name":"For Women","item":"https:\/\/fannyo.ca\/women\/"},{"@type":"ListItem","position":3,"name":"Women&#8217;s Hair"}]},{"@type":"WebSite","@id":"https:\/\/fannyo.ca\/#website","url":"https:\/\/fannyo.ca\/","name":"Fanny of Westmount","description":"","publisher":{"@id":"https:\/\/fannyo.ca\/#organization"},"potentialAction":[{"@type":"SearchAction","target":{"@type":"EntryPoint","urlTemplate":"https:\/\/fannyo.ca\/?s={search_term_string}"},"query-input":{"@type":"PropertyValueSpecification","valueRequired":true,"valueName":"search_term_string"}}],"inLanguage":"fr-CA"},{"@type":"Organization","@id":"https:\/\/fannyo.ca\/#organization","name":"Fanny of Westmount","url":"https:\/\/fannyo.ca\/","logo":{"@type":"ImageObject","inLanguage":"fr-CA","@id":"https:\/\/fannyo.ca\/#\/schema\/logo\/image\/","url":"https:\/\/fannyo.ca\/wp-content\/uploads\/2024\/11\/0-2.jpg","contentUrl":"https:\/\/fannyo.ca\/wp-content\/uploads\/2024\/11\/0-2.jpg","width":1280,"height":304,"caption":"Fanny of Westmount"},"image":{"@id":"https:\/\/fannyo.ca\/#\/schema\/logo\/image\/"}}]}},"_links":{"self":[{"href":"https:\/\/fannyo.ca\/fr\/wp-json\/wp\/v2\/pages\/22","targetHints":{"allow":["GET"]}}],"collection":[{"href":"https:\/\/fannyo.ca\/fr\/wp-json\/wp\/v2\/pages"}],"about":[{"href":"https:\/\/fannyo.ca\/fr\/wp-json\/wp\/v2\/types\/page"}],"author":[{"embeddable":true,"href":"https:\/\/fannyo.ca\/fr\/wp-json\/wp\/v2\/users\/1"}],"replies":[{"embeddable":true,"href":"https:\/\/fannyo.ca\/fr\/wp-json\/wp\/v2\/comments?post=22"}],"version-history":[{"count":22,"href":"https:\/\/fannyo.ca\/fr\/wp-json\/wp\/v2\/pages\/22\/revisions"}],"predecessor-version":[{"id":1595,"href":"https:\/\/fannyo.ca\/fr\/wp-json\/wp\/v2\/pages\/22\/revisions\/1595"}],"up":[{"embeddable":true,"href":"https:\/\/fannyo.ca\/fr\/wp-json\/wp\/v2\/pages\/18"}],"wp:attachment":[{"href":"https:\/\/fannyo.ca\/fr\/wp-json\/wp\/v2\/media?parent=22"}],"curies":[{"name":"wp","href":"https:\/\/api.w.org\/{rel}","templated":true}]}}