{"id":215,"date":"2012-05-08T22:33:35","date_gmt":"2012-05-08T22:33:35","guid":{"rendered":"http:\/\/fannyofwestmount.com\/?page_id=215"},"modified":"2012-05-08T22:33:35","modified_gmt":"2012-05-08T22:33:35","slug":"liste-de-services","status":"publish","type":"page","link":"https:\/\/fannyo.ca\/fr\/liste-de-services\/","title":{"rendered":"Liste de services"},"content":{"rendered":"<h2>LE PRIVIL\u00c8GE DE LA DIFF\u00c9RENCE<\/h2>\n<h3><a title=\"FORFAITS et SERVICES SUR MESURE\" href=\"http:\/\/fannyofwestmount.com\/fr\/forfaits-et-services-sur-mesure\/\">Forfaits<\/a><\/h3>\n<p>Formules de traitements \u00e0 la carte, personnalis\u00e9s et adapt\u00e9s \u00e0 votre\u00a0horaire: formules-express, demi-journ\u00e9e et journ\u00e9e compl\u00e8te, sont disponibles \u00e0 votre convenance.\u00a0Le service soins simultan\u00e9s\u00a0con\u00e7u pour ceux qui disposent de courtes p\u00e9riodes de temps.<\/p>\n<h3><a title=\"Certificats cadeaux\" href=\"http:\/\/fannyofwestmount.com\/fr\/certificats-cadeaux\/\">Certificats<\/a><\/h3>\n<p>Offrez \u00e0 quelqu\u2019un, l\u2019exp\u00e9rience de beaut\u00e9 unique gr\u00e2ce \u00e0 nos\u00a0certificats cadeaux. Les membres de <strong>Fanny of Westmount<\/strong> b\u00e9n\u00e9ficient\u00a0de tarifs r\u00e9duits et de consultations gratuites, sur demande.<\/p>\n<h3><a title=\"Programme pour la Mari\u00e9e\" href=\"http:\/\/fannyofwestmount.com\/fr\/forfaits-et-services-sur-mesure\/programme-pour-la-mariee\/\">Noces<\/a><\/h3>\n<p>Forfaits VIP offerts aux futurs mari\u00e9s pour les \u00e9v\u00e8nements pr\u00e9nuptiaux<\/p>\n<h3><a title=\"VIP \/ \u00c9v\u00e9nements sp\u00e9ciaux\" href=\"http:\/\/fannyofwestmount.com\/fr\/vip-evenements-speciaux\/\">Exclusivit\u00e9<\/a><\/h3>\n<p>R\u00e9servez le salon et le spa pour votre groupe.\u00a0Les groupes priv\u00e9s sont bienvenus et l\u2019acc\u00e8s au salon leur est offert en\u00a0exclusivit\u00e9 sur demande, tout en leur proposant un service raffin\u00e9.<br \/>\n*Minimum requis : cinq (5) personnes \u00e0 100$ en soins chacun.<\/p>\n<h3><a title=\"VIP \/ \u00c9v\u00e9nements sp\u00e9ciaux\" href=\"http:\/\/fannyofwestmount.com\/fr\/vip-evenements-speciaux\/\">\u00c9v\u00e9nements corporatifs, d\u00e9fil\u00e9s de mode et galas<\/a><\/h3>\n<p>R\u00e9servez des soins de beaut\u00e9 pour des : sessions de photos, congr\u00e8s,\u00a0spectacles, galas et lieux affili\u00e9s (H\u00f4tels \u2013 Galeries). Fanny of\u00a0Westmount offre \u00e9galement un service lors des \u00e9v\u00e9nements organis\u00e9s\u00a0par l\u2019industrie de la mode.<\/p>\n<h3>Service de consultation d\u2019image<\/h3>\n<p>Demandez Fanny ou ses conseillers, pour une m\u00e9tamorphose compl\u00e8te\u00a0incluant : garde-robe, coiffure, maquillage et bien-\u00eatre th\u00e9rapeutique<\/p>\n<p><strong>Bilan de beaut\u00e9<\/strong> : remodelage du visage et du corps.<\/p>\n<p><strong>Boutique de produits<\/strong> et d\u2019accessoires haut de gamme<\/p>\n<h3>Traiteur sant\u00e9<\/h3>\n<p>Salades du jardin et autres petits d\u00e9lices, frais du jour<\/p>\n<h3>Livraison sp\u00e9ciale<\/h3>\n<p>Service sur appel : au domicile, h\u00f4tel ou bureau. Internet offert.\u00a0Service de limousine pour faire l\u2019aller-retour du salon, sur demande<\/p>","protected":false},"excerpt":{"rendered":"<p>LE PRIVIL\u00c8GE DE LA DIFF\u00c9RENCE Forfaits Formules de traitements \u00e0 la carte, personnalis\u00e9s et adapt\u00e9s \u00e0 votre\u00a0horaire: formules-express, demi-journ\u00e9e et journ\u00e9e compl\u00e8te, sont disponibles \u00e0 votre convenance.\u00a0Le service soins simultan\u00e9s\u00a0con\u00e7u pour ceux qui disposent de courtes p\u00e9riodes de temps. Certificats Offrez \u00e0 quelqu\u2019un, l\u2019exp\u00e9rience de beaut\u00e9 unique gr\u00e2ce \u00e0 nos\u00a0certificats cadeaux. Les membres de Fanny [&hellip;]<\/p>\n","protected":false},"author":1,"featured_media":0,"parent":0,"menu_order":0,"comment_status":"open","ping_status":"closed","template":"","meta":{"footnotes":""},"class_list":["post-215","page","type-page","status-publish","hentry"],"yoast_head":"<!-- This site is optimized with the Yoast SEO plugin v23.4 - https:\/\/yoast.com\/wordpress\/plugins\/seo\/ -->\n<title>Liste de services - Fanny of Westmount<\/title>\n<meta name=\"robots\" content=\"index, follow, max-snippet:-1, max-image-preview:large, max-video-preview:-1\" \/>\n<link rel=\"canonical\" href=\"https:\/\/fannyo.ca\/fr\/liste-de-services\/\" \/>\n<meta property=\"og:locale\" content=\"fr_CA\" \/>\n<meta property=\"og:type\" content=\"article\" \/>\n<meta property=\"og:title\" content=\"Liste de services - Fanny of Westmount\" \/>\n<meta property=\"og:description\" content=\"LE PRIVIL\u00c8GE DE LA DIFF\u00c9RENCE Forfaits Formules de traitements \u00e0 la carte, personnalis\u00e9s et adapt\u00e9s \u00e0 votre\u00a0horaire: formules-express, demi-journ\u00e9e et journ\u00e9e compl\u00e8te, sont disponibles \u00e0 votre convenance.\u00a0Le service soins simultan\u00e9s\u00a0con\u00e7u pour ceux qui disposent de courtes p\u00e9riodes de temps. Certificats Offrez \u00e0 quelqu\u2019un, l\u2019exp\u00e9rience de beaut\u00e9 unique gr\u00e2ce \u00e0 nos\u00a0certificats cadeaux. Les membres de Fanny [&hellip;]\" \/>\n<meta property=\"og:url\" content=\"https:\/\/fannyo.ca\/fr\/liste-de-services\/\" \/>\n<meta property=\"og:site_name\" content=\"Fanny of Westmount\" \/>\n<meta name=\"twitter:card\" content=\"summary_large_image\" \/>\n<meta name=\"twitter:label1\" content=\"Estimation du temps de lecture\" \/>\n\t<meta name=\"twitter:data1\" content=\"1 minute\" \/>\n<script type=\"application\/ld+json\" class=\"yoast-schema-graph\">{\"@context\":\"https:\/\/schema.org\",\"@graph\":[{\"@type\":\"WebPage\",\"@id\":\"https:\/\/fannyo.ca\/liste-de-services\/\",\"url\":\"https:\/\/fannyo.ca\/liste-de-services\/\",\"name\":\"Liste de services - Fanny of Westmount\",\"isPartOf\":{\"@id\":\"https:\/\/fannyo.ca\/#website\"},\"datePublished\":\"2012-05-08T22:33:35+00:00\",\"dateModified\":\"2012-05-08T22:33:35+00:00\",\"breadcrumb\":{\"@id\":\"https:\/\/fannyo.ca\/liste-de-services\/#breadcrumb\"},\"inLanguage\":\"fr-CA\",\"potentialAction\":[{\"@type\":\"ReadAction\",\"target\":[\"https:\/\/fannyo.ca\/liste-de-services\/\"]}]},{\"@type\":\"BreadcrumbList\",\"@id\":\"https:\/\/fannyo.ca\/liste-de-services\/#breadcrumb\",\"itemListElement\":[{\"@type\":\"ListItem\",\"position\":1,\"name\":\"Home\",\"item\":\"https:\/\/fannyo.ca\/\"},{\"@type\":\"ListItem\",\"position\":2,\"name\":\"Liste de services\"}]},{\"@type\":\"WebSite\",\"@id\":\"https:\/\/fannyo.ca\/#website\",\"url\":\"https:\/\/fannyo.ca\/\",\"name\":\"Fanny of Westmount\",\"description\":\"\",\"publisher\":{\"@id\":\"https:\/\/fannyo.ca\/#organization\"},\"potentialAction\":[{\"@type\":\"SearchAction\",\"target\":{\"@type\":\"EntryPoint\",\"urlTemplate\":\"https:\/\/fannyo.ca\/?s={search_term_string}\"},\"query-input\":{\"@type\":\"PropertyValueSpecification\",\"valueRequired\":true,\"valueName\":\"search_term_string\"}}],\"inLanguage\":\"fr-CA\"},{\"@type\":\"Organization\",\"@id\":\"https:\/\/fannyo.ca\/#organization\",\"name\":\"Fanny of Westmount\",\"url\":\"https:\/\/fannyo.ca\/\",\"logo\":{\"@type\":\"ImageObject\",\"inLanguage\":\"fr-CA\",\"@id\":\"https:\/\/fannyo.ca\/#\/schema\/logo\/image\/\",\"url\":\"https:\/\/fannyo.ca\/wp-content\/uploads\/2024\/11\/0-2.jpg\",\"contentUrl\":\"https:\/\/fannyo.ca\/wp-content\/uploads\/2024\/11\/0-2.jpg\",\"width\":1280,\"height\":304,\"caption\":\"Fanny of Westmount\"},\"image\":{\"@id\":\"https:\/\/fannyo.ca\/#\/schema\/logo\/image\/\"}}]}<\/script>\n<!-- \/ Yoast SEO plugin. -->","yoast_head_json":{"title":"Liste de services - Fanny of Westmount","robots":{"index":"index","follow":"follow","max-snippet":"max-snippet:-1","max-image-preview":"max-image-preview:large","max-video-preview":"max-video-preview:-1"},"canonical":"https:\/\/fannyo.ca\/fr\/liste-de-services\/","og_locale":"fr_CA","og_type":"article","og_title":"Liste de services - Fanny of Westmount","og_description":"LE PRIVIL\u00c8GE DE LA DIFF\u00c9RENCE Forfaits Formules de traitements \u00e0 la carte, personnalis\u00e9s et adapt\u00e9s \u00e0 votre\u00a0horaire: formules-express, demi-journ\u00e9e et journ\u00e9e compl\u00e8te, sont disponibles \u00e0 votre convenance.\u00a0Le service soins simultan\u00e9s\u00a0con\u00e7u pour ceux qui disposent de courtes p\u00e9riodes de temps. Certificats Offrez \u00e0 quelqu\u2019un, l\u2019exp\u00e9rience de beaut\u00e9 unique gr\u00e2ce \u00e0 nos\u00a0certificats cadeaux. Les membres de Fanny [&hellip;]","og_url":"https:\/\/fannyo.ca\/fr\/liste-de-services\/","og_site_name":"Fanny of Westmount","twitter_card":"summary_large_image","twitter_misc":{"Estimation du temps de lecture":"1 minute"},"schema":{"@context":"https:\/\/schema.org","@graph":[{"@type":"WebPage","@id":"https:\/\/fannyo.ca\/liste-de-services\/","url":"https:\/\/fannyo.ca\/liste-de-services\/","name":"Liste de services - Fanny of Westmount","isPartOf":{"@id":"https:\/\/fannyo.ca\/#website"},"datePublished":"2012-05-08T22:33:35+00:00","dateModified":"2012-05-08T22:33:35+00:00","breadcrumb":{"@id":"https:\/\/fannyo.ca\/liste-de-services\/#breadcrumb"},"inLanguage":"fr-CA","potentialAction":[{"@type":"ReadAction","target":["https:\/\/fannyo.ca\/liste-de-services\/"]}]},{"@type":"BreadcrumbList","@id":"https:\/\/fannyo.ca\/liste-de-services\/#breadcrumb","itemListElement":[{"@type":"ListItem","position":1,"name":"Home","item":"https:\/\/fannyo.ca\/"},{"@type":"ListItem","position":2,"name":"Liste de services"}]},{"@type":"WebSite","@id":"https:\/\/fannyo.ca\/#website","url":"https:\/\/fannyo.ca\/","name":"Fanny of Westmount","description":"","publisher":{"@id":"https:\/\/fannyo.ca\/#organization"},"potentialAction":[{"@type":"SearchAction","target":{"@type":"EntryPoint","urlTemplate":"https:\/\/fannyo.ca\/?s={search_term_string}"},"query-input":{"@type":"PropertyValueSpecification","valueRequired":true,"valueName":"search_term_string"}}],"inLanguage":"fr-CA"},{"@type":"Organization","@id":"https:\/\/fannyo.ca\/#organization","name":"Fanny of Westmount","url":"https:\/\/fannyo.ca\/","logo":{"@type":"ImageObject","inLanguage":"fr-CA","@id":"https:\/\/fannyo.ca\/#\/schema\/logo\/image\/","url":"https:\/\/fannyo.ca\/wp-content\/uploads\/2024\/11\/0-2.jpg","contentUrl":"https:\/\/fannyo.ca\/wp-content\/uploads\/2024\/11\/0-2.jpg","width":1280,"height":304,"caption":"Fanny of Westmount"},"image":{"@id":"https:\/\/fannyo.ca\/#\/schema\/logo\/image\/"}}]}},"_links":{"self":[{"href":"https:\/\/fannyo.ca\/fr\/wp-json\/wp\/v2\/pages\/215","targetHints":{"allow":["GET"]}}],"collection":[{"href":"https:\/\/fannyo.ca\/fr\/wp-json\/wp\/v2\/pages"}],"about":[{"href":"https:\/\/fannyo.ca\/fr\/wp-json\/wp\/v2\/types\/page"}],"author":[{"embeddable":true,"href":"https:\/\/fannyo.ca\/fr\/wp-json\/wp\/v2\/users\/1"}],"replies":[{"embeddable":true,"href":"https:\/\/fannyo.ca\/fr\/wp-json\/wp\/v2\/comments?post=215"}],"version-history":[{"count":0,"href":"https:\/\/fannyo.ca\/fr\/wp-json\/wp\/v2\/pages\/215\/revisions"}],"wp:attachment":[{"href":"https:\/\/fannyo.ca\/fr\/wp-json\/wp\/v2\/media?parent=215"}],"curies":[{"name":"wp","href":"https:\/\/api.w.org\/{rel}","templated":true}]}}