{"id":213,"date":"2012-05-08T22:29:45","date_gmt":"2012-05-08T22:29:45","guid":{"rendered":"http:\/\/fannyofwestmount.com\/?page_id=213"},"modified":"2012-05-08T22:29:45","modified_gmt":"2012-05-08T22:29:45","slug":"certificats-cadeaux","status":"publish","type":"page","link":"https:\/\/fannyo.ca\/fr\/certificats-cadeaux\/","title":{"rendered":"Certificats cadeaux"},"content":{"rendered":"<p><strong><a href=\"http:\/\/fannyofwestmount.com\/wp-content\/uploads\/2012\/05\/Gift-Certificate-web.jpg\"><img decoding=\"async\" class=\"alignright size-medium wp-image-439 lazyload\" title=\"Gift Certificate-web\" data-src=\"http:\/\/fannyofwestmount.com\/wp-content\/uploads\/2012\/05\/Gift-Certificate-web-208x300.jpg\" alt=\"\" width=\"208\" height=\"300\" src=\"data:image\/svg+xml;base64,PHN2ZyB3aWR0aD0iMSIgaGVpZ2h0PSIxIiB4bWxucz0iaHR0cDovL3d3dy53My5vcmcvMjAwMC9zdmciPjwvc3ZnPg==\" style=\"--smush-placeholder-width: 208px; --smush-placeholder-aspect-ratio: 208\/300;\" \/><\/a>Fanny of Westmount<\/strong> offre des certificats cadeau, disponibles en tout temps et adapt\u00e9s \u00e0 votre budget ainsi qu\u2019au go\u00fbt de la personne \u00e0 qui vous le destinez. Il nous fera plaisir d&#8217;accepter votre commande par t\u00e9l\u00e9phone, courriel ou site web. Pour des id\u00e9es \u00ab\u00e0 la carte\u00bb, un conseiller sera ravi de vous guider dans \u00ables soins qui font plaisir\u00bb.<\/p>","protected":false},"excerpt":{"rendered":"<p>Fanny of Westmount offre des certificats cadeau, disponibles en tout temps et adapt\u00e9s \u00e0 votre budget ainsi qu\u2019au go\u00fbt de la personne \u00e0 qui vous le destinez. Il nous fera plaisir d&#8217;accepter votre commande par t\u00e9l\u00e9phone, courriel ou site web. Pour des id\u00e9es \u00ab\u00e0 la carte\u00bb, un conseiller sera ravi de vous guider dans \u00ables [&hellip;]<\/p>\n","protected":false},"author":1,"featured_media":0,"parent":0,"menu_order":0,"comment_status":"open","ping_status":"closed","template":"","meta":{"footnotes":""},"class_list":["post-213","page","type-page","status-publish","hentry"],"yoast_head":"<!-- This site is optimized with the Yoast SEO plugin v23.4 - https:\/\/yoast.com\/wordpress\/plugins\/seo\/ -->\n<title>Certificats cadeaux - Fanny of Westmount<\/title>\n<meta name=\"robots\" content=\"index, follow, max-snippet:-1, max-image-preview:large, max-video-preview:-1\" \/>\n<link rel=\"canonical\" href=\"https:\/\/fannyo.ca\/fr\/certificats-cadeaux\/\" \/>\n<meta property=\"og:locale\" content=\"fr_CA\" \/>\n<meta property=\"og:type\" content=\"article\" \/>\n<meta property=\"og:title\" content=\"Certificats cadeaux - Fanny of Westmount\" \/>\n<meta property=\"og:description\" content=\"Fanny of Westmount offre des certificats cadeau, disponibles en tout temps et adapt\u00e9s \u00e0 votre budget ainsi qu\u2019au go\u00fbt de la personne \u00e0 qui vous le destinez. Il nous fera plaisir d&#8217;accepter votre commande par t\u00e9l\u00e9phone, courriel ou site web. Pour des id\u00e9es \u00ab\u00e0 la carte\u00bb, un conseiller sera ravi de vous guider dans \u00ables [&hellip;]\" \/>\n<meta property=\"og:url\" content=\"https:\/\/fannyo.ca\/fr\/certificats-cadeaux\/\" \/>\n<meta property=\"og:site_name\" content=\"Fanny of Westmount\" \/>\n<meta property=\"og:image\" content=\"http:\/\/fannyofwestmount.com\/wp-content\/uploads\/2012\/05\/Gift-Certificate-web-208x300.jpg\" \/>\n<meta name=\"twitter:card\" content=\"summary_large_image\" \/>\n<script type=\"application\/ld+json\" class=\"yoast-schema-graph\">{\"@context\":\"https:\/\/schema.org\",\"@graph\":[{\"@type\":\"WebPage\",\"@id\":\"https:\/\/fannyo.ca\/certificats-cadeaux\/\",\"url\":\"https:\/\/fannyo.ca\/certificats-cadeaux\/\",\"name\":\"Certificats cadeaux - Fanny of Westmount\",\"isPartOf\":{\"@id\":\"https:\/\/fannyo.ca\/#website\"},\"primaryImageOfPage\":{\"@id\":\"https:\/\/fannyo.ca\/certificats-cadeaux\/#primaryimage\"},\"image\":{\"@id\":\"https:\/\/fannyo.ca\/certificats-cadeaux\/#primaryimage\"},\"thumbnailUrl\":\"http:\/\/fannyofwestmount.com\/wp-content\/uploads\/2012\/05\/Gift-Certificate-web-208x300.jpg\",\"datePublished\":\"2012-05-08T22:29:45+00:00\",\"dateModified\":\"2012-05-08T22:29:45+00:00\",\"breadcrumb\":{\"@id\":\"https:\/\/fannyo.ca\/certificats-cadeaux\/#breadcrumb\"},\"inLanguage\":\"fr-CA\",\"potentialAction\":[{\"@type\":\"ReadAction\",\"target\":[\"https:\/\/fannyo.ca\/certificats-cadeaux\/\"]}]},{\"@type\":\"ImageObject\",\"inLanguage\":\"fr-CA\",\"@id\":\"https:\/\/fannyo.ca\/certificats-cadeaux\/#primaryimage\",\"url\":\"http:\/\/fannyofwestmount.com\/wp-content\/uploads\/2012\/05\/Gift-Certificate-web-208x300.jpg\",\"contentUrl\":\"http:\/\/fannyofwestmount.com\/wp-content\/uploads\/2012\/05\/Gift-Certificate-web-208x300.jpg\"},{\"@type\":\"BreadcrumbList\",\"@id\":\"https:\/\/fannyo.ca\/certificats-cadeaux\/#breadcrumb\",\"itemListElement\":[{\"@type\":\"ListItem\",\"position\":1,\"name\":\"Home\",\"item\":\"https:\/\/fannyo.ca\/\"},{\"@type\":\"ListItem\",\"position\":2,\"name\":\"Certificats cadeaux\"}]},{\"@type\":\"WebSite\",\"@id\":\"https:\/\/fannyo.ca\/#website\",\"url\":\"https:\/\/fannyo.ca\/\",\"name\":\"Fanny of Westmount\",\"description\":\"\",\"publisher\":{\"@id\":\"https:\/\/fannyo.ca\/#organization\"},\"potentialAction\":[{\"@type\":\"SearchAction\",\"target\":{\"@type\":\"EntryPoint\",\"urlTemplate\":\"https:\/\/fannyo.ca\/?s={search_term_string}\"},\"query-input\":{\"@type\":\"PropertyValueSpecification\",\"valueRequired\":true,\"valueName\":\"search_term_string\"}}],\"inLanguage\":\"fr-CA\"},{\"@type\":\"Organization\",\"@id\":\"https:\/\/fannyo.ca\/#organization\",\"name\":\"Fanny of Westmount\",\"url\":\"https:\/\/fannyo.ca\/\",\"logo\":{\"@type\":\"ImageObject\",\"inLanguage\":\"fr-CA\",\"@id\":\"https:\/\/fannyo.ca\/#\/schema\/logo\/image\/\",\"url\":\"https:\/\/fannyo.ca\/wp-content\/uploads\/2024\/11\/0-2.jpg\",\"contentUrl\":\"https:\/\/fannyo.ca\/wp-content\/uploads\/2024\/11\/0-2.jpg\",\"width\":1280,\"height\":304,\"caption\":\"Fanny of Westmount\"},\"image\":{\"@id\":\"https:\/\/fannyo.ca\/#\/schema\/logo\/image\/\"}}]}<\/script>\n<!-- \/ Yoast SEO plugin. -->","yoast_head_json":{"title":"Certificats cadeaux - Fanny of Westmount","robots":{"index":"index","follow":"follow","max-snippet":"max-snippet:-1","max-image-preview":"max-image-preview:large","max-video-preview":"max-video-preview:-1"},"canonical":"https:\/\/fannyo.ca\/fr\/certificats-cadeaux\/","og_locale":"fr_CA","og_type":"article","og_title":"Certificats cadeaux - Fanny of Westmount","og_description":"Fanny of Westmount offre des certificats cadeau, disponibles en tout temps et adapt\u00e9s \u00e0 votre budget ainsi qu\u2019au go\u00fbt de la personne \u00e0 qui vous le destinez. Il nous fera plaisir d&#8217;accepter votre commande par t\u00e9l\u00e9phone, courriel ou site web. Pour des id\u00e9es \u00ab\u00e0 la carte\u00bb, un conseiller sera ravi de vous guider dans \u00ables [&hellip;]","og_url":"https:\/\/fannyo.ca\/fr\/certificats-cadeaux\/","og_site_name":"Fanny of Westmount","og_image":[{"url":"http:\/\/fannyofwestmount.com\/wp-content\/uploads\/2012\/05\/Gift-Certificate-web-208x300.jpg"}],"twitter_card":"summary_large_image","schema":{"@context":"https:\/\/schema.org","@graph":[{"@type":"WebPage","@id":"https:\/\/fannyo.ca\/certificats-cadeaux\/","url":"https:\/\/fannyo.ca\/certificats-cadeaux\/","name":"Certificats cadeaux - Fanny of Westmount","isPartOf":{"@id":"https:\/\/fannyo.ca\/#website"},"primaryImageOfPage":{"@id":"https:\/\/fannyo.ca\/certificats-cadeaux\/#primaryimage"},"image":{"@id":"https:\/\/fannyo.ca\/certificats-cadeaux\/#primaryimage"},"thumbnailUrl":"http:\/\/fannyofwestmount.com\/wp-content\/uploads\/2012\/05\/Gift-Certificate-web-208x300.jpg","datePublished":"2012-05-08T22:29:45+00:00","dateModified":"2012-05-08T22:29:45+00:00","breadcrumb":{"@id":"https:\/\/fannyo.ca\/certificats-cadeaux\/#breadcrumb"},"inLanguage":"fr-CA","potentialAction":[{"@type":"ReadAction","target":["https:\/\/fannyo.ca\/certificats-cadeaux\/"]}]},{"@type":"ImageObject","inLanguage":"fr-CA","@id":"https:\/\/fannyo.ca\/certificats-cadeaux\/#primaryimage","url":"http:\/\/fannyofwestmount.com\/wp-content\/uploads\/2012\/05\/Gift-Certificate-web-208x300.jpg","contentUrl":"http:\/\/fannyofwestmount.com\/wp-content\/uploads\/2012\/05\/Gift-Certificate-web-208x300.jpg"},{"@type":"BreadcrumbList","@id":"https:\/\/fannyo.ca\/certificats-cadeaux\/#breadcrumb","itemListElement":[{"@type":"ListItem","position":1,"name":"Home","item":"https:\/\/fannyo.ca\/"},{"@type":"ListItem","position":2,"name":"Certificats cadeaux"}]},{"@type":"WebSite","@id":"https:\/\/fannyo.ca\/#website","url":"https:\/\/fannyo.ca\/","name":"Fanny of Westmount","description":"","publisher":{"@id":"https:\/\/fannyo.ca\/#organization"},"potentialAction":[{"@type":"SearchAction","target":{"@type":"EntryPoint","urlTemplate":"https:\/\/fannyo.ca\/?s={search_term_string}"},"query-input":{"@type":"PropertyValueSpecification","valueRequired":true,"valueName":"search_term_string"}}],"inLanguage":"fr-CA"},{"@type":"Organization","@id":"https:\/\/fannyo.ca\/#organization","name":"Fanny of Westmount","url":"https:\/\/fannyo.ca\/","logo":{"@type":"ImageObject","inLanguage":"fr-CA","@id":"https:\/\/fannyo.ca\/#\/schema\/logo\/image\/","url":"https:\/\/fannyo.ca\/wp-content\/uploads\/2024\/11\/0-2.jpg","contentUrl":"https:\/\/fannyo.ca\/wp-content\/uploads\/2024\/11\/0-2.jpg","width":1280,"height":304,"caption":"Fanny of Westmount"},"image":{"@id":"https:\/\/fannyo.ca\/#\/schema\/logo\/image\/"}}]}},"_links":{"self":[{"href":"https:\/\/fannyo.ca\/fr\/wp-json\/wp\/v2\/pages\/213","targetHints":{"allow":["GET"]}}],"collection":[{"href":"https:\/\/fannyo.ca\/fr\/wp-json\/wp\/v2\/pages"}],"about":[{"href":"https:\/\/fannyo.ca\/fr\/wp-json\/wp\/v2\/types\/page"}],"author":[{"embeddable":true,"href":"https:\/\/fannyo.ca\/fr\/wp-json\/wp\/v2\/users\/1"}],"replies":[{"embeddable":true,"href":"https:\/\/fannyo.ca\/fr\/wp-json\/wp\/v2\/comments?post=213"}],"version-history":[{"count":0,"href":"https:\/\/fannyo.ca\/fr\/wp-json\/wp\/v2\/pages\/213\/revisions"}],"wp:attachment":[{"href":"https:\/\/fannyo.ca\/fr\/wp-json\/wp\/v2\/media?parent=213"}],"curies":[{"name":"wp","href":"https:\/\/api.w.org\/{rel}","templated":true}]}}