{"id":206,"date":"2012-05-08T22:26:22","date_gmt":"2012-05-08T22:26:22","guid":{"rendered":"http:\/\/fannyofwestmount.com\/?page_id=206"},"modified":"2012-05-08T22:26:22","modified_gmt":"2012-05-08T22:26:22","slug":"coiffure","status":"publish","type":"page","link":"https:\/\/fannyo.ca\/fr\/services-pour-hommes\/coiffure\/","title":{"rendered":"Coiffure"},"content":{"rendered":"<h2>Homme d\u2019action<\/h2>\n<p><a href=\"http:\/\/fannyofwestmount.com\/wp-content\/uploads\/2012\/04\/Mark.png\"><img decoding=\"async\" class=\"size-full wp-image-510 alignleft lazyload\" title=\"Mark\" data-src=\"http:\/\/fannyofwestmount.com\/wp-content\/uploads\/2012\/04\/Mark.png\" alt=\"\" width=\"182\" height=\"294\" src=\"data:image\/svg+xml;base64,PHN2ZyB3aWR0aD0iMSIgaGVpZ2h0PSIxIiB4bWxucz0iaHR0cDovL3d3dy53My5vcmcvMjAwMC9zdmciPjwvc3ZnPg==\" style=\"--smush-placeholder-width: 182px; --smush-placeholder-aspect-ratio: 182\/294;\" \/><\/a>Lorsqu\u2019on se sent \u00e0 son meilleur, on se distingue du reste. \u00c0 titre d\u2019homme actif et moderne, laissez-nous savoir ce que vous souhaitez et nous serons heureux de vous concocter une formule sur mesure.<\/p>\n<p>Nos professionnels prendront le temps de saisir vos besoins et de s\u2019assurer de votre confort, tout au long de votre exp\u00e9rience au Spa. Que ce soit une premi\u00e8re fois parmi nous ou que vous soyez un client fid\u00e8le, nous sommes \u00e0 votre disposition pour r\u00e9pondre aux questions les plus pointues et vous fournir une assistance experte.<\/p>\n<h3>Coupe et Style<\/h3>\n<p>Remettez votre chevelure entre les mains expertes de notre salon pour une vision artistique s\u2019inspirant des nouvelles tendances, tout en restant fid\u00e8le \u00e0 votre propre style.<\/p>\n<table>\n<thead>\n<tr>\n<th><\/th>\n<th>\u00c0 partir de<\/th>\n<\/tr>\n<\/thead>\n<tbody>\n<tr>\n<td>Consultation<\/td>\n<td>sans frais<\/td>\n<\/tr>\n<tr>\n<td>M\u00e9tamorphose<br \/>\n(cheveux, maquillage et style)<\/td>\n<td>sur \u00e9valuation<\/td>\n<\/tr>\n<tr>\n<td>Coupe et brushing par Fanny<\/td>\n<td>$86<\/td>\n<\/tr>\n<tr>\n<td>Coupe et mise en plis pour Hommes<\/td>\n<td>$30<\/td>\n<\/tr>\n<tr>\n<td>Mise en plis (brushing)<\/td>\n<td>$30<\/td>\n<\/tr>\n<tr>\n<td>Cr\u00e9ation Haute Coiffure, Sc\u00e8ne, Gala<\/td>\n<td>$45 \u00e0 $90<\/td>\n<\/tr>\n<tr>\n<td>Cr\u00e9ation Haute Coiffure par Fanny<\/td>\n<td>$85 \u00e0 $250<\/td>\n<\/tr>\n<tr>\n<td>Coupe pour Fillette \/ Gar\u00e7on (5 \u00e0 12 ans)<\/td>\n<td>$45 \/ $30<\/td>\n<\/tr>\n<tr>\n<td>Coupe pour enfants de moins de 5 ans accompagn\u00e9s d\u2019un adulte recevant un service de coiffure.<\/td>\n<td>sans frais<\/td>\n<\/tr>\n<\/tbody>\n<\/table>\n<p><small>*L\u2019\u00e9chelle de tarifs varie selon l\u2019anciennet\u00e9 des stylistes.<\/small><\/p>\n<h3>Couleur et Brillance<\/h3>\n<p>Nos experts coloristes \u00e9laboreront avec vous une nuance de coloration personnalis\u00e9e. Nous utilisons des produits doux et naturels, pour vous assurer une chevelure saine.<\/p>\n<table>\n<thead>\n<tr>\n<th><\/th>\n<th>\u00c0 partir de<\/th>\n<\/tr>\n<\/thead>\n<tbody>\n<tr>\n<td>Consultation<\/td>\n<td>Sans frais<\/td>\n<\/tr>\n<tr>\n<td>Quelques reflets<\/td>\n<td>$45<\/td>\n<\/tr>\n<tr>\n<td>Reflets partiels<\/td>\n<td>$75<\/td>\n<\/tr>\n<tr>\n<td>Reflets complets<\/td>\n<td>$120<\/td>\n<\/tr>\n<tr>\n<td>Vernis (v\u00e9g\u00e9tal neutre ou colorant)<\/td>\n<td>$47<\/td>\n<\/tr>\n<tr>\n<td>Colorant v\u00e9g\u00e9tal (ou coloration)<\/td>\n<td>$57<\/td>\n<\/tr>\n<tr>\n<td>Correction de couleur<\/td>\n<td>$90<\/td>\n<\/tr>\n<tr>\n<td>Permanente: spirale, vague, volume<\/td>\n<td>$95 \u00e0 155<\/td>\n<\/tr>\n<tr>\n<td>Relaxant (formule exclusive cheveux fris\u00e9s)<\/td>\n<td>$95 \u00e0 155<\/td>\n<\/tr>\n<\/tbody>\n<\/table>\n<h3>Soins Capillaires<\/h3>\n<p><a href=\"http:\/\/fannyofwestmount.com\/wp-content\/uploads\/2012\/04\/Men_hair.jpg\"><img decoding=\"async\" class=\"alignright size-medium wp-image-511 lazyload\" title=\"Men_hair\" data-src=\"http:\/\/fannyofwestmount.com\/wp-content\/uploads\/2012\/04\/Men_hair-300x235.jpg\" alt=\"\" width=\"300\" height=\"235\" src=\"data:image\/svg+xml;base64,PHN2ZyB3aWR0aD0iMSIgaGVpZ2h0PSIxIiB4bWxucz0iaHR0cDovL3d3dy53My5vcmcvMjAwMC9zdmciPjwvc3ZnPg==\" style=\"--smush-placeholder-width: 300px; --smush-placeholder-aspect-ratio: 300\/235;\" \/><\/a>En privil\u00e9giant les produits naturels de la plus haute qualit\u00e9, nous avons d\u00e9velopp\u00e9 une gamme de traitements capillaires pour femme et homme qui peut pr\u00e9venir et r\u00e9soudre la plupart des probl\u00e8mes li\u00e9s \u00e0 la sant\u00e9 du cheveu.<\/p>\n<table>\n<thead>\n<tr>\n<th><\/th>\n<th>\u00c0 partir de<\/th>\n<\/tr>\n<\/thead>\n<tbody>\n<tr>\n<td>Massage th\u00e9rapeutique du cuir chevelu aux huiles essentielles<\/td>\n<td>$59<\/td>\n<\/tr>\n<tr>\n<td>Gommage exfoliant du cuir chevelu<\/td>\n<td>$53<\/td>\n<\/tr>\n<tr>\n<td>Pellicules, cuir chevelu sec ou gras<\/td>\n<td>$60<\/td>\n<\/tr>\n<tr>\n<td>Psoriasis, ecz\u00e9ma, cheveu et cuir chevelu d\u00e9shydrat\u00e9<\/td>\n<td>$39 \u00e0 $59<\/td>\n<\/tr>\n<tr>\n<td>Perte de cheveux<\/td>\n<td>$53<\/td>\n<\/tr>\n<tr>\n<td>Traitement K\u00e9ratine lissant et r\u00e9parateur 0% formald\u00e9hyde<\/td>\n<td>$350 \u00e0 $1100<\/td>\n<\/tr>\n<\/tbody>\n<\/table>\n<h3>Massage du cuir chevelu<\/h3>\n<p>Le traitement du cuir chevelu avec massage et serviettes chaudes contribuera \u00e0 rel\u00e2cher vos tensions. Notre formule magique reconstituante est id\u00e9ale pour les cheveux ternes. Vos cheveux seront remarquablement soyeux, doux et sains.<\/p>\n<h3>L\u2019Art du Rasage<\/h3>\n<p>Une m\u00e9thode classique, qui assure le plus doux et raffin\u00e9 des rasages. \u00c0 la lame, avec serviette chaude. Votre peau sera douce, hydrat\u00e9e et souple.<\/p>\n<ul>\n<li><a title=\"Contact\" href=\"http:\/\/fannyofwestmount.com\/contact\/\">Prenez rendez-vous d\u00e8s aujourd\u2019hui<\/a><\/li>\n<li><a title=\"Certificats cadeaux\" href=\"http:\/\/fannyofwestmount.com\/gift-certificates\/\">Certificats cadeau<\/a><\/li>\n<li><a title=\"Express Services\" href=\"http:\/\/fannyofwestmount.com\/additional-services\/express-services\/\">Services Express<\/a> et <a title=\"V.I.P. Special Events\" href=\"http:\/\/fannyofwestmount.com\/v-i-p-special-events\/\">Services VIP<\/a><\/li>\n<li><a title=\"Liste de prix\" href=\"http:\/\/fannyofwestmount.com\/price-list\/\">Liste compl\u00e8te des prix<\/a><\/li>\n<\/ul>","protected":false},"excerpt":{"rendered":"<p>Homme d\u2019action Lorsqu\u2019on se sent \u00e0 son meilleur, on se distingue du reste. \u00c0 titre d\u2019homme actif et moderne, laissez-nous savoir ce que vous souhaitez et nous serons heureux de vous concocter une formule sur mesure. Nos professionnels prendront le temps de saisir vos besoins et de s\u2019assurer de votre confort, tout au long de [&hellip;]<\/p>","protected":false},"author":1,"featured_media":0,"parent":189,"menu_order":0,"comment_status":"open","ping_status":"closed","template":"","meta":{"footnotes":""},"class_list":["post-206","page","type-page","status-publish","hentry"],"yoast_head":"<!-- This site is optimized with the Yoast SEO plugin v23.4 - https:\/\/yoast.com\/wordpress\/plugins\/seo\/ -->\n<title>Coiffure - Fanny of Westmount<\/title>\n<meta name=\"robots\" content=\"index, follow, max-snippet:-1, max-image-preview:large, max-video-preview:-1\" \/>\n<link rel=\"canonical\" href=\"https:\/\/fannyo.ca\/fr\/services-pour-hommes\/coiffure\/\" \/>\n<meta property=\"og:locale\" content=\"fr_CA\" \/>\n<meta property=\"og:type\" content=\"article\" \/>\n<meta property=\"og:title\" content=\"Coiffure - Fanny of Westmount\" \/>\n<meta property=\"og:description\" content=\"Homme d\u2019action Lorsqu\u2019on se sent \u00e0 son meilleur, on se distingue du reste. \u00c0 titre d\u2019homme actif et moderne, laissez-nous savoir ce que vous souhaitez et nous serons heureux de vous concocter une formule sur mesure. Nos professionnels prendront le temps de saisir vos besoins et de s\u2019assurer de votre confort, tout au long de [&hellip;]\" \/>\n<meta property=\"og:url\" content=\"https:\/\/fannyo.ca\/fr\/services-pour-hommes\/coiffure\/\" \/>\n<meta property=\"og:site_name\" content=\"Fanny of Westmount\" \/>\n<meta property=\"og:image\" content=\"http:\/\/fannyofwestmount.com\/wp-content\/uploads\/2012\/04\/Mark.png\" \/>\n<meta name=\"twitter:card\" content=\"summary_large_image\" \/>\n<meta name=\"twitter:label1\" content=\"Estimation du temps de lecture\" \/>\n\t<meta name=\"twitter:data1\" content=\"2 minutes\" \/>\n<script type=\"application\/ld+json\" class=\"yoast-schema-graph\">{\"@context\":\"https:\/\/schema.org\",\"@graph\":[{\"@type\":\"WebPage\",\"@id\":\"https:\/\/fannyo.ca\/fr\/services-pour-hommes\/coiffure\/\",\"url\":\"https:\/\/fannyo.ca\/fr\/services-pour-hommes\/coiffure\/\",\"name\":\"Coiffure - Fanny of Westmount\",\"isPartOf\":{\"@id\":\"https:\/\/fannyo.ca\/#website\"},\"primaryImageOfPage\":{\"@id\":\"https:\/\/fannyo.ca\/fr\/services-pour-hommes\/coiffure\/#primaryimage\"},\"image\":{\"@id\":\"https:\/\/fannyo.ca\/fr\/services-pour-hommes\/coiffure\/#primaryimage\"},\"thumbnailUrl\":\"http:\/\/fannyofwestmount.com\/wp-content\/uploads\/2012\/04\/Mark.png\",\"datePublished\":\"2012-05-08T22:26:22+00:00\",\"dateModified\":\"2012-05-08T22:26:22+00:00\",\"breadcrumb\":{\"@id\":\"https:\/\/fannyo.ca\/fr\/services-pour-hommes\/coiffure\/#breadcrumb\"},\"inLanguage\":\"fr-CA\",\"potentialAction\":[{\"@type\":\"ReadAction\",\"target\":[\"https:\/\/fannyo.ca\/fr\/services-pour-hommes\/coiffure\/\"]}]},{\"@type\":\"ImageObject\",\"inLanguage\":\"fr-CA\",\"@id\":\"https:\/\/fannyo.ca\/fr\/services-pour-hommes\/coiffure\/#primaryimage\",\"url\":\"http:\/\/fannyofwestmount.com\/wp-content\/uploads\/2012\/04\/Mark.png\",\"contentUrl\":\"http:\/\/fannyofwestmount.com\/wp-content\/uploads\/2012\/04\/Mark.png\"},{\"@type\":\"BreadcrumbList\",\"@id\":\"https:\/\/fannyo.ca\/fr\/services-pour-hommes\/coiffure\/#breadcrumb\",\"itemListElement\":[{\"@type\":\"ListItem\",\"position\":1,\"name\":\"Home\",\"item\":\"https:\/\/fannyo.ca\/\"},{\"@type\":\"ListItem\",\"position\":2,\"name\":\"Services pour Hommes\",\"item\":\"https:\/\/fannyo.ca\/fr\/services-pour-hommes\/\"},{\"@type\":\"ListItem\",\"position\":3,\"name\":\"Coiffure\"}]},{\"@type\":\"WebSite\",\"@id\":\"https:\/\/fannyo.ca\/#website\",\"url\":\"https:\/\/fannyo.ca\/\",\"name\":\"Fanny of Westmount\",\"description\":\"\",\"publisher\":{\"@id\":\"https:\/\/fannyo.ca\/#organization\"},\"potentialAction\":[{\"@type\":\"SearchAction\",\"target\":{\"@type\":\"EntryPoint\",\"urlTemplate\":\"https:\/\/fannyo.ca\/?s={search_term_string}\"},\"query-input\":{\"@type\":\"PropertyValueSpecification\",\"valueRequired\":true,\"valueName\":\"search_term_string\"}}],\"inLanguage\":\"fr-CA\"},{\"@type\":\"Organization\",\"@id\":\"https:\/\/fannyo.ca\/#organization\",\"name\":\"Fanny of Westmount\",\"url\":\"https:\/\/fannyo.ca\/\",\"logo\":{\"@type\":\"ImageObject\",\"inLanguage\":\"fr-CA\",\"@id\":\"https:\/\/fannyo.ca\/#\/schema\/logo\/image\/\",\"url\":\"https:\/\/fannyo.ca\/wp-content\/uploads\/2024\/11\/0-2.jpg\",\"contentUrl\":\"https:\/\/fannyo.ca\/wp-content\/uploads\/2024\/11\/0-2.jpg\",\"width\":1280,\"height\":304,\"caption\":\"Fanny of Westmount\"},\"image\":{\"@id\":\"https:\/\/fannyo.ca\/#\/schema\/logo\/image\/\"}}]}<\/script>\n<!-- \/ Yoast SEO plugin. -->","yoast_head_json":{"title":"Coiffure - Fanny of Westmount","robots":{"index":"index","follow":"follow","max-snippet":"max-snippet:-1","max-image-preview":"max-image-preview:large","max-video-preview":"max-video-preview:-1"},"canonical":"https:\/\/fannyo.ca\/fr\/services-pour-hommes\/coiffure\/","og_locale":"fr_CA","og_type":"article","og_title":"Coiffure - Fanny of Westmount","og_description":"Homme d\u2019action Lorsqu\u2019on se sent \u00e0 son meilleur, on se distingue du reste. \u00c0 titre d\u2019homme actif et moderne, laissez-nous savoir ce que vous souhaitez et nous serons heureux de vous concocter une formule sur mesure. Nos professionnels prendront le temps de saisir vos besoins et de s\u2019assurer de votre confort, tout au long de [&hellip;]","og_url":"https:\/\/fannyo.ca\/fr\/services-pour-hommes\/coiffure\/","og_site_name":"Fanny of Westmount","og_image":[{"url":"http:\/\/fannyofwestmount.com\/wp-content\/uploads\/2012\/04\/Mark.png"}],"twitter_card":"summary_large_image","twitter_misc":{"Estimation du temps de lecture":"2 minutes"},"schema":{"@context":"https:\/\/schema.org","@graph":[{"@type":"WebPage","@id":"https:\/\/fannyo.ca\/fr\/services-pour-hommes\/coiffure\/","url":"https:\/\/fannyo.ca\/fr\/services-pour-hommes\/coiffure\/","name":"Coiffure - Fanny of Westmount","isPartOf":{"@id":"https:\/\/fannyo.ca\/#website"},"primaryImageOfPage":{"@id":"https:\/\/fannyo.ca\/fr\/services-pour-hommes\/coiffure\/#primaryimage"},"image":{"@id":"https:\/\/fannyo.ca\/fr\/services-pour-hommes\/coiffure\/#primaryimage"},"thumbnailUrl":"http:\/\/fannyofwestmount.com\/wp-content\/uploads\/2012\/04\/Mark.png","datePublished":"2012-05-08T22:26:22+00:00","dateModified":"2012-05-08T22:26:22+00:00","breadcrumb":{"@id":"https:\/\/fannyo.ca\/fr\/services-pour-hommes\/coiffure\/#breadcrumb"},"inLanguage":"fr-CA","potentialAction":[{"@type":"ReadAction","target":["https:\/\/fannyo.ca\/fr\/services-pour-hommes\/coiffure\/"]}]},{"@type":"ImageObject","inLanguage":"fr-CA","@id":"https:\/\/fannyo.ca\/fr\/services-pour-hommes\/coiffure\/#primaryimage","url":"http:\/\/fannyofwestmount.com\/wp-content\/uploads\/2012\/04\/Mark.png","contentUrl":"http:\/\/fannyofwestmount.com\/wp-content\/uploads\/2012\/04\/Mark.png"},{"@type":"BreadcrumbList","@id":"https:\/\/fannyo.ca\/fr\/services-pour-hommes\/coiffure\/#breadcrumb","itemListElement":[{"@type":"ListItem","position":1,"name":"Home","item":"https:\/\/fannyo.ca\/"},{"@type":"ListItem","position":2,"name":"Services pour Hommes","item":"https:\/\/fannyo.ca\/fr\/services-pour-hommes\/"},{"@type":"ListItem","position":3,"name":"Coiffure"}]},{"@type":"WebSite","@id":"https:\/\/fannyo.ca\/#website","url":"https:\/\/fannyo.ca\/","name":"Fanny of Westmount","description":"","publisher":{"@id":"https:\/\/fannyo.ca\/#organization"},"potentialAction":[{"@type":"SearchAction","target":{"@type":"EntryPoint","urlTemplate":"https:\/\/fannyo.ca\/?s={search_term_string}"},"query-input":{"@type":"PropertyValueSpecification","valueRequired":true,"valueName":"search_term_string"}}],"inLanguage":"fr-CA"},{"@type":"Organization","@id":"https:\/\/fannyo.ca\/#organization","name":"Fanny of Westmount","url":"https:\/\/fannyo.ca\/","logo":{"@type":"ImageObject","inLanguage":"fr-CA","@id":"https:\/\/fannyo.ca\/#\/schema\/logo\/image\/","url":"https:\/\/fannyo.ca\/wp-content\/uploads\/2024\/11\/0-2.jpg","contentUrl":"https:\/\/fannyo.ca\/wp-content\/uploads\/2024\/11\/0-2.jpg","width":1280,"height":304,"caption":"Fanny of Westmount"},"image":{"@id":"https:\/\/fannyo.ca\/#\/schema\/logo\/image\/"}}]}},"_links":{"self":[{"href":"https:\/\/fannyo.ca\/fr\/wp-json\/wp\/v2\/pages\/206","targetHints":{"allow":["GET"]}}],"collection":[{"href":"https:\/\/fannyo.ca\/fr\/wp-json\/wp\/v2\/pages"}],"about":[{"href":"https:\/\/fannyo.ca\/fr\/wp-json\/wp\/v2\/types\/page"}],"author":[{"embeddable":true,"href":"https:\/\/fannyo.ca\/fr\/wp-json\/wp\/v2\/users\/1"}],"replies":[{"embeddable":true,"href":"https:\/\/fannyo.ca\/fr\/wp-json\/wp\/v2\/comments?post=206"}],"version-history":[{"count":0,"href":"https:\/\/fannyo.ca\/fr\/wp-json\/wp\/v2\/pages\/206\/revisions"}],"up":[{"embeddable":true,"href":"https:\/\/fannyo.ca\/fr\/wp-json\/wp\/v2\/pages\/189"}],"wp:attachment":[{"href":"https:\/\/fannyo.ca\/fr\/wp-json\/wp\/v2\/media?parent=206"}],"curies":[{"name":"wp","href":"https:\/\/api.w.org\/{rel}","templated":true}]}}