{"id":204,"date":"2012-05-08T22:28:21","date_gmt":"2012-05-08T22:28:21","guid":{"rendered":"http:\/\/fannyofwestmount.com\/?page_id=204"},"modified":"2025-05-28T17:43:04","modified_gmt":"2025-05-28T17:43:04","slug":"fanny-of-westmount","status":"publish","type":"page","link":"https:\/\/fannyo.ca\/fr\/fanny-of-westmount\/","title":{"rendered":"Contact"},"content":{"rendered":"<h1 class=\"wp-block-heading\">Fanny of Westmount<\/h1>\n\n\n\n<p>5215 rue Sherbrooke ouest<br>Montr\u00e9al (Qu\u00e9bec) H4A 1T7 Canada<\/p>\n\n\n\n<p>Call only:\u00a0<strong>514 482-5824<br>For urgent services call or text: 514 944-7543<\/strong><br>Fax: 514 482-1200<\/p>\n\n\n\n<p>Email:&nbsp;<a href=\"mailto:fanny@fannyofwestmount.com\">fanny@fannyofwestmount.com<\/a><br>Facebook:<a href=\"http:\/\/www.facebook.com\/FannyOfWestmount\">&nbsp;facebook.com\/fannyofwestmount<\/a><br>X\/Twitter:&nbsp;<a href=\"http:\/\/twitter.com\/fannywestmount\">@FannyWestmount<\/a><\/p>\n\n\n\n<h2 class=\"wp-block-heading\">Heures d'ouverture<\/h2>\n\n\n\n<figure class=\"wp-block-table\"><table class=\"has-fixed-layout\"><tbody><tr><td>Lundi<\/td><td>9\u202fam &#8211; 7\u202fpm<\/td><\/tr><tr><td>Mardi<\/td><td>9\u202fam \u2013 7\u202fpm<\/td><\/tr><tr><td>Mercredi<\/td><td>9\u202fam \u2013 7\u202fpm<\/td><\/tr><tr><td>Jeudi<\/td><td>9\u202fam \u2013 9\u202fpm.<\/td><\/tr><tr><td>Vendredi<\/td><td>9\u202fa.m.\u20136\u202fp.m.<\/td><\/tr><tr><td>Samedi<\/td><td>Ferm\u00e9<\/td><\/tr><tr><td>Dimanche<\/td><td>9\u202fa.m.\u20137\u202fp.m.<\/td><\/tr><\/tbody><\/table><\/figure>\n\n\n\n<p><\/p>\n\n\n\n<p><strong>Veuillez nous informer de toute annulation 24 heures \u00e0 l'avance, faute de quoi des frais d'annulation pourront \u00eatre appliqu\u00e9s.<\/strong><\/p>\n\n\n\n<p><strong>Fixer un rendez-vous en dehors des heures d'ouverture* : Du lundi au dimanche, ouverture \u00e0 9 heures<\/strong><\/p>\n\n\n\n<p>*<em>*Veuillez noter que les heures d'ouverture et les prix sont susceptibles d'\u00eatre modifi\u00e9s. Nos prix pour les services offerts en dehors de nos heures d'ouverture et en dehors du salon varient. La dur\u00e9e de chaque traitement est approximative. Vous pouvez demander des employ\u00e9s sp\u00e9cifiques.<\/em><\/p>\n\n\n\n<p><\/p>","protected":false},"excerpt":{"rendered":"<p>Fanny of Westmount 5215 rue Sherbrooke ouestMontr\u00e9al (Qu\u00e9bec) H4A 1T7 Canada Call only:\u00a0514 482-5824For urgent services call or text: 514 944-7543Fax: 514 482-1200 Email:&nbsp;fanny@fannyofwestmount.comFacebook:&nbsp;facebook.com\/fannyofwestmountX\/Twitter:&nbsp;@FannyWestmount Hours of operation Monday 9\u202fam &#8211; 7\u202fpm Tuesday 9\u202fam \u2013 7\u202fpm Wednesday 9\u202fam \u2013 7\u202fpm Thursday 9\u202fam \u2013 9\u202fpm. Friday 9\u202fa.m.\u20136\u202fp.m. Saturday Closed Sunday 9\u202fa.m.\u20137\u202fp.m. Please notify us of any cancellation [&hellip;]<\/p>\n","protected":false},"author":1,"featured_media":0,"parent":0,"menu_order":0,"comment_status":"open","ping_status":"closed","template":"","meta":{"footnotes":""},"class_list":["post-204","page","type-page","status-publish","hentry"],"yoast_head":"<!-- This site is optimized with the Yoast SEO plugin v23.4 - https:\/\/yoast.com\/wordpress\/plugins\/seo\/ -->\n<title>Contact - Fanny of Westmount<\/title>\n<meta name=\"robots\" content=\"index, follow, max-snippet:-1, max-image-preview:large, max-video-preview:-1\" \/>\n<link rel=\"canonical\" href=\"https:\/\/fannyo.ca\/fr\/fanny-of-westmount\/\" \/>\n<meta property=\"og:locale\" content=\"fr_CA\" \/>\n<meta property=\"og:type\" content=\"article\" \/>\n<meta property=\"og:title\" content=\"Contact - Fanny of Westmount\" \/>\n<meta property=\"og:description\" content=\"Fanny of Westmount 5215 rue Sherbrooke ouestMontr\u00e9al (Qu\u00e9bec) H4A 1T7 Canada Call only:\u00a0514 482-5824For urgent services call or text: 514 944-7543Fax: 514 482-1200 Email:&nbsp;fanny@fannyofwestmount.comFacebook:&nbsp;facebook.com\/fannyofwestmountX\/Twitter:&nbsp;@FannyWestmount Hours of operation Monday 9\u202fam &#8211; 7\u202fpm Tuesday 9\u202fam \u2013 7\u202fpm Wednesday 9\u202fam \u2013 7\u202fpm Thursday 9\u202fam \u2013 9\u202fpm. Friday 9\u202fa.m.\u20136\u202fp.m. Saturday Closed Sunday 9\u202fa.m.\u20137\u202fp.m. Please notify us of any cancellation [&hellip;]\" \/>\n<meta property=\"og:url\" content=\"https:\/\/fannyo.ca\/fr\/fanny-of-westmount\/\" \/>\n<meta property=\"og:site_name\" content=\"Fanny of Westmount\" \/>\n<meta property=\"article:modified_time\" content=\"2025-05-28T17:43:04+00:00\" \/>\n<meta name=\"twitter:card\" content=\"summary_large_image\" \/>\n<meta name=\"twitter:label1\" content=\"Estimation du temps de lecture\" \/>\n\t<meta name=\"twitter:data1\" content=\"1 minute\" \/>\n<script type=\"application\/ld+json\" class=\"yoast-schema-graph\">{\"@context\":\"https:\/\/schema.org\",\"@graph\":[{\"@type\":\"WebPage\",\"@id\":\"https:\/\/fannyo.ca\/fanny-of-westmount\/\",\"url\":\"https:\/\/fannyo.ca\/fanny-of-westmount\/\",\"name\":\"Contact - Fanny of Westmount\",\"isPartOf\":{\"@id\":\"https:\/\/fannyo.ca\/#website\"},\"datePublished\":\"2012-05-08T22:28:21+00:00\",\"dateModified\":\"2025-05-28T17:43:04+00:00\",\"breadcrumb\":{\"@id\":\"https:\/\/fannyo.ca\/fanny-of-westmount\/#breadcrumb\"},\"inLanguage\":\"fr-CA\",\"potentialAction\":[{\"@type\":\"ReadAction\",\"target\":[\"https:\/\/fannyo.ca\/fanny-of-westmount\/\"]}]},{\"@type\":\"BreadcrumbList\",\"@id\":\"https:\/\/fannyo.ca\/fanny-of-westmount\/#breadcrumb\",\"itemListElement\":[{\"@type\":\"ListItem\",\"position\":1,\"name\":\"Home\",\"item\":\"https:\/\/fannyo.ca\/\"},{\"@type\":\"ListItem\",\"position\":2,\"name\":\"Contact\"}]},{\"@type\":\"WebSite\",\"@id\":\"https:\/\/fannyo.ca\/#website\",\"url\":\"https:\/\/fannyo.ca\/\",\"name\":\"Fanny of Westmount\",\"description\":\"\",\"publisher\":{\"@id\":\"https:\/\/fannyo.ca\/#organization\"},\"potentialAction\":[{\"@type\":\"SearchAction\",\"target\":{\"@type\":\"EntryPoint\",\"urlTemplate\":\"https:\/\/fannyo.ca\/?s={search_term_string}\"},\"query-input\":{\"@type\":\"PropertyValueSpecification\",\"valueRequired\":true,\"valueName\":\"search_term_string\"}}],\"inLanguage\":\"fr-CA\"},{\"@type\":\"Organization\",\"@id\":\"https:\/\/fannyo.ca\/#organization\",\"name\":\"Fanny of Westmount\",\"url\":\"https:\/\/fannyo.ca\/\",\"logo\":{\"@type\":\"ImageObject\",\"inLanguage\":\"fr-CA\",\"@id\":\"https:\/\/fannyo.ca\/#\/schema\/logo\/image\/\",\"url\":\"https:\/\/fannyo.ca\/wp-content\/uploads\/2024\/11\/0-2.jpg\",\"contentUrl\":\"https:\/\/fannyo.ca\/wp-content\/uploads\/2024\/11\/0-2.jpg\",\"width\":1280,\"height\":304,\"caption\":\"Fanny of Westmount\"},\"image\":{\"@id\":\"https:\/\/fannyo.ca\/#\/schema\/logo\/image\/\"}}]}<\/script>\n<!-- \/ Yoast SEO plugin. -->","yoast_head_json":{"title":"Contact - Fanny of Westmount","robots":{"index":"index","follow":"follow","max-snippet":"max-snippet:-1","max-image-preview":"max-image-preview:large","max-video-preview":"max-video-preview:-1"},"canonical":"https:\/\/fannyo.ca\/fr\/fanny-of-westmount\/","og_locale":"fr_CA","og_type":"article","og_title":"Contact - Fanny of Westmount","og_description":"Fanny of Westmount 5215 rue Sherbrooke ouestMontr\u00e9al (Qu\u00e9bec) H4A 1T7 Canada Call only:\u00a0514 482-5824For urgent services call or text: 514 944-7543Fax: 514 482-1200 Email:&nbsp;fanny@fannyofwestmount.comFacebook:&nbsp;facebook.com\/fannyofwestmountX\/Twitter:&nbsp;@FannyWestmount Hours of operation Monday 9\u202fam &#8211; 7\u202fpm Tuesday 9\u202fam \u2013 7\u202fpm Wednesday 9\u202fam \u2013 7\u202fpm Thursday 9\u202fam \u2013 9\u202fpm. Friday 9\u202fa.m.\u20136\u202fp.m. Saturday Closed Sunday 9\u202fa.m.\u20137\u202fp.m. Please notify us of any cancellation [&hellip;]","og_url":"https:\/\/fannyo.ca\/fr\/fanny-of-westmount\/","og_site_name":"Fanny of Westmount","article_modified_time":"2025-05-28T17:43:04+00:00","twitter_card":"summary_large_image","twitter_misc":{"Estimation du temps de lecture":"1 minute"},"schema":{"@context":"https:\/\/schema.org","@graph":[{"@type":"WebPage","@id":"https:\/\/fannyo.ca\/fanny-of-westmount\/","url":"https:\/\/fannyo.ca\/fanny-of-westmount\/","name":"Contact - Fanny of Westmount","isPartOf":{"@id":"https:\/\/fannyo.ca\/#website"},"datePublished":"2012-05-08T22:28:21+00:00","dateModified":"2025-05-28T17:43:04+00:00","breadcrumb":{"@id":"https:\/\/fannyo.ca\/fanny-of-westmount\/#breadcrumb"},"inLanguage":"fr-CA","potentialAction":[{"@type":"ReadAction","target":["https:\/\/fannyo.ca\/fanny-of-westmount\/"]}]},{"@type":"BreadcrumbList","@id":"https:\/\/fannyo.ca\/fanny-of-westmount\/#breadcrumb","itemListElement":[{"@type":"ListItem","position":1,"name":"Home","item":"https:\/\/fannyo.ca\/"},{"@type":"ListItem","position":2,"name":"Contact"}]},{"@type":"WebSite","@id":"https:\/\/fannyo.ca\/#website","url":"https:\/\/fannyo.ca\/","name":"Fanny of Westmount","description":"","publisher":{"@id":"https:\/\/fannyo.ca\/#organization"},"potentialAction":[{"@type":"SearchAction","target":{"@type":"EntryPoint","urlTemplate":"https:\/\/fannyo.ca\/?s={search_term_string}"},"query-input":{"@type":"PropertyValueSpecification","valueRequired":true,"valueName":"search_term_string"}}],"inLanguage":"fr-CA"},{"@type":"Organization","@id":"https:\/\/fannyo.ca\/#organization","name":"Fanny of Westmount","url":"https:\/\/fannyo.ca\/","logo":{"@type":"ImageObject","inLanguage":"fr-CA","@id":"https:\/\/fannyo.ca\/#\/schema\/logo\/image\/","url":"https:\/\/fannyo.ca\/wp-content\/uploads\/2024\/11\/0-2.jpg","contentUrl":"https:\/\/fannyo.ca\/wp-content\/uploads\/2024\/11\/0-2.jpg","width":1280,"height":304,"caption":"Fanny of Westmount"},"image":{"@id":"https:\/\/fannyo.ca\/#\/schema\/logo\/image\/"}}]}},"_links":{"self":[{"href":"https:\/\/fannyo.ca\/fr\/wp-json\/wp\/v2\/pages\/204","targetHints":{"allow":["GET"]}}],"collection":[{"href":"https:\/\/fannyo.ca\/fr\/wp-json\/wp\/v2\/pages"}],"about":[{"href":"https:\/\/fannyo.ca\/fr\/wp-json\/wp\/v2\/types\/page"}],"author":[{"embeddable":true,"href":"https:\/\/fannyo.ca\/fr\/wp-json\/wp\/v2\/users\/1"}],"replies":[{"embeddable":true,"href":"https:\/\/fannyo.ca\/fr\/wp-json\/wp\/v2\/comments?post=204"}],"version-history":[{"count":7,"href":"https:\/\/fannyo.ca\/fr\/wp-json\/wp\/v2\/pages\/204\/revisions"}],"predecessor-version":[{"id":1598,"href":"https:\/\/fannyo.ca\/fr\/wp-json\/wp\/v2\/pages\/204\/revisions\/1598"}],"wp:attachment":[{"href":"https:\/\/fannyo.ca\/fr\/wp-json\/wp\/v2\/media?parent=204"}],"curies":[{"name":"wp","href":"https:\/\/api.w.org\/{rel}","templated":true}]}}