{"id":200,"date":"2012-05-08T22:17:32","date_gmt":"2012-05-08T22:17:32","guid":{"rendered":"http:\/\/fannyofwestmount.com\/?page_id=200"},"modified":"2012-05-08T22:17:32","modified_gmt":"2012-05-08T22:17:32","slug":"boutique-de-produits","status":"publish","type":"page","link":"https:\/\/fannyo.ca\/fr\/boutique-de-produits\/","title":{"rendered":"Boutique de produits"},"content":{"rendered":"<p><a href=\"http:\/\/fannyofwestmount.com\/wp-content\/uploads\/2012\/04\/Products2.jpg\"><img decoding=\"async\" class=\"size-medium wp-image-445 alignleft lazyload\" title=\"Products2\" data-src=\"http:\/\/fannyofwestmount.com\/wp-content\/uploads\/2012\/04\/Products2-300x300.jpg\" alt=\"\" width=\"300\" height=\"300\" src=\"data:image\/svg+xml;base64,PHN2ZyB3aWR0aD0iMSIgaGVpZ2h0PSIxIiB4bWxucz0iaHR0cDovL3d3dy53My5vcmcvMjAwMC9zdmciPjwvc3ZnPg==\" style=\"--smush-placeholder-width: 300px; --smush-placeholder-aspect-ratio: 300\/300;\" \/><\/a><strong>Fanny of Westmount<\/strong> vous propose en tout temps les derni\u00e8res tendances d\u2019accessoires de mode et des produits de beaut\u00e9 haut de gamme. La boutique vous fera briller de la t\u00eate aux pieds! Nos lignes de produits sont con\u00e7ues pour hommes, femmes et enfants.<\/p>\n<p>La ligne de produits de beaut\u00e9 FOW est unique et exclusive. Nos produits et traitements sont :<\/p>\n<ul>\n<li>\u00e9cologiques et bien \u00e9quilibr\u00e9s<\/li>\n<li>pr\u00e9par\u00e9s avec des ingr\u00e9dients naturels aux huiles essentielles<\/li>\n<li>con\u00e7us sans sel, ni agents alcalins<\/li>\n<li>non test\u00e9s en laboratoire.<\/li>\n<\/ul>\n<p>FOW a d\u00e9velopp\u00e9 deux produits \u00e0 usage multiple qui donne une touche magique \u00e0 la texture naturelle de votre chevelure.<\/p>\n<h3>Shampoing-Conditionneur Magique FOW (2 en 1)<\/h3>\n<p><a href=\"http:\/\/fannyofwestmount.com\/wp-content\/uploads\/2012\/04\/Products.jpg\"><img decoding=\"async\" class=\"alignright size-medium wp-image-446 lazyload\" title=\"Products\" data-src=\"http:\/\/fannyofwestmount.com\/wp-content\/uploads\/2012\/04\/Products-300x300.jpg\" alt=\"\" width=\"300\" height=\"300\" src=\"data:image\/svg+xml;base64,PHN2ZyB3aWR0aD0iMSIgaGVpZ2h0PSIxIiB4bWxucz0iaHR0cDovL3d3dy53My5vcmcvMjAwMC9zdmciPjwvc3ZnPg==\" style=\"--smush-placeholder-width: 300px; --smush-placeholder-aspect-ratio: 300\/300;\" \/><\/a>Le shampooing et conditionneur hydratant de <strong>Fanny of Westmount<\/strong> texture et scelle la brillance des cheveux. Il redonne \u00e9galement volume et corps aux cheveux fins et aide \u00e0 garder le contr\u00f4le des cheveux fris\u00e9s en les rendant doux et soyeux, tout en leur donnant de la l\u00e9g\u00e8ret\u00e9. Ce shampoing peut \u00eatre utilis\u00e9 pour tous types de cheveux, m\u00eame les color\u00e9s. Seulement 18$!<\/p>\n<h3>Lotion Sculptante Glaze FOW<\/h3>\n<p>La Lotion Sculptante Glaze de<strong> Fanny of Westmount<\/strong> est magique et s&#8217;ajuste \u00e0 tous types de cheveux. Cette lotion magique sculpte vos<br \/>\ncheveux en donnant mouvement et meilleure d\u00e9finition \u00e0 vos boucles ou corps et volume aux cheveux fins. Vous pouvez \u00e9galement d\u00e9cider de les garder lisses. Cette lotion polyvalente am\u00e9liore votre look et vos cheveux seront propres, doux et soyeux avec un parfum frais et subtil! Seulement $22!!!<\/p>\n<p><a title=\"Liste de prix\" href=\"http:\/\/fannyofwestmount.com\/fr\/liste-de-prix\/\">Liste de prix<\/a><\/p>","protected":false},"excerpt":{"rendered":"<p>Fanny of Westmount vous propose en tout temps les derni\u00e8res tendances d\u2019accessoires de mode et des produits de beaut\u00e9 haut de gamme. La boutique vous fera briller de la t\u00eate aux pieds! Nos lignes de produits sont con\u00e7ues pour hommes, femmes et enfants. La ligne de produits de beaut\u00e9 FOW est unique et exclusive. Nos [&hellip;]<\/p>\n","protected":false},"author":1,"featured_media":0,"parent":0,"menu_order":0,"comment_status":"open","ping_status":"closed","template":"","meta":{"footnotes":""},"class_list":["post-200","page","type-page","status-publish","hentry"],"yoast_head":"<!-- This site is optimized with the Yoast SEO plugin v23.4 - https:\/\/yoast.com\/wordpress\/plugins\/seo\/ -->\n<title>Boutique de produits - Fanny of Westmount<\/title>\n<meta name=\"robots\" content=\"index, follow, max-snippet:-1, max-image-preview:large, max-video-preview:-1\" \/>\n<link rel=\"canonical\" href=\"https:\/\/fannyo.ca\/fr\/boutique-de-produits\/\" \/>\n<meta property=\"og:locale\" content=\"fr_CA\" \/>\n<meta property=\"og:type\" content=\"article\" \/>\n<meta property=\"og:title\" content=\"Boutique de produits - Fanny of Westmount\" \/>\n<meta property=\"og:description\" content=\"Fanny of Westmount vous propose en tout temps les derni\u00e8res tendances d\u2019accessoires de mode et des produits de beaut\u00e9 haut de gamme. La boutique vous fera briller de la t\u00eate aux pieds! Nos lignes de produits sont con\u00e7ues pour hommes, femmes et enfants. La ligne de produits de beaut\u00e9 FOW est unique et exclusive. Nos [&hellip;]\" \/>\n<meta property=\"og:url\" content=\"https:\/\/fannyo.ca\/fr\/boutique-de-produits\/\" \/>\n<meta property=\"og:site_name\" content=\"Fanny of Westmount\" \/>\n<meta property=\"og:image\" content=\"http:\/\/fannyofwestmount.com\/wp-content\/uploads\/2012\/04\/Products2-300x300.jpg\" \/>\n<meta name=\"twitter:card\" content=\"summary_large_image\" \/>\n<meta name=\"twitter:label1\" content=\"Estimation du temps de lecture\" \/>\n\t<meta name=\"twitter:data1\" content=\"1 minute\" \/>\n<script type=\"application\/ld+json\" class=\"yoast-schema-graph\">{\"@context\":\"https:\/\/schema.org\",\"@graph\":[{\"@type\":\"WebPage\",\"@id\":\"https:\/\/fannyo.ca\/boutique-de-produits\/\",\"url\":\"https:\/\/fannyo.ca\/boutique-de-produits\/\",\"name\":\"Boutique de produits - Fanny of Westmount\",\"isPartOf\":{\"@id\":\"https:\/\/fannyo.ca\/#website\"},\"primaryImageOfPage\":{\"@id\":\"https:\/\/fannyo.ca\/boutique-de-produits\/#primaryimage\"},\"image\":{\"@id\":\"https:\/\/fannyo.ca\/boutique-de-produits\/#primaryimage\"},\"thumbnailUrl\":\"http:\/\/fannyofwestmount.com\/wp-content\/uploads\/2012\/04\/Products2-300x300.jpg\",\"datePublished\":\"2012-05-08T22:17:32+00:00\",\"dateModified\":\"2012-05-08T22:17:32+00:00\",\"breadcrumb\":{\"@id\":\"https:\/\/fannyo.ca\/boutique-de-produits\/#breadcrumb\"},\"inLanguage\":\"fr-CA\",\"potentialAction\":[{\"@type\":\"ReadAction\",\"target\":[\"https:\/\/fannyo.ca\/boutique-de-produits\/\"]}]},{\"@type\":\"ImageObject\",\"inLanguage\":\"fr-CA\",\"@id\":\"https:\/\/fannyo.ca\/boutique-de-produits\/#primaryimage\",\"url\":\"http:\/\/fannyofwestmount.com\/wp-content\/uploads\/2012\/04\/Products2-300x300.jpg\",\"contentUrl\":\"http:\/\/fannyofwestmount.com\/wp-content\/uploads\/2012\/04\/Products2-300x300.jpg\"},{\"@type\":\"BreadcrumbList\",\"@id\":\"https:\/\/fannyo.ca\/boutique-de-produits\/#breadcrumb\",\"itemListElement\":[{\"@type\":\"ListItem\",\"position\":1,\"name\":\"Home\",\"item\":\"https:\/\/fannyo.ca\/\"},{\"@type\":\"ListItem\",\"position\":2,\"name\":\"Boutique de produits\"}]},{\"@type\":\"WebSite\",\"@id\":\"https:\/\/fannyo.ca\/#website\",\"url\":\"https:\/\/fannyo.ca\/\",\"name\":\"Fanny of Westmount\",\"description\":\"\",\"publisher\":{\"@id\":\"https:\/\/fannyo.ca\/#organization\"},\"potentialAction\":[{\"@type\":\"SearchAction\",\"target\":{\"@type\":\"EntryPoint\",\"urlTemplate\":\"https:\/\/fannyo.ca\/?s={search_term_string}\"},\"query-input\":{\"@type\":\"PropertyValueSpecification\",\"valueRequired\":true,\"valueName\":\"search_term_string\"}}],\"inLanguage\":\"fr-CA\"},{\"@type\":\"Organization\",\"@id\":\"https:\/\/fannyo.ca\/#organization\",\"name\":\"Fanny of Westmount\",\"url\":\"https:\/\/fannyo.ca\/\",\"logo\":{\"@type\":\"ImageObject\",\"inLanguage\":\"fr-CA\",\"@id\":\"https:\/\/fannyo.ca\/#\/schema\/logo\/image\/\",\"url\":\"https:\/\/fannyo.ca\/wp-content\/uploads\/2024\/11\/0-2.jpg\",\"contentUrl\":\"https:\/\/fannyo.ca\/wp-content\/uploads\/2024\/11\/0-2.jpg\",\"width\":1280,\"height\":304,\"caption\":\"Fanny of Westmount\"},\"image\":{\"@id\":\"https:\/\/fannyo.ca\/#\/schema\/logo\/image\/\"}}]}<\/script>\n<!-- \/ Yoast SEO plugin. -->","yoast_head_json":{"title":"Boutique de produits - Fanny of Westmount","robots":{"index":"index","follow":"follow","max-snippet":"max-snippet:-1","max-image-preview":"max-image-preview:large","max-video-preview":"max-video-preview:-1"},"canonical":"https:\/\/fannyo.ca\/fr\/boutique-de-produits\/","og_locale":"fr_CA","og_type":"article","og_title":"Boutique de produits - Fanny of Westmount","og_description":"Fanny of Westmount vous propose en tout temps les derni\u00e8res tendances d\u2019accessoires de mode et des produits de beaut\u00e9 haut de gamme. La boutique vous fera briller de la t\u00eate aux pieds! Nos lignes de produits sont con\u00e7ues pour hommes, femmes et enfants. La ligne de produits de beaut\u00e9 FOW est unique et exclusive. Nos [&hellip;]","og_url":"https:\/\/fannyo.ca\/fr\/boutique-de-produits\/","og_site_name":"Fanny of Westmount","og_image":[{"url":"http:\/\/fannyofwestmount.com\/wp-content\/uploads\/2012\/04\/Products2-300x300.jpg"}],"twitter_card":"summary_large_image","twitter_misc":{"Estimation du temps de lecture":"1 minute"},"schema":{"@context":"https:\/\/schema.org","@graph":[{"@type":"WebPage","@id":"https:\/\/fannyo.ca\/boutique-de-produits\/","url":"https:\/\/fannyo.ca\/boutique-de-produits\/","name":"Boutique de produits - Fanny of Westmount","isPartOf":{"@id":"https:\/\/fannyo.ca\/#website"},"primaryImageOfPage":{"@id":"https:\/\/fannyo.ca\/boutique-de-produits\/#primaryimage"},"image":{"@id":"https:\/\/fannyo.ca\/boutique-de-produits\/#primaryimage"},"thumbnailUrl":"http:\/\/fannyofwestmount.com\/wp-content\/uploads\/2012\/04\/Products2-300x300.jpg","datePublished":"2012-05-08T22:17:32+00:00","dateModified":"2012-05-08T22:17:32+00:00","breadcrumb":{"@id":"https:\/\/fannyo.ca\/boutique-de-produits\/#breadcrumb"},"inLanguage":"fr-CA","potentialAction":[{"@type":"ReadAction","target":["https:\/\/fannyo.ca\/boutique-de-produits\/"]}]},{"@type":"ImageObject","inLanguage":"fr-CA","@id":"https:\/\/fannyo.ca\/boutique-de-produits\/#primaryimage","url":"http:\/\/fannyofwestmount.com\/wp-content\/uploads\/2012\/04\/Products2-300x300.jpg","contentUrl":"http:\/\/fannyofwestmount.com\/wp-content\/uploads\/2012\/04\/Products2-300x300.jpg"},{"@type":"BreadcrumbList","@id":"https:\/\/fannyo.ca\/boutique-de-produits\/#breadcrumb","itemListElement":[{"@type":"ListItem","position":1,"name":"Home","item":"https:\/\/fannyo.ca\/"},{"@type":"ListItem","position":2,"name":"Boutique de produits"}]},{"@type":"WebSite","@id":"https:\/\/fannyo.ca\/#website","url":"https:\/\/fannyo.ca\/","name":"Fanny of Westmount","description":"","publisher":{"@id":"https:\/\/fannyo.ca\/#organization"},"potentialAction":[{"@type":"SearchAction","target":{"@type":"EntryPoint","urlTemplate":"https:\/\/fannyo.ca\/?s={search_term_string}"},"query-input":{"@type":"PropertyValueSpecification","valueRequired":true,"valueName":"search_term_string"}}],"inLanguage":"fr-CA"},{"@type":"Organization","@id":"https:\/\/fannyo.ca\/#organization","name":"Fanny of Westmount","url":"https:\/\/fannyo.ca\/","logo":{"@type":"ImageObject","inLanguage":"fr-CA","@id":"https:\/\/fannyo.ca\/#\/schema\/logo\/image\/","url":"https:\/\/fannyo.ca\/wp-content\/uploads\/2024\/11\/0-2.jpg","contentUrl":"https:\/\/fannyo.ca\/wp-content\/uploads\/2024\/11\/0-2.jpg","width":1280,"height":304,"caption":"Fanny of Westmount"},"image":{"@id":"https:\/\/fannyo.ca\/#\/schema\/logo\/image\/"}}]}},"_links":{"self":[{"href":"https:\/\/fannyo.ca\/fr\/wp-json\/wp\/v2\/pages\/200","targetHints":{"allow":["GET"]}}],"collection":[{"href":"https:\/\/fannyo.ca\/fr\/wp-json\/wp\/v2\/pages"}],"about":[{"href":"https:\/\/fannyo.ca\/fr\/wp-json\/wp\/v2\/types\/page"}],"author":[{"embeddable":true,"href":"https:\/\/fannyo.ca\/fr\/wp-json\/wp\/v2\/users\/1"}],"replies":[{"embeddable":true,"href":"https:\/\/fannyo.ca\/fr\/wp-json\/wp\/v2\/comments?post=200"}],"version-history":[{"count":0,"href":"https:\/\/fannyo.ca\/fr\/wp-json\/wp\/v2\/pages\/200\/revisions"}],"wp:attachment":[{"href":"https:\/\/fannyo.ca\/fr\/wp-json\/wp\/v2\/media?parent=200"}],"curies":[{"name":"wp","href":"https:\/\/api.w.org\/{rel}","templated":true}]}}