{"id":20,"date":"2012-04-11T14:40:47","date_gmt":"2012-04-11T14:40:47","guid":{"rendered":"http:\/\/fannyofwestmount.com\/?page_id=20"},"modified":"2025-05-27T16:07:05","modified_gmt":"2025-05-27T16:07:05","slug":"aesthetics","status":"publish","type":"page","link":"https:\/\/fannyo.ca\/fr\/women\/aesthetics\/","title":{"rendered":"Soins esth\u00e9tiques pour femme"},"content":{"rendered":"<figure class=\"wp-block-image alignleft is-resized\"><a href=\"http:\/\/fannyofwestmount.com\/wp-content\/uploads\/2012\/04\/SKMBT_C55012041111570NEW-202.jpg\"><img decoding=\"async\" data-src=\"http:\/\/fannyofwestmount.com\/wp-content\/uploads\/2012\/04\/SKMBT_C55012041111570NEW-202-253x300.jpg\" alt=\"\" class=\"wp-image-477 lazyload\" style=\"--smush-placeholder-width: 253px; --smush-placeholder-aspect-ratio: 253\/300;width:291px\" title=\"SKMBT_C55012041111570NEW-202\" src=\"data:image\/svg+xml;base64,PHN2ZyB3aWR0aD0iMSIgaGVpZ2h0PSIxIiB4bWxucz0iaHR0cDovL3d3dy53My5vcmcvMjAwMC9zdmciPjwvc3ZnPg==\" \/><\/a><\/figure>\n\n\n\n<div class=\"wp-block-group is-vertical is-layout-flex wp-container-core-group-is-layout-fe9cc265 wp-block-group-is-layout-flex\">\n<p>Notre gamme compl\u00e8te de soins esth\u00e9tiques et de traitements correcteurs pour le visage et le corps, sont con\u00e7us pour aider \u00e0 maintenir une saine apparence.<\/p>\n\n\n\n<h2 class=\"wp-block-heading\">Soins faciaux<\/h2>\n\n\n\n<p>Chez Fanny de Westmount, les produits r\u00e9put\u00e9s c\u00f4toient les techniques les plus r\u00e9centes, avec des soins du visage qui att\u00e9nuent les rides et corrigent les imperfections. <\/p>\n\n\n\n<figure class=\"wp-block-table is-style-stripes\"><table class=\"has-fixed-layout\"><thead><tr><th>&nbsp;<\/th><th class=\"has-text-align-center\" data-align=\"center\">\u00c0 partir de<\/th><\/tr><\/thead><tbody><tr><td>Facial de base (1h15)<\/td><td class=\"has-text-align-center\" data-align=\"center\">$98<\/td><\/tr><tr><td>Mini Facial (Flash Beaut\u00e9) (30 min)<\/td><td class=\"has-text-align-center\" data-align=\"center\">$75<\/td><\/tr><tr><td>Facial avec s\u00e9rum traitant (1h30)<\/td><td class=\"has-text-align-center\" data-align=\"center\">$110<\/td><\/tr><tr><td>Facial micro-peeling biologique+s\u00e9rum (1h30)<\/td><td class=\"has-text-align-center\" data-align=\"center\">$145<\/td><\/tr><tr><td>Facial pour peaux acn\u00e9iques (1h30)<\/td><td class=\"has-text-align-center\" data-align=\"center\">$110<\/td><\/tr><tr><td>Facial Sea C spa (1h30)<\/td><td class=\"has-text-align-center\" data-align=\"center\">$140<\/td><\/tr><tr><td>Facial au collag\u00e8ne (2h)<\/td><td class=\"has-text-align-center\" data-align=\"center\">$160<\/td><\/tr><tr><td>Facial Botinol (2h)<\/td><td class=\"has-text-align-center\" data-align=\"center\">$160<\/td><\/tr><tr><td>Facial Hydrolifting (1h30 \u00e0 2h)<\/td><td class=\"has-text-align-center\" data-align=\"center\">$125<\/td><\/tr><tr><td>Facial Algomask (1h30)<\/td><td class=\"has-text-align-center\" data-align=\"center\">$110<\/td><\/tr><tr><td>Facial exfoliant revitalisant aux acides de fruits (1h30)<\/td><td class=\"has-text-align-center\" data-align=\"center\">$140<\/td><\/tr><tr><td class=\"translation-block\">Facial anti-stress aux huiles essentielles avec massage ou exfoliant th\u00e9rapeutique mains et pieds (1h15 \u00e0 1h30)<\/td><td class=\"has-text-align-center\" data-align=\"center\">$165<\/td><\/tr><tr><td>Traitement facial \u00e0 l\u2019oxyg\u00e8ne et acide glycolique (30 min)<\/td><td class=\"has-text-align-center\" data-align=\"center\">$110<\/td><\/tr><tr><td>Micro peeling AHA<\/td><td class=\"has-text-align-center\" data-align=\"center\">$70<\/td><\/tr><tr><td>Traitement contour yeux Algomask (30 min)<\/td><td class=\"has-text-align-center\" data-align=\"center\">$75<\/td><\/tr><tr><td>Traitement contour yeux collag\u00e8ne (45-60 min)<\/td><td class=\"has-text-align-center\" data-align=\"center\">$95<\/td><\/tr><\/tbody><\/table><\/figure>\n\n\n\n<p style=\"padding-bottom:var(--wp--preset--spacing--40)\"><\/p>\n\n\n\n<h2 class=\"wp-block-heading\">Maquillage<\/h2>\n<\/div>\n\n\n\n<figure class=\"wp-block-image alignleft is-resized\"><a href=\"http:\/\/fannyofwestmount.com\/wp-content\/uploads\/2012\/04\/women_makeup1.jpg\"><img decoding=\"async\" data-src=\"http:\/\/fannyofwestmount.com\/wp-content\/uploads\/2012\/04\/women_makeup1-300x300.jpg\" alt=\"\" class=\"wp-image-478 lazyload\" style=\"--smush-placeholder-width: 300px; --smush-placeholder-aspect-ratio: 300\/300;width:291px\" title=\"women_makeup\" src=\"data:image\/svg+xml;base64,PHN2ZyB3aWR0aD0iMSIgaGVpZ2h0PSIxIiB4bWxucz0iaHR0cDovL3d3dy53My5vcmcvMjAwMC9zdmciPjwvc3ZnPg==\" \/><\/a><\/figure>\n\n\n\n<div class=\"wp-block-group is-vertical is-layout-flex wp-container-core-group-is-layout-fe9cc265 wp-block-group-is-layout-flex\">\n<p>Que ce soit pour un maquillage discret ou de soir\u00e9e, nos artistes maquilleurs sauront vous conseiller et vous aider \u00e0 composer votre trousse de beaut\u00e9, \u00e0 d\u00e9finir votre style et \u00e0 renouveler votre image! Fanny of Westmount se sp\u00e9cialise dans le maquillage de noces, cin\u00e9ma, th\u00e9\u00e2tre, photographie et d\u00e9fil\u00e9s de mode.<\/p>\n\n\n\n<div class=\"wp-block-group is-vertical is-layout-flex wp-container-core-group-is-layout-fe9cc265 wp-block-group-is-layout-flex\">\n<figure class=\"wp-block-table is-style-stripes\"><table class=\"has-fixed-layout\"><thead><tr><th>&nbsp;<\/th><th class=\"has-text-align-center\" data-align=\"center\">\u00c0 partir de<\/th><\/tr><\/thead><tbody><tr><td>Maquillage de jour et de soir (45 min \u00e0 1h)<\/td><td class=\"has-text-align-center\" data-align=\"center\">$65 \u00e0 $120<\/td><\/tr><tr><td>Maquillage par Fanny (1h)<\/td><td class=\"has-text-align-center\" data-align=\"center\">$68 \u00e0 $150<\/td><\/tr><tr><td>Maquillage pour mari\u00e9e (1h)<\/td><td class=\"has-text-align-center\" data-align=\"center\">$95 \u00e0 $250<\/td><\/tr><tr><td>Maquillage de sc\u00e8ne (1h)<\/td><td class=\"has-text-align-center\" data-align=\"center\">$95 \u00e0 $150<\/td><\/tr><tr><td>Le\u00e7on de maquillage priv\u00e9e (1h30)<\/td><td class=\"has-text-align-center\" data-align=\"center\">$95 \u00e0 $300<\/td><\/tr><tr><td>Mini facial avant maquillage avec Vial (30 min)<\/td><td class=\"has-text-align-center\" data-align=\"center\">$95<\/td><\/tr><tr><td>Ampoule additionnelle \u00ab coup d\u2019\u00e9clat \u00bb<\/td><td class=\"has-text-align-center\" data-align=\"center\">$20<\/td><\/tr><tr><td>Extension de cils (2h)<\/td><td class=\"has-text-align-center\" data-align=\"center\">$250<\/td><\/tr><tr><td>Pose de faux- cils (20 min)<\/td><td class=\"has-text-align-center\" data-align=\"center\">$60<\/td><\/tr><tr><td>Teinture des cils (30 min)<\/td><td class=\"has-text-align-center\" data-align=\"center\">$50<\/td><\/tr><tr><td>Teinture des sourcils (30 min)<\/td><td class=\"has-text-align-center\" data-align=\"center\">$30<\/td><\/tr><\/tbody><\/table><\/figure>\n\n\n\n<p style=\"padding-bottom:var(--wp--preset--spacing--40)\"><\/p>\n\n\n\n<div class=\"wp-block-group has-global-padding is-layout-constrained wp-container-core-group-is-layout-7db9d80f wp-block-group-is-layout-constrained\" style=\"padding-right:0;padding-left:0\"><\/div>\n\n\n\n<p style=\"padding-bottom:var(--wp--preset--spacing--40)\"><\/p>\n\n\n\n<h2 class=\"wp-block-heading\">Manucure et P\u00e9dicure<\/h2>\n\n\n\n<h3 class=\"wp-block-heading\">Soins essentiels des mains et des pieds<\/h3>\n<\/div>\n<\/div>\n\n\n\n<figure class=\"wp-block-image alignleft is-resized\"><a href=\"http:\/\/fannyofwestmount.com\/wp-content\/uploads\/2012\/04\/Urban-Bliss-Esthetics-Studio_4005_image-1.jpg\"><img decoding=\"async\" data-src=\"http:\/\/fannyofwestmount.com\/wp-content\/uploads\/2012\/04\/Urban-Bliss-Esthetics-Studio_4005_image-1-300x199.jpg\" alt=\"\" class=\"wp-image-374 lazyload\" style=\"--smush-placeholder-width: 300px; --smush-placeholder-aspect-ratio: 300\/199;width:291px\" title=\"Urban-Bliss-Esthetics-Studio_4005_image-1\" src=\"data:image\/svg+xml;base64,PHN2ZyB3aWR0aD0iMSIgaGVpZ2h0PSIxIiB4bWxucz0iaHR0cDovL3d3dy53My5vcmcvMjAwMC9zdmciPjwvc3ZnPg==\" \/><\/a><\/figure>\n\n\n\n<div class=\"wp-block-group is-vertical is-layout-flex wp-container-core-group-is-layout-fe9cc265 wp-block-group-is-layout-flex\">\n<div class=\"wp-block-group is-vertical is-layout-flex wp-container-core-group-is-layout-fe9cc265 wp-block-group-is-layout-flex\">\n<p><br>Les mains et les pieds sont les parties les plus sollicit\u00e9es du corps. Cela exige une attention et des soins sp\u00e9cifiques. Demandez \u00e0 un de nos experts ce que vous pouvez faire pour prendre soin de vos mains et pieds, afin de conserver une peau douce et jeune.<\/p>\n\n\n\n<div class=\"wp-block-group is-vertical is-layout-flex wp-container-core-group-is-layout-fe9cc265 wp-block-group-is-layout-flex\">\n<figure class=\"wp-block-table alignright is-style-stripes\" style=\"padding-left:0px\"><table class=\"has-fixed-layout\"><thead><tr><th>&nbsp;<\/th><th class=\"has-text-align-center\" data-align=\"center\">\u00c0 partir de<\/th><\/tr><\/thead><tbody><tr><td>Changement de vernis (15 min)<\/td><td class=\"has-text-align-center\" data-align=\"center\">$19<\/td><\/tr><tr><td>Manucure de base (30 min \u00e0 45 min)<\/td><td class=\"has-text-align-center\" data-align=\"center\">$25<\/td><\/tr><tr><td>Manucure fran\u00e7aise (45 min \u00e0 1 h)<\/td><td class=\"has-text-align-center\" data-align=\"center\">$35<\/td><\/tr><tr><td>Manucure et polissage des ongles (1 h)<\/td><td class=\"has-text-align-center\" data-align=\"center\">$40<\/td><\/tr><tr><td>Manucure et traitement hydratant des cuticules<\/td><td class=\"has-text-align-center\" data-align=\"center\">$45<\/td><\/tr><tr><td>Manucure spa, aromath\u00e9rapie et exfoliant sels de mer<br>.<\/td><td class=\"has-text-align-center\" data-align=\"center\">$59<\/td><\/tr><tr><td>Manucure, exfoliant et paraffine* (1 h 15)<\/td><td class=\"has-text-align-center\" data-align=\"center\">$65<\/td><\/tr><tr><td>Traitement de paraffine*<\/td><td class=\"has-text-align-center\" data-align=\"center\">$50<\/td><\/tr><tr><td>P\u00e9dicure (1h)<\/td><td class=\"has-text-align-center\" data-align=\"center\">$49<\/td><\/tr><tr><td>P\u00e9dicure fran\u00e7aise (1 h 15)<\/td><td class=\"has-text-align-center\" data-align=\"center\">$60<\/td><\/tr><tr><td>Beaut\u00e9 des pieds (30 min \u00e0 45 min)<\/td><td class=\"has-text-align-center\" data-align=\"center\">$40<\/td><\/tr><tr><td>Spa p\u00e9dicure : aromath\u00e9rapie avec exfoliation au sel de mer (1h15)<\/td><td class=\"has-text-align-center\" data-align=\"center\">$72<\/td><\/tr><tr><td>P\u00e9dicure traitements exfoliant et paraffine* (1 h 30)<\/td><td class=\"has-text-align-center\" data-align=\"center\">$80<\/td><\/tr><tr><td>Pose d\u2019ongles au gel organique (1 h 30)<\/td><td class=\"has-text-align-center\" data-align=\"center\">$80 \u00e0 $100<\/td><\/tr><tr><td>Retrait d\u2019ongles en gel, manucure (1 h 30)<\/td><td class=\"has-text-align-center\" data-align=\"center\">$65<\/td><\/tr><tr><td>Remplissage d\u2019ongles (entretien)<\/td><td class=\"has-text-align-center\" data-align=\"center\">$55<\/td><\/tr><tr><td>Pose d\u2019ongle \u00e0 l\u2019unit\u00e9 (remplacement) (15min)<\/td><td class=\"has-text-align-center\" data-align=\"center\">$15<\/td><\/tr><tr><td>Remplissage d\u2019ongle \u00e0 l\u2019unit\u00e9 (10 min)<\/td><td class=\"has-text-align-center\" data-align=\"center\">$12<\/td><\/tr><tr><td>Manucure au Shellac (ou fran\u00e7aise)<\/td><td class=\"has-text-align-center\" data-align=\"center\">$55 \u00e0 $65<\/td><\/tr><tr><td>R\u00e9paration d\u2019un ongle au Shellac (entretien)<\/td><td class=\"has-text-align-center\" data-align=\"center\">$15<\/td><\/tr><tr><td>Application Shellac mains ou pieds<\/td><td class=\"has-text-align-center\" data-align=\"center\">$35 \u00e0 $65<\/td><\/tr><tr><td>Pedicure avec Shellac<\/td><td class=\"has-text-align-center\" data-align=\"center\">$75 \u00e0 $85<\/td><\/tr><\/tbody><\/table><\/figure>\n\n\n\n<p><small>* La paraffine est recommand\u00e9e pour la douceur, l\u2019hydratation, la pr\u00e9vention du vieillissement des mains et des pieds, ainsi que pour le soulagement de l\u2019arthrite.<\/small><\/p>\n\n\n\n<p style=\"padding-bottom:var(--wp--preset--spacing--40)\"><\/p>\n\n\n\n<h2 class=\"wp-block-heading\">\u00c9pilation<\/h2>\n\n\n\n<p>Fanny of Westmount rend l\u2019\u00e9pilation simple et efficace. Les techniques d\u2019\u00e9pilation incluent la cire chaude, ti\u00e8de ou par \u00e9lectrolyse. Le service de d\u00e9coloration est \u00e9galement offert, au m\u00eame tarif que celui de l\u2019\u00e9pilation.<\/p>\n\n\n\n<figure class=\"wp-block-table alignright is-style-stripes\" style=\"padding-left:0px\"><table class=\"has-fixed-layout\"><thead><tr><th>&nbsp;<\/th><th class=\"has-text-align-center\" data-align=\"center\">\u00c0 partir de<\/th><\/tr><\/thead><tbody><tr><td>Maintien des sourcils \u00e0 la pince ou \u00e0 la cire<\/td><td class=\"has-text-align-center\" data-align=\"center\">$20 \u00e0 $26<\/td><\/tr><tr><td>Stylisation des sourcils \u00e0 la pince ou \u00e0 la cire<\/td><td class=\"has-text-align-center\" data-align=\"center\">$26 \u00e0 $35<\/td><\/tr><tr><td>L\u00e8vre sup\u00e9rieure<\/td><td class=\"has-text-align-center\" data-align=\"center\">$20<\/td><\/tr><tr><td>Menton ou c\u00f4t\u00e9 du visage<\/td><td class=\"has-text-align-center\" data-align=\"center\">$25 et plus<\/td><\/tr><tr><td>Nuque ou ventre<\/td><td class=\"has-text-align-center\" data-align=\"center\">$25<\/td><\/tr><tr><td>Aisselles<\/td><td class=\"has-text-align-center\" data-align=\"center\">$35<\/td><\/tr><tr><td>Bikini<\/td><td class=\"has-text-align-center\" data-align=\"center\">$32<\/td><\/tr><tr><td>Bikini int\u00e9gral (br\u00e9silien)<\/td><td class=\"has-text-align-center\" data-align=\"center\">$47<\/td><\/tr><tr><td>Avant-bras<\/td><td class=\"has-text-align-center\" data-align=\"center\">$40<\/td><\/tr><tr><td>Bras entiers<\/td><td class=\"has-text-align-center\" data-align=\"center\">$50<\/td><\/tr><tr><td>Oreille ou nez<\/td><td class=\"has-text-align-center\" data-align=\"center\">$25<\/td><\/tr><tr><td>Bas de la jambe<\/td><td class=\"has-text-align-center\" data-align=\"center\">$32<\/td><\/tr><tr><td>Haut de la jambe<\/td><td class=\"has-text-align-center\" data-align=\"center\">$38<\/td><\/tr><tr><td>Haut de la jambe et bikini<\/td><td class=\"has-text-align-center\" data-align=\"center\">$65<\/td><\/tr><tr><td>Jambe compl\u00e8te et bikini<\/td><td class=\"has-text-align-center\" data-align=\"center\">$54<\/td><\/tr><tr><td><\/td><td class=\"has-text-align-center\" data-align=\"center\"><\/td><\/tr><tr><td><\/td><td class=\"has-text-align-center\" data-align=\"center\"><\/td><\/tr><\/tbody><\/table><\/figure>\n\n\n\n<p style=\"padding-bottom:var(--wp--preset--spacing--40)\"><\/p>\n<\/div>\n<\/div>\n\n\n\n<ul class=\"wp-block-list\">\n<li>Nous offrons aussi <a href=\"https:\/\/fannyo.ca\/fr\/for-men\/\" data-type=\"page\" data-id=\"223\">des services esth\u00e9tiques pour hommes<\/a><\/li>\n\n\n\n<li><a href=\"https:\/\/fannyo.ca\/fr\/fanny-of-westmount\/\" data-type=\"page\" data-id=\"204\">Prenez rendez-vous<\/a> d\u00e8s aujourd\u2019hui<\/li>\n\n\n\n<li><a href=\"https:\/\/fannyo.ca\/fr\/gift-certificates\/\" data-type=\"page\" data-id=\"150\">Certificats cadeaux<\/a><\/li>\n\n\n\n<li><a href=\"https:\/\/fannyo.ca\/fr\/express-services\/\" data-type=\"page\" data-id=\"65\">Services Express<\/a> et <a href=\"https:\/\/fannyo.ca\/fr\/v-i-p-special-events\/\" data-type=\"page\" data-id=\"16\">Services VIP<\/a><\/li>\n\n\n\n<li class=\"translation-block\"><a href=\"https:\/\/fannyo.ca\/fr\/price-list\/\" data-type=\"page\" data-id=\"54\" target=\"_self\"> Liste compl\u00e8te des prix<\/a><\/li>\n<\/ul>\n\n\n\n<p><\/p>\n<\/div>","protected":false},"excerpt":{"rendered":"<p>A complete line of aesthetic and corrective treatments for body and face has for to help both men and women to maintain a healthy appearance. Facial Treatments At&nbsp;Fanny of Westmount, renowned products meet the latest techniques, with facials that fade wrinkles and correct imperfections. &nbsp; Starting at Basic facial (1h15) $98 Mini facial (Beauty Flash) [&hellip;]<\/p>\n","protected":false},"author":1,"featured_media":0,"parent":18,"menu_order":0,"comment_status":"open","ping_status":"closed","template":"product-header","meta":{"footnotes":""},"class_list":["post-20","page","type-page","status-publish","hentry"],"yoast_head":"<!-- This site is optimized with the Yoast SEO plugin v23.4 - https:\/\/yoast.com\/wordpress\/plugins\/seo\/ -->\n<title>Women&#039;s Aesthetic - Fanny of Westmount<\/title>\n<meta name=\"description\" content=\"Aesthetic and corrective treatments for body and face, for men and women. Facial treatments, make up, ear piercing, manicure and pedicure, hair removal.\" \/>\n<meta name=\"robots\" content=\"index, follow, max-snippet:-1, max-image-preview:large, max-video-preview:-1\" \/>\n<link rel=\"canonical\" href=\"https:\/\/fannyo.ca\/fr\/women\/aesthetics\/\" \/>\n<meta property=\"og:locale\" content=\"fr_CA\" \/>\n<meta property=\"og:type\" content=\"article\" \/>\n<meta property=\"og:title\" content=\"Women&#039;s Aesthetic - Fanny of Westmount\" \/>\n<meta property=\"og:description\" content=\"Aesthetic and corrective treatments for body and face, for men and women. Facial treatments, make up, ear piercing, manicure and pedicure, hair removal.\" \/>\n<meta property=\"og:url\" content=\"https:\/\/fannyo.ca\/fr\/women\/aesthetics\/\" \/>\n<meta property=\"og:site_name\" content=\"Fanny of Westmount\" \/>\n<meta property=\"article:modified_time\" content=\"2025-05-27T16:07:05+00:00\" \/>\n<meta property=\"og:image\" content=\"http:\/\/fannyofwestmount.com\/wp-content\/uploads\/2012\/04\/SKMBT_C55012041111570NEW-202-253x300.jpg\" \/>\n<meta name=\"twitter:card\" content=\"summary_large_image\" \/>\n<meta name=\"twitter:label1\" content=\"Estimation du temps de lecture\" \/>\n\t<meta name=\"twitter:data1\" content=\"4 minutes\" \/>\n<script type=\"application\/ld+json\" class=\"yoast-schema-graph\">{\"@context\":\"https:\/\/schema.org\",\"@graph\":[{\"@type\":\"WebPage\",\"@id\":\"https:\/\/fannyo.ca\/women\/aesthetics\/\",\"url\":\"https:\/\/fannyo.ca\/women\/aesthetics\/\",\"name\":\"Women's Aesthetic - Fanny of Westmount\",\"isPartOf\":{\"@id\":\"https:\/\/fannyo.ca\/#website\"},\"primaryImageOfPage\":{\"@id\":\"https:\/\/fannyo.ca\/women\/aesthetics\/#primaryimage\"},\"image\":{\"@id\":\"https:\/\/fannyo.ca\/women\/aesthetics\/#primaryimage\"},\"thumbnailUrl\":\"http:\/\/fannyofwestmount.com\/wp-content\/uploads\/2012\/04\/SKMBT_C55012041111570NEW-202-253x300.jpg\",\"datePublished\":\"2012-04-11T14:40:47+00:00\",\"dateModified\":\"2025-05-27T16:07:05+00:00\",\"description\":\"Aesthetic and corrective treatments for body and face, for men and women. Facial treatments, make up, ear piercing, manicure and pedicure, hair removal.\",\"breadcrumb\":{\"@id\":\"https:\/\/fannyo.ca\/women\/aesthetics\/#breadcrumb\"},\"inLanguage\":\"fr-CA\",\"potentialAction\":[{\"@type\":\"ReadAction\",\"target\":[\"https:\/\/fannyo.ca\/women\/aesthetics\/\"]}]},{\"@type\":\"ImageObject\",\"inLanguage\":\"fr-CA\",\"@id\":\"https:\/\/fannyo.ca\/women\/aesthetics\/#primaryimage\",\"url\":\"http:\/\/fannyofwestmount.com\/wp-content\/uploads\/2012\/04\/SKMBT_C55012041111570NEW-202-253x300.jpg\",\"contentUrl\":\"http:\/\/fannyofwestmount.com\/wp-content\/uploads\/2012\/04\/SKMBT_C55012041111570NEW-202-253x300.jpg\"},{\"@type\":\"BreadcrumbList\",\"@id\":\"https:\/\/fannyo.ca\/women\/aesthetics\/#breadcrumb\",\"itemListElement\":[{\"@type\":\"ListItem\",\"position\":1,\"name\":\"Home\",\"item\":\"https:\/\/fannyo.ca\/\"},{\"@type\":\"ListItem\",\"position\":2,\"name\":\"For Women\",\"item\":\"https:\/\/fannyo.ca\/women\/\"},{\"@type\":\"ListItem\",\"position\":3,\"name\":\"Women&#8217;s Aesthetic\"}]},{\"@type\":\"WebSite\",\"@id\":\"https:\/\/fannyo.ca\/#website\",\"url\":\"https:\/\/fannyo.ca\/\",\"name\":\"Fanny of Westmount\",\"description\":\"\",\"publisher\":{\"@id\":\"https:\/\/fannyo.ca\/#organization\"},\"potentialAction\":[{\"@type\":\"SearchAction\",\"target\":{\"@type\":\"EntryPoint\",\"urlTemplate\":\"https:\/\/fannyo.ca\/?s={search_term_string}\"},\"query-input\":{\"@type\":\"PropertyValueSpecification\",\"valueRequired\":true,\"valueName\":\"search_term_string\"}}],\"inLanguage\":\"fr-CA\"},{\"@type\":\"Organization\",\"@id\":\"https:\/\/fannyo.ca\/#organization\",\"name\":\"Fanny of Westmount\",\"url\":\"https:\/\/fannyo.ca\/\",\"logo\":{\"@type\":\"ImageObject\",\"inLanguage\":\"fr-CA\",\"@id\":\"https:\/\/fannyo.ca\/#\/schema\/logo\/image\/\",\"url\":\"https:\/\/fannyo.ca\/wp-content\/uploads\/2024\/11\/0-2.jpg\",\"contentUrl\":\"https:\/\/fannyo.ca\/wp-content\/uploads\/2024\/11\/0-2.jpg\",\"width\":1280,\"height\":304,\"caption\":\"Fanny of Westmount\"},\"image\":{\"@id\":\"https:\/\/fannyo.ca\/#\/schema\/logo\/image\/\"}}]}<\/script>\n<!-- \/ Yoast SEO plugin. -->","yoast_head_json":{"title":"Women's Aesthetic - Fanny of Westmount","description":"Aesthetic and corrective treatments for body and face, for men and women. Facial treatments, make up, ear piercing, manicure and pedicure, hair removal.","robots":{"index":"index","follow":"follow","max-snippet":"max-snippet:-1","max-image-preview":"max-image-preview:large","max-video-preview":"max-video-preview:-1"},"canonical":"https:\/\/fannyo.ca\/fr\/women\/aesthetics\/","og_locale":"fr_CA","og_type":"article","og_title":"Women's Aesthetic - Fanny of Westmount","og_description":"Aesthetic and corrective treatments for body and face, for men and women. Facial treatments, make up, ear piercing, manicure and pedicure, hair removal.","og_url":"https:\/\/fannyo.ca\/fr\/women\/aesthetics\/","og_site_name":"Fanny of Westmount","article_modified_time":"2025-05-27T16:07:05+00:00","og_image":[{"url":"http:\/\/fannyofwestmount.com\/wp-content\/uploads\/2012\/04\/SKMBT_C55012041111570NEW-202-253x300.jpg"}],"twitter_card":"summary_large_image","twitter_misc":{"Estimation du temps de lecture":"4 minutes"},"schema":{"@context":"https:\/\/schema.org","@graph":[{"@type":"WebPage","@id":"https:\/\/fannyo.ca\/women\/aesthetics\/","url":"https:\/\/fannyo.ca\/women\/aesthetics\/","name":"Women's Aesthetic - Fanny of Westmount","isPartOf":{"@id":"https:\/\/fannyo.ca\/#website"},"primaryImageOfPage":{"@id":"https:\/\/fannyo.ca\/women\/aesthetics\/#primaryimage"},"image":{"@id":"https:\/\/fannyo.ca\/women\/aesthetics\/#primaryimage"},"thumbnailUrl":"http:\/\/fannyofwestmount.com\/wp-content\/uploads\/2012\/04\/SKMBT_C55012041111570NEW-202-253x300.jpg","datePublished":"2012-04-11T14:40:47+00:00","dateModified":"2025-05-27T16:07:05+00:00","description":"Aesthetic and corrective treatments for body and face, for men and women. Facial treatments, make up, ear piercing, manicure and pedicure, hair removal.","breadcrumb":{"@id":"https:\/\/fannyo.ca\/women\/aesthetics\/#breadcrumb"},"inLanguage":"fr-CA","potentialAction":[{"@type":"ReadAction","target":["https:\/\/fannyo.ca\/women\/aesthetics\/"]}]},{"@type":"ImageObject","inLanguage":"fr-CA","@id":"https:\/\/fannyo.ca\/women\/aesthetics\/#primaryimage","url":"http:\/\/fannyofwestmount.com\/wp-content\/uploads\/2012\/04\/SKMBT_C55012041111570NEW-202-253x300.jpg","contentUrl":"http:\/\/fannyofwestmount.com\/wp-content\/uploads\/2012\/04\/SKMBT_C55012041111570NEW-202-253x300.jpg"},{"@type":"BreadcrumbList","@id":"https:\/\/fannyo.ca\/women\/aesthetics\/#breadcrumb","itemListElement":[{"@type":"ListItem","position":1,"name":"Home","item":"https:\/\/fannyo.ca\/"},{"@type":"ListItem","position":2,"name":"For Women","item":"https:\/\/fannyo.ca\/women\/"},{"@type":"ListItem","position":3,"name":"Women&#8217;s Aesthetic"}]},{"@type":"WebSite","@id":"https:\/\/fannyo.ca\/#website","url":"https:\/\/fannyo.ca\/","name":"Fanny of Westmount","description":"","publisher":{"@id":"https:\/\/fannyo.ca\/#organization"},"potentialAction":[{"@type":"SearchAction","target":{"@type":"EntryPoint","urlTemplate":"https:\/\/fannyo.ca\/?s={search_term_string}"},"query-input":{"@type":"PropertyValueSpecification","valueRequired":true,"valueName":"search_term_string"}}],"inLanguage":"fr-CA"},{"@type":"Organization","@id":"https:\/\/fannyo.ca\/#organization","name":"Fanny of Westmount","url":"https:\/\/fannyo.ca\/","logo":{"@type":"ImageObject","inLanguage":"fr-CA","@id":"https:\/\/fannyo.ca\/#\/schema\/logo\/image\/","url":"https:\/\/fannyo.ca\/wp-content\/uploads\/2024\/11\/0-2.jpg","contentUrl":"https:\/\/fannyo.ca\/wp-content\/uploads\/2024\/11\/0-2.jpg","width":1280,"height":304,"caption":"Fanny of Westmount"},"image":{"@id":"https:\/\/fannyo.ca\/#\/schema\/logo\/image\/"}}]}},"_links":{"self":[{"href":"https:\/\/fannyo.ca\/fr\/wp-json\/wp\/v2\/pages\/20","targetHints":{"allow":["GET"]}}],"collection":[{"href":"https:\/\/fannyo.ca\/fr\/wp-json\/wp\/v2\/pages"}],"about":[{"href":"https:\/\/fannyo.ca\/fr\/wp-json\/wp\/v2\/types\/page"}],"author":[{"embeddable":true,"href":"https:\/\/fannyo.ca\/fr\/wp-json\/wp\/v2\/users\/1"}],"replies":[{"embeddable":true,"href":"https:\/\/fannyo.ca\/fr\/wp-json\/wp\/v2\/comments?post=20"}],"version-history":[{"count":16,"href":"https:\/\/fannyo.ca\/fr\/wp-json\/wp\/v2\/pages\/20\/revisions"}],"predecessor-version":[{"id":1585,"href":"https:\/\/fannyo.ca\/fr\/wp-json\/wp\/v2\/pages\/20\/revisions\/1585"}],"up":[{"embeddable":true,"href":"https:\/\/fannyo.ca\/fr\/wp-json\/wp\/v2\/pages\/18"}],"wp:attachment":[{"href":"https:\/\/fannyo.ca\/fr\/wp-json\/wp\/v2\/media?parent=20"}],"curies":[{"name":"wp","href":"https:\/\/api.w.org\/{rel}","templated":true}]}}