{"id":197,"date":"2012-05-08T22:12:23","date_gmt":"2012-05-08T22:12:23","guid":{"rendered":"http:\/\/fannyofwestmount.com\/?page_id=197"},"modified":"2012-05-08T22:12:23","modified_gmt":"2012-05-08T22:12:23","slug":"soins-esthetiques","status":"publish","type":"page","link":"https:\/\/fannyo.ca\/fr\/services-pour-hommes\/soins-esthetiques\/","title":{"rendered":"Soins esth\u00e9tiques"},"content":{"rendered":"<h2>Soins revitalisants du visage<strong><em><\/em><\/strong><strong><em><\/em><\/strong><\/h2>\n<p><a href=\"http:\/\/fannyofwestmount.com\/wp-content\/uploads\/2012\/04\/SKMBT_C55012041111551NEW.jpg\"><img decoding=\"async\" class=\"alignleft size-medium wp-image-297 lazyload\" title=\"SKMBT_C55012041111551NEW\" data-src=\"http:\/\/fannyofwestmount.com\/wp-content\/uploads\/2012\/04\/SKMBT_C55012041111551NEW-221x300.jpg\" alt=\"\" width=\"221\" height=\"300\" src=\"data:image\/svg+xml;base64,PHN2ZyB3aWR0aD0iMSIgaGVpZ2h0PSIxIiB4bWxucz0iaHR0cDovL3d3dy53My5vcmcvMjAwMC9zdmciPjwvc3ZnPg==\" style=\"--smush-placeholder-width: 221px; --smush-placeholder-aspect-ratio: 221\/300;\" \/><\/a><strong>Fanny of Westmount<\/strong><em> <\/em>vous composera un traitement sur mesure, rafra\u00eechissant, nettoyant, tonifiant et hydratant, pour vous garantir une image impeccable.<\/p>\n<p>Chez <em>FOW<\/em> o\u00f9 la beaut\u00e9 est une priorit\u00e9, nos produits europ\u00e9ens de renomm\u00e9e sont utilis\u00e9s avec les techniques les plus avanc\u00e9es. Nos soins de la peau permettent de r\u00e9duire les rides et de corriger les imperfections. Tous nos faciaux incluent le massage de mains et pieds. <strong><br \/>\n<\/strong><\/p>\n<table border=\"1\" cellspacing=\"0\" cellpadding=\"0\">\n<tbody>\n<tr>\n<td valign=\"top\" width=\"594\">\u00a0<\/td>\n<td valign=\"top\" width=\"138\"><strong>\u00c0 partir de<\/strong><strong><\/strong><\/td>\n<\/tr>\n<tr>\n<td valign=\"top\" width=\"594\">Facial de base (1h15)<\/td>\n<td valign=\"top\" width=\"138\">75$<\/td>\n<\/tr>\n<tr>\n<td valign=\"top\" width=\"594\">Mini Facial (Flash Beaut\u00e9) (30 min)<\/td>\n<td valign=\"top\" width=\"138\">55$<\/td>\n<\/tr>\n<tr>\n<td valign=\"top\" width=\"594\">Facial avec s\u00e9rum traitant (1h30)<\/td>\n<td valign=\"top\" width=\"138\">90$<\/td>\n<\/tr>\n<tr>\n<td valign=\"top\" width=\"594\">Facial micro-peeling biologique+s\u00e9rum (1h30)<\/td>\n<td valign=\"top\" width=\"138\">120$<\/td>\n<\/tr>\n<tr>\n<td valign=\"top\" width=\"594\">Facial pour peaux acn\u00e9iques (1h30)<\/td>\n<td valign=\"top\" width=\"138\">100$<\/td>\n<\/tr>\n<tr>\n<td valign=\"top\" width=\"594\">Facial Sea C spa (1h30)<\/td>\n<td valign=\"top\" width=\"138\">125$<\/td>\n<\/tr>\n<tr>\n<td valign=\"top\" width=\"594\">Facial au collag\u00e8ne (2h)<\/td>\n<td valign=\"top\" width=\"138\">155$<\/td>\n<\/tr>\n<tr>\n<td valign=\"top\" width=\"594\">Facial Botinol (2h)<\/td>\n<td valign=\"top\" width=\"138\">160$<\/td>\n<\/tr>\n<tr>\n<td valign=\"top\" width=\"594\">Hydrolifting<\/td>\n<td valign=\"top\" width=\"594\">115$<\/td>\n<\/tr>\n<tr>\n<td valign=\"top\" width=\"594\">Facial Algomasque (1h30)<\/td>\n<td valign=\"top\" width=\"138\">95$<\/td>\n<\/tr>\n<tr>\n<td valign=\"top\" width=\"594\">Facial exfoliant revitalisant aux acides de fruits (1h30)<\/td>\n<td valign=\"top\" width=\"138\">120$<\/td>\n<\/tr>\n<tr>\n<td valign=\"top\" width=\"594\">Facial anti-stress aux huiles essentielles avec massage ou exfoliant th\u00e9rapeutique mains et pieds (1h15 \u00e0 1h30)<\/td>\n<td valign=\"top\" width=\"138\">150$<\/td>\n<\/tr>\n<tr>\n<td valign=\"top\" width=\"594\">Traitement facial \u00e0 l&#8217;oxyg\u00e8ne et acide glycolique (30 min)<\/td>\n<td valign=\"top\" width=\"138\">87$<\/td>\n<\/tr>\n<tr>\n<td valign=\"top\" width=\"594\">Micro peeling AHA<\/td>\n<td valign=\"top\" width=\"138\">30$<\/td>\n<\/tr>\n<tr>\n<td valign=\"top\" width=\"594\">Traitement contour yeux Algomask (30 min)<\/td>\n<td valign=\"top\" width=\"138\">55$<\/td>\n<\/tr>\n<tr>\n<td valign=\"top\" width=\"594\">Traitement contour yeux collag\u00e8ne (45-60 min)<\/td>\n<td valign=\"top\" width=\"138\">77$<\/td>\n<\/tr>\n<\/tbody>\n<\/table>\n<h2>Maquillage<\/h2>\n<p>Pour un maquillage discret, de camouflage ou de sc\u00e8ne, nos artistes maquilleurs sauront vous conseiller et vous aider \u00e0 d\u00e9finir votre style et \u00e0 renouveler votre image! <strong>Fanny of Westmount<\/strong> se sp\u00e9cialise dans le maquillage de noces, cin\u00e9ma, th\u00e9\u00e2tre, photographie et d\u00e9fil\u00e9s de mode.<\/p>\n<table border=\"1\" cellspacing=\"0\" cellpadding=\"0\">\n<tbody>\n<tr>\n<td valign=\"top\" width=\"480\">\u00a0<\/td>\n<td valign=\"top\" width=\"243\"><strong>\u00c0 partir de<\/strong><strong><\/strong><\/td>\n<\/tr>\n<tr>\n<td valign=\"top\" width=\"480\">Maquillage (30 min \u00e0 1h)<\/td>\n<td valign=\"top\" width=\"243\">49$ \u00e0 120$<\/td>\n<\/tr>\n<tr>\n<td valign=\"top\" width=\"480\">Maquillage par Fanny (1h)<\/td>\n<td valign=\"top\" width=\"243\">68$ \u00e0 150$<\/td>\n<\/tr>\n<tr>\n<td valign=\"top\" width=\"480\">Maquillage pour le mari\u00e9 (1h)<\/td>\n<td valign=\"top\" width=\"243\">60$ \u00e0 150$<\/td>\n<\/tr>\n<tr>\n<td valign=\"top\" width=\"480\">Maquillage de sc\u00e8ne (1h)<\/td>\n<td valign=\"top\" width=\"243\">\u00a076$ \u00e0 150$<\/td>\n<\/tr>\n<tr>\n<td valign=\"top\" width=\"480\">Le\u00e7on de maquillage priv\u00e9e (1h30)<\/td>\n<td valign=\"top\" width=\"243\">\u00a076$ \u00e0 150$<\/td>\n<\/tr>\n<tr>\n<td valign=\"top\" width=\"480\">Mini facial avant maquillage avec Vial (30 min)<\/td>\n<td valign=\"top\" width=\"243\">55$<\/td>\n<\/tr>\n<tr>\n<td valign=\"top\" width=\"480\">Ampoule additionnelle \u00ab coup d&#8217;\u00e9clat \u00bb<\/td>\n<td valign=\"top\" width=\"243\">15$<\/td>\n<\/tr>\n<tr>\n<td valign=\"top\" width=\"480\">Pose de faux-cils (20 min)<\/td>\n<td valign=\"top\" width=\"243\">38$<\/td>\n<\/tr>\n<tr>\n<td valign=\"top\" width=\"480\">Teinture des cils (30 min)<\/td>\n<td valign=\"top\" width=\"243\">35$<\/td>\n<\/tr>\n<tr>\n<td valign=\"top\" width=\"480\">Teinture des sourcils (30 min)<\/td>\n<td valign=\"top\" width=\"243\">20$<\/td>\n<\/tr>\n<\/tbody>\n<\/table>\n<h2>Per\u00e7age d&#8217;oreilles<\/h2>\n<h3>Les boucles d&#8217;oreilles sont toujours incluses dans nos tarifs. Ceux-ci varient selon le mod\u00e8le choisi.<\/h3>\n<table border=\"1\" cellspacing=\"0\" cellpadding=\"0\">\n<tbody>\n<tr>\n<td valign=\"top\" width=\"357\">\u00a0<\/td>\n<td valign=\"top\" width=\"366\"><strong>\u00c0 partir de<\/strong><strong><\/strong><\/td>\n<\/tr>\n<tr>\n<td valign=\"top\" width=\"357\">Une oreille<\/td>\n<td valign=\"top\" width=\"366\">25$ \u00e0 30$<\/td>\n<\/tr>\n<tr>\n<td valign=\"top\" width=\"357\">Deux oreilles<\/td>\n<td valign=\"top\" width=\"366\">40$ \u00e0 55$<\/td>\n<\/tr>\n<\/tbody>\n<\/table>\n<h2>Manucure et P\u00e9dicure<\/h2>\n<h3><em>Soins essentiels des mains et des pieds<\/em><em> <\/em><\/h3>\n<p><a href=\"http:\/\/fannyofwestmount.com\/wp-content\/uploads\/2012\/04\/SKMBT_C55012041111541NEW.jpg\"><img decoding=\"async\" class=\"alignleft size-medium wp-image-350 lazyload\" title=\"SKMBT_C55012041111541NEW\" data-src=\"http:\/\/fannyofwestmount.com\/wp-content\/uploads\/2012\/04\/SKMBT_C55012041111541NEW-223x300.jpg\" alt=\"\" width=\"223\" height=\"300\" src=\"data:image\/svg+xml;base64,PHN2ZyB3aWR0aD0iMSIgaGVpZ2h0PSIxIiB4bWxucz0iaHR0cDovL3d3dy53My5vcmcvMjAwMC9zdmciPjwvc3ZnPg==\" style=\"--smush-placeholder-width: 223px; --smush-placeholder-aspect-ratio: 223\/300;\" \/><\/a><\/p>\n<p>Les mains et les pieds sont les parties les plus sollicit\u00e9es du corps. Cela exige une attention et des soins sp\u00e9cifiques. Demandez \u00e0 un de nos experts ce que vous pouvez faire pour prendre soin de vos mains et pieds, afin de conserver une peau douce et jeune.<\/p>\n<table border=\"1\" cellspacing=\"0\" cellpadding=\"0\">\n<tbody>\n<tr>\n<td valign=\"top\" width=\"585\">\u00a0<\/td>\n<td valign=\"top\" width=\"135\"><strong><em>\u00c0 partir de<\/em><\/strong><strong><em><\/em><\/strong><\/td>\n<\/tr>\n<tr>\n<td valign=\"top\" width=\"585\">Manucure de base (30 min \u00e0 45 min)<em><\/em><\/td>\n<td valign=\"top\" width=\"135\">25$<em><\/em><\/td>\n<\/tr>\n<tr>\n<td valign=\"top\" width=\"585\">Manucure et polissage des ongles (1h)<em><\/em><\/td>\n<td valign=\"top\" width=\"135\">35$<em><\/em><\/td>\n<\/tr>\n<tr>\n<td valign=\"top\" width=\"585\">Manucure et traitement hydratant des cuticules<em><\/em><\/td>\n<td valign=\"top\" width=\"135\">35$<em><\/em><\/td>\n<\/tr>\n<tr>\n<td valign=\"top\" width=\"585\">Manucure spa aromath\u00e9rapie et exfoliant aux sels de mer<em><\/em><\/td>\n<td valign=\"top\" width=\"135\">49$<em><\/em><\/td>\n<\/tr>\n<tr>\n<td valign=\"top\" width=\"585\">Manucure, exfoliant et paraffine* (1h15)<em><\/em><\/td>\n<td valign=\"top\" width=\"135\">52$<em><\/em><\/td>\n<\/tr>\n<tr>\n<td valign=\"top\" width=\"585\">Traitement de paraffine*<em><\/em><\/td>\n<td valign=\"top\" width=\"135\">30$<em><\/em><\/td>\n<\/tr>\n<tr>\n<td valign=\"top\" width=\"585\">P\u00e9dicure (1h)<em><\/em><\/td>\n<td valign=\"top\" width=\"135\">49$<em><\/em><\/td>\n<\/tr>\n<tr>\n<td valign=\"top\" width=\"585\">Beaut\u00e9 des pieds (30 min \u00e0 45 min) <em><\/em><\/td>\n<td valign=\"top\" width=\"135\">38$<em><\/em><\/td>\n<\/tr>\n<tr>\n<td valign=\"top\" width=\"585\">P\u00e9di-spa aromath\u00e9rapie aux exfoliant sels de mer (1h15)<em><\/em><\/td>\n<td valign=\"top\" width=\"135\">72$<em><\/em><\/td>\n<\/tr>\n<tr>\n<td valign=\"top\" width=\"585\">P\u00e9dicure traitements exfoliant et paraffine* (1h30)<em><\/em><\/td>\n<td valign=\"top\" width=\"135\">75$<em><\/em><\/td>\n<\/tr>\n<\/tbody>\n<\/table>\n<p>* La paraffine est recommand\u00e9e pour la douceur, l&#8217;hydratation, la pr\u00e9vention du vieillissement des mains et des pieds, ainsi que pour le soulagement de l&#8217;arthrite.<\/p>\n<h2>\u00c9pilation <strong><em><\/em><\/strong><strong><em><\/em><\/strong><\/h2>\n<p>Fanny of Westmount rend l&#8217;\u00e9pilation simple et efficace, pour homme et femme. Les techniques d&#8217;\u00e9pilation incluent la cire chaude, ti\u00e8de ou par \u00e9lectrolyse. Le service de d\u00e9coloration est \u00e9galement offert, au m\u00eame tarif que celui de l&#8217;\u00e9pilation.<\/p>\n<table border=\"1\" cellspacing=\"0\" cellpadding=\"0\">\n<tbody>\n<tr>\n<td valign=\"top\" width=\"570\">\u00a0<\/td>\n<td valign=\"top\" width=\"153\"><strong>\u00c0 partir de<\/strong><strong><\/strong><\/td>\n<\/tr>\n<tr>\n<td valign=\"top\" width=\"570\">Maintien des sourcils \u00e0 la pince ou \u00e0 la cire<\/td>\n<td valign=\"top\" width=\"153\">18$<\/td>\n<\/tr>\n<tr>\n<td valign=\"top\" width=\"570\">Stylisation des sourcils \u00e0 la pince ou \u00e0 la cire<\/td>\n<td valign=\"top\" width=\"153\">25$<\/td>\n<\/tr>\n<tr>\n<td valign=\"top\" width=\"570\">Nuque ou ventre<\/td>\n<td valign=\"top\" width=\"153\">19$<\/td>\n<\/tr>\n<tr>\n<td valign=\"top\" width=\"570\">Aisselles<\/td>\n<td valign=\"top\" width=\"153\">20$<\/td>\n<\/tr>\n<tr>\n<td valign=\"top\" width=\"570\">Bikini<\/td>\n<td valign=\"top\" width=\"153\">25$<\/td>\n<\/tr>\n<tr>\n<td valign=\"top\" width=\"570\">Avant-bras<\/td>\n<td valign=\"top\" width=\"153\">25$<\/td>\n<\/tr>\n<tr>\n<td valign=\"top\" width=\"570\">Bras entiers<\/td>\n<td valign=\"top\" width=\"153\">30$<\/td>\n<\/tr>\n<tr>\n<td valign=\"top\" width=\"570\">Oreille ou nez<\/td>\n<td valign=\"top\" width=\"153\">19$<\/td>\n<\/tr>\n<tr>\n<td valign=\"top\" width=\"570\">Bas de la jambe<\/td>\n<td valign=\"top\" width=\"153\">28$<\/td>\n<\/tr>\n<tr>\n<td valign=\"top\" width=\"570\">Haut de la jambe<\/td>\n<td valign=\"top\" width=\"153\">32$<\/td>\n<\/tr>\n<tr>\n<td valign=\"top\" width=\"570\">Haut de la jambe et bikini<\/td>\n<td valign=\"top\" width=\"153\">42$<\/td>\n<\/tr>\n<tr>\n<td valign=\"top\" width=\"570\">Jambe compl\u00e8te et bikini<\/td>\n<td valign=\"top\" width=\"153\">49$<\/td>\n<\/tr>\n<tr>\n<td valign=\"top\" width=\"570\">Dos<\/td>\n<td valign=\"top\" width=\"153\">49$<\/td>\n<\/tr>\n<tr>\n<td valign=\"top\" width=\"570\">Poitrine<\/td>\n<td valign=\"top\" width=\"153\">39$<\/td>\n<\/tr>\n<tr>\n<td valign=\"top\" width=\"570\">\u00c9lectrolyse assist\u00e9e par ordinateur (5min)<br \/>\n($1 extra min)<\/td>\n<td valign=\"top\" width=\"153\">10$<\/td>\n<\/tr>\n<tr>\n<td valign=\"top\" width=\"570\">Filament pour usage personnel<\/td>\n<td valign=\"top\" width=\"153\">\u00a05$<\/td>\n<\/tr>\n<\/tbody>\n<\/table>\n<ul>\n<li><a title=\"Contact\" href=\"http:\/\/fannyofwestmount.com\/contact\/\">Prenez rendez-vous d\u00e8s aujourd&#8217;hui<\/a><\/li>\n<li><a title=\"Certificats cadeaux\" href=\"http:\/\/fannyofwestmount.com\/gift-certificates\/\">Certificats cadeau<\/a><\/li>\n<li><a title=\"Express Services\" href=\"http:\/\/fannyofwestmount.com\/express-services\/\">Services Express<\/a> et <a title=\"V.I.P. Special Events\" href=\"http:\/\/fannyofwestmount.com\/v-i-p-special-events\/\">Services VIP<\/a><\/li>\n<li><a title=\"Liste de prix\" href=\"http:\/\/fannyofwestmount.com\/price-list\/\">Liste compl\u00e8te des prix<\/a><\/li>\n<\/ul>","protected":false},"excerpt":{"rendered":"<p>Soins revitalisants du visage Fanny of Westmount vous composera un traitement sur mesure, rafra\u00eechissant, nettoyant, tonifiant et hydratant, pour vous garantir une image impeccable. Chez FOW o\u00f9 la beaut\u00e9 est une priorit\u00e9, nos produits europ\u00e9ens de renomm\u00e9e sont utilis\u00e9s avec les techniques les plus avanc\u00e9es. Nos soins de la peau permettent de r\u00e9duire les rides [&hellip;]<\/p>","protected":false},"author":1,"featured_media":0,"parent":189,"menu_order":0,"comment_status":"open","ping_status":"closed","template":"","meta":{"footnotes":""},"class_list":["post-197","page","type-page","status-publish","hentry"],"yoast_head":"<!-- This site is optimized with the Yoast SEO plugin v23.4 - https:\/\/yoast.com\/wordpress\/plugins\/seo\/ -->\n<title>Soins esth\u00e9tiques - Fanny of Westmount<\/title>\n<meta name=\"robots\" content=\"index, follow, max-snippet:-1, max-image-preview:large, max-video-preview:-1\" \/>\n<link rel=\"canonical\" href=\"https:\/\/fannyo.ca\/fr\/services-pour-hommes\/soins-esthetiques\/\" \/>\n<meta property=\"og:locale\" content=\"fr_CA\" \/>\n<meta property=\"og:type\" content=\"article\" \/>\n<meta property=\"og:title\" content=\"Soins esth\u00e9tiques - Fanny of Westmount\" \/>\n<meta property=\"og:description\" content=\"Soins revitalisants du visage Fanny of Westmount vous composera un traitement sur mesure, rafra\u00eechissant, nettoyant, tonifiant et hydratant, pour vous garantir une image impeccable. Chez FOW o\u00f9 la beaut\u00e9 est une priorit\u00e9, nos produits europ\u00e9ens de renomm\u00e9e sont utilis\u00e9s avec les techniques les plus avanc\u00e9es. Nos soins de la peau permettent de r\u00e9duire les rides [&hellip;]\" \/>\n<meta property=\"og:url\" content=\"https:\/\/fannyo.ca\/fr\/services-pour-hommes\/soins-esthetiques\/\" \/>\n<meta property=\"og:site_name\" content=\"Fanny of Westmount\" \/>\n<meta property=\"og:image\" content=\"http:\/\/fannyofwestmount.com\/wp-content\/uploads\/2012\/04\/SKMBT_C55012041111551NEW-221x300.jpg\" \/>\n<meta name=\"twitter:card\" content=\"summary_large_image\" \/>\n<meta name=\"twitter:label1\" content=\"Estimation du temps de lecture\" \/>\n\t<meta name=\"twitter:data1\" content=\"3 minutes\" \/>\n<script type=\"application\/ld+json\" class=\"yoast-schema-graph\">{\"@context\":\"https:\/\/schema.org\",\"@graph\":[{\"@type\":\"WebPage\",\"@id\":\"https:\/\/fannyo.ca\/services-pour-hommes\/soins-esthetiques\/\",\"url\":\"https:\/\/fannyo.ca\/services-pour-hommes\/soins-esthetiques\/\",\"name\":\"Soins esth\u00e9tiques - Fanny of Westmount\",\"isPartOf\":{\"@id\":\"https:\/\/fannyo.ca\/#website\"},\"primaryImageOfPage\":{\"@id\":\"https:\/\/fannyo.ca\/services-pour-hommes\/soins-esthetiques\/#primaryimage\"},\"image\":{\"@id\":\"https:\/\/fannyo.ca\/services-pour-hommes\/soins-esthetiques\/#primaryimage\"},\"thumbnailUrl\":\"http:\/\/fannyofwestmount.com\/wp-content\/uploads\/2012\/04\/SKMBT_C55012041111551NEW-221x300.jpg\",\"datePublished\":\"2012-05-08T22:12:23+00:00\",\"dateModified\":\"2012-05-08T22:12:23+00:00\",\"breadcrumb\":{\"@id\":\"https:\/\/fannyo.ca\/services-pour-hommes\/soins-esthetiques\/#breadcrumb\"},\"inLanguage\":\"fr-CA\",\"potentialAction\":[{\"@type\":\"ReadAction\",\"target\":[\"https:\/\/fannyo.ca\/services-pour-hommes\/soins-esthetiques\/\"]}]},{\"@type\":\"ImageObject\",\"inLanguage\":\"fr-CA\",\"@id\":\"https:\/\/fannyo.ca\/services-pour-hommes\/soins-esthetiques\/#primaryimage\",\"url\":\"http:\/\/fannyofwestmount.com\/wp-content\/uploads\/2012\/04\/SKMBT_C55012041111551NEW-221x300.jpg\",\"contentUrl\":\"http:\/\/fannyofwestmount.com\/wp-content\/uploads\/2012\/04\/SKMBT_C55012041111551NEW-221x300.jpg\"},{\"@type\":\"BreadcrumbList\",\"@id\":\"https:\/\/fannyo.ca\/services-pour-hommes\/soins-esthetiques\/#breadcrumb\",\"itemListElement\":[{\"@type\":\"ListItem\",\"position\":1,\"name\":\"Home\",\"item\":\"https:\/\/fannyo.ca\/\"},{\"@type\":\"ListItem\",\"position\":2,\"name\":\"Services pour Hommes\",\"item\":\"https:\/\/fannyo.ca\/fr\/services-pour-hommes\/\"},{\"@type\":\"ListItem\",\"position\":3,\"name\":\"Soins esth\u00e9tiques\"}]},{\"@type\":\"WebSite\",\"@id\":\"https:\/\/fannyo.ca\/#website\",\"url\":\"https:\/\/fannyo.ca\/\",\"name\":\"Fanny of Westmount\",\"description\":\"\",\"publisher\":{\"@id\":\"https:\/\/fannyo.ca\/#organization\"},\"potentialAction\":[{\"@type\":\"SearchAction\",\"target\":{\"@type\":\"EntryPoint\",\"urlTemplate\":\"https:\/\/fannyo.ca\/?s={search_term_string}\"},\"query-input\":{\"@type\":\"PropertyValueSpecification\",\"valueRequired\":true,\"valueName\":\"search_term_string\"}}],\"inLanguage\":\"fr-CA\"},{\"@type\":\"Organization\",\"@id\":\"https:\/\/fannyo.ca\/#organization\",\"name\":\"Fanny of Westmount\",\"url\":\"https:\/\/fannyo.ca\/\",\"logo\":{\"@type\":\"ImageObject\",\"inLanguage\":\"fr-CA\",\"@id\":\"https:\/\/fannyo.ca\/#\/schema\/logo\/image\/\",\"url\":\"https:\/\/fannyo.ca\/wp-content\/uploads\/2024\/11\/0-2.jpg\",\"contentUrl\":\"https:\/\/fannyo.ca\/wp-content\/uploads\/2024\/11\/0-2.jpg\",\"width\":1280,\"height\":304,\"caption\":\"Fanny of Westmount\"},\"image\":{\"@id\":\"https:\/\/fannyo.ca\/#\/schema\/logo\/image\/\"}}]}<\/script>\n<!-- \/ Yoast SEO plugin. -->","yoast_head_json":{"title":"Soins esth\u00e9tiques - Fanny of Westmount","robots":{"index":"index","follow":"follow","max-snippet":"max-snippet:-1","max-image-preview":"max-image-preview:large","max-video-preview":"max-video-preview:-1"},"canonical":"https:\/\/fannyo.ca\/fr\/services-pour-hommes\/soins-esthetiques\/","og_locale":"fr_CA","og_type":"article","og_title":"Soins esth\u00e9tiques - Fanny of Westmount","og_description":"Soins revitalisants du visage Fanny of Westmount vous composera un traitement sur mesure, rafra\u00eechissant, nettoyant, tonifiant et hydratant, pour vous garantir une image impeccable. Chez FOW o\u00f9 la beaut\u00e9 est une priorit\u00e9, nos produits europ\u00e9ens de renomm\u00e9e sont utilis\u00e9s avec les techniques les plus avanc\u00e9es. Nos soins de la peau permettent de r\u00e9duire les rides [&hellip;]","og_url":"https:\/\/fannyo.ca\/fr\/services-pour-hommes\/soins-esthetiques\/","og_site_name":"Fanny of Westmount","og_image":[{"url":"http:\/\/fannyofwestmount.com\/wp-content\/uploads\/2012\/04\/SKMBT_C55012041111551NEW-221x300.jpg"}],"twitter_card":"summary_large_image","twitter_misc":{"Estimation du temps de lecture":"3 minutes"},"schema":{"@context":"https:\/\/schema.org","@graph":[{"@type":"WebPage","@id":"https:\/\/fannyo.ca\/services-pour-hommes\/soins-esthetiques\/","url":"https:\/\/fannyo.ca\/services-pour-hommes\/soins-esthetiques\/","name":"Soins esth\u00e9tiques - Fanny of Westmount","isPartOf":{"@id":"https:\/\/fannyo.ca\/#website"},"primaryImageOfPage":{"@id":"https:\/\/fannyo.ca\/services-pour-hommes\/soins-esthetiques\/#primaryimage"},"image":{"@id":"https:\/\/fannyo.ca\/services-pour-hommes\/soins-esthetiques\/#primaryimage"},"thumbnailUrl":"http:\/\/fannyofwestmount.com\/wp-content\/uploads\/2012\/04\/SKMBT_C55012041111551NEW-221x300.jpg","datePublished":"2012-05-08T22:12:23+00:00","dateModified":"2012-05-08T22:12:23+00:00","breadcrumb":{"@id":"https:\/\/fannyo.ca\/services-pour-hommes\/soins-esthetiques\/#breadcrumb"},"inLanguage":"fr-CA","potentialAction":[{"@type":"ReadAction","target":["https:\/\/fannyo.ca\/services-pour-hommes\/soins-esthetiques\/"]}]},{"@type":"ImageObject","inLanguage":"fr-CA","@id":"https:\/\/fannyo.ca\/services-pour-hommes\/soins-esthetiques\/#primaryimage","url":"http:\/\/fannyofwestmount.com\/wp-content\/uploads\/2012\/04\/SKMBT_C55012041111551NEW-221x300.jpg","contentUrl":"http:\/\/fannyofwestmount.com\/wp-content\/uploads\/2012\/04\/SKMBT_C55012041111551NEW-221x300.jpg"},{"@type":"BreadcrumbList","@id":"https:\/\/fannyo.ca\/services-pour-hommes\/soins-esthetiques\/#breadcrumb","itemListElement":[{"@type":"ListItem","position":1,"name":"Home","item":"https:\/\/fannyo.ca\/"},{"@type":"ListItem","position":2,"name":"Services pour Hommes","item":"https:\/\/fannyo.ca\/fr\/services-pour-hommes\/"},{"@type":"ListItem","position":3,"name":"Soins esth\u00e9tiques"}]},{"@type":"WebSite","@id":"https:\/\/fannyo.ca\/#website","url":"https:\/\/fannyo.ca\/","name":"Fanny of Westmount","description":"","publisher":{"@id":"https:\/\/fannyo.ca\/#organization"},"potentialAction":[{"@type":"SearchAction","target":{"@type":"EntryPoint","urlTemplate":"https:\/\/fannyo.ca\/?s={search_term_string}"},"query-input":{"@type":"PropertyValueSpecification","valueRequired":true,"valueName":"search_term_string"}}],"inLanguage":"fr-CA"},{"@type":"Organization","@id":"https:\/\/fannyo.ca\/#organization","name":"Fanny of Westmount","url":"https:\/\/fannyo.ca\/","logo":{"@type":"ImageObject","inLanguage":"fr-CA","@id":"https:\/\/fannyo.ca\/#\/schema\/logo\/image\/","url":"https:\/\/fannyo.ca\/wp-content\/uploads\/2024\/11\/0-2.jpg","contentUrl":"https:\/\/fannyo.ca\/wp-content\/uploads\/2024\/11\/0-2.jpg","width":1280,"height":304,"caption":"Fanny of Westmount"},"image":{"@id":"https:\/\/fannyo.ca\/#\/schema\/logo\/image\/"}}]}},"_links":{"self":[{"href":"https:\/\/fannyo.ca\/fr\/wp-json\/wp\/v2\/pages\/197","targetHints":{"allow":["GET"]}}],"collection":[{"href":"https:\/\/fannyo.ca\/fr\/wp-json\/wp\/v2\/pages"}],"about":[{"href":"https:\/\/fannyo.ca\/fr\/wp-json\/wp\/v2\/types\/page"}],"author":[{"embeddable":true,"href":"https:\/\/fannyo.ca\/fr\/wp-json\/wp\/v2\/users\/1"}],"replies":[{"embeddable":true,"href":"https:\/\/fannyo.ca\/fr\/wp-json\/wp\/v2\/comments?post=197"}],"version-history":[{"count":1,"href":"https:\/\/fannyo.ca\/fr\/wp-json\/wp\/v2\/pages\/197\/revisions"}],"predecessor-version":[{"id":1425,"href":"https:\/\/fannyo.ca\/fr\/wp-json\/wp\/v2\/pages\/197\/revisions\/1425"}],"up":[{"embeddable":true,"href":"https:\/\/fannyo.ca\/fr\/wp-json\/wp\/v2\/pages\/189"}],"wp:attachment":[{"href":"https:\/\/fannyo.ca\/fr\/wp-json\/wp\/v2\/media?parent=197"}],"curies":[{"name":"wp","href":"https:\/\/api.w.org\/{rel}","templated":true}]}}