{"id":14,"date":"2012-01-04T00:54:03","date_gmt":"2012-01-04T00:54:03","guid":{"rendered":"http:\/\/fannyofwestmount.com\/?page_id=2"},"modified":"2025-04-27T18:24:00","modified_gmt":"2025-04-27T18:24:00","slug":"fanny-of-westmount-hair-salon-and-beauty-salon","status":"publish","type":"page","link":"https:\/\/fannyo.ca\/fr\/","title":{"rendered":"Fanny de Westmount Salon de coiffure et d'esth\u00e9tique"},"content":{"rendered":"<figure class=\"wp-block-image alignleft size-large is-resized\" style=\"margin-right:var(--wp--preset--spacing--40);margin-left:var(--wp--preset--spacing--40)\"><img decoding=\"async\" width=\"378\" height=\"1024\" data-src=\"https:\/\/fannyo.ca\/wp-content\/uploads\/2025\/02\/Collage-FR-.jpg\" alt=\"\" class=\"wp-image-1165 lazyload\" style=\"--smush-placeholder-width: 378px; --smush-placeholder-aspect-ratio: 378\/1024;width:374px;height:auto\" data-srcset=\"https:\/\/fannyo.ca\/wp-content\/uploads\/2025\/02\/Collage-FR-.jpg 438w, https:\/\/fannyo.ca\/wp-content\/uploads\/2025\/02\/Collage-FR--115x300.jpg 115w, https:\/\/fannyo.ca\/wp-content\/uploads\/2025\/02\/Collage-FR--392x1024.jpg 392w, https:\/\/fannyo.ca\/wp-content\/uploads\/2025\/02\/Collage-FR--5x12.jpg 5w\" data-sizes=\"(max-width: 378px) 100vw, 378px\" src=\"data:image\/svg+xml;base64,PHN2ZyB3aWR0aD0iMSIgaGVpZ2h0PSIxIiB4bWxucz0iaHR0cDovL3d3dy53My5vcmcvMjAwMC9zdmciPjwvc3ZnPg==\" \/><\/figure>\n\n\n\n<div class=\"wp-block-group is-vertical is-layout-flex wp-container-core-group-is-layout-2d729e81 wp-block-group-is-layout-flex\">\n<p class=\"has-text-align-left translation-block\" style=\"margin-top:0;margin-right:0;margin-bottom:0;margin-left:0;padding-top:0;padding-right:0;padding-bottom:var(--wp--preset--spacing--10);padding-left:0\">Bienvenue au salon de coiffure et de beaut\u00e9 Fanny of Westmount, o\u00f9 vous p\u00e9n\u00e9trerez dans une oasis de calme. Notre atmosph\u00e8re vous permettra de vous laisser aller \u00e0 votre beaut\u00e9 int\u00e9rieure et ext\u00e9rieure.<\/p>\n\n\n\n<p>Pour nous, l'exp\u00e9rience du client est primordiale.<\/p>\n\n\n\n<p style=\"padding-bottom:var(--wp--preset--spacing--10)\" class=\"translation-block\">Depuis son ouverture en 1986, Fanny s'adresse \u00e0 une client\u00e8le sophistiqu\u00e9e et s'est forg\u00e9 une r\u00e9putation dans le monde des c\u00e9l\u00e9brit\u00e9s. Inspir\u00e9 par la tradition europ\u00e9enne, son salon propose des services uniques et personnalis\u00e9s, combin\u00e9s \u00e0 des pratiques de beaut\u00e9 classiques et modernes. Le salon se tient \u00e9galement au courant des innovations en mati\u00e8re de soins et de produits de beaut\u00e9. Nous proposons \u00e9galement des pr\u00e9parations signature et des services personnalis\u00e9s, qui donneront \u00e0 chacun l'impression d'\u00eatre une star !<\/p>\n\n\n\n<p style=\"padding-bottom:var(--wp--preset--spacing--10)\">As experts in hair, aesthetics and\u00a0the\u00a0spa\u00a0experience,\u00a0Fanny of Westmount, proudly serving both Westmount and NDG, provides\u00a0specialized services\u00a0for men and women.\u00a0As pioneers\u00a0in the Canadian urban spa culture,\u00a0our<strong><em>\u00a0<\/em><\/strong>goal is to guide urban professionals to look and feel\u00a0their best! A single\u00a0consultation is all that it takes for\u00a0our clients to\u00a0appreciate Fanny\u2019s\u00a0intuitive\u00a0flair\u00a0for\u00a0beauty.<\/p>\n\n\n\n<p style=\"padding-bottom:var(--wp--preset--spacing--10)\">Fanny of Westmount<strong>&nbsp;<\/strong>vous fera briller pour votre mariage, votre s\u00e9ance photo ou vos \u00e9v\u00e9nements corporatifs. Nous offrons des programmes de beaut\u00e9 sur mesure que vous pouvez programmer au moment qui vous convient le mieux dans votre semaine ! Venez voir ce que Fanny<strong><em>&nbsp;<\/em><\/strong>\u00e0 vous offrir en mati\u00e8re de coiffure et de traitements esth\u00e9tiques.<\/p>\n\n\n\n<p><br>Vous avez un emploi du temps charg\u00e9 ? Nous sommes heureux de vous offrir un service plus personnalis\u00e9 \u00e0 l'endroit de votre choix, chez vous, \u00e0 l'h\u00f4tel ou au bureau.<\/p>\n\n\n\n<p><a id=\"_msocom_1\"><\/a><\/p>\n\n\n\n<p class=\"has-text-align-left\"><strong><em><a href=\"https:\/\/fannyo.ca\/fr\/list-of-services\/\">liste des services<\/a> <\/em><\/strong><\/p>\n\n\n\n<p class=\"has-text-align-left\"><\/p>\n\n\n\n<p><\/p>\n<\/div>","protected":false},"excerpt":{"rendered":"<p>Welcome to&nbsp;Fanny of Westmount Hair Salon and Beauty Salon, where you&nbsp;will&nbsp;step into&nbsp;an oasis of calm. Our&nbsp;atmosphere&nbsp;will allow you to&nbsp;indulge&nbsp;in&nbsp;your&nbsp;inner and outer&nbsp;beauty. To us, the client&nbsp;experience is paramount. Since&nbsp;opening&nbsp;in 1986,&nbsp;Fanny&nbsp;has been catering to a sophisticated clientele and&nbsp;has&nbsp;an&nbsp;established&nbsp;a reputation&nbsp;in the celebrity world. Inspired by European tradition, her salon offers unique,&nbsp;customized&nbsp;services&nbsp;combined with classic and modern beauty practices. The [&hellip;]<\/p>\n","protected":false},"author":1,"featured_media":0,"parent":0,"menu_order":0,"comment_status":"open","ping_status":"closed","template":"homepage","meta":{"footnotes":""},"class_list":["post-14","page","type-page","status-publish","hentry"],"yoast_head":"<!-- This site is optimized with the Yoast SEO plugin v27.5 - https:\/\/yoast.com\/product\/yoast-seo-wordpress\/ -->\n<title>Fanny of Westmount Hair Salon and Beauty Salon<\/title>\n<meta name=\"description\" content=\"Westmount hair salon since 1986. High caliber services for men &amp; women. Hair styling, coloring, makeup, waxing, manicure and pedicure.\" \/>\n<meta name=\"robots\" content=\"index, follow, max-snippet:-1, max-image-preview:large, max-video-preview:-1\" \/>\n<link rel=\"canonical\" href=\"https:\/\/fannyo.ca\/fr\/\" \/>\n<meta property=\"og:locale\" content=\"fr_CA\" \/>\n<meta property=\"og:type\" content=\"article\" \/>\n<meta property=\"og:title\" content=\"Fanny of Westmount Hair Salon and Beauty Salon\" \/>\n<meta property=\"og:description\" content=\"Westmount hair salon since 1986. High caliber services for men &amp; women. Hair styling, coloring, makeup, waxing, manicure and pedicure.\" \/>\n<meta property=\"og:url\" content=\"https:\/\/fannyo.ca\/fr\/\" \/>\n<meta property=\"og:site_name\" content=\"Fanny of Westmount\" \/>\n<meta property=\"article:modified_time\" content=\"2025-04-27T18:24:00+00:00\" \/>\n<meta property=\"og:image\" content=\"https:\/\/fannyo.ca\/wp-content\/uploads\/2025\/01\/Front-Page-Collage-378x1024.png\" \/>\n<meta name=\"twitter:card\" content=\"summary_large_image\" \/>\n<meta name=\"twitter:label1\" content=\"Estimation du temps de lecture\" \/>\n\t<meta name=\"twitter:data1\" content=\"2 minutes\" \/>\n<script type=\"application\/ld+json\" class=\"yoast-schema-graph\">{\"@context\":\"https:\\\/\\\/schema.org\",\"@graph\":[{\"@type\":\"WebPage\",\"@id\":\"https:\\\/\\\/fannyo.ca\\\/\",\"url\":\"https:\\\/\\\/fannyo.ca\\\/\",\"name\":\"Fanny of Westmount Hair Salon and Beauty Salon\",\"isPartOf\":{\"@id\":\"https:\\\/\\\/fannyo.ca\\\/#website\"},\"primaryImageOfPage\":{\"@id\":\"https:\\\/\\\/fannyo.ca\\\/#primaryimage\"},\"image\":{\"@id\":\"https:\\\/\\\/fannyo.ca\\\/#primaryimage\"},\"thumbnailUrl\":\"https:\\\/\\\/fannyo.ca\\\/wp-content\\\/uploads\\\/2025\\\/01\\\/Front-Page-Collage-378x1024.png\",\"datePublished\":\"2012-01-04T00:54:03+00:00\",\"dateModified\":\"2025-04-27T18:24:00+00:00\",\"description\":\"Westmount hair salon since 1986. High caliber services for men & women. Hair styling, coloring, makeup, waxing, manicure and pedicure.\",\"breadcrumb\":{\"@id\":\"https:\\\/\\\/fannyo.ca\\\/#breadcrumb\"},\"inLanguage\":\"fr-CA\",\"potentialAction\":[{\"@type\":\"ReadAction\",\"target\":[\"https:\\\/\\\/fannyo.ca\\\/\"]}]},{\"@type\":\"ImageObject\",\"inLanguage\":\"fr-CA\",\"@id\":\"https:\\\/\\\/fannyo.ca\\\/#primaryimage\",\"url\":\"https:\\\/\\\/fannyo.ca\\\/wp-content\\\/uploads\\\/2025\\\/01\\\/Front-Page-Collage-378x1024.png\",\"contentUrl\":\"https:\\\/\\\/fannyo.ca\\\/wp-content\\\/uploads\\\/2025\\\/01\\\/Front-Page-Collage-378x1024.png\"},{\"@type\":\"BreadcrumbList\",\"@id\":\"https:\\\/\\\/fannyo.ca\\\/#breadcrumb\",\"itemListElement\":[{\"@type\":\"ListItem\",\"position\":1,\"name\":\"Home\",\"item\":\"https:\\\/\\\/fannyo.ca\\\/\"},{\"@type\":\"ListItem\",\"position\":2,\"name\":\"Fanny of Westmount Hair Salon and Beauty Salon\"}]},{\"@type\":\"WebSite\",\"@id\":\"https:\\\/\\\/fannyo.ca\\\/#website\",\"url\":\"https:\\\/\\\/fannyo.ca\\\/\",\"name\":\"Fanny of Westmount\",\"description\":\"\",\"publisher\":{\"@id\":\"https:\\\/\\\/fannyo.ca\\\/#organization\"},\"potentialAction\":[{\"@type\":\"SearchAction\",\"target\":{\"@type\":\"EntryPoint\",\"urlTemplate\":\"https:\\\/\\\/fannyo.ca\\\/?s={search_term_string}\"},\"query-input\":{\"@type\":\"PropertyValueSpecification\",\"valueRequired\":true,\"valueName\":\"search_term_string\"}}],\"inLanguage\":\"fr-CA\"},{\"@type\":\"Organization\",\"@id\":\"https:\\\/\\\/fannyo.ca\\\/#organization\",\"name\":\"Fanny of Westmount\",\"url\":\"https:\\\/\\\/fannyo.ca\\\/\",\"logo\":{\"@type\":\"ImageObject\",\"inLanguage\":\"fr-CA\",\"@id\":\"https:\\\/\\\/fannyo.ca\\\/#\\\/schema\\\/logo\\\/image\\\/\",\"url\":\"https:\\\/\\\/fannyo.ca\\\/wp-content\\\/uploads\\\/2024\\\/11\\\/0-2.jpg\",\"contentUrl\":\"https:\\\/\\\/fannyo.ca\\\/wp-content\\\/uploads\\\/2024\\\/11\\\/0-2.jpg\",\"width\":1280,\"height\":304,\"caption\":\"Fanny of Westmount\"},\"image\":{\"@id\":\"https:\\\/\\\/fannyo.ca\\\/#\\\/schema\\\/logo\\\/image\\\/\"}}]}<\/script>\n<!-- \/ Yoast SEO plugin. -->","yoast_head_json":{"title":"Fanny de Westmount Salon de coiffure et d'esth\u00e9tique","description":"Westmount hair salon since 1986. High caliber services for men & women. Hair styling, coloring, makeup, waxing, manicure and pedicure.","robots":{"index":"index","follow":"follow","max-snippet":"max-snippet:-1","max-image-preview":"max-image-preview:large","max-video-preview":"max-video-preview:-1"},"canonical":"https:\/\/fannyo.ca\/fr\/","og_locale":"fr_CA","og_type":"article","og_title":"Fanny of Westmount Hair Salon and Beauty Salon","og_description":"Westmount hair salon since 1986. High caliber services for men & women. Hair styling, coloring, makeup, waxing, manicure and pedicure.","og_url":"https:\/\/fannyo.ca\/fr\/","og_site_name":"Fanny of Westmount","article_modified_time":"2025-04-27T18:24:00+00:00","og_image":[{"url":"https:\/\/fannyo.ca\/wp-content\/uploads\/2025\/01\/Front-Page-Collage-378x1024.png","type":"","width":"","height":""}],"twitter_card":"summary_large_image","twitter_misc":{"Estimation du temps de lecture":"2 minutes"},"schema":{"@context":"https:\/\/schema.org","@graph":[{"@type":"WebPage","@id":"https:\/\/fannyo.ca\/","url":"https:\/\/fannyo.ca\/","name":"Fanny de Westmount Salon de coiffure et d'esth\u00e9tique","isPartOf":{"@id":"https:\/\/fannyo.ca\/#website"},"primaryImageOfPage":{"@id":"https:\/\/fannyo.ca\/#primaryimage"},"image":{"@id":"https:\/\/fannyo.ca\/#primaryimage"},"thumbnailUrl":"https:\/\/fannyo.ca\/wp-content\/uploads\/2025\/01\/Front-Page-Collage-378x1024.png","datePublished":"2012-01-04T00:54:03+00:00","dateModified":"2025-04-27T18:24:00+00:00","description":"Westmount hair salon since 1986. High caliber services for men & women. Hair styling, coloring, makeup, waxing, manicure and pedicure.","breadcrumb":{"@id":"https:\/\/fannyo.ca\/#breadcrumb"},"inLanguage":"fr-CA","potentialAction":[{"@type":"ReadAction","target":["https:\/\/fannyo.ca\/"]}]},{"@type":"ImageObject","inLanguage":"fr-CA","@id":"https:\/\/fannyo.ca\/#primaryimage","url":"https:\/\/fannyo.ca\/wp-content\/uploads\/2025\/01\/Front-Page-Collage-378x1024.png","contentUrl":"https:\/\/fannyo.ca\/wp-content\/uploads\/2025\/01\/Front-Page-Collage-378x1024.png"},{"@type":"BreadcrumbList","@id":"https:\/\/fannyo.ca\/#breadcrumb","itemListElement":[{"@type":"ListItem","position":1,"name":"Home","item":"https:\/\/fannyo.ca\/"},{"@type":"ListItem","position":2,"name":"Fanny of Westmount Hair Salon and Beauty Salon"}]},{"@type":"WebSite","@id":"https:\/\/fannyo.ca\/#website","url":"https:\/\/fannyo.ca\/","name":"Fanny of Westmount","description":"","publisher":{"@id":"https:\/\/fannyo.ca\/#organization"},"potentialAction":[{"@type":"SearchAction","target":{"@type":"EntryPoint","urlTemplate":"https:\/\/fannyo.ca\/?s={search_term_string}"},"query-input":{"@type":"PropertyValueSpecification","valueRequired":true,"valueName":"search_term_string"}}],"inLanguage":"fr-CA"},{"@type":"Organization","@id":"https:\/\/fannyo.ca\/#organization","name":"Fanny of Westmount","url":"https:\/\/fannyo.ca\/","logo":{"@type":"ImageObject","inLanguage":"fr-CA","@id":"https:\/\/fannyo.ca\/#\/schema\/logo\/image\/","url":"https:\/\/fannyo.ca\/wp-content\/uploads\/2024\/11\/0-2.jpg","contentUrl":"https:\/\/fannyo.ca\/wp-content\/uploads\/2024\/11\/0-2.jpg","width":1280,"height":304,"caption":"Fanny of Westmount"},"image":{"@id":"https:\/\/fannyo.ca\/#\/schema\/logo\/image\/"}}]}},"_links":{"self":[{"href":"https:\/\/fannyo.ca\/fr\/wp-json\/wp\/v2\/pages\/14","targetHints":{"allow":["GET"]}}],"collection":[{"href":"https:\/\/fannyo.ca\/fr\/wp-json\/wp\/v2\/pages"}],"about":[{"href":"https:\/\/fannyo.ca\/fr\/wp-json\/wp\/v2\/types\/page"}],"author":[{"embeddable":true,"href":"https:\/\/fannyo.ca\/fr\/wp-json\/wp\/v2\/users\/1"}],"replies":[{"embeddable":true,"href":"https:\/\/fannyo.ca\/fr\/wp-json\/wp\/v2\/comments?post=14"}],"version-history":[{"count":30,"href":"https:\/\/fannyo.ca\/fr\/wp-json\/wp\/v2\/pages\/14\/revisions"}],"predecessor-version":[{"id":1582,"href":"https:\/\/fannyo.ca\/fr\/wp-json\/wp\/v2\/pages\/14\/revisions\/1582"}],"wp:attachment":[{"href":"https:\/\/fannyo.ca\/fr\/wp-json\/wp\/v2\/media?parent=14"}],"curies":[{"name":"wp","href":"https:\/\/api.w.org\/{rel}","templated":true}]}}